{"id":3126,"date":"2024-03-01T12:25:46","date_gmt":"2024-03-01T11:25:46","guid":{"rendered":"https:\/\/www.antaresvisiongroup.com\/beverage\/?page_id=3126"},"modified":"2024-03-01T12:25:48","modified_gmt":"2024-03-01T11:25:48","slug":"codigo-etico","status":"publish","type":"page","link":"https:\/\/antaresvisiongroup.com\/beverage\/es\/codigo-etico\/","title":{"rendered":"C\u00f3digo \u00c9tico"},"content":{"rendered":"\n<div style=\"height:50px\" aria-hidden=\"true\" class=\"wp-block-spacer\"><\/div>\n\n\n\n<h1 class=\"wp-block-heading\"><strong>C\u00f3digo \u00c9tico<\/strong><\/h1>\n\n\n\n<div style=\"height:20px\" aria-hidden=\"true\" class=\"wp-block-spacer\"><\/div>\n\n\n\n<h2 class=\"wp-block-heading\">Transparencia y correcci\u00f3n de las actividades de FT System Srl y el cumplimiento constante de las leyes y reglamentos aplicables.<\/h2>\n\n\n\n<p>Para garantizar la transparencia y la correcci\u00f3n de sus actividades y el cumplimiento constante de las leyes y reglamentos aplicables a las mismas, FT System Srl (en adelante tambi\u00e9n \u00fanicamente \u201cFT System\u201d) ha decidido plasmarlo en un Modelo Organizativo, elaborado de conformidad con la Ley 231\/2001. (el \u201cModelo\u201d) y en el C\u00f3digo \u00c9tico adjunto, las pautas de conducta y los valores comunes en los que siempre se ha inspirado la actividad de FT System. El Modelo y el C\u00f3digo de \u00c9tica est\u00e1n a disposici\u00f3n de quien desee consultarlos, en modo de s\u00f3lo lectura, mediante solicitud dirigida al FT System Srl Organismo di Vigilanza (\u201cOdV\u201d) rellenando este formulario.<\/p>\n\n\n\n<p>El Modelo y el C\u00f3digo \u00c9tico incluyen los principios \u00e9ticos y deontol\u00f3gicos que fundamentan la actividad de FTSystem y en los que tambi\u00e9n debe inspirarse la actividad de las contrapartes de FT System.<\/p>\n\n\n\n<p>El cumplimiento del Modelo y del C\u00f3digo de \u00c9tica debe ser considerado como parte integral de las obligaciones contractuales asumidas por los subcontratistas, consultores y socios de FT System. Por lo tanto, en caso de incumplimiento de dichas obligaciones, FT System estar\u00e1 en condiciones de hacer cumplir cualquier cl\u00e1usula de da\u00f1os prevista contractualmente y de rescindir el acuerdo correspondiente de conformidad con el art. 1456 del C\u00f3digo Civil, adem\u00e1s de cualquier acci\u00f3n ulterior que leg\u00edtimamente pueda ser activada.<\/p>\n\n\n\n<p>Con la adopci\u00f3n del Modelo y C\u00f3digo \u00c9tico, todas las contrapartes en relaci\u00f3n con Antares deben o realizar\u00e1n sus actividades conforme al presente en cumplimiento de los principios de transparencia, correcci\u00f3n y lealtad y de conformidad con las leyes y reglamentos italianos vigentes y con las disposiciones del Modelo y C\u00f3digo \u00c9tico. el C\u00f3digo de \u00c9tica.<\/p>\n\n\n\n<div style=\"height:20px\" aria-hidden=\"true\" class=\"wp-block-spacer\"><\/div>\n\n\n\n<h3 class=\"wp-block-heading\"><strong><a href=\"https:\/\/antaresvisiongroup.com\/beverage\/wp-content\/uploads\/sites\/5\/2023\/06\/codice-etico_mod.231_ftsystem.pdf\" target=\"_blank\" rel=\"noreferrer noopener\">FT System &#8211; Codice Etico e Mod.231<\/a><\/strong><\/h3>\n","protected":false},"excerpt":{"rendered":"<p>C\u00f3digo \u00c9tico Transparencia y correcci\u00f3n de las actividades de FT System Srl y el cumplimiento&#8230;<\/p>\n","protected":false},"author":1,"featured_media":0,"parent":0,"menu_order":0,"comment_status":"closed","ping_status":"closed","template":"page-container.php","meta":{"_acf_changed":false,"footnotes":""},"class_list":["post-3126","page","type-page","status-publish","hentry"],"acf":[],"lang":"es","translations":{"es":3126,"en":3124,"it":2052,"fr":3128,"pt":4706},"pll_sync_post":[],"_links":{"self":[{"href":"https:\/\/antaresvisiongroup.com\/beverage\/wp-json\/wp\/v2\/pages\/3126","targetHints":{"allow":["GET"]}}],"collection":[{"href":"https:\/\/antaresvisiongroup.com\/beverage\/wp-json\/wp\/v2\/pages"}],"about":[{"href":"https:\/\/antaresvisiongroup.com\/beverage\/wp-json\/wp\/v2\/types\/page"}],"author":[{"embeddable":true,"href":"https:\/\/antaresvisiongroup.com\/beverage\/wp-json\/wp\/v2\/users\/1"}],"replies":[{"embeddable":true,"href":"https:\/\/antaresvisiongroup.com\/beverage\/wp-json\/wp\/v2\/comments?post=3126"}],"version-history":[{"count":1,"href":"https:\/\/antaresvisiongroup.com\/beverage\/wp-json\/wp\/v2\/pages\/3126\/revisions"}],"predecessor-version":[{"id":3127,"href":"https:\/\/antaresvisiongroup.com\/beverage\/wp-json\/wp\/v2\/pages\/3126\/revisions\/3127"}],"wp:attachment":[{"href":"https:\/\/antaresvisiongroup.com\/beverage\/wp-json\/wp\/v2\/media?parent=3126"}],"curies":[{"name":"wp","href":"https:\/\/api.w.org\/{rel}","templated":true}]}}