{"id":4482,"date":"2025-12-04T12:08:42","date_gmt":"2025-12-04T11:08:42","guid":{"rendered":"https:\/\/antaresvisiongroup.com\/beverage\/?page_id=4482"},"modified":"2025-12-17T12:25:47","modified_gmt":"2025-12-17T11:25:47","slug":"controle-du-niveau-de-remplissage-dans-lindustrie-des-boissons","status":"publish","type":"page","link":"https:\/\/antaresvisiongroup.com\/beverage\/fr\/controle-du-niveau-de-remplissage-dans-lindustrie-des-boissons\/","title":{"rendered":"Contr\u00f4le du niveau de remplissage dans l&#8217;industrie des boissons"},"content":{"rendered":"\n<div class=\"kbreadcrumb\" id=\"k_year\">\n    <div class=\"pure-container\">\n        <div class=\"pure-g\">\n            <div class=\"pure-u-1-1\">\n                <div class=\"breadcrumbs\"><a href=\"https:\/\/antaresvisiongroup.com\/beverage\">Home<\/a> | <\/div>            <\/div>\n        <\/div>\n    <\/div>\n<\/div>\n\n<style>\n\n    .kbreadcrumb{max-width: 1330px; margin-right: auto; margin-left: auto; font-size: 14px; color: #222222; padding-top: 15px; padding-bottom: 15px;\n        font-family: 'Exo', sans-serif;}\n    .kbreadcrumb a{color: inherit; text-decoration: none;}\n\n    \/* mobile *\/\n    @media screen and (max-width: 767px) {\n        .kbreadcrumb{padding-right: 15px; padding-left: 15px;}\n    }\n\n    \/* ipad *\/\n    @media screen and (min-width: 768px) and  (max-width: 992px){\n        .kbreadcrumb{padding-right: 15px; padding-left: 15px;}\n    }\n\n    \/* ipad pro *\/\n    @media screen and (min-width: 992px) and  (max-width: 1200px){\n        .kbreadcrumb{padding-right: 15px; padding-left: 15px;}\n    }\n\n<\/style>\n\n\n<div class=\"pure-containerFluid kintro\">\n    <div class=\"pure-container\">\n        <div class=\"pure-g\">\n            <div class=\"pure-u-1-1 pure-u-md-16-24 kintro__col\">\n                <div class='kintro__top'>                    <a class=\"kintro__button\" href=\"https:\/\/antaresvisiongroup.com\/beverage\/fr\/contacts\/#contacts\" target=\"\">\n                        <div class=\"kbutton__buttonTitle\">Demande d&#8217;informations<\/div>\n                        <svg id=\"Livello_button\" data-name=\"Livello 2\" xmlns=\"http:\/\/www.w3.org\/2000\/svg\" xmlns:xlink=\"http:\/\/www.w3.org\/1999\/xlink\" width=\"14\" height=\"14\" viewBox=\"0 0 14 14\">\n                            <defs>\n                                <style>\n                                    .kintro__button .cls-1{fill:none;}\n                                    .kintro__button .cls-2{clip-path:url(#clip-path-1)!important;}\n                                    .kintro__button .cls-3{clip-path:url(#clip-path-2-1)!important;}\n                                    .kintro__button .cls-4{clip-path:url(#clip-path-3-1)!important;}\n                                    .kintro__button .cls-5{fill: rgb(212,93,0)!important;}\n                                <\/style>\n                                <clipPath id=\"clip-path-1\">\n                                    <polygon class=\"cls-1\" points=\"2.099 12.999 1 11.9 10.344 2.557 1.824 2.557 1.824 1 13 1 13 12.176 11.443 12.176 11.443 3.656 2.099 12.999\"><\/polygon>\n                                <\/clipPath>\n                                <clipPath id=\"clip-path-2-1\">\n                                    <rect class=\"cls-1\" x=\"-1141\" y=\"-1543\" width=\"1680\" height=\"4770.9999\"><\/rect>\n                                <\/clipPath>\n                                <clipPath id=\"clip-path-3-1\">\n                                    <rect class=\"cls-1\" x=\"1\" y=\"1\" width=\"12\" height=\"12\"><\/rect>\n                                <\/clipPath>\n                            <\/defs>\n                            <title>k-arrow-blu<\/title>\n                            <g class=\"cls-2\"><g class=\"cls-3\"><g class=\"cls-4\"><g class=\"cls-4\"><rect class=\"cls-5\" width=\"14\" height=\"14\"><\/rect>\n                                            <rect class=\"cls-5\" width=\"14\" height=\"14\"><\/rect>\n                                        <\/g><\/g><\/g><\/g>\n                        <\/svg>\n                    <\/a>\n                <\/div><h1>Contr\u00f4le du niveau de remplissage dans l&#8217;industrie des boissons<\/h1>            <\/div>\n        <\/div>\n    <\/div>\n<\/div>\n\n<style>\n\n    .kintro{}\n\n    .kintro{margin-top: 50px;}\n\n    .kintro__row{justify-content: center;}\n    .kintro__date{font-family: 'Exo', sans-serif;}\n    .kintro h1{color: rgb(212,93,0); border-top: 2px solid rgb(212,93,0); padding-top: 30px; margin-top: 10px;}\n    .kintro__thumb img{width: 100%; height: auto;}\n\n    .kintro__extraCont{display: flex; align-items: flex-end; margin-bottom: 20px; margin-top: 80px;}\n    .kintro__extraLineTitle{height: 2px; width: 50px; margin-bottom: 13px; margin-right: 30px;}\n    .kintro__extraCont h2 {font-size: 30px;margin-top: 0;margin-bottom: 0; text-transform: uppercase;}\n    .kintro a{color: rgb(212,93,0);}\n\n    .kintro__top{display: flex; justify-content: space-between; align-items: center; flex-wrap: wrap;}\n\n    \/* button *\/\n    .kintro__button{cursor: pointer; background-color: rgba(212,93,0, 0.08); ; margin-left: auto;\n        color: rgb(212,93,0); padding: 10px 15px; font-weight: 500; text-decoration: none;\n        display: flex; justify-content: space-between; min-width: 100px; width: auto;}\n    .kbutton__buttonTitle{border-bottom: 1px solid rgb(212,93,0); padding-bottom: 5px; text-transform: uppercase;}\n    .kintro__button svg{width: 16px; height: 16px; margin-top: 3px; margin-left: 15px;}\n\n    \/* new *\/\n    .kintro__col{margin-left: auto; margin-right: auto;}\n\n    \/* mobile *\/\n    @media screen and (max-width: 767px) {\n        .kintro__top{flex-direction: column; align-items: flex-start;}\n        .kintro__button{margin-top: 10px;}\n    }\n\n    \/* ipad *\/\n    @media screen and (min-width: 768px) and  (max-width: 992px){\n\n    }\n\n    \/* ipad pro *\/\n    @media screen and (min-width: 992px) and  (max-width: 1200px){\n\n    }\n\n\n<\/style>\n\n<script>\n    window.addEventListener('DOMContentLoaded', function() {\n        jQuery(function ($) {\n\n        });\n    });\n<\/script>\n\n    <div class=\"pure-containerFluid pureCol \">\n    <div class=\"pure-container\">         <div class=\"pure-row\">\n            <div class=\"pure-g\">\n                <div class=\"pure-u-1-1 pure-u-md-16-24 offset-md-1-6\">\n\n\n\n\n<style>\n\n    .formContacts input[type=\"submit\"]{ background-color: rgb(212,93,0); border: 0;\n    color: #ffffff; text-transform: uppercase; padding: 20px; font-size: 16px; font-family: 'Roboto', sans-serif;\n    min-width: 250px; font-weight: 600; cursor: pointer; margin-top: 30px;}\n    .pureCol a{color: rgb(212,93,0);}\n\n    \/* mobile *\/\n    @media screen and (max-width: 767px) {\n\n    }\n\n    \/* ipad *\/\n    @media screen and (min-width: 768px) and  (max-width: 992px){\n\n    }\n\n    \/* ipad pro *\/\n    @media screen and (min-width: 992px) and  (max-width: 1200px){\n\n    }\n\n<\/style>\n\n\n<p>L&#8217;<strong>inspection du niveau de remplissage<\/strong> est l&#8217;un des points de contr\u00f4le critiques : il s&#8217;agit de v\u00e9rifier que chaque bouteille, canette ou conteneur contient le bon volume de liquide et ne laisse pas les consommateurs avec des unit\u00e9s \u00e0 moiti\u00e9 vides ou trop pleines. Face \u00e0 l&#8217;augmentation des contr\u00f4les r\u00e9glementaires, \u00e0 la pression des co\u00fbts et aux risques pour la r\u00e9putation de la marque, les grandes entreprises se tournent vers des sp\u00e9cialistes tels qu&#8217;Antares Vision Group, reconnu comme un leader du march\u00e9 dans le domaine de la technologie d&#8217;<a href=\"https:\/\/antaresvisiongroup.com\/beverage\/fr\/inspection\/products\/?f=905\">inspection des boissons<\/a>.<\/p>\n\n\n\n<hr class=\"wp-block-separator has-alpha-channel-opacity\" \/>\n\n\n\n<h2 class=\"wp-block-heading\"><strong>Pourquoi l&#8217;inspection du niveau de remplissage est-elle importante dans les boissons ?<\/strong><\/h2>\n\n\n\n<p>Lorsque des millions d&#8217;unit\u00e9s sont produites chaque jour dans l&#8217;industrie des boissons, les moindres \u00e9carts dans les niveaux de remplissage s&#8217;additionnent. C&#8217;est ce qui est en jeu :<\/p>\n\n\n\n<ul class=\"wp-block-list\">\n<li><strong>Respect des r\u00e9glementations<\/strong> &#8211; De nombreuses juridictions r\u00e9glementent les niveaux de remplissage minimaux et maximaux ; le non-respect de ces r\u00e9glementations entra\u00eene des amendes ou des r\u00e9primandes.<\/li>\n\n\n\n<li><strong>Confiance des consommateurs<\/strong> &#8211; Un taux de remplissage visiblement faible ou une incoh\u00e9rence nuisent \u00e0 la r\u00e9putation de la marque.<\/li>\n\n\n\n<li><strong>Contr\u00f4le des co\u00fbts<\/strong> &#8211; Le sur-remplissage augmente le co\u00fbt unitaire et r\u00e9duit la marge. Un remplissage insuffisant peut entra\u00eener des rappels co\u00fbteux.<\/li>\n\n\n\n<li><strong>Efficacit\u00e9 de la production<\/strong> &#8211; La d\u00e9tection pr\u00e9coce des d\u00e9fauts (au niveau de la soutireuse plut\u00f4t qu&#8217;en aval) r\u00e9duit les pertes d&#8217;\u00e9nergie et de temps. En outre, le suivi des performances de la soutireuse permet d&#8217;identifier les d\u00e9rives et d&#8217;appliquer des ajustements pr\u00e9ventifs avant que les rejets ne se produisent.<\/li>\n<\/ul>\n\n\n\n<p>Pour les syst\u00e8mes tels que ceux d&#8217;Antares Vision Group, le syst\u00e8me d&#8217;inspection du niveau de remplissage est con\u00e7u pour d\u00e9tecter le niveau de remplissage correct \u00e0 l&#8217;int\u00e9rieur de la bouteille, \u00e9liminant ainsi les contenants non conformes. L&#8217;industrie des boissons, avec son m\u00e9lange de verre, de PET, de PEHD, de bo\u00eetes m\u00e9talliques et de formats variables, pr\u00e9sente un environnement complexe.<\/p>\n\n\n\n<hr class=\"wp-block-separator has-alpha-channel-opacity\" \/>\n\n\n\n<h2 class=\"wp-block-heading\"><strong>Ce qui rend difficile le contr\u00f4le pr\u00e9cis du niveau de remplissage<\/strong><\/h2>\n\n\n\n<p>La mise en \u0153uvre d&#8217;un <a href=\"https:\/\/antaresvisiongroup.com\/beverage\/fr\/inspection\/products\/?f=905\">contr\u00f4le<\/a> robuste <a href=\"https:\/\/antaresvisiongroup.com\/beverage\/fr\/inspection\/products\/?f=905\">du niveau de<\/a> remplissage dans une cha\u00eene de production de boissons se heurte \u00e0 plusieurs obstacles :<\/p>\n\n\n\n<h3 class=\"wp-block-heading\"><strong>Variations de l&#8217;emballage et du format<\/strong><\/h3>\n\n\n\n<ul class=\"wp-block-list\">\n<li>Selon la taille des bouteilles ou le type de r\u00e9cipient (PET, verre, PEHD, m\u00e9tal), le type de technologie n\u00e9cessaire et son \u00e9talonnage peuvent varier.<\/li>\n\n\n\n<li>Rapidit\u00e9 : l&#8217;inspection doit correspondre \u00e0 la vitesse de la ligne sans cr\u00e9er de goulots d&#8217;\u00e9tranglement.<\/li>\n<\/ul>\n\n\n\n<h3 class=\"wp-block-heading\"><strong>Turbulence des mousses et des liquides<\/strong><\/h3>\n\n\n\n<ul class=\"wp-block-list\">\n<li>Dans les boissons gazeuses, la mousse peut masquer le niveau r\u00e9el du liquide. Le syst\u00e8me doit compenser la formation de mousse pour \u00e9viter les relev\u00e9s erron\u00e9s.<\/li>\n\n\n\n<li>L&#8217;inspection doit \u00eatre effectu\u00e9e \u00e0 un point de la ligne o\u00f9 le produit est dans un \u00e9tat constant, c&#8217;est-\u00e0-dire en \u00e9vitant les points de changement de bande qui pourraient causer un niveau de remplissage instable.<\/li>\n<\/ul>\n\n\n\n<h3 class=\"wp-block-heading\"><strong>Int\u00e9gration des donn\u00e9es et enregistrement des donn\u00e9es de production<\/strong><\/h3>\n\n\n\n<ul class=\"wp-block-list\">\n<li>La production moderne de boissons n\u00e9cessite l&#8217;acquisition de donn\u00e9es, l&#8217;analyse et des tableaux de bord. Sans la bonne connexion, l&#8217;inspection devient un silo. Avec les bonnes caract\u00e9ristiques, le niveau de remplissage devient l&#8217;\u0153il qui surveille les syst\u00e8mes de remplissage et de bouchage, garantissant ainsi une production sans faille.<\/li>\n\n\n\n<li>Les donn\u00e9es de production et les rejets doivent \u00eatre \u00e9tiquet\u00e9s et suivis : un oubli pourrait co\u00fbter la valeur de la marque et l&#8217;incapacit\u00e9 de g\u00e9rer les plaintes et les rappels.<\/li>\n<\/ul>\n\n\n\n<hr class=\"wp-block-separator has-alpha-channel-opacity\" \/>\n\n\n\n<h2 class=\"wp-block-heading\"><strong>Solutions : Comment les syst\u00e8mes avanc\u00e9s d&#8217;inspection du niveau de remplissage s&#8217;acquittent de cette t\u00e2che<\/strong><\/h2>\n\n\n\n<p>Pour relever ces d\u00e9fis, les syst\u00e8mes d&#8217;inspection modernes utilisent un m\u00e9lange de technologies et de strat\u00e9gies d&#8217;int\u00e9gration. Les offres d&#8217;Antares Vision Group pour l&#8217;industrie des boissons sont pr\u00e9sent\u00e9es ci-dessous.<\/p>\n\n\n\n<h3 class=\"wp-block-heading\"><strong>Mesures multitechnologiques<\/strong><\/h3>\n\n\n\n<ul class=\"wp-block-list\">\n<li>Capteurs haute fr\u00e9quence (HF) pour le plastique et le verre, avec option de compensation de la mousse : le syst\u00e8me d\u00e9tecte simultan\u00e9ment le volume de liquide et de mousse et calcule le niveau de remplissage r\u00e9el une fois que la mousse s&#8217;est dissip\u00e9e.<\/li>\n\n\n\n<li>Technologie des rayons X pour tous les mat\u00e9riaux, y compris le m\u00e9tal<\/li>\n<\/ul>\n\n\n\n<h3 class=\"wp-block-heading\"><strong>Configurations int\u00e9gr\u00e9es et autonomes<\/strong><\/h3>\n\n\n\n<ul class=\"wp-block-list\">\n<li>Les syst\u00e8mes peuvent \u00eatre <strong>int\u00e9gr\u00e9s directement dans le monobloc de remplissage<\/strong>, ce qui permet d&#8217;\u00e9conomiser de l&#8217;espace et de rejeter imm\u00e9diatement les r\u00e9cipients non conformes. <\/li>\n\n\n\n<li>Il est \u00e9galement possible de placer des stations d&#8217;inspection ind\u00e9pendantes en aval si l&#8217;incorporation n&#8217;est pas possible.<\/li>\n<\/ul>\n\n\n\n<h3 class=\"wp-block-heading\"><strong>Analyse des donn\u00e9es et registres de production<\/strong><\/h3>\n\n\n\n<ul class=\"wp-block-list\">\n<li>La plateforme offre des capacit\u00e9s d&#8217;analyse des donn\u00e9es et d&#8217;enregistrement de la production pour soutenir les \u00e9quipes charg\u00e9es de la qualit\u00e9. <\/li>\n\n\n\n<li>Les donn\u00e9es de production alimentent les cycles d&#8217;am\u00e9lioration continue.<\/li>\n\n\n\n<li>Mise en \u0153uvre d&#8217;une combinaison de capteurs et de logiciels pour l&#8217;analyse et le traitement des donn\u00e9es collect\u00e9es. Il permet une \u00e9valuation imm\u00e9diate et intuitive des performances des machines de remplissage, identifiant ainsi les causes pr\u00e9cises de l&#8217;inefficacit\u00e9. <a href=\"https:\/\/antaresvisiongroup.com\/beverage\/fr\/products\/monitorage\/\">En savoir plus<\/a><\/li>\n<\/ul>\n\n\n\n<h3 class=\"wp-block-heading\"><strong>Flexibilit\u00e9 de l&#8217;espace et adaptabilit\u00e9 des formats<\/strong><\/h3>\n\n\n\n<ul class=\"wp-block-list\">\n<li>Le syst\u00e8me g\u00e8re plusieurs formats de bouteilles sur la m\u00eame ligne. <\/li>\n\n\n\n<li>Le faible encombrement convient aux lignes de boissons \u00e0 haute vitesse et \u00e0 grande vari\u00e9t\u00e9.<\/li>\n<\/ul>\n\n\n\n<h3 class=\"wp-block-heading\"><strong>Comment \u00e7a marche<\/strong><\/h3>\n\n\n\n<ul class=\"wp-block-list\">\n<li>Le contr\u00f4le du niveau de remplissage s&#8217;effectue par haute fr\u00e9quence ou par rayons X, selon les caract\u00e9ristiques du contenant et du produit.<\/li>\n\n\n\n<li>Un signal traverse le produit au niveau de remplissage attendu et son interaction avec le liquide permet de d\u00e9terminer le niveau de remplissage r\u00e9el de la bouteille.<\/li>\n\n\n\n<li>Si le niveau maximal pr\u00e9d\u00e9fini est atteint, le contenant est consid\u00e9r\u00e9 comme surrempli.<\/li>\n\n\n\n<li>Si le niveau minimal pr\u00e9d\u00e9fini n&#8217;est pas atteint, le contenant est consid\u00e9r\u00e9 comme insuffisamment rempli.<\/li>\n\n\n\n<li>Des mesures interm\u00e9diaires indiquent un niveau de remplissage correct.<\/li>\n<\/ul>\n\n\n\n<hr class=\"wp-block-separator has-alpha-channel-opacity\" \/>\n\n\n\n<h2 class=\"wp-block-heading\"><strong>Avantages : Impact commercial d&#8217;une inspection stricte du niveau de remplissage<\/strong><\/h2>\n\n\n\n<p>La mise en \u0153uvre d&#8217;une inspection efficace du niveau de remplissage dans l&#8217;industrie des boissons apporte des avantages tangibles :<\/p>\n\n\n\n<ul class=\"wp-block-list\">\n<li><strong>Am\u00e9lioration de la conformit\u00e9 r\u00e9glementaire<\/strong>: garantit que chaque unit\u00e9 r\u00e9pond aux exigences l\u00e9gales en mati\u00e8re de remplissage et \u00e9vite les p\u00e9nalit\u00e9s.<\/li>\n\n\n\n<li><strong>R\u00e9duction des d\u00e9chets et des co\u00fbts<\/strong>: la d\u00e9tection pr\u00e9coce des bouteilles insuffisamment remplies permet de minimiser les pertes de temps et d&#8217;\u00e9nergie ; la d\u00e9tection des d\u00e9bordements permet de pr\u00e9server les marges.<\/li>\n\n\n\n<li><strong>Satisfaction accrue du consommateur<\/strong>: des niveaux de remplissage uniformes cr\u00e9ent la confiance, alors que des diff\u00e9rences visibles ou des bouteilles peu remplies la sapent.<\/li>\n\n\n\n<li><strong>Augmentation de l&#8217;efficacit\u00e9 et du rendement de la ligne<\/strong>: une d\u00e9tection pr\u00e9coce signifie moins de retouches, moins de lots rejet\u00e9s et moins de temps d&#8217;arr\u00eat.<\/li>\n\n\n\n<li><strong>Des d\u00e9cisions fond\u00e9es sur des donn\u00e9es<\/strong>: Gr\u00e2ce aux capacit\u00e9s analytiques, les \u00e9quipes op\u00e9rationnelles peuvent surveiller les changements dans les niveaux de remplissage, identifier les causes profondes et mettre rapidement en \u0153uvre des solutions.<\/li>\n\n\n\n<li><strong>\u00c9volutivit\u00e9 entre les formats<\/strong>: lorsque les entreprises de boissons introduisent davantage d&#8217;unit\u00e9s de stock, le syst\u00e8me d&#8217;inspection s&#8217;adapte sans trop de r\u00e9flexion.<\/li>\n<\/ul>\n\n\n\n<p>Pour les entreprises qui cherchent \u00e0 maintenir la perception d&#8217;une marque de qualit\u00e9 sup\u00e9rieure tout en g\u00e9rant la pression des co\u00fbts et les contraintes de conformit\u00e9, la bonne solution d&#8217;inspection du niveau de remplissage est un levier strat\u00e9gique.<\/p>\n\n\n\n<hr class=\"wp-block-separator has-alpha-channel-opacity\" \/>\n\n\n\n<h2 class=\"wp-block-heading\"><strong>FAQ<\/strong> &#8211; <strong>Contr\u00f4le du niveau de remplissage <\/strong><\/h2>\n\n\n\n<h3 class=\"wp-block-heading\"><strong>Qu&#8217;est-ce que l&#8217;inspection du niveau de remplissage et pourquoi est-elle importante dans les boissons ?<\/strong><\/h3>\n\n\n\n<p>L&#8217;inspection du niveau de remplissage consiste \u00e0 v\u00e9rifier le volume de liquide dans chaque r\u00e9cipient par rapport \u00e0 des valeurs cibles. Dans l&#8217;industrie des boissons, elle est cruciale pour la conformit\u00e9 r\u00e9glementaire, le contr\u00f4le des co\u00fbts et l&#8217;int\u00e9grit\u00e9 de la marque.<\/p>\n\n\n\n<h3 class=\"wp-block-heading\"><strong>Comment un syst\u00e8me d&#8217;inspection du niveau de remplissage d\u00e9tecte-t-il la mousse et la compense-t-il ?<\/strong><\/h3>\n\n\n\n<p>Les syst\u00e8mes d&#8217;Antares Vision Group utilisent des capteurs \u00e0 haute fr\u00e9quence pour mesurer simultan\u00e9ment le volume de liquide et de mousse. Le syst\u00e8me \u00e9value le niveau de remplissage r\u00e9el qui se produira apr\u00e8s la dissolution de la mousse, ce qui garantit une pr\u00e9cision maximale. <a href=\"https:\/\/antaresvisiongroup.com\/beverage\/fr\/products\/controle-du-niveau-de-remplissage-cl-700\/\">En savoir plus<\/a><\/p>\n\n\n\n<h3 class=\"wp-block-heading\"><strong>L&#8217;inspection du niveau de remplissage peut-elle s&#8217;appliquer \u00e0 diff\u00e9rents types d&#8217;emballages (PET, verre, m\u00e9tal) ?<\/strong><\/h3>\n\n\n\n<p>Oui. Les syst\u00e8mes modernes prennent en charge plusieurs technologies : la haute fr\u00e9quence pour le plastique et le verre ; les rayons X pour tous les autres mat\u00e9riaux, y compris le m\u00e9tal. Cette capacit\u00e9 multitechnologique permet d&#8217;inspecter un large \u00e9ventail de types de conteneurs.<\/p>\n\n\n\n<p><strong>\u00c0 quel endroit de la cha\u00eene de production le contr\u00f4le du niveau de remplissage doit-il \u00eatre install\u00e9 ?<\/strong><br>Cela d\u00e9pend. L&#8217;installation directement dans le monobloc de remplissage permet d&#8217;\u00e9conomiser de l&#8217;espace et de d\u00e9tecter rapidement les d\u00e9fauts. Il est \u00e9galement possible d&#8217;utiliser une station ind\u00e9pendante en aval. Dans les deux cas, le contr\u00f4le doit \u00eatre effectu\u00e9 \u00e0 un endroit de la ligne o\u00f9 tous les produits sont homog\u00e8nes.<\/p>\n\n\n\n<p><strong>Quels sont les avantages de l&#8217;inspection des niveaux de remplissage au-del\u00e0 de la conformit\u00e9 ?<\/strong><br>Au-del\u00e0 de la conformit\u00e9 r\u00e9glementaire, l&#8217;inspection du niveau de remplissage augmente le rendement des produits, r\u00e9duit les d\u00e9chets, am\u00e9liore la confiance des consommateurs et fournit aux \u00e9quipes de production des donn\u00e9es utiles pour l&#8217;am\u00e9lioration continue.<\/p>\n\n\n\n<p><strong>L&#8217;inspection du niveau de remplissage peut-elle \u00eatre \u00e9tendue \u00e0 plusieurs UGS et formats ?<\/strong><br>Oui. Les syst\u00e8mes con\u00e7us pour des formats de bouteilles flexibles, de la taille standard \u00e0 la taille &#8220;mignon&#8221;, et suffisamment compacts pour g\u00e9rer plusieurs variantes de produits, rendent possible l&#8217;\u00e9volutivit\u00e9 entre les UGS.<\/p>\n\n\n\n<hr class=\"wp-block-separator has-alpha-channel-opacity\" \/>\n\n\n\n<h2 class=\"wp-block-heading\"><strong>Conclusion<\/strong><\/h2>\n\n\n\n<p>Dans l&#8217;industrie des boissons, la ma\u00eetrise de l&#8217;<strong>inspection du niveau de remplissage<\/strong> est un &#8220;must&#8221;, non seulement pour la conformit\u00e9 r\u00e9glementaire, mais aussi comme \u00e9l\u00e9ment cl\u00e9 pour pr\u00e9server la valeur de la marque, garantir et maximiser le rendement. Gr\u00e2ce \u00e0 des entreprises telles qu&#8217;Antares Vision Group, leader dans le domaine des technologies d&#8217;inspection, les fabricants de boissons peuvent mettre en \u0153uvre des solutions int\u00e9gr\u00e9es de haute pr\u00e9cision, flexibles en termes de format et capables de r\u00e9pondre aux exigences de la production moderne.<\/p>\n\n\n\n<p><a id=\"_msocom_4\"><\/a><\/p>\n\n\n\n                <\/div>\n            <\/div>\n        <\/div>\n     <\/div> <\/div>\n\n<style>\n\n    \/* mobile *\/\n    @media screen and (max-width: 767px) {\n\n    }\n\n    \/* ipad *\/\n    @media screen and (min-width: 768px) and  (max-width: 992px){\n\n    }\n\n    \/* ipad pro *\/\n    @media screen and (min-width: 992px) and  (max-width: 1200px){\n\n    }\n\n<\/style>","protected":false},"excerpt":{"rendered":"<p>L&#8217;inspection du niveau de remplissage est l&#8217;un des points de contr\u00f4le critiques : il s&#8217;agit&#8230;<\/p>\n","protected":false},"author":6,"featured_media":0,"parent":0,"menu_order":0,"comment_status":"closed","ping_status":"closed","template":"","meta":{"_acf_changed":false,"footnotes":""},"class_list":["post-4482","page","type-page","status-publish","hentry"],"acf":[],"lang":"fr","translations":{"fr":4482,"en":4473,"it":4477,"es":4486,"pt":4667},"pll_sync_post":[],"_links":{"self":[{"href":"https:\/\/antaresvisiongroup.com\/beverage\/wp-json\/wp\/v2\/pages\/4482","targetHints":{"allow":["GET"]}}],"collection":[{"href":"https:\/\/antaresvisiongroup.com\/beverage\/wp-json\/wp\/v2\/pages"}],"about":[{"href":"https:\/\/antaresvisiongroup.com\/beverage\/wp-json\/wp\/v2\/types\/page"}],"author":[{"embeddable":true,"href":"https:\/\/antaresvisiongroup.com\/beverage\/wp-json\/wp\/v2\/users\/6"}],"replies":[{"embeddable":true,"href":"https:\/\/antaresvisiongroup.com\/beverage\/wp-json\/wp\/v2\/comments?post=4482"}],"version-history":[{"count":4,"href":"https:\/\/antaresvisiongroup.com\/beverage\/wp-json\/wp\/v2\/pages\/4482\/revisions"}],"predecessor-version":[{"id":4624,"href":"https:\/\/antaresvisiongroup.com\/beverage\/wp-json\/wp\/v2\/pages\/4482\/revisions\/4624"}],"wp:attachment":[{"href":"https:\/\/antaresvisiongroup.com\/beverage\/wp-json\/wp\/v2\/media?parent=4482"}],"curies":[{"name":"wp","href":"https:\/\/api.w.org\/{rel}","templated":true}]}}