{"id":4499,"date":"2025-12-09T14:25:26","date_gmt":"2025-12-09T13:25:26","guid":{"rendered":"https:\/\/antaresvisiongroup.com\/beverage\/?page_id=4499"},"modified":"2025-12-09T15:28:40","modified_gmt":"2025-12-09T14:28:40","slug":"inspeccion-de-botellas-para-el-sector-de-las-bebidas","status":"publish","type":"page","link":"https:\/\/antaresvisiongroup.com\/beverage\/es\/inspeccion-de-botellas-para-el-sector-de-las-bebidas\/","title":{"rendered":"Inspecci\u00f3n de botellas para el sector de las bebidas"},"content":{"rendered":"\n<div class=\"kbreadcrumb\" id=\"k_year\">\n    <div class=\"pure-container\">\n        <div class=\"pure-g\">\n            <div class=\"pure-u-1-1\">\n                <div class=\"breadcrumbs\"><a href=\"https:\/\/antaresvisiongroup.com\/beverage\">Home<\/a> | <\/div>            <\/div>\n        <\/div>\n    <\/div>\n<\/div>\n\n<style>\n\n    .kbreadcrumb{max-width: 1330px; margin-right: auto; margin-left: auto; font-size: 14px; color: #222222; padding-top: 15px; padding-bottom: 15px;\n        font-family: 'Exo', sans-serif;}\n    .kbreadcrumb a{color: inherit; text-decoration: none;}\n\n    \/* mobile *\/\n    @media screen and (max-width: 767px) {\n        .kbreadcrumb{padding-right: 15px; padding-left: 15px;}\n    }\n\n    \/* ipad *\/\n    @media screen and (min-width: 768px) and  (max-width: 992px){\n        .kbreadcrumb{padding-right: 15px; padding-left: 15px;}\n    }\n\n    \/* ipad pro *\/\n    @media screen and (min-width: 992px) and  (max-width: 1200px){\n        .kbreadcrumb{padding-right: 15px; padding-left: 15px;}\n    }\n\n<\/style>\n\n\n<div class=\"pure-containerFluid kintro\">\n    <div class=\"pure-container\">\n        <div class=\"pure-g\">\n            <div class=\"pure-u-1-1 pure-u-md-16-24 kintro__col\">\n                <div class='kintro__top'>                    <a class=\"kintro__button\" href=\"https:\/\/antaresvisiongroup.com\/beverage\/es\/inspection\/#products\" target=\"\">\n                        <div class=\"kbutton__buttonTitle\">Descubra nuestras soluciones<\/div>\n                        <svg id=\"Livello_button\" data-name=\"Livello 2\" xmlns=\"http:\/\/www.w3.org\/2000\/svg\" xmlns:xlink=\"http:\/\/www.w3.org\/1999\/xlink\" width=\"14\" height=\"14\" viewBox=\"0 0 14 14\">\n                            <defs>\n                                <style>\n                                    .kintro__button .cls-1{fill:none;}\n                                    .kintro__button .cls-2{clip-path:url(#clip-path-1)!important;}\n                                    .kintro__button .cls-3{clip-path:url(#clip-path-2-1)!important;}\n                                    .kintro__button .cls-4{clip-path:url(#clip-path-3-1)!important;}\n                                    .kintro__button .cls-5{fill: rgb(212,93,0)!important;}\n                                <\/style>\n                                <clipPath id=\"clip-path-1\">\n                                    <polygon class=\"cls-1\" points=\"2.099 12.999 1 11.9 10.344 2.557 1.824 2.557 1.824 1 13 1 13 12.176 11.443 12.176 11.443 3.656 2.099 12.999\"><\/polygon>\n                                <\/clipPath>\n                                <clipPath id=\"clip-path-2-1\">\n                                    <rect class=\"cls-1\" x=\"-1141\" y=\"-1543\" width=\"1680\" height=\"4770.9999\"><\/rect>\n                                <\/clipPath>\n                                <clipPath id=\"clip-path-3-1\">\n                                    <rect class=\"cls-1\" x=\"1\" y=\"1\" width=\"12\" height=\"12\"><\/rect>\n                                <\/clipPath>\n                            <\/defs>\n                            <title>k-arrow-blu<\/title>\n                            <g class=\"cls-2\"><g class=\"cls-3\"><g class=\"cls-4\"><g class=\"cls-4\"><rect class=\"cls-5\" width=\"14\" height=\"14\"><\/rect>\n                                            <rect class=\"cls-5\" width=\"14\" height=\"14\"><\/rect>\n                                        <\/g><\/g><\/g><\/g>\n                        <\/svg>\n                    <\/a>\n                <\/div><h1>Inspecci\u00f3n de botellas para el sector de las bebidas<\/h1>            <\/div>\n        <\/div>\n    <\/div>\n<\/div>\n\n<style>\n\n    .kintro{}\n\n    .kintro{margin-top: 50px;}\n\n    .kintro__row{justify-content: center;}\n    .kintro__date{font-family: 'Exo', sans-serif;}\n    .kintro h1{color: rgb(212,93,0); border-top: 2px solid rgb(212,93,0); padding-top: 30px; margin-top: 10px;}\n    .kintro__thumb img{width: 100%; height: auto;}\n\n    .kintro__extraCont{display: flex; align-items: flex-end; margin-bottom: 20px; margin-top: 80px;}\n    .kintro__extraLineTitle{height: 2px; width: 50px; margin-bottom: 13px; margin-right: 30px;}\n    .kintro__extraCont h2 {font-size: 30px;margin-top: 0;margin-bottom: 0; text-transform: uppercase;}\n    .kintro a{color: rgb(212,93,0);}\n\n    .kintro__top{display: flex; justify-content: space-between; align-items: center; flex-wrap: wrap;}\n\n    \/* button *\/\n    .kintro__button{cursor: pointer; background-color: rgba(212,93,0, 0.08); ; margin-left: auto;\n        color: rgb(212,93,0); padding: 10px 15px; font-weight: 500; text-decoration: none;\n        display: flex; justify-content: space-between; min-width: 100px; width: auto;}\n    .kbutton__buttonTitle{border-bottom: 1px solid rgb(212,93,0); padding-bottom: 5px; text-transform: uppercase;}\n    .kintro__button svg{width: 16px; height: 16px; margin-top: 3px; margin-left: 15px;}\n\n    \/* new *\/\n    .kintro__col{margin-left: auto; margin-right: auto;}\n\n    \/* mobile *\/\n    @media screen and (max-width: 767px) {\n        .kintro__top{flex-direction: column; align-items: flex-start;}\n        .kintro__button{margin-top: 10px;}\n    }\n\n    \/* ipad *\/\n    @media screen and (min-width: 768px) and  (max-width: 992px){\n\n    }\n\n    \/* ipad pro *\/\n    @media screen and (min-width: 992px) and  (max-width: 1200px){\n\n    }\n\n\n<\/style>\n\n<script>\n    window.addEventListener('DOMContentLoaded', function() {\n        jQuery(function ($) {\n\n        });\n    });\n<\/script>\n\n    <div class=\"pure-containerFluid pureCol \">\n    <div class=\"pure-container\">         <div class=\"pure-row\">\n            <div class=\"pure-g\">\n                <div class=\"pure-u-1-1 pure-u-md-16-24 offset-md-1-6\">\n\n\n\n\n<style>\n\n    .formContacts input[type=\"submit\"]{ background-color: rgb(212,93,0); border: 0;\n    color: #ffffff; text-transform: uppercase; padding: 20px; font-size: 16px; font-family: 'Roboto', sans-serif;\n    min-width: 250px; font-weight: 600; cursor: pointer; margin-top: 30px;}\n    .pureCol a{color: rgb(212,93,0);}\n\n    \/* mobile *\/\n    @media screen and (max-width: 767px) {\n\n    }\n\n    \/* ipad *\/\n    @media screen and (min-width: 768px) and  (max-width: 992px){\n\n    }\n\n    \/* ipad pro *\/\n    @media screen and (min-width: 992px) and  (max-width: 1200px){\n\n    }\n\n<\/style>\n\n\n<p>Cada botella que sale de una l\u00ednea de producci\u00f3n debe cumplir normas estrictas para garantizar la confianza del consumidor y la integridad de la marca. Aqu\u00ed es donde <strong>la inspecci\u00f3n de botellas<\/strong> se convierte en una parte fundamental del proceso de embotellado. Mediante tecnolog\u00edas avanzadas, los sistemas de inspecci\u00f3n verifican que cada botella -ya sea de vidrio o PET- est\u00e9 perfectamente formada, llenada, sellada, etiquetada y codificada antes de llegar al mercado.<\/p>\n\n\n\n<p>En la vanguardia de este campo se encuentra <strong>Antares Vision Group<\/strong>, l\u00edder mundial en soluciones de inspecci\u00f3n, trazabilidad y gesti\u00f3n inteligente de datos. Sus vanguardistas <strong>sistemas de <a href=\"https:\/\/antaresvisiongroup.com\/beverage\/es\/inspection\/#products\">inspecci\u00f3n de botellas<\/a><\/strong> est\u00e1n dise\u00f1ados para ofrecer una garant\u00eda de calidad del 100 % a los fabricantes de bebidas de todo el mundo.<\/p>\n\n\n\n<hr class=\"wp-block-separator has-alpha-channel-opacity\" \/>\n\n\n\n<h2 class=\"wp-block-heading\"><strong>Por qu\u00e9 la inspecci\u00f3n de botellas es crucial en la industria de bebidas<\/strong><\/h2>\n\n\n\n<p>La producci\u00f3n moderna de bebidas funciona a velocidades extremadamente altas, con l\u00edneas que procesan decenas de miles de botellas por hora. Incluso una sola botella defectuosa, ya est\u00e9 astillada, mal llenada o mal sellada, puede poner en peligro la seguridad del consumidor y dar lugar a costosas retiradas.<\/p>\n\n\n\n<p><strong>La inspecci\u00f3n de <a href=\"https:\/\/antaresvisiongroup.com\/beverage\/es\/inspection\/#products\">botellas<\/a><\/strong> garantiza que cada unidad cumple las normas de seguridad y calidad durante todo el proceso de producci\u00f3n. No es solo un requisito de cumplimiento, sino tambi\u00e9n una ventaja estrat\u00e9gica para las marcas que buscan mantener una reputaci\u00f3n intachable.<\/p>\n\n\n\n<p>Los factores clave que impulsan la adopci\u00f3n de <strong>m\u00e1quinas de inspecci\u00f3n de botellas<\/strong> incluyen:<\/p>\n\n\n\n<ul class=\"wp-block-list\">\n<li>Aumento de la demanda de control de calidad automatizado<\/li>\n\n\n\n<li>Normativa m\u00e1s estricta sobre seguridad de alimentos y bebidas<\/li>\n\n\n\n<li>El auge de los envases sostenibles y los materiales reciclados, que aumenta la variabilidad de la calidad de las botellas<\/li>\n\n\n\n<li>La necesidad de optimizar la producci\u00f3n en funci\u00f3n de los datos<\/li>\n<\/ul>\n\n\n\n<p>Con estas tendencias, las empresas de bebidas est\u00e1n invirtiendo mucho en <strong>sistemas de inspecci\u00f3n de botellas<\/strong> que combinan precisi\u00f3n, velocidad e integraci\u00f3n digital.<\/p>\n\n\n\n<hr class=\"wp-block-separator has-alpha-channel-opacity\" \/>\n\n\n\n<h2 class=\"wp-block-heading\"><strong>Retos de la inspecci\u00f3n de botellas de bebidas<\/strong><\/h2>\n\n\n\n<p>A pesar de los avances tecnol\u00f3gicos, <strong>la inspecci\u00f3n de botellas<\/strong> en entornos de alta velocidad presenta varios retos:<\/p>\n\n\n\n<h3 class=\"wp-block-heading\"><strong>1. Variedad de envases y materiales<\/strong><\/h3>\n\n\n\n<p>Los fabricantes de bebidas manipulan m\u00faltiples tipos de botellas (vidrio, PET, aluminio), cada una de las cuales requiere par\u00e1metros de inspecci\u00f3n espec\u00edficos. Las variaciones de forma, las diferencias de color y las superficies reflectantes pueden complicar la detecci\u00f3n.<\/p>\n\n\n\n<h3 class=\"wp-block-heading\"><strong>2. 2. Condiciones medioambientales<\/strong><\/h3>\n\n\n\n<p>La condensaci\u00f3n, la espuma y las variaciones de iluminaci\u00f3n a lo largo de la l\u00ednea pueden interferir con las c\u00e1maras y los sensores, reduciendo la precisi\u00f3n de la inspecci\u00f3n.<\/p>\n\n\n\n<h3 class=\"wp-block-heading\"><strong>3. Diversidad de defectos<\/strong><\/h3>\n\n\n\n<p>Los defectos pueden producirse en cualquier fase de la producci\u00f3n. Algunos ejemplos:<\/p>\n\n\n\n<ul class=\"wp-block-list\">\n<li>Grietas o astillas en las botellas de vidrio<\/li>\n\n\n\n<li>Deformaciones o inclusiones en los envases de PET<\/li>\n\n\n\n<li>Niveles de llenado incorrectos<\/li>\n\n\n\n<li>Botellas con fugas<\/li>\n\n\n\n<li>Presi\u00f3n incorrecta en el espacio de cabeza<\/li>\n\n\n\n<li>Tapones mal colocados o ausencia de precintos<\/li>\n\n\n\n<li>Defectos de etiquetado o errores de c\u00f3digo<\/li>\n<\/ul>\n\n\n\n<h3 class=\"wp-block-heading\"><strong>4. Integraci\u00f3n de l\u00edneas y rendimiento<\/strong><\/h3>\n\n\n\n<p>Las l\u00edneas de bebidas funcionan continuamente, a menudo a m\u00e1s de 60.000 botellas por hora. Los sistemas de inspecci\u00f3n deben adaptarse a este ritmo sin provocar ralentizaciones y, al mismo tiempo, lograr un n\u00famero de falsos rechazos cercano a cero.<\/p>\n\n\n\n<h3 class=\"wp-block-heading\"><strong>5. Datos y conectividad<\/strong><\/h3>\n\n\n\n<p>Las f\u00e1bricas actuales requieren sistemas que se integren con las plataformas MES y ERP, garantizando el registro completo de cada lote de producci\u00f3n. Gestionar y analizar los datos de inspecci\u00f3n en tiempo real sigue siendo un reto clave para muchos fabricantes.<\/p>\n\n\n\n<hr class=\"wp-block-separator has-alpha-channel-opacity\" \/>\n\n\n\n<h2 class=\"wp-block-heading\"><strong>Soluciones avanzadas: Sistemas de inspecci\u00f3n de botellas con tecnolog\u00eda basada en visi\u00f3n y sensores<\/strong><\/h2>\n\n\n\n<p>Para superar estos retos, los fabricantes conf\u00edan en <strong>sistemas<\/strong> avanzados <strong>de inspecci\u00f3n de botellas<\/strong> equipados con <strong>visi\u00f3n de<\/strong> \u00faltima generaci\u00f3n, uso innovador de <strong>sensores<\/strong> y <strong>tecnolog\u00edas de<\/strong> vanguardia. Las soluciones de Antares Vision Group ejemplifican esta nueva generaci\u00f3n de inspecci\u00f3n inteligente, respaldada por la inteligencia artificial.<\/p>\n\n\n\n<h3 class=\"wp-block-heading\"><strong>1. M\u00e1quinas de inspecci\u00f3n de botellas basadas en visi\u00f3n<\/strong><\/h3>\n\n\n\n<p>Las modernas <strong>m\u00e1quinas de inspecci\u00f3n de botellas<\/strong> utilizan c\u00e1maras de alta resoluci\u00f3n, iluminaci\u00f3n LED y procesamiento de im\u00e1genes basado en IA para detectar incluso las anomal\u00edas m\u00e1s peque\u00f1as. Pueden identificar:<\/p>\n\n\n\n<ul class=\"wp-block-list\">\n<li>Grietas, astillas e inclusiones<\/li>\n\n\n\n<li>Objetos extra\u00f1os en el interior de las botellas<\/li>\n\n\n\n<li>Defectos de tapones y cierres<\/li>\n\n\n\n<li>Etiquetas ausentes \/ dobles \/ err\u00f3neas \/ mal colocadas o c\u00f3digos ilegibles<\/li>\n<\/ul>\n\n\n\n<p>Los sistemas son totalmente configurables y pueden inspeccionar desde m\u00faltiples \u00e1ngulos, garantizando una cobertura completa de las botellas a 360\u00b0.<\/p>\n\n\n\n<h3 class=\"wp-block-heading\"><strong>2. M\u00e1quinas de inspecci\u00f3n basadas en sensores<\/strong><\/h3>\n\n\n\n<p>El uso innovador de luces, sensores, rayos X, alta frecuencia y otras tecnolog\u00edas permite detectar con prestaciones de primer nivel defectos como:<\/p>\n\n\n\n<ul class=\"wp-block-list\">\n<li>Niveles de llenado incorrectos<\/li>\n\n\n\n<li>Botellas con fugas<\/li>\n\n\n\n<li>Residuos de detergente l\u00edquido<\/li>\n\n\n\n<li>Una cantidad excesiva de ox\u00edgeno en el espacio de cabeza (de las botellas de vino)<\/li>\n\n\n\n<li>Efecto bandera en etiquetas mal aplicadas<\/li>\n<\/ul>\n\n\n\n<h2 class=\"wp-block-heading\"><strong>Funciones avanzadas de los sistemas de inspecci\u00f3n de botellas<\/strong><\/h2>\n\n\n\n<h3 class=\"wp-block-heading\"><strong>1. Integraci\u00f3n con la automatizaci\u00f3n de l\u00edneas<\/strong><\/h3>\n\n\n\n<p>Antares Vision Group dise\u00f1a <strong>sistemas de visi\u00f3n para la inspecci\u00f3n de botellas<\/strong> que se integran perfectamente en las l\u00edneas de embotellado existentes. La retroalimentaci\u00f3n en tiempo real y la supervisi\u00f3n de desviaciones ayudan a ajustar los procesos anteriores, como el llenado o el taponado, para evitar defectos recurrentes.<\/p>\n\n\n\n<h3 class=\"wp-block-heading\"><strong>2. Capacidades de IA y visi\u00f3n<\/strong><\/h3>\n\n\n\n<p>Mediante <strong>sistemas de visi\u00f3n avanzados<\/strong>, estos sistemas de <strong>inspecci\u00f3n de botellas <\/strong>aprenden y se adaptan continuamente. Los algoritmos de IA analizan grandes conjuntos de datos de im\u00e1genes para mejorar la precisi\u00f3n de la clasificaci\u00f3n de defectos con el tiempo, minimizando los falsos rechazos y garantizando resultados coherentes.<\/p>\n\n\n\n<h3 class=\"wp-block-heading\"><strong>3. Registros de datos y producci\u00f3n<\/strong><\/h3>\n\n\n\n<p>Cada inspecci\u00f3n se registra y se vincula a un lote de producci\u00f3n espec\u00edfico. De este modo se garantiza el cumplimiento de las normas internacionales al tiempo que se obtienen datos valiosos para la optimizaci\u00f3n de procesos, la gesti\u00f3n de reclamaciones y el mantenimiento predictivo.<\/p>\n\n\n\n<hr class=\"wp-block-separator has-alpha-channel-opacity\" \/>\n\n\n\n<h2 class=\"wp-block-heading\"><strong>Ventajas de la inspecci\u00f3n automatizada de botellas<\/strong><\/h2>\n\n\n\n<p>La implantaci\u00f3n de un <strong>sistema<\/strong> moderno <strong>de inspecci\u00f3n de botellas<\/strong> ofrece ventajas operativas y comerciales cuantificables a los fabricantes de bebidas:<\/p>\n\n\n\n<ul class=\"wp-block-list\">\n<li><strong>Control de calidad del producto al 100%:<\/strong> Cada botella se verifica, lo que reduce las quejas de los clientes y las retiradas de productos.<\/li>\n\n\n\n<li><strong>Reducci\u00f3n de residuos:<\/strong> Las desviaciones se detectan en tiempo real, lo que permite tomar medidas correctivas antes de que se vean afectados lotes enteros.<\/li>\n\n\n\n<li><strong>Mayor eficacia:<\/strong> Las inspecciones automatizadas siguen el ritmo de las l\u00edneas de producci\u00f3n m\u00e1s r\u00e1pidas sin intervenci\u00f3n humana.<\/li>\n\n\n\n<li><strong>Registros de producci\u00f3n y conformidad:<\/strong> Los datos de inspecci\u00f3n completos respaldan las auditor\u00edas y certificaciones.<\/li>\n\n\n\n<li><strong>Protecci\u00f3n de la marca:<\/strong> Una calidad constante refuerza la confianza del consumidor y la reputaci\u00f3n de la marca.<\/li>\n\n\n\n<li><strong>Conocimiento operativo:<\/strong> Los datos recopilados de las m\u00e1quinas de inspecci\u00f3n contribuyen a la mejora continua.<\/li>\n<\/ul>\n\n\n\n<p>En \u00faltima instancia, <strong>los sistemas de inspecci\u00f3n de embotellado<\/strong> transforman la garant\u00eda de calidad de un proceso de control reactivo en una operaci\u00f3n proactiva basada en datos.<\/p>\n\n\n\n<hr class=\"wp-block-separator has-alpha-channel-opacity\" \/>\n\n\n\n<h2 class=\"wp-block-heading\"><strong>FAQ<\/strong> &#8211; Inspecci\u00f3n de botellas<\/h2>\n\n\n\n<h3 class=\"wp-block-heading\"><strong>\u00bfQu\u00e9 es la inspecci\u00f3n de botellas y por qu\u00e9 es importante en la producci\u00f3n de bebidas?<\/strong><\/h3>\n\n\n\n<p>La inspecci\u00f3n de botellas es el proceso automatizado de comprobaci\u00f3n de botellas para detectar defectos, fugas, contaminaci\u00f3n, problemas de nivel de llenado, etiquetado incorrecto y problemas de cierre. Garantiza la calidad del producto, la seguridad del consumidor y el cumplimiento de la normativa en l\u00edneas de bebidas de alta velocidad.<\/p>\n\n\n\n<h3 class=\"wp-block-heading\"><strong>\u00bfC\u00f3mo funciona una m\u00e1quina de inspecci\u00f3n de botellas?<\/strong><\/h3>\n\n\n\n<p>Una <strong>m\u00e1quina de inspecci\u00f3n de botellas<\/strong> utiliza c\u00e1maras, sensores e iluminaci\u00f3n para obtener informaci\u00f3n sobre las botellas a medida que avanzan por la l\u00ednea. Un software avanzado analiza estas im\u00e1genes y mediciones para detectar defectos en tiempo real y rechazar autom\u00e1ticamente las botellas defectuosas.<\/p>\n\n\n\n<h3 class=\"wp-block-heading\"><strong>\u00bfQu\u00e9 tipos de defectos puede detectar un sistema de inspecci\u00f3n de botellas?<\/strong><\/h3>\n\n\n\n<p>Entre los defectos t\u00edpicos se incluyen grietas, astillas, falta de tapones, llenado insuficiente, llenado excesivo, objetos extra\u00f1os, fugas, defectos en la etiqueta y en el c\u00f3digo. Los modernos <strong>sistemas de inspecci\u00f3n de botellas<\/strong> tambi\u00e9n pueden verificar la legibilidad del c\u00f3digo y la correcta aplicaci\u00f3n del cierre.<\/p>\n\n\n\n<h3 class=\"wp-block-heading\"><strong>\u00bfC\u00f3mo mejora la tecnolog\u00eda de visi\u00f3n la inspecci\u00f3n de botellas?<\/strong><\/h3>\n\n\n\n<p><strong>La inspecci\u00f3n de botellas con tecnolog\u00eda de visi\u00f3n<\/strong> utiliza IA y aprendizaje profundo para mejorar la precisi\u00f3n y la adaptabilidad. El sistema aprende de inspecciones anteriores para distinguir mejor entre variaciones aceptables y defectos reales.<\/p>\n\n\n\n<h3 class=\"wp-block-heading\"><strong>\u00bfPuede personalizarse un sistema de inspecci\u00f3n de embotellado para diferentes bebidas?<\/strong><\/h3>\n\n\n\n<p>S\u00ed. Cada <strong>sistema de inspecci\u00f3n de embotellado<\/strong> puede configurarse para tipos de envases, materiales y caracter\u00edsticas de producto espec\u00edficos -como bebidas carbonatadas, zumos o agua-, lo que garantiza resultados precisos y uniformes.<\/p>\n\n\n\n<h3 class=\"wp-block-heading\"><strong>\u00bfCu\u00e1les son las ventajas de integrar la inspecci\u00f3n de botellas con otros sistemas?<\/strong><\/h3>\n\n\n\n<p>La integraci\u00f3n de distintas inspecciones, como las de nivel de llenado, etiquetas, detecci\u00f3n de fugas e inspecci\u00f3n de tapones, crea un ecosistema de calidad completo. Reduce el espacio ocupado, simplifica la arquitectura de la l\u00ednea y mejora la gesti\u00f3n de datos.<\/p>\n\n\n\n<hr class=\"wp-block-separator has-alpha-channel-opacity\" \/>\n\n\n\n<h2 class=\"wp-block-heading\"><strong>Conclusi\u00f3n<\/strong><\/h2>\n\n\n\n<p>En un sector en el que la precisi\u00f3n y la coherencia definen el \u00e9xito, <strong>la inspecci\u00f3n de botellas<\/strong> se ha convertido en un pilar estrat\u00e9gico de la producci\u00f3n de bebidas. Los <strong>sistemas<\/strong> avanzados <strong>de inspecci\u00f3n de botellas<\/strong> basados en inteligencia artificial y tecnolog\u00eda de visi\u00f3n garantizan que todos los productos cumplan las normas m\u00e1s estrictas de calidad y seguridad, sin ralentizar la producci\u00f3n.<\/p>\n\n\n\n<p><strong>Antares Vision Group<\/strong>, l\u00edder mundial en tecnolog\u00edas de inspecci\u00f3n y trazabilidad, ofrece soluciones integrales que permiten a los fabricantes de bebidas lograr un control de calidad total y transparencia digital en todas sus operaciones.<\/p>\n\n\n\n<p>Para saber c\u00f3mo Antares Vision Group puede ayudarle a optimizar su l\u00ednea de embotellado con <strong>sistemas de inspecci\u00f3n de botellas<\/strong>, visite su sitio web y explore las \u00faltimas innovaciones en tecnolog\u00eda de inspecci\u00f3n de bebidas.<\/p>\n\n\n\n<p><a id=\"_msocom_4\"><\/a><\/p>\n\n\n\n                <\/div>\n            <\/div>\n        <\/div>\n     <\/div> <\/div>\n\n<style>\n\n    \/* mobile *\/\n    @media screen and (max-width: 767px) {\n\n    }\n\n    \/* ipad *\/\n    @media screen and (min-width: 768px) and  (max-width: 992px){\n\n    }\n\n    \/* ipad pro *\/\n    @media screen and (min-width: 992px) and  (max-width: 1200px){\n\n    }\n\n<\/style>","protected":false},"excerpt":{"rendered":"<p>Cada botella que sale de una l\u00ednea de producci\u00f3n debe cumplir normas estrictas para garantizar&#8230;<\/p>\n","protected":false},"author":6,"featured_media":0,"parent":0,"menu_order":0,"comment_status":"closed","ping_status":"closed","template":"","meta":{"_acf_changed":false,"footnotes":""},"class_list":["post-4499","page","type-page","status-publish","hentry"],"acf":[],"lang":"es","translations":{"es":4499,"en":4489,"it":4493,"fr":4496,"pt":4664},"pll_sync_post":[],"_links":{"self":[{"href":"https:\/\/antaresvisiongroup.com\/beverage\/wp-json\/wp\/v2\/pages\/4499","targetHints":{"allow":["GET"]}}],"collection":[{"href":"https:\/\/antaresvisiongroup.com\/beverage\/wp-json\/wp\/v2\/pages"}],"about":[{"href":"https:\/\/antaresvisiongroup.com\/beverage\/wp-json\/wp\/v2\/types\/page"}],"author":[{"embeddable":true,"href":"https:\/\/antaresvisiongroup.com\/beverage\/wp-json\/wp\/v2\/users\/6"}],"replies":[{"embeddable":true,"href":"https:\/\/antaresvisiongroup.com\/beverage\/wp-json\/wp\/v2\/comments?post=4499"}],"version-history":[{"count":4,"href":"https:\/\/antaresvisiongroup.com\/beverage\/wp-json\/wp\/v2\/pages\/4499\/revisions"}],"predecessor-version":[{"id":4579,"href":"https:\/\/antaresvisiongroup.com\/beverage\/wp-json\/wp\/v2\/pages\/4499\/revisions\/4579"}],"wp:attachment":[{"href":"https:\/\/antaresvisiongroup.com\/beverage\/wp-json\/wp\/v2\/media?parent=4499"}],"curies":[{"name":"wp","href":"https:\/\/api.w.org\/{rel}","templated":true}]}}