{"id":4506,"date":"2025-12-09T14:48:55","date_gmt":"2025-12-09T13:48:55","guid":{"rendered":"https:\/\/antaresvisiongroup.com\/beverage\/?page_id=4506"},"modified":"2025-12-17T12:32:35","modified_gmt":"2025-12-17T11:32:35","slug":"ispezione-della-chiusura-del-tappo-della-bottiglia-nel-settore-delle-bevande","status":"publish","type":"page","link":"https:\/\/antaresvisiongroup.com\/beverage\/it\/ispezione-della-chiusura-del-tappo-della-bottiglia-nel-settore-delle-bevande\/","title":{"rendered":"Ispezione della chiusura del tappo della bottiglia nel settore delle bevande"},"content":{"rendered":"\n<div class=\"kbreadcrumb\" id=\"k_year\">\n    <div class=\"pure-container\">\n        <div class=\"pure-g\">\n            <div class=\"pure-u-1-1\">\n                <div class=\"breadcrumbs\"><a href=\"https:\/\/antaresvisiongroup.com\/beverage\">Home<\/a> | <\/div>            <\/div>\n        <\/div>\n    <\/div>\n<\/div>\n\n<style>\n\n    .kbreadcrumb{max-width: 1330px; margin-right: auto; margin-left: auto; font-size: 14px; color: #222222; padding-top: 15px; padding-bottom: 15px;\n        font-family: 'Exo', sans-serif;}\n    .kbreadcrumb a{color: inherit; text-decoration: none;}\n\n    \/* mobile *\/\n    @media screen and (max-width: 767px) {\n        .kbreadcrumb{padding-right: 15px; padding-left: 15px;}\n    }\n\n    \/* ipad *\/\n    @media screen and (min-width: 768px) and  (max-width: 992px){\n        .kbreadcrumb{padding-right: 15px; padding-left: 15px;}\n    }\n\n    \/* ipad pro *\/\n    @media screen and (min-width: 992px) and  (max-width: 1200px){\n        .kbreadcrumb{padding-right: 15px; padding-left: 15px;}\n    }\n\n<\/style>\n\n\n<div class=\"pure-containerFluid kintro\">\n    <div class=\"pure-container\">\n        <div class=\"pure-g\">\n            <div class=\"pure-u-1-1 pure-u-md-16-24 kintro__col\">\n                <div class='kintro__top'>                    <a class=\"kintro__button\" href=\"https:\/\/antaresvisiongroup.com\/beverage\/it\/inspection\/prodotti-ispezioni\/?f=455\" target=\"\">\n                        <div class=\"kbutton__buttonTitle\">Scopri le nostre soluzioni<\/div>\n                        <svg id=\"Livello_button\" data-name=\"Livello 2\" xmlns=\"http:\/\/www.w3.org\/2000\/svg\" xmlns:xlink=\"http:\/\/www.w3.org\/1999\/xlink\" width=\"14\" height=\"14\" viewBox=\"0 0 14 14\">\n                            <defs>\n                                <style>\n                                    .kintro__button .cls-1{fill:none;}\n                                    .kintro__button .cls-2{clip-path:url(#clip-path-1)!important;}\n                                    .kintro__button .cls-3{clip-path:url(#clip-path-2-1)!important;}\n                                    .kintro__button .cls-4{clip-path:url(#clip-path-3-1)!important;}\n                                    .kintro__button .cls-5{fill: rgb(212,93,0)!important;}\n                                <\/style>\n                                <clipPath id=\"clip-path-1\">\n                                    <polygon class=\"cls-1\" points=\"2.099 12.999 1 11.9 10.344 2.557 1.824 2.557 1.824 1 13 1 13 12.176 11.443 12.176 11.443 3.656 2.099 12.999\"><\/polygon>\n                                <\/clipPath>\n                                <clipPath id=\"clip-path-2-1\">\n                                    <rect class=\"cls-1\" x=\"-1141\" y=\"-1543\" width=\"1680\" height=\"4770.9999\"><\/rect>\n                                <\/clipPath>\n                                <clipPath id=\"clip-path-3-1\">\n                                    <rect class=\"cls-1\" x=\"1\" y=\"1\" width=\"12\" height=\"12\"><\/rect>\n                                <\/clipPath>\n                            <\/defs>\n                            <title>k-arrow-blu<\/title>\n                            <g class=\"cls-2\"><g class=\"cls-3\"><g class=\"cls-4\"><g class=\"cls-4\"><rect class=\"cls-5\" width=\"14\" height=\"14\"><\/rect>\n                                            <rect class=\"cls-5\" width=\"14\" height=\"14\"><\/rect>\n                                        <\/g><\/g><\/g><\/g>\n                        <\/svg>\n                    <\/a>\n                <\/div><h1>Ispezione della chiusura del tappo della bottiglia nel settore delle bevande<\/h1>            <\/div>\n        <\/div>\n    <\/div>\n<\/div>\n\n<style>\n\n    .kintro{}\n\n    .kintro{margin-top: 50px;}\n\n    .kintro__row{justify-content: center;}\n    .kintro__date{font-family: 'Exo', sans-serif;}\n    .kintro h1{color: rgb(212,93,0); border-top: 2px solid rgb(212,93,0); padding-top: 30px; margin-top: 10px;}\n    .kintro__thumb img{width: 100%; height: auto;}\n\n    .kintro__extraCont{display: flex; align-items: flex-end; margin-bottom: 20px; margin-top: 80px;}\n    .kintro__extraLineTitle{height: 2px; width: 50px; margin-bottom: 13px; margin-right: 30px;}\n    .kintro__extraCont h2 {font-size: 30px;margin-top: 0;margin-bottom: 0; text-transform: uppercase;}\n    .kintro a{color: rgb(212,93,0);}\n\n    .kintro__top{display: flex; justify-content: space-between; align-items: center; flex-wrap: wrap;}\n\n    \/* button *\/\n    .kintro__button{cursor: pointer; background-color: rgba(212,93,0, 0.08); ; margin-left: auto;\n        color: rgb(212,93,0); padding: 10px 15px; font-weight: 500; text-decoration: none;\n        display: flex; justify-content: space-between; min-width: 100px; width: auto;}\n    .kbutton__buttonTitle{border-bottom: 1px solid rgb(212,93,0); padding-bottom: 5px; text-transform: uppercase;}\n    .kintro__button svg{width: 16px; height: 16px; margin-top: 3px; margin-left: 15px;}\n\n    \/* new *\/\n    .kintro__col{margin-left: auto; margin-right: auto;}\n\n    \/* mobile *\/\n    @media screen and (max-width: 767px) {\n        .kintro__top{flex-direction: column; align-items: flex-start;}\n        .kintro__button{margin-top: 10px;}\n    }\n\n    \/* ipad *\/\n    @media screen and (min-width: 768px) and  (max-width: 992px){\n\n    }\n\n    \/* ipad pro *\/\n    @media screen and (min-width: 992px) and  (max-width: 1200px){\n\n    }\n\n\n<\/style>\n\n<script>\n    window.addEventListener('DOMContentLoaded', function() {\n        jQuery(function ($) {\n\n        });\n    });\n<\/script>\n\n    <div class=\"pure-containerFluid pureCol \">\n    <div class=\"pure-container\">         <div class=\"pure-row\">\n            <div class=\"pure-g\">\n                <div class=\"pure-u-1-1 pure-u-md-16-24 offset-md-1-6\">\n\n\n\n\n<style>\n\n    .formContacts input[type=\"submit\"]{ background-color: rgb(212,93,0); border: 0;\n    color: #ffffff; text-transform: uppercase; padding: 20px; font-size: 16px; font-family: 'Roboto', sans-serif;\n    min-width: 250px; font-weight: 600; cursor: pointer; margin-top: 30px;}\n    .pureCol a{color: rgb(212,93,0);}\n\n    \/* mobile *\/\n    @media screen and (max-width: 767px) {\n\n    }\n\n    \/* ipad *\/\n    @media screen and (min-width: 768px) and  (max-width: 992px){\n\n    }\n\n    \/* ipad pro *\/\n    @media screen and (min-width: 992px) and  (max-width: 1200px){\n\n    }\n\n<\/style>\n\n\n<p>Nell&#8217;industria delle bevande, garantire che ogni bottiglia lasci la linea di produzione correttamente sigillata non \u00e8 negoziabile. Il processo di <strong>ispezione della chiusura dei tappi delle bottiglie<\/strong> svolge un ruolo centrale nel preservare l&#8217;integrit\u00e0 del prodotto, la reputazione del marchio e la conformit\u00e0 alle normative. Antares Vision Group \u00e8 leader in questo settore tecnologico con il suo avanzato sistema di ispezione dei tappi progettato specificamente per le applicazioni nel settore delle bevande.<\/p>\n\n\n\n<hr class=\"wp-block-separator has-alpha-channel-opacity\" \/>\n\n\n\n<h2 class=\"wp-block-heading\"><strong>Il contesto per l&#8217;ispezione dei tappi delle bottiglie<\/strong><\/h2>\n\n\n\n<p>Nelle moderne operazioni di imbottigliamento, la necessit\u00e0 di ispezioni precise e affidabili dei sistemi di chiusura non \u00e8 mai stata cos\u00ec grande. I produttori di bevande devono far fronte a esigenze sempre maggiori, dalle aspettative di qualit\u00e0 dei consumatori agli standard normativi e al rischio di costosi richiami. Il processo di <strong>ispezione dei tappi delle bottiglie<\/strong> assicura che i tappi siano presenti, correttamente sigillati, sicuri e conformi alle specifiche del marchio.<\/p>\n\n\n\n<p>Gli elementi chiave del contesto includono:<\/p>\n\n\n\n<ul class=\"wp-block-list\">\n<li>Un&#8217;ampia variet\u00e0 di tipi di tappi (piatti, con legatura, sport-cap, sughero, ROPP) e di formati di contenitori (vetro, PET, HDPE). <\/li>\n\n\n\n<li>Velocit\u00e0 e volumi elevati nelle linee di produzione di bevande, che creano un margine di errore minimo.<\/li>\n\n\n\n<li>Il ruolo critico delle caratteristiche di prova della manomissione (ad esempio, anello di sicurezza, banda di manomissione) nel mantenimento della sicurezza e della conformit\u00e0 normativa. <\/li>\n\n\n\n<li>Ambienti di produzione connessi (Industria 4.0) in cui la registrazione dei dati e della produzione \u00e8 sempre pi\u00f9 richiesta.<\/li>\n\n\n\n<li>Un monitoraggio continuo delle prestazioni delle apparecchiature di tappatura, per migliorare l&#8217;ottimizzazione dell&#8217;OEE (Overall Equipment Effectiveness) basata sui dati.<\/li>\n<\/ul>\n\n\n\n<p>In breve: se un tappo non funziona come previsto, oppure \u00e8 mancante o difettoso, pu\u00f2 verificarsi un rischio logistico, di marchio o di sicurezza per il consumatore. Ecco perch\u00e9 l <strong>&#8216;ispezione della chiusura del tappo<\/strong> \u00e8 un elemento standard delle linee di imbottigliamento automatizzate.<\/p>\n\n\n\n<hr class=\"wp-block-separator has-alpha-channel-opacity\" \/>\n\n\n\n<h2 class=\"wp-block-heading\"><strong>Garantire un&#8217;ispezione affidabile della chiusura del tappo della bottiglia<\/strong><\/h2>\n\n\n\n<p>L&#8217;implementazione di un&#8217;ispezione efficace dei tappi non \u00e8 priva di ostacoli. I produttori di bevande che trascurano di affrontare queste sfide possono incorrere in un aumento dei tempi di inattivit\u00e0, in uno spreco di prodotti, in danni al marchio e in problemi di conformit\u00e0.<\/p>\n\n\n\n<h3 class=\"wp-block-heading\"><strong>Sfide comuni<\/strong><\/h3>\n\n\n\n<ul class=\"wp-block-list\">\n<li><strong>Variet\u00e0 di tipi di tappi e chiusure<\/strong>: Tappi piatti, tappi a corona, tappi a vite, tappi sportivi, tappi con legatura, tappi a fungo, chiusure ROPP &#8211; tappi profondamente diversi, con comportamenti e parametri di ispezione distinti. <\/li>\n\n\n\n<li><strong>Difetti difficili da individuare<\/strong>: Presenza del tappo, posizionamento corretto, banda di manomissione mancante, anello di sicurezza rotto, cattivo allineamento, il tutto mentre le bottiglie possono muoversi ad alta velocit\u00e0 o contenere condensa, gocce d&#8217;acqua o schiuma. <\/li>\n\n\n\n<li><strong>Integrazione in linee di produzione veloci<\/strong>: Le ispezioni devono tenere il passo con l&#8217;imbottigliamento ad alta velocit\u00e0, con un impatto minimo sulla produzione e sui fermi linea.<\/li>\n\n\n\n<li><strong>Gestione e registrazione dei dati<\/strong>: I sistemi moderni devono acquisire i registri di produzione, le immagini dei difetti e confluire in un sistema di qualit\u00e0 pi\u00f9 ampio o in un&#8217;infrastruttura Industria 4.0. <\/li>\n\n\n\n<li><strong>Vincoli di spazio e di ingombro<\/strong>: Molte linee hanno spazi limitati, quindi le soluzioni devono essere compatte, configurabili e talvolta modulari. <\/li>\n<\/ul>\n\n\n\n<p>A causa di queste complessit\u00e0, affidarsi semplicemente a controlli manuali o a sistemi di visione di base spesso non \u00e8 sufficiente. Per ridurre i rischi e mantenere l&#8217;efficienza delle operazioni, \u00e8 essenziale una solida soluzione automatizzata per l&#8217;<strong>ispezione della chiusura dei tappi di bottiglia<\/strong>.<\/p>\n\n\n\n<hr class=\"wp-block-separator has-alpha-channel-opacity\" \/>\n\n\n\n<h2 class=\"wp-block-heading\"><strong>Soluzioni per l&#8217;ispezione della chiusura dei tappi delle bottiglie<\/strong><\/h2>\n\n\n\n<p>Per affrontare le sfide, i produttori di bevande si rivolgono a soluzioni di ispezione avanzate, come quelle offerte da Antares Vision Group, e adottano le migliori pratiche per garantire un&#8217;<a href=\"https:\/\/antaresvisiongroup.com\/beverage\/it\/products\/ispezione-tappo-it-700\/\">ispezione<\/a> affidabile della chiusura.<\/p>\n\n\n\n<h3 class=\"wp-block-heading\"><strong>Sistemi di ispezione automatizzati<\/strong><\/h3>\n\n\n\n<p>I principali esempi sono i sistemi di Antares Vision Group:<\/p>\n\n\n\n<ul class=\"wp-block-list\">\n<li>Il sistema controlla la presenza del tappo, l&#8217;integrit\u00e0 del tappo, il posizionamento, lo stato dell&#8217;anello di sicurezza, la mancanza della banda di manomissione e altri indicatori. <\/li>\n\n\n\n<li>Utilizza sistemi di visione configurabili (da 2 a 5 telecamere, ispezione del marchio inclusa) per ottenere livelli crescenti di precisione per le ispezioni pi\u00f9 impegnative. <\/li>\n\n\n\n<li>Funzioni aggiuntive come la compensazione delle gocce d&#8217;acqua aumentano l&#8217;affidabilit\u00e0.<\/li>\n\n\n\n<li>L&#8217;acquisizione di immagini per i registri di produzione aumenta la sicurezza e fornisce dati preziosi, soprattutto in caso di reclami sul mercato.<\/li>\n\n\n\n<li>Il modulo &#8220;Ispezione del tappo + ispezione del livello di riempimento&#8221; integra sia l&#8217;ispezione della chiusura che il monitoraggio del livello di riempimento, offrendo un ingombro ridotto e un pannello di <a href=\"https:\/\/antaresvisiongroup.com\/beverage\/it\/products\/ispezione-tappo-controllo-livello\/\">controllo unificato.<\/a><\/li>\n<\/ul>\n\n\n\n<h3 class=\"wp-block-heading\"><strong>Come funziona<\/strong><\/h3>\n\n\n\n<ul class=\"wp-block-list\">\n<li>Il controllo del tappo si basa sulla tecnologia dei sensori o su sistemi di telecamere.<\/li>\n\n\n\n<li>I sensori possono essere integrati in diverse configurazioni, ottimizzate per rilevare diversi tipi di difetti e garantire diversi livelli di conformit\u00e0 della chiusura.<\/li>\n\n\n\n<li>Ad esempio, un sensore sulla parte superiore della bottiglia pu\u00f2 rilevare l&#8217;assenza del tappo. Una tenda ottica all&#8217;altezza del tappo rileva anomalie verticali, come tappi alti o inclinati.<\/li>\n\n\n\n<li>D&#8217;altra parte, un sistema di telecamere con retroilluminazione crea una silhouette ben definita, che pu\u00f2 essere ispezionata per altri tipi di difetti, come una filettatura mancante, una fascetta di sicurezza rotta o un tappo danneggiato o inserito eccessivamente.<\/li>\n<\/ul>\n\n\n\n<h3 class=\"wp-block-heading\"><strong>Applicazioni<\/strong><\/h3>\n\n\n\n<ul class=\"wp-block-list\">\n<li>Bibite analcoliche, acqua, succhi, vino e liquori, birra, latte<\/li>\n\n\n\n<li>Olio commestibile<\/li>\n\n\n\n<li>Alimenti liquidi<\/li>\n\n\n\n<li>Nutrizionale<\/li>\n<\/ul>\n\n\n\n<h3 class=\"wp-block-heading\"><strong>Raccomandazioni di buone pratiche<\/strong><\/h3>\n\n\n\n<ul class=\"wp-block-list\">\n<li><strong>Definire chiaramente i criteri di ispezione<\/strong>: Quali tipi di tappi? Quali difetti? Quale soglia di accettazione e quale di rifiuto?<\/li>\n\n\n\n<li><strong>Standardizzare l&#8217;ispezione tra le linee<\/strong>: Utilizzare definizioni coerenti dei difetti e protocolli di acquisizione dei dati.<\/li>\n\n\n\n<li><strong>Integrazione con i sistemi di controllo della linea e dei dati<\/strong>: Assicurarsi che il sistema di ispezione venga alimentato dal sistema MES o di gestione della qualit\u00e0 pi\u00f9 ampio per i registri di produzione e le analisi.<\/li>\n\n\n\n<li><strong>Monitorare le prestazioni e ridurre le percentuali di scarto<\/strong>: Utilizzate i dati dei sistemi di ispezione per identificare le derive (ad esempio, un tappo applicato male ricorrentemente) e intervenite a monte (ad esempio, regolate l&#8217;alimentazione del tappo o la regolazione della coppia) con un intervento mirato.<\/li>\n\n\n\n<li><strong>Assicurare una manutenzione e una calibrazione regolari<\/strong>: Le telecamere, l&#8217;illuminazione e i sensori devono essere allineati e puliti correttamente, soprattutto nelle linee di produzione delle bevande, dove possono formarsi condensa o nebbia.<\/li>\n\n\n\n<li><strong>Istruire gli operatori sugli avvisi del sistema di ispezione<\/strong>: Quando viene segnalato un guasto, una risposta rapida e accurata riduce al minimo i tempi di fermo.<\/li>\n<\/ul>\n\n\n\n<p>Impiegando un sistema di ispezione automatizzato e seguendo pratiche disciplinate, i produttori di bevande possono allineare il processo di <strong>ispezione della chiusura dei tappi<\/strong> alle moderne esigenze di velocit\u00e0, qualit\u00e0 e regolamentazione.<\/p>\n\n\n\n<hr class=\"wp-block-separator has-alpha-channel-opacity\" \/>\n\n\n\n<h2 class=\"wp-block-heading\"><strong>Vantaggi di un&#8217;efficace ispezione della chiusura del tappo della bottiglia<\/strong><\/h2>\n\n\n\n<p>Se implementata correttamente, l&#8217;<strong>ispezione della chiusura dei tappi di bottiglia<\/strong> offre vantaggi commerciali e operativi tangibili ai produttori di bevande.<\/p>\n\n\n\n<h3 class=\"wp-block-heading\"><strong>Vantaggi principali<\/strong><\/h3>\n\n\n\n<ul class=\"wp-block-list\">\n<li><strong>Riduzione dei richiami di prodotto e delle richieste di risarcimento da parte del mercato<\/strong>: Individuando i difetti del tappo prima della distribuzione, i marchi si proteggono dai reclami dei consumatori e dai problemi di responsabilit\u00e0.<\/li>\n\n\n\n<li><strong>Miglioramento dei tempi e dell&#8217;efficienza della linea<\/strong>: Il rilevamento precoce dei problemi previene inceppamenti, errori di alimentazione e guasti al tappatore, con conseguente miglioramento della produzione e riduzione degli scarti.<\/li>\n\n\n\n<li><strong>Maggiore integrit\u00e0 e sicurezza del prodotto<\/strong>: Assicura che le prove di manomissione siano intatte, che gli anelli di sicurezza siano presenti e che le chiusure siano applicate correttamente.<\/li>\n\n\n\n<li><strong>Protezione della reputazione del marchio<\/strong>: Un tappo mal applicato o mancante mina la fiducia dei consumatori; un controllo costante della chiusura crea fiducia.<\/li>\n\n\n\n<li><strong>Registrazioni della qualit\u00e0 e della produzione basate sui dati<\/strong>: I sistemi avanzati forniscono immagini, registrazioni di ispezioni e analisi che supportano il miglioramento continuo e i rapporti di conformit\u00e0.<\/li>\n\n\n\n<li><strong>Risparmio sui costi<\/strong>: Grazie alla riduzione degli scarti, degli sfridi e dei tempi di inattivit\u00e0, il ROI di un sistema di ispezione affidabile pu\u00f2 essere significativo.<\/li>\n<\/ul>\n\n\n\n<p>In sintesi: un regime di ispezioni di chiusura ben eseguito diventa un asset strategico, non solo una fase di controllo della qualit\u00e0.<\/p>\n\n\n\n<hr class=\"wp-block-separator has-alpha-channel-opacity\" \/>\n\n\n\n<h2 class=\"wp-block-heading\"><strong>FAQ<\/strong> &#8211; Ispezione di bottiglie e tappi<\/h2>\n\n\n\n<h3 class=\"wp-block-heading\"><strong>Che cos&#8217;\u00e8 l&#8217;ispezione della chiusura dei tappi delle bottiglie e perch\u00e9 \u00e8 importante nell&#8217;industria delle bevande?<\/strong><\/h3>\n\n\n\n<p>L&#8217;ispezione della chiusura dei tappi delle bottiglie si riferisce al controllo automatico dei sistemi di chiusura &#8211; tappi, bande antimanomissione, anelli di sicurezza, corretta sigillatura e integrit\u00e0 &#8211; sui contenitori di bevande. \u00c8 fondamentale perch\u00e9 le bottiglie non correttamente chiuse possono causare perdite, contaminazioni, reclami da parte dei consumatori e non conformit\u00e0 alle normative.<\/p>\n\n\n\n<h3 class=\"wp-block-heading\"><strong>Come fa un sistema di ispezione della chiusura dei tappi di bottiglia a rilevare i difetti?<\/strong><\/h3>\n\n\n\n<p>I sistemi moderni utilizzano ispezioni basate sulla visione, telecamere multiple, illuminazione mirata e strumenti software (ad esempio per l&#8217;esclusione delle gocce d&#8217;acqua) che identificano difetti come tappi mancanti, disallineamento, banda di manomissione assente, anello di sicurezza rotto o stampa\/logo errato sul tappo.<\/p>\n\n\n\n<h3 class=\"wp-block-heading\"><strong>Quali tipi di tappi possono essere ispezionati con un sistema di ispezione delle chiusure?<\/strong><\/h3>\n\n\n\n<p>Un sistema di ispezione delle chiusure pu\u00f2 gestire un&#8217;ampia gamma di tipi di tappi: tappi piatti, tappi legati, tappi sportivi, tappi di sughero, chiusure ROPP, tappi a fungo e altro ancora, a condizione che il sistema sia configurato con gli strumenti software e la configurazione meccanica corretti.<\/p>\n\n\n\n<h3 class=\"wp-block-heading\"><strong>Quali sono i principali vantaggi dell&#8217;ispezione della chiusura dei tappi delle bottiglie in un impianto di imbottigliamento?<\/strong><\/h3>\n\n\n\n<p>I vantaggi includono una riduzione dei richiami e dei reclami, una maggiore efficienza della linea, una migliore protezione del marchio, una maggiore sicurezza e conformit\u00e0 e un maggior numero di dati per l&#8217;analisi della qualit\u00e0. (mettere link a monitoraggio)<\/p>\n\n\n\n<h3 class=\"wp-block-heading\"><strong>L&#8217;ispezione della chiusura dei tappi di bottiglia pu\u00f2 essere integrata con altri moduli di ispezione sulla linea?<\/strong><\/h3>\n\n\n\n<p>Alcuni sistemi combinano l&#8217;ispezione del tappo con altri controlli, come l&#8217;ispezione del livello di riempimento, in un&#8217;unica struttura, consentendo un controllo semplificato e una gestione unificata dei dati. Ad esempio, il modulo &#8220;ispezione tappi + ispezione livello di riempimento&#8221; \u00e8 una di queste <a href=\"https:\/\/antaresvisiongroup.com\/beverage\/it\/products\/ispezione-tappo-controllo-livello\/\">soluzioni integrate<\/a>.<\/p>\n\n\n\n<h3 class=\"wp-block-heading\"><strong>A quale velocit\u00e0 e produttivit\u00e0 sono in grado di operare i moderni sistemi di ispezione delle chiusure?<\/strong><\/h3>\n\n\n\n<p>Sebbene i numeri esatti dipendano dal tipo di tappo, dalle dimensioni del contenitore e dalla velocit\u00e0 della linea, i moderni sistemi di ispezione basati sulla visione sono progettati per linee di bevande ad alta velocit\u00e0 e possono tenere il passo con le operazioni di imbottigliamento veloci, riducendo al minimo l&#8217;impatto sulla produzione.<\/p>\n\n\n\n<hr class=\"wp-block-separator has-alpha-channel-opacity\" \/>\n\n\n\n<h2 class=\"wp-block-heading\"><strong>Conclusione<\/strong><\/h2>\n\n\n\n<p>Nel competitivo settore delle bevande ad alto volume, un approccio solido all&#8217;<strong>ispezione della chiusura dei tappi delle bottiglie<\/strong> non \u00e8 pi\u00f9 facoltativo, ma essenziale. Grazie a leader come Antares Vision Group che offrono sistemi di ispezione avanzati e configurabili su misura per le applicazioni nel settore delle bevande, i produttori possono salvaguardare in modo proattivo l&#8217;integrit\u00e0 del prodotto, semplificare il controllo qualit\u00e0 e proteggere il valore del marchio. Agite: valutate il vostro attuale processo di ispezione delle chiusure, identificate eventuali punti deboli e prendete in considerazione un sistema moderno che supporti l&#8217;ispezione automatizzata, la registrazione della produzione e il miglioramento continuo. Contattate Antares Vision Group oggi stesso per discutere di come integrare l&#8217;ispezione di chiusura ad alte prestazioni nella vostra linea di imbottigliamento.<\/p>\n\n\n\n<p><a id=\"_msocom_1\"><\/a><a id=\"_msocom_4\"><\/a><\/p>\n\n\n\n                <\/div>\n            <\/div>\n        <\/div>\n     <\/div> <\/div>\n\n<style>\n\n    \/* mobile *\/\n    @media screen and (max-width: 767px) {\n\n    }\n\n    \/* ipad *\/\n    @media screen and (min-width: 768px) and  (max-width: 992px){\n\n    }\n\n    \/* ipad pro *\/\n    @media screen and (min-width: 992px) and  (max-width: 1200px){\n\n    }\n\n<\/style>","protected":false},"excerpt":{"rendered":"<p>Nell&#8217;industria delle bevande, garantire che ogni bottiglia lasci la linea di produzione correttamente sigillata non&#8230;<\/p>\n","protected":false},"author":6,"featured_media":0,"parent":0,"menu_order":0,"comment_status":"closed","ping_status":"closed","template":"","meta":{"_acf_changed":false,"footnotes":""},"class_list":["post-4506","page","type-page","status-publish","hentry"],"acf":[],"lang":"it","translations":{"it":4506,"en":4502,"fr":4570,"es":4574,"pt":4661},"pll_sync_post":[],"_links":{"self":[{"href":"https:\/\/antaresvisiongroup.com\/beverage\/wp-json\/wp\/v2\/pages\/4506","targetHints":{"allow":["GET"]}}],"collection":[{"href":"https:\/\/antaresvisiongroup.com\/beverage\/wp-json\/wp\/v2\/pages"}],"about":[{"href":"https:\/\/antaresvisiongroup.com\/beverage\/wp-json\/wp\/v2\/types\/page"}],"author":[{"embeddable":true,"href":"https:\/\/antaresvisiongroup.com\/beverage\/wp-json\/wp\/v2\/users\/6"}],"replies":[{"embeddable":true,"href":"https:\/\/antaresvisiongroup.com\/beverage\/wp-json\/wp\/v2\/comments?post=4506"}],"version-history":[{"count":4,"href":"https:\/\/antaresvisiongroup.com\/beverage\/wp-json\/wp\/v2\/pages\/4506\/revisions"}],"predecessor-version":[{"id":4628,"href":"https:\/\/antaresvisiongroup.com\/beverage\/wp-json\/wp\/v2\/pages\/4506\/revisions\/4628"}],"wp:attachment":[{"href":"https:\/\/antaresvisiongroup.com\/beverage\/wp-json\/wp\/v2\/media?parent=4506"}],"curies":[{"name":"wp","href":"https:\/\/api.w.org\/{rel}","templated":true}]}}