{"id":4532,"date":"2025-12-09T14:09:16","date_gmt":"2025-12-09T13:09:16","guid":{"rendered":"https:\/\/antaresvisiongroup.com\/beverage\/?page_id=4532"},"modified":"2025-12-17T12:40:35","modified_gmt":"2025-12-17T11:40:35","slug":"inspeccion-de-etiquetas-en-la-industria-de-bebidas","status":"publish","type":"page","link":"https:\/\/antaresvisiongroup.com\/beverage\/es\/inspeccion-de-etiquetas-en-la-industria-de-bebidas\/","title":{"rendered":"Inspecci\u00f3n de etiquetas en la industria de bebidas"},"content":{"rendered":"\n<div class=\"kbreadcrumb\" id=\"k_year\">\n    <div class=\"pure-container\">\n        <div class=\"pure-g\">\n            <div class=\"pure-u-1-1\">\n                <div class=\"breadcrumbs\"><a href=\"https:\/\/antaresvisiongroup.com\/beverage\">Home<\/a> | <\/div>            <\/div>\n        <\/div>\n    <\/div>\n<\/div>\n\n<style>\n\n    .kbreadcrumb{max-width: 1330px; margin-right: auto; margin-left: auto; font-size: 14px; color: #222222; padding-top: 15px; padding-bottom: 15px;\n        font-family: 'Exo', sans-serif;}\n    .kbreadcrumb a{color: inherit; text-decoration: none;}\n\n    \/* mobile *\/\n    @media screen and (max-width: 767px) {\n        .kbreadcrumb{padding-right: 15px; padding-left: 15px;}\n    }\n\n    \/* ipad *\/\n    @media screen and (min-width: 768px) and  (max-width: 992px){\n        .kbreadcrumb{padding-right: 15px; padding-left: 15px;}\n    }\n\n    \/* ipad pro *\/\n    @media screen and (min-width: 992px) and  (max-width: 1200px){\n        .kbreadcrumb{padding-right: 15px; padding-left: 15px;}\n    }\n\n<\/style>\n\n\n<div class=\"pure-containerFluid kintro\">\n    <div class=\"pure-container\">\n        <div class=\"pure-g\">\n            <div class=\"pure-u-1-1 pure-u-md-16-24 kintro__col\">\n                <div class='kintro__top'>                    <a class=\"kintro__button\" href=\"https:\/\/antaresvisiongroup.com\/beverage\/es\/inspection\/products\/?f=800\" target=\"\">\n                        <div class=\"kbutton__buttonTitle\">Descubra nuestras soluciones<\/div>\n                        <svg id=\"Livello_button\" data-name=\"Livello 2\" xmlns=\"http:\/\/www.w3.org\/2000\/svg\" xmlns:xlink=\"http:\/\/www.w3.org\/1999\/xlink\" width=\"14\" height=\"14\" viewBox=\"0 0 14 14\">\n                            <defs>\n                                <style>\n                                    .kintro__button .cls-1{fill:none;}\n                                    .kintro__button .cls-2{clip-path:url(#clip-path-1)!important;}\n                                    .kintro__button .cls-3{clip-path:url(#clip-path-2-1)!important;}\n                                    .kintro__button .cls-4{clip-path:url(#clip-path-3-1)!important;}\n                                    .kintro__button .cls-5{fill: rgb(212,93,0)!important;}\n                                <\/style>\n                                <clipPath id=\"clip-path-1\">\n                                    <polygon class=\"cls-1\" points=\"2.099 12.999 1 11.9 10.344 2.557 1.824 2.557 1.824 1 13 1 13 12.176 11.443 12.176 11.443 3.656 2.099 12.999\"><\/polygon>\n                                <\/clipPath>\n                                <clipPath id=\"clip-path-2-1\">\n                                    <rect class=\"cls-1\" x=\"-1141\" y=\"-1543\" width=\"1680\" height=\"4770.9999\"><\/rect>\n                                <\/clipPath>\n                                <clipPath id=\"clip-path-3-1\">\n                                    <rect class=\"cls-1\" x=\"1\" y=\"1\" width=\"12\" height=\"12\"><\/rect>\n                                <\/clipPath>\n                            <\/defs>\n                            <title>k-arrow-blu<\/title>\n                            <g class=\"cls-2\"><g class=\"cls-3\"><g class=\"cls-4\"><g class=\"cls-4\"><rect class=\"cls-5\" width=\"14\" height=\"14\"><\/rect>\n                                            <rect class=\"cls-5\" width=\"14\" height=\"14\"><\/rect>\n                                        <\/g><\/g><\/g><\/g>\n                        <\/svg>\n                    <\/a>\n                <\/div><h1>Inspecci\u00f3n de etiquetas en la industria de bebidas<\/h1>            <\/div>\n        <\/div>\n    <\/div>\n<\/div>\n\n<style>\n\n    .kintro{}\n\n    .kintro{margin-top: 50px;}\n\n    .kintro__row{justify-content: center;}\n    .kintro__date{font-family: 'Exo', sans-serif;}\n    .kintro h1{color: rgb(212,93,0); border-top: 2px solid rgb(212,93,0); padding-top: 30px; margin-top: 10px;}\n    .kintro__thumb img{width: 100%; height: auto;}\n\n    .kintro__extraCont{display: flex; align-items: flex-end; margin-bottom: 20px; margin-top: 80px;}\n    .kintro__extraLineTitle{height: 2px; width: 50px; margin-bottom: 13px; margin-right: 30px;}\n    .kintro__extraCont h2 {font-size: 30px;margin-top: 0;margin-bottom: 0; text-transform: uppercase;}\n    .kintro a{color: rgb(212,93,0);}\n\n    .kintro__top{display: flex; justify-content: space-between; align-items: center; flex-wrap: wrap;}\n\n    \/* button *\/\n    .kintro__button{cursor: pointer; background-color: rgba(212,93,0, 0.08); ; margin-left: auto;\n        color: rgb(212,93,0); padding: 10px 15px; font-weight: 500; text-decoration: none;\n        display: flex; justify-content: space-between; min-width: 100px; width: auto;}\n    .kbutton__buttonTitle{border-bottom: 1px solid rgb(212,93,0); padding-bottom: 5px; text-transform: uppercase;}\n    .kintro__button svg{width: 16px; height: 16px; margin-top: 3px; margin-left: 15px;}\n\n    \/* new *\/\n    .kintro__col{margin-left: auto; margin-right: auto;}\n\n    \/* mobile *\/\n    @media screen and (max-width: 767px) {\n        .kintro__top{flex-direction: column; align-items: flex-start;}\n        .kintro__button{margin-top: 10px;}\n    }\n\n    \/* ipad *\/\n    @media screen and (min-width: 768px) and  (max-width: 992px){\n\n    }\n\n    \/* ipad pro *\/\n    @media screen and (min-width: 992px) and  (max-width: 1200px){\n\n    }\n\n\n<\/style>\n\n<script>\n    window.addEventListener('DOMContentLoaded', function() {\n        jQuery(function ($) {\n\n        });\n    });\n<\/script>\n\n    <div class=\"pure-containerFluid pureCol \">\n    <div class=\"pure-container\">         <div class=\"pure-row\">\n            <div class=\"pure-g\">\n                <div class=\"pure-u-1-1 pure-u-md-16-24 offset-md-1-6\">\n\n\n\n\n<style>\n\n    .formContacts input[type=\"submit\"]{ background-color: rgb(212,93,0); border: 0;\n    color: #ffffff; text-transform: uppercase; padding: 20px; font-size: 16px; font-family: 'Roboto', sans-serif;\n    min-width: 250px; font-weight: 600; cursor: pointer; margin-top: 30px;}\n    .pureCol a{color: rgb(212,93,0);}\n\n    \/* mobile *\/\n    @media screen and (max-width: 767px) {\n\n    }\n\n    \/* ipad *\/\n    @media screen and (min-width: 768px) and  (max-width: 992px){\n\n    }\n\n    \/* ipad pro *\/\n    @media screen and (min-width: 992px) and  (max-width: 1200px){\n\n    }\n\n<\/style>\n\n\n<p>En el competitivo sector de las bebidas de hoy en d\u00eda, cada producto que llega al consumidor debe reflejar una calidad impecable. Un punto de control cr\u00edtico es el proceso de <strong>inspecci\u00f3n de etiquetas<\/strong>: verificar que cada botella, lata o envase lleva la etiqueta correcta, aplicada con precisi\u00f3n y sin defectos. Dado que los fabricantes se esfuerzan por reducir al m\u00ednimo los residuos, cumplir la normativa y proteger la marca, Antares Vision Group, l\u00edder del sector, ha desarrollado sistemas avanzados que aportan precisi\u00f3n y eficacia a la inspecci\u00f3n de etiquetas en la producci\u00f3n de bebidas.<\/p>\n\n\n\n<hr class=\"wp-block-separator has-alpha-channel-opacity\" \/>\n\n\n\n<h2 class=\"wp-block-heading\"><strong>Por qu\u00e9 es vital la inspecci\u00f3n de etiquetas en las bebidas<\/strong><\/h2>\n\n\n\n<p>En la fabricaci\u00f3n de bebidas, la etiqueta es algo m\u00e1s que decoraci\u00f3n: es una herramienta de comunicaci\u00f3n (marca, nutrici\u00f3n, informaci\u00f3n reglamentaria), un rastreador de la trazabilidad y un componente del envase cuya aplicaci\u00f3n incorrecta o defectuosa puede dar lugar a costosos rechazos o retiradas. Una inspecci\u00f3n eficaz de las etiquetas ayuda a garantizar:<\/p>\n\n\n\n<ul class=\"wp-block-list\">\n<li><strong>Cumplimiento de la normativa<\/strong>: las etiquetas deben incluir la informaci\u00f3n y los c\u00f3digos correctos y aplicarse dentro de las tolerancias especificadas.<\/li>\n\n\n\n<li><strong>Integridad de la marca<\/strong> &#8211; Una etiqueta mal alineada, rasgada o incorrecta erosiona la confianza del consumidor y puede da\u00f1ar la reputaci\u00f3n de la marca.<\/li>\n\n\n\n<li><strong>Eficacia de la producci\u00f3n<\/strong>: la detecci\u00f3n precoz de envases etiquetados defectuosamente evita p\u00e9rdidas posteriores.<\/li>\n\n\n\n<li><strong>Flexibilidad<\/strong> &#8211; Dado que las empresas de bebidas manejan m\u00faltiples formatos y dise\u00f1os, un sistema robusto de inspecci\u00f3n de etiquetas se adapta a los cambios.<\/li>\n<\/ul>\n\n\n\n<hr class=\"wp-block-separator has-alpha-channel-opacity\" \/>\n\n\n\n<h2 class=\"wp-block-heading\"><strong>Qu\u00e9 dificulta la inspecci\u00f3n de etiquetas en las l\u00edneas de bebidas<\/strong><\/h2>\n\n\n\n<p>Implantar un sistema fiable de inspecci\u00f3n de etiquetas en un entorno de bebidas a alta velocidad implica superar varios retos clave:<\/p>\n\n\n\n<h3 class=\"wp-block-heading\"><strong>Diversos tipos de envases y producci\u00f3n flexible<\/strong><\/h3>\n\n\n\n<p>Los fabricantes de bebidas producen a menudo botellas o latas redondas, cuadradas u ovaladas con distintos tipos de etiquetas (delanteras, traseras, envolventes, de manguito y de cuello), a veces mezclando formas en una misma l\u00ednea. En estos casos, el sistema de inspecci\u00f3n de etiquetas debe adaptarse a los distintos productos y tipos de etiquetas.<\/p>\n\n\n\n<h3 class=\"wp-block-heading\"><strong>Detecci\u00f3n de defectos en aplicaciones complejas de etiquetas<\/strong><\/h3>\n\n\n\n<p>Las etiquetas pueden envolverse, asentarse en cuellos o tener elementos transparentes u opacos. Los defectos como la falta de piezas, la doble aplicaci\u00f3n, las etiquetas al rev\u00e9s, los pliegues, las arrugas, la rotaci\u00f3n o la desalineaci\u00f3n requieren una inspecci\u00f3n exhaustiva.<\/p>\n\n\n\n<p><strong>Alta velocidad de l\u00ednea y tiempos de inactividad m\u00ednimos<\/strong><\/p>\n\n\n\n<p>En las l\u00edneas de bebidas, la inspecci\u00f3n de etiquetas debe funcionar a plena velocidad de producci\u00f3n, gestionar cambios r\u00e1pidos de formato y requerir una intervenci\u00f3n m\u00ednima del operario. El sistema debe evitar falsos rechazos, ofrecer una configuraci\u00f3n r\u00e1pida e integrarse a la perfecci\u00f3n.<\/p>\n\n\n\n<h3 class=\"wp-block-heading\"><strong>Inspecci\u00f3n de c\u00f3digos<\/strong><\/h3>\n\n\n\n<p>IE6000 tambi\u00e9n incluye la inspecci\u00f3n de todo tipo de c\u00f3digos: c\u00f3digos 1D (Interleaved 2 de 5, EAN, UPC), c\u00f3digos 2D (Datamatrix, c\u00f3digo QR, PDF417) y c\u00f3digos alfanum\u00e9ricos. Para cada tipo, puede realizar tres niveles de verificaci\u00f3n:<\/p>\n\n\n\n<ol start=\"1\" class=\"wp-block-list\">\n<li><strong>Presencia:<\/strong> verifica que el c\u00f3digo ha sido impreso.<\/li>\n\n\n\n<li><strong>Integridad:<\/strong> comprueba que el c\u00f3digo est\u00e9 completo, sin analizar caracteres individuales.<\/li>\n\n\n\n<li><strong>OCR (reconocimiento \u00f3ptico de caracteres):<\/strong> lee e interpreta el texto impreso, compar\u00e1ndolo con el valor esperado.<\/li>\n<\/ol>\n\n\n\n<h3 class=\"wp-block-heading\"><strong>Integraci\u00f3n de datos y trazabilidad<\/strong><\/h3>\n\n\n\n<p>La producci\u00f3n moderna de bebidas exige no s\u00f3lo inspecci\u00f3n visual, sino tambi\u00e9n captura de datos, an\u00e1lisis y trazabilidad. Los sistemas de inspecci\u00f3n de etiquetas deben integrarse con los sistemas de control de l\u00ednea, almacenar im\u00e1genes y proporcionar an\u00e1lisis que sirvan de apoyo a los equipos de auditor\u00eda y calidad.<\/p>\n\n\n\n<hr class=\"wp-block-separator has-alpha-channel-opacity\" \/>\n\n\n\n<h2 class=\"wp-block-heading\"><strong>Soluciones: C\u00f3mo funcionan los sistemas avanzados de inspecci\u00f3n de etiquetas<\/strong><\/h2>\n\n\n\n<p>Para hacer frente a estos retos, el IE6000 de Antares Vision Group y los sistemas relacionados aportan varias tecnolog\u00edas y caracter\u00edsticas de dise\u00f1o adaptadas al mundo de las bebidas<\/p>\n\n\n\n<h3 class=\"wp-block-heading\"><strong>Inspecci\u00f3n 3D con IA para cualquier forma<\/strong><\/h3>\n\n\n\n<p>El IE6000 utiliza inteligencia artificial para detectar autom\u00e1ticamente la forma del contenedor y construir un modelo 3D para la inspecci\u00f3n.<br>Esto significa que, sea cual sea la forma del envase, el sistema compensa la curvatura de la superficie.<br>A continuaci\u00f3n, el sistema reconstruye y &#8220;desenvuelve&#8221; virtualmente la superficie de la etiqueta para su inspecci\u00f3n, lo que garantiza una inspecci\u00f3n fiable de las etiquetas en todas las formas y orientaciones.<\/p>\n\n\n\n<h3 class=\"wp-block-heading\"><strong>Sistema multic\u00e1mara para una cobertura total<\/strong><\/h3>\n\n\n\n<p>En funci\u00f3n de la geometr\u00eda del contenedor, el sistema utiliza cuatro o seis c\u00e1maras para captar desde m\u00faltiples \u00e1ngulos:<\/p>\n\n\n\n<ul class=\"wp-block-list\">\n<li>Para contenedores cil\u00edndricos: cuatro c\u00e1maras para una inspecci\u00f3n de 360\u00b0.<\/li>\n\n\n\n<li>Para envases no cil\u00edndricos u orientados: dos c\u00e1maras para la inspecci\u00f3n de etiquetas delantera\/trasera en el cuerpo + cuatro c\u00e1maras en las esquinas para la inspecci\u00f3n de etiquetas en el cuello.<br>Esta arquitectura de c\u00e1maras garantiza una comprobaci\u00f3n precisa de la integridad de las etiquetas, la lectura de c\u00f3digos y la alineaci\u00f3n del relieve.<\/li>\n<\/ul>\n\n\n\n<h3 class=\"wp-block-heading\"><strong>Amplio alcance de inspecci\u00f3n<\/strong><\/h3>\n\n\n\n<p>El sistema admite un conjunto completo de inspecciones:<\/p>\n\n\n\n<ul class=\"wp-block-list\">\n<li>Etiqueta presencia\/ausencia<\/li>\n\n\n\n<li>Posicionamiento (vertical, horizontal, rotaci\u00f3n)<\/li>\n\n\n\n<li>Calidad\/integridad de las etiquetas (arrugas, desgarros, doble aplicaci\u00f3n)<\/li>\n\n\n\n<li>Detecci\u00f3n y alineaci\u00f3n de relieves (mediante IA)<\/li>\n\n\n\n<li>Inspecci\u00f3n de c\u00f3digos (c\u00f3digos 1D\/2D, QR, OCR)<\/li>\n\n\n\n<li>Funciona con etiquetas de anverso, reverso, envolventes o fundas en superficies opacas o transparentes.<br>Esta amplitud permite a los fabricantes de bebidas cubrir los principales tipos de defectos de las etiquetas con un solo m\u00f3dulo de inspecci\u00f3n.<\/li>\n<\/ul>\n\n\n\n<h3 class=\"wp-block-heading\"><strong>Ocupa poco espacio y es muy flexible<\/strong><\/h3>\n\n\n\n<p>En la IE6000, la HMI y el PC de visi\u00f3n est\u00e1n integrados en el m\u00f3dulo de inspecci\u00f3n, formando un monobloque que ocupa un espacio m\u00ednimo.<br>Adem\u00e1s, admite configuraciones y cambios de formato r\u00e1pidos, lo que reduce la intervenci\u00f3n del operario y el tiempo de inactividad.<\/p>\n\n\n\n<h3 class=\"wp-block-heading\"><strong>C\u00f3mo funciona<\/strong><\/h3>\n\n\n\n<ul class=\"wp-block-list\">\n<li>El envase redondo no orientado entra en la c\u00e1mara de inspecci\u00f3n, que cuenta con un sistema de iluminaci\u00f3n difusa y protecci\u00f3n total contra la luz ambiental para garantizar una inspecci\u00f3n uniforme.<\/li>\n\n\n\n<li>Cuando el producto se encuentra en el centro de la c\u00e1mara, cuatro c\u00e1maras ubicadas en las cuatro esquinas adquieren las im\u00e1genes.<\/li>\n\n\n\n<li>El software, basado en IA, detecta autom\u00e1ticamente la botella y reconstruye el modelo 3D.<\/li>\n\n\n\n<li>Utilizando el motor 3D, el software desenrolla virtualmente la superficie de la botella sobre el plano, compensando autom\u00e1ticamente los cambios fisiol\u00f3gicos de la botella (peque\u00f1a inclinaci\u00f3n del cuello, peque\u00f1as variaciones de forma, etc.).<\/li>\n\n\n\n<li>El sistema analiza las etiquetas desenrolladas con la m\u00e1xima precisi\u00f3n; la inspecci\u00f3n incluye relieves, gr\u00e1ficos, integridad y correcta aplicaci\u00f3n de las etiquetas, as\u00ed como la lectura de c\u00f3digos alfanum\u00e9ricos, 1D y 2D.<\/li>\n<\/ul>\n\n\n\n<h2 class=\"wp-block-heading\"><strong>Una amplia gama de soluciones<\/strong><\/h2>\n\n\n\n<p><strong>IE6000<\/strong> es el sistema m\u00e1s avanzado y completo para la <a href=\"https:\/\/antaresvisiongroup.com\/beverage\/es\/products\/inspeccion-de-etiquetas-para-cualquier-tipo-de-contenedor-ie6000\/\">inspecci\u00f3n de etiquetas<\/a>.<br>La amplia cartera de AVG tambi\u00e9n incluye otras soluciones, cada una dise\u00f1ada para aplicaciones espec\u00edficas:<\/p>\n\n\n\n<p><strong>IE4000 Plus<br><\/strong>Inspecci\u00f3n asistida por IA de cualquier tipo de etiqueta (anverso\/reverso, envolvente, manga, cuello, opaca o parcialmente transparente) aplicada a envases redondos no orientados. <a href=\"https:\/\/antaresvisiongroup.com\/beverage\/es\/products\/inspeccion-completa-de-etiquetas-ie-4000\/\">M\u00e1s informaci\u00f3n<\/a><\/p>\n\n\n\n<p><strong>IE700<br><\/strong>Un sistema de inspecci\u00f3n de etiquetas para productos orientados, que proporciona una inspecci\u00f3n completa por delante y por detr\u00e1s. <a href=\"https:\/\/antaresvisiongroup.com\/beverage\/es\/products\/inspeccion-de-etiquetas-para-producto-orientado-ie-700\/\">M\u00e1s informaci\u00f3n<\/a><\/p>\n\n\n\n<p><strong>IC700<br><\/strong>Un sistema de inspecci\u00f3n de c\u00f3digos que ofrece una verificaci\u00f3n completa de todos los c\u00f3digos. Garantiza el cumplimiento total y la lectura precisa de c\u00f3digos 2D (c\u00f3digo de barras, Datamatrix, c\u00f3digo QR, etc.) e informaci\u00f3n alfanum\u00e9rica (n\u00famero de lote, fecha de caducidad, etc.) impresos en el cuerpo del envase, el tap\u00f3n o la etiqueta mediante sistemas de visi\u00f3n. <a href=\"https:\/\/antaresvisiongroup.com\/beverage\/es\/products\/inspeccion-de-codigo-ic-700\/\">M\u00e1s informaci\u00f3n<\/a><\/p>\n\n\n\n<hr class=\"wp-block-separator has-alpha-channel-opacity\" \/>\n\n\n\n<h2 class=\"wp-block-heading\"><strong>Ventajas: Qu\u00e9 ganan los fabricantes de bebidas con una inspecci\u00f3n robusta de las etiquetas<\/strong><\/h2>\n\n\n\n<p>Invertir en inspecci\u00f3n avanzada de etiquetas aporta ventajas operativas y de calidad cuantificables:<\/p>\n\n\n\n<ul class=\"wp-block-list\">\n<li><strong>Mejora la precisi\u00f3n de la etiqueta y la presentaci\u00f3n del producto<\/strong>: Garantiza que cada producto lleve la etiqueta correcta y correctamente aplicada, mejorando la percepci\u00f3n de la marca.<\/li>\n\n\n\n<li><strong>Reducci\u00f3n de residuos y rechazos<\/strong>: Los envases etiquetados defectuosos se identifican antes de su envasado o env\u00edo, lo que ahorra costes de reelaboraci\u00f3n o eliminaci\u00f3n.<\/li>\n\n\n\n<li><strong>Mayor tiempo productivo<\/strong>: Con menos fallos en las etiquetas, menos paradas de la l\u00ednea y menos intervenci\u00f3n manual, mejora la eficiencia general de los equipos (OEE).<\/li>\n\n\n\n<li><strong>Compatibilidad con m\u00faltiples formatos<\/strong>: La inspecci\u00f3n flexible permite a los fabricantes de bebidas adaptarse r\u00e1pidamente a nuevos envases o etiquetas sin necesidad de sistemas independientes.<\/li>\n\n\n\n<li><strong>Mejora de la trazabilidad y el control de calidad<\/strong>: Con almacenamiento de im\u00e1genes, an\u00e1lisis y registros de datos, los equipos de calidad obtienen informaci\u00f3n sobre defectos, tendencias y eliminaci\u00f3n de causas ra\u00edz.<\/li>\n\n\n\n<li><strong>Protecci\u00f3n de la marca y cumplimiento de la normativa<\/strong>: Al garantizar la integridad de las etiquetas y la legibilidad de los c\u00f3digos, el sistema ayuda a mantener el cumplimiento de la normativa y evita reclamaciones en el mercado o botellas sin vender.<\/li>\n<\/ul>\n\n\n\n<hr class=\"wp-block-separator has-alpha-channel-opacity\" \/>\n\n\n\n<h2 class=\"wp-block-heading\"><strong>FAQ<\/strong> &#8211; Inspecci\u00f3n de etiquetas<\/h2>\n\n\n\n<h3 class=\"wp-block-heading\"><strong>\u00bfQu\u00e9 es la inspecci\u00f3n de etiquetas y por qu\u00e9 es fundamental en la industria de bebidas?<\/strong><\/h3>\n\n\n\n<p>La inspecci\u00f3n de etiquetas hace referencia a la verificaci\u00f3n automatizada de las etiquetas de los envases de bebidas para garantizar la presencia, la posici\u00f3n correcta, la integridad y la legibilidad de los c\u00f3digos. En el sector de las bebidas, evita que las etiquetas defectuosas provoquen la insatisfacci\u00f3n del consumidor, el incumplimiento de la normativa o da\u00f1os a la marca.<\/p>\n\n\n\n<h3 class=\"wp-block-heading\"><strong>\u00bfC\u00f3mo gestiona un sistema de inspecci\u00f3n de etiquetas envases de diferentes formas y orientaciones?<\/strong><\/h3>\n\n\n\n<p>Los sistemas modernos como el IE6000 utilizan IA para detectar la forma del envase y construir un modelo 3D. Los sistemas multic\u00e1mara (4 o 6 c\u00e1maras) capturan im\u00e1genes en varios \u00e1ngulos y, a continuaci\u00f3n, reconstruyen y &#8220;desenvuelven&#8221; virtualmente la superficie de la etiqueta para su inspecci\u00f3n, lo que garantiza una verificaci\u00f3n fiable de las etiquetas en todas las formas y orientaciones.<\/p>\n\n\n\n<h3 class=\"wp-block-heading\"><strong>\u00bfQu\u00e9 tipos de defectos en las etiquetas puede detectar la inspecci\u00f3n?<\/strong><\/h3>\n\n\n\n<p>La m\u00e1quina inspecciona: falta de etiqueta, etiqueta mal aplicada (desalineaci\u00f3n vertical\/horizontal, rotaci\u00f3n), etiqueta al rev\u00e9s, doble aplicaci\u00f3n, problemas de calidad de la etiqueta (pliegues, arrugas, rasgaduras, partes que faltan), relieve mal alineado, c\u00f3digos ilegibles o que faltan (1D\/2D) y colocaci\u00f3n incorrecta.<\/p>\n\n\n\n<h3 class=\"wp-block-heading\"><strong>\u00bfPueden los sistemas de inspecci\u00f3n de etiquetas integrarse en las l\u00edneas de bebidas existentes sin grandes trastornos?<\/strong><\/h3>\n\n\n\n<p>S\u00ed. El sistema descrito es compacto (ocupa poco espacio) y admite cambios r\u00e1pidos de formato, lo que reduce la intervenci\u00f3n del operario y los tiempos de inactividad. La integraci\u00f3n puede ser en l\u00ednea o aut\u00f3noma, en funci\u00f3n de la disposici\u00f3n de la producci\u00f3n.<\/p>\n\n\n\n<h3 class=\"wp-block-heading\"><strong>\u00bfQu\u00e9 ventajas mensurables ofrece la inspecci\u00f3n robusta de etiquetas a los fabricantes de bebidas?<\/strong><\/h3>\n\n\n\n<p>Entre las ventajas se incluyen: reducci\u00f3n de rechazos y repeticiones, mejora de la calidad de la marca, cambios de formato m\u00e1s r\u00e1pidos, mejora de la calidad basada en datos, mejora del cumplimiento, aumento del tiempo de actividad de la l\u00ednea y prevenci\u00f3n de reclamaciones del mercado.<\/p>\n\n\n\n<h3 class=\"wp-block-heading\"><strong>\u00bfPor qu\u00e9 destaca la soluci\u00f3n de inspecci\u00f3n de etiquetas de Antares Vision Group?<\/strong><\/h3>\n\n\n\n<p>Su soluci\u00f3n IE6000 ofrece una combinaci\u00f3n de modelado 3D basado en inteligencia artificial, inspecci\u00f3n multic\u00e1mara para cualquier forma de envase, cobertura total de defectos de etiquetas y c\u00f3digos, dise\u00f1o compacto y m\u00ednima intervenci\u00f3n del operario. Esto la hace especialmente adecuada para el sector de las bebidas, con su mezcla de formatos y alto rendimiento.<\/p>\n\n\n\n<hr class=\"wp-block-separator has-alpha-channel-opacity\" \/>\n\n\n\n<h2 class=\"wp-block-heading\"><strong>Conclusi\u00f3n<\/strong><\/h2>\n\n\n\n<p>Para los fabricantes de bebidas comprometidos con la excelencia, <strong>la inspecci\u00f3n<\/strong> eficaz <strong>de etiquetas<\/strong> es m\u00e1s que un accesorio de calidad: es una necesidad estrat\u00e9gica. Al verificar que cada envase lleva la etiqueta correcta, correctamente aplicada y conforme al c\u00f3digo, usted protege su marca, reduce los residuos y agiliza la producci\u00f3n. Con Antares Vision Group como l\u00edder del mercado en soluciones de inspecci\u00f3n para el sector de las bebidas, tendr\u00e1 acceso a sistemas de \u00faltima generaci\u00f3n, como el IE6000, que ofrecen precisi\u00f3n, flexibilidad y conocimientos basados en datos. Si est\u00e1 preparado para mejorar la calidad de sus etiquetas y optimizar el rendimiento de su l\u00ednea, p\u00f3ngase en contacto con Antares Vision Group hoy mismo y descubra c\u00f3mo la inspecci\u00f3n avanzada de etiquetas puede convertirse en una ventaja competitiva.<\/p>\n\n\n\n<hr class=\"wp-block-separator has-alpha-channel-opacity\" \/>\n\n\n\n<p><a id=\"_msocom_1\"><\/a><a id=\"_msocom_4\"><\/a><\/p>\n\n\n\n                <\/div>\n            <\/div>\n        <\/div>\n     <\/div> <\/div>\n\n<style>\n\n    \/* mobile *\/\n    @media screen and (max-width: 767px) {\n\n    }\n\n    \/* ipad *\/\n    @media screen and (min-width: 768px) and  (max-width: 992px){\n\n    }\n\n    \/* ipad pro *\/\n    @media screen and (min-width: 992px) and  (max-width: 1200px){\n\n    }\n\n<\/style>","protected":false},"excerpt":{"rendered":"<p>En el competitivo sector de las bebidas de hoy en d\u00eda, cada producto que llega&#8230;<\/p>\n","protected":false},"author":6,"featured_media":0,"parent":0,"menu_order":0,"comment_status":"closed","ping_status":"closed","template":"","meta":{"_acf_changed":false,"footnotes":""},"class_list":["post-4532","page","type-page","status-publish","hentry"],"acf":[],"lang":"es","translations":{"es":4532,"en":4509,"it":4536,"fr":4540,"pt":4658},"pll_sync_post":[],"_links":{"self":[{"href":"https:\/\/antaresvisiongroup.com\/beverage\/wp-json\/wp\/v2\/pages\/4532","targetHints":{"allow":["GET"]}}],"collection":[{"href":"https:\/\/antaresvisiongroup.com\/beverage\/wp-json\/wp\/v2\/pages"}],"about":[{"href":"https:\/\/antaresvisiongroup.com\/beverage\/wp-json\/wp\/v2\/types\/page"}],"author":[{"embeddable":true,"href":"https:\/\/antaresvisiongroup.com\/beverage\/wp-json\/wp\/v2\/users\/6"}],"replies":[{"embeddable":true,"href":"https:\/\/antaresvisiongroup.com\/beverage\/wp-json\/wp\/v2\/comments?post=4532"}],"version-history":[{"count":3,"href":"https:\/\/antaresvisiongroup.com\/beverage\/wp-json\/wp\/v2\/pages\/4532\/revisions"}],"predecessor-version":[{"id":4634,"href":"https:\/\/antaresvisiongroup.com\/beverage\/wp-json\/wp\/v2\/pages\/4532\/revisions\/4634"}],"wp:attachment":[{"href":"https:\/\/antaresvisiongroup.com\/beverage\/wp-json\/wp\/v2\/media?parent=4532"}],"curies":[{"name":"wp","href":"https:\/\/api.w.org\/{rel}","templated":true}]}}