{"id":4574,"date":"2025-12-09T14:53:48","date_gmt":"2025-12-09T13:53:48","guid":{"rendered":"https:\/\/antaresvisiongroup.com\/beverage\/?page_id=4574"},"modified":"2025-12-17T12:36:21","modified_gmt":"2025-12-17T11:36:21","slug":"inspeccion-del-cierre-de-botellas-en-el-sector-de-las-bebidas","status":"publish","type":"page","link":"https:\/\/antaresvisiongroup.com\/beverage\/es\/inspeccion-del-cierre-de-botellas-en-el-sector-de-las-bebidas\/","title":{"rendered":"Inspecci\u00f3n del cierre de botellas en el sector de las bebidas"},"content":{"rendered":"\n<div class=\"kbreadcrumb\" id=\"k_year\">\n    <div class=\"pure-container\">\n        <div class=\"pure-g\">\n            <div class=\"pure-u-1-1\">\n                <div class=\"breadcrumbs\"><a href=\"https:\/\/antaresvisiongroup.com\/beverage\">Home<\/a> | <\/div>            <\/div>\n        <\/div>\n    <\/div>\n<\/div>\n\n<style>\n\n    .kbreadcrumb{max-width: 1330px; margin-right: auto; margin-left: auto; font-size: 14px; color: #222222; padding-top: 15px; padding-bottom: 15px;\n        font-family: 'Exo', sans-serif;}\n    .kbreadcrumb a{color: inherit; text-decoration: none;}\n\n    \/* mobile *\/\n    @media screen and (max-width: 767px) {\n        .kbreadcrumb{padding-right: 15px; padding-left: 15px;}\n    }\n\n    \/* ipad *\/\n    @media screen and (min-width: 768px) and  (max-width: 992px){\n        .kbreadcrumb{padding-right: 15px; padding-left: 15px;}\n    }\n\n    \/* ipad pro *\/\n    @media screen and (min-width: 992px) and  (max-width: 1200px){\n        .kbreadcrumb{padding-right: 15px; padding-left: 15px;}\n    }\n\n<\/style>\n\n\n<div class=\"pure-containerFluid kintro\">\n    <div class=\"pure-container\">\n        <div class=\"pure-g\">\n            <div class=\"pure-u-1-1 pure-u-md-16-24 kintro__col\">\n                <div class='kintro__top'>                    <a class=\"kintro__button\" href=\"https:\/\/antaresvisiongroup.com\/beverage\/es\/inspection\/products\/?f=798\" target=\"\">\n                        <div class=\"kbutton__buttonTitle\">Descubra nuestras soluciones<\/div>\n                        <svg id=\"Livello_button\" data-name=\"Livello 2\" xmlns=\"http:\/\/www.w3.org\/2000\/svg\" xmlns:xlink=\"http:\/\/www.w3.org\/1999\/xlink\" width=\"14\" height=\"14\" viewBox=\"0 0 14 14\">\n                            <defs>\n                                <style>\n                                    .kintro__button .cls-1{fill:none;}\n                                    .kintro__button .cls-2{clip-path:url(#clip-path-1)!important;}\n                                    .kintro__button .cls-3{clip-path:url(#clip-path-2-1)!important;}\n                                    .kintro__button .cls-4{clip-path:url(#clip-path-3-1)!important;}\n                                    .kintro__button .cls-5{fill: rgb(212,93,0)!important;}\n                                <\/style>\n                                <clipPath id=\"clip-path-1\">\n                                    <polygon class=\"cls-1\" points=\"2.099 12.999 1 11.9 10.344 2.557 1.824 2.557 1.824 1 13 1 13 12.176 11.443 12.176 11.443 3.656 2.099 12.999\"><\/polygon>\n                                <\/clipPath>\n                                <clipPath id=\"clip-path-2-1\">\n                                    <rect class=\"cls-1\" x=\"-1141\" y=\"-1543\" width=\"1680\" height=\"4770.9999\"><\/rect>\n                                <\/clipPath>\n                                <clipPath id=\"clip-path-3-1\">\n                                    <rect class=\"cls-1\" x=\"1\" y=\"1\" width=\"12\" height=\"12\"><\/rect>\n                                <\/clipPath>\n                            <\/defs>\n                            <title>k-arrow-blu<\/title>\n                            <g class=\"cls-2\"><g class=\"cls-3\"><g class=\"cls-4\"><g class=\"cls-4\"><rect class=\"cls-5\" width=\"14\" height=\"14\"><\/rect>\n                                            <rect class=\"cls-5\" width=\"14\" height=\"14\"><\/rect>\n                                        <\/g><\/g><\/g><\/g>\n                        <\/svg>\n                    <\/a>\n                <\/div><h1>Inspecci\u00f3n del cierre de botellas en el sector de las bebidas<\/h1>            <\/div>\n        <\/div>\n    <\/div>\n<\/div>\n\n<style>\n\n    .kintro{}\n\n    .kintro{margin-top: 50px;}\n\n    .kintro__row{justify-content: center;}\n    .kintro__date{font-family: 'Exo', sans-serif;}\n    .kintro h1{color: rgb(212,93,0); border-top: 2px solid rgb(212,93,0); padding-top: 30px; margin-top: 10px;}\n    .kintro__thumb img{width: 100%; height: auto;}\n\n    .kintro__extraCont{display: flex; align-items: flex-end; margin-bottom: 20px; margin-top: 80px;}\n    .kintro__extraLineTitle{height: 2px; width: 50px; margin-bottom: 13px; margin-right: 30px;}\n    .kintro__extraCont h2 {font-size: 30px;margin-top: 0;margin-bottom: 0; text-transform: uppercase;}\n    .kintro a{color: rgb(212,93,0);}\n\n    .kintro__top{display: flex; justify-content: space-between; align-items: center; flex-wrap: wrap;}\n\n    \/* button *\/\n    .kintro__button{cursor: pointer; background-color: rgba(212,93,0, 0.08); ; margin-left: auto;\n        color: rgb(212,93,0); padding: 10px 15px; font-weight: 500; text-decoration: none;\n        display: flex; justify-content: space-between; min-width: 100px; width: auto;}\n    .kbutton__buttonTitle{border-bottom: 1px solid rgb(212,93,0); padding-bottom: 5px; text-transform: uppercase;}\n    .kintro__button svg{width: 16px; height: 16px; margin-top: 3px; margin-left: 15px;}\n\n    \/* new *\/\n    .kintro__col{margin-left: auto; margin-right: auto;}\n\n    \/* mobile *\/\n    @media screen and (max-width: 767px) {\n        .kintro__top{flex-direction: column; align-items: flex-start;}\n        .kintro__button{margin-top: 10px;}\n    }\n\n    \/* ipad *\/\n    @media screen and (min-width: 768px) and  (max-width: 992px){\n\n    }\n\n    \/* ipad pro *\/\n    @media screen and (min-width: 992px) and  (max-width: 1200px){\n\n    }\n\n\n<\/style>\n\n<script>\n    window.addEventListener('DOMContentLoaded', function() {\n        jQuery(function ($) {\n\n        });\n    });\n<\/script>\n\n    <div class=\"pure-containerFluid pureCol \">\n    <div class=\"pure-container\">         <div class=\"pure-row\">\n            <div class=\"pure-g\">\n                <div class=\"pure-u-1-1 pure-u-md-16-24 offset-md-1-6\">\n\n\n\n\n<style>\n\n    .formContacts input[type=\"submit\"]{ background-color: rgb(212,93,0); border: 0;\n    color: #ffffff; text-transform: uppercase; padding: 20px; font-size: 16px; font-family: 'Roboto', sans-serif;\n    min-width: 250px; font-weight: 600; cursor: pointer; margin-top: 30px;}\n    .pureCol a{color: rgb(212,93,0);}\n\n    \/* mobile *\/\n    @media screen and (max-width: 767px) {\n\n    }\n\n    \/* ipad *\/\n    @media screen and (min-width: 768px) and  (max-width: 992px){\n\n    }\n\n    \/* ipad pro *\/\n    @media screen and (min-width: 992px) and  (max-width: 1200px){\n\n    }\n\n<\/style>\n\n\n<p>En la industria de las bebidas, es innegociable garantizar que todas las botellas salgan correctamente cerradas de la l\u00ednea de producci\u00f3n. El proceso de <strong><a href=\"https:\/\/antaresvisiongroup.com\/beverage\/es\/inspection\/products\/?f=798\">inspecci\u00f3n<\/a> del cierre de los tapones de las<\/strong> botellas desempe\u00f1a un papel fundamental en la preservaci\u00f3n de la integridad del producto, la reputaci\u00f3n de la marca y el cumplimiento de la normativa. Antares Vision Group lidera este campo tecnol\u00f3gico con su avanzado sistema de inspecci\u00f3n de tapones dise\u00f1ado espec\u00edficamente para aplicaciones de bebidas.<\/p>\n\n\n\n<hr class=\"wp-block-separator has-alpha-channel-opacity\" \/>\n\n\n\n<h2 class=\"wp-block-heading\"><strong>Contexto de la inspecci\u00f3n de tapones de botellas<\/strong><\/h2>\n\n\n\n<p>En las modernas operaciones de embotellado, la necesidad de una inspecci\u00f3n precisa y fiable de los sistemas de cierre nunca ha sido mayor. Los productores de bebidas se enfrentan a exigencias cada vez mayores, desde las expectativas de calidad de los consumidores hasta las normas reglamentarias y el riesgo de costosas retiradas de productos. El proceso de <strong>inspecci\u00f3n de tapones de botellas<\/strong> garantiza que los tapones est\u00e1n presentes, correctamente sellados, son seguros y cumplen las especificaciones de la marca.<\/p>\n\n\n\n<p>Entre los elementos clave del contexto figuran:<\/p>\n\n\n\n<ul class=\"wp-block-list\">\n<li>Gran variedad de tipos de tap\u00f3n (plano, con anclaje, sport-cap, corcho, ROPP) y formatos de envase (vidrio, PET, HDPE). <\/li>\n\n\n\n<li>Altas velocidades y vol\u00famenes en las l\u00edneas de bebidas, lo que crea un margen de error m\u00ednimo.<\/li>\n\n\n\n<li>El papel fundamental que desempe\u00f1an los elementos de prueba de manipulaci\u00f3n (por ejemplo, anillo de seguridad, precinto) en el mantenimiento de la seguridad y la conformidad reglamentaria. <\/li>\n\n\n\n<li>Entornos de producci\u00f3n conectados (Industria 4.0) en los que se requiere cada vez m\u00e1s el registro de datos y producci\u00f3n.<\/li>\n\n\n\n<li>Una supervisi\u00f3n continua del rendimiento del equipo de la taponadora, para mejorar una optimizaci\u00f3n de la OEE (Overall Equipment Effectiveness) basada en datos.<\/li>\n<\/ul>\n\n\n\n<p>En resumen: si un tap\u00f3n no funciona como es debido -o falta o es defectuoso-, puede surgir un riesgo latente para la log\u00edstica, la marca o la seguridad del consumidor. Por eso, <strong>la inspecci\u00f3n del tap\u00f3n<\/strong> es un elemento est\u00e1ndar de las l\u00edneas de embotellado automatizadas.<\/p>\n\n\n\n<hr class=\"wp-block-separator has-alpha-channel-opacity\" \/>\n\n\n\n<h2 class=\"wp-block-heading\"><strong>Inspecci\u00f3n fiable del cierre de botellas<\/strong><\/h2>\n\n\n\n<p>Llevar a cabo una inspecci\u00f3n eficaz de los tapones no est\u00e1 exento de obst\u00e1culos. Los fabricantes de bebidas que no abordan estos retos pueden enfrentarse a un mayor tiempo de inactividad, desperdicio de productos, da\u00f1os a la marca y problemas de cumplimiento.<\/p>\n\n\n\n<h3 class=\"wp-block-heading\"><strong>Retos comunes<\/strong><\/h3>\n\n\n\n<ul class=\"wp-block-list\">\n<li><strong>Variedad de tipos de tapones y cierres<\/strong>: Tapones planos, tapones corona, tapones de rosca, tapones deportivos, tapones con anilla, tapones seta, tapones ROPP: tapones muy diferentes, con comportamientos y par\u00e1metros de inspecci\u00f3n distintos. <\/li>\n\n\n\n<li><strong>Defectos dif\u00edciles de detectar<\/strong>: Presencia del tap\u00f3n, colocaci\u00f3n correcta, falta del precinto, anillo de seguridad roto, mala alineaci\u00f3n&#8230; todo ello mientras las botellas pueden estar movi\u00e9ndose a gran velocidad o contener condensaci\u00f3n, gotas de agua o espuma. <\/li>\n\n\n\n<li><strong>Integraci\u00f3n en l\u00edneas de producci\u00f3n r\u00e1pidas<\/strong>: Las inspecciones deben seguir el ritmo del embotellado a alta velocidad, con un impacto m\u00ednimo en el rendimiento y las paradas de la l\u00ednea.<\/li>\n\n\n\n<li><strong>Gesti\u00f3n y registro de datos<\/strong>: Los sistemas modernos deben capturar registros de producci\u00f3n, im\u00e1genes de defectos y alimentar un sistema de calidad m\u00e1s amplio o una infraestructura de industria 4.0. <\/li>\n\n\n\n<li><strong>Limitaciones de espacio<\/strong>: Muchas l\u00edneas tienen un espacio limitado, por lo que las soluciones deben ser compactas, configurables y, a veces, modulares. <\/li>\n<\/ul>\n\n\n\n<p>Debido a estas complejidades, confiar simplemente en comprobaciones manuales o sistemas de visi\u00f3n b\u00e1sicos a menudo se quedar\u00e1 corto. Para reducir los riesgos y mantener la eficacia de las operaciones, es esencial contar con una soluci\u00f3n automatizada robusta para la <strong>inspecci\u00f3n de tapones de botellas<\/strong>.<\/p>\n\n\n\n<hr class=\"wp-block-separator has-alpha-channel-opacity\" \/>\n\n\n\n<h2 class=\"wp-block-heading\"><strong>Soluciones y mejores pr\u00e1cticas para la inspecci\u00f3n de cierres de botellas<\/strong><\/h2>\n\n\n\n<p>Para hacer frente a estos retos, los fabricantes de bebidas est\u00e1n recurriendo a soluciones de inspecci\u00f3n avanzadas -como las que ofrece Antares Vision Group- y adoptando las mejores pr\u00e1cticas para garantizar una <a href=\"https:\/\/antaresvisiongroup.com\/beverage\/es\/products\/inspeccion-de-tapones-it-700\/\">inspecci\u00f3n fiable del cierre.<\/a><\/p>\n\n\n\n<h3 class=\"wp-block-heading\"><strong>Sistemas de inspecci\u00f3n automatizados<\/strong><\/h3>\n\n\n\n<p>Un ejemplo destacado son los sistemas de Antares Vision Group:<\/p>\n\n\n\n<ul class=\"wp-block-list\">\n<li>El sistema inspecciona la presencia del tap\u00f3n, la integridad del tap\u00f3n, su posici\u00f3n, el estado del anillo de seguridad y la falta del precinto, entre otros indicadores. <\/li>\n\n\n\n<li>Utiliza sistemas de visi\u00f3n configurables (de 2 a 5 c\u00e1maras, inspecci\u00f3n de marca incluida) para obtener niveles de precisi\u00f3n cada vez mayores en las inspecciones m\u00e1s exigentes. <\/li>\n\n\n\n<li>Otras funciones, como la compensaci\u00f3n de gotas de agua, aumentan la fiabilidad.<\/li>\n\n\n\n<li>La captura de im\u00e1genes para los registros de producci\u00f3n aumenta la seguridad y constituye un dato valioso, especialmente en caso de reclamaciones en el mercado<\/li>\n\n\n\n<li>El m\u00f3dulo &#8220;Inspecci\u00f3n de tapones + Inspecci\u00f3n del nivel de llenado&#8221; integra tanto la inspecci\u00f3n de tapones como la supervisi\u00f3n del nivel de llenado, ofreciendo un tama\u00f1o compacto y un panel de <a href=\"https:\/\/antaresvisiongroup.com\/beverage\/es\/products\/inspeccion-de-tapon-control-de-nivel-de-llenado\/\">control unificado<\/a>.<\/li>\n<\/ul>\n\n\n\n<h3 class=\"wp-block-heading\"><strong>C\u00f3mo funciona<\/strong><\/h3>\n\n\n\n<ul class=\"wp-block-list\">\n<li>El control de tapones se basa en tecnolog\u00eda de sensores o sistemas de c\u00e1maras.<\/li>\n\n\n\n<li>Los sensores pueden integrarse en m\u00faltiples configuraciones, optimizadas para detectar diferentes tipos de defectos y garantizar distintos niveles de conformidad del cierre.<\/li>\n\n\n\n<li>Por ejemplo, un sensor en la parte superior de la botella puede detectar la ausencia del tap\u00f3n. Una cortina \u00f3ptica a la altura del tap\u00f3n detecta anomal\u00edas verticales, como tapones altos o inclinados.<\/li>\n\n\n\n<li>Por otro lado, un sistema de c\u00e1maras con retroiluminaci\u00f3n crea una silueta bien definida, que puede inspeccionarse para detectar otros tipos de defectos, como la falta de una rosca, una banda de seguridad rota o un corcho da\u00f1ado o demasiado insertado.<\/li>\n<\/ul>\n\n\n\n<h3 class=\"wp-block-heading\"><strong>Aplicaci\u00f3n<\/strong><\/h3>\n\n\n\n<ul class=\"wp-block-list\">\n<li>Refrescos, agua, zumos, vino y licores, cerveza, leche<\/li>\n\n\n\n<li>Aceite comestible<\/li>\n\n\n\n<li>Alimentos l\u00edquidos<\/li>\n\n\n\n<li>Nutritivo<\/li>\n<\/ul>\n\n\n\n<h3 class=\"wp-block-heading\"><strong>Recomendaciones de buenas pr\u00e1cticas<\/strong><\/h3>\n\n\n\n<ul class=\"wp-block-list\">\n<li><strong>Definir claramente los criterios de inspecci\u00f3n<\/strong>: \u00bfQu\u00e9 tipos de tapas? \u00bfQu\u00e9 defectos? \u00bfQu\u00e9 umbral de aceptaci\u00f3n frente al de rechazo?<\/li>\n\n\n\n<li><strong>Normalizar la inspecci\u00f3n en todas las l\u00edneas<\/strong>: Utilice definiciones de defectos y protocolos de captura de datos coherentes.<\/li>\n\n\n\n<li><strong>Integrarse con los sistemas de control y datos de la l\u00ednea<\/strong>: Aseg\u00farese de que el sistema de inspecci\u00f3n se integra en el sistema de gesti\u00f3n de la calidad o MES m\u00e1s amplio para los registros y an\u00e1lisis de la producci\u00f3n.<\/li>\n\n\n\n<li><strong>Supervise el rendimiento y reduzca los \u00edndices de rechazo<\/strong>: Utilice los datos de los sistemas de inspecci\u00f3n para identificar desviaciones (por ejemplo, un tap\u00f3n mal aplicado de forma recurrente) e intervenir en fases anteriores (por ejemplo, ajustar el alimentador de tapones o el par de apriete) con una intervenci\u00f3n espec\u00edfica.<\/li>\n\n\n\n<li><strong>Garantice un mantenimiento y calibraci\u00f3n peri\u00f3dicos<\/strong>: Las c\u00e1maras, la iluminaci\u00f3n y los sensores deben alinearse y limpiarse correctamente, especialmente en las l\u00edneas de bebidas donde puede producirse condensaci\u00f3n o vaho.<\/li>\n\n\n\n<li><strong>Forme a los operarios sobre las alertas del sistema de inspecci\u00f3n<\/strong>: Cuando se detecta un fallo, la respuesta r\u00e1pida y precisa reduce al m\u00ednimo el tiempo de inactividad.<\/li>\n<\/ul>\n\n\n\n<p>Al implantar un sistema de inspecci\u00f3n automatizado y exhaustivo y seguir pr\u00e1cticas disciplinadas, los fabricantes de bebidas pueden adecuar el proceso <strong>de inspecci\u00f3n del tap\u00f3n de las botellas<\/strong> a las exigencias modernas de velocidad, calidad y normativa.<\/p>\n\n\n\n<hr class=\"wp-block-separator has-alpha-channel-opacity\" \/>\n\n\n\n<h2 class=\"wp-block-heading\"><strong>Ventajas de una inspecci\u00f3n eficaz de los cierres de botellas<\/strong><\/h2>\n\n\n\n<p>Cuando se aplica correctamente, <strong>la inspecci\u00f3n de los tapones de<\/strong> las botellas ofrece ventajas comerciales y operativas tangibles a los fabricantes de bebidas.<\/p>\n\n\n\n<h3 class=\"wp-block-heading\"><strong>Principales ventajas<\/strong><\/h3>\n\n\n\n<ul class=\"wp-block-list\">\n<li><strong>Reducci\u00f3n de las retiradas de productos y reclamaciones del mercado<\/strong>: Al detectar los defectos de los tapones antes de su distribuci\u00f3n, las marcas se protegen de las reclamaciones de los consumidores y de los problemas de responsabilidad.<\/li>\n\n\n\n<li><strong>Mejora del tiempo de actividad y la eficiencia de la l\u00ednea<\/strong>: La detecci\u00f3n precoz de problemas evita atascos, errores de alimentaci\u00f3n y fallos de la taponadora, lo que se traduce en una producci\u00f3n m\u00e1s fluida y menos residuos.<\/li>\n\n\n\n<li><strong>Mayor integridad y seguridad del producto<\/strong>: Garantiza que las pruebas de manipulaci\u00f3n est\u00e9n intactas, que haya anillos de seguridad y que los cierres se apliquen correctamente.<\/li>\n\n\n\n<li><strong>Protecci\u00f3n de la reputaci\u00f3n de la marca<\/strong>: Un tap\u00f3n mal colocado o ausente mina la confianza del consumidor; la inspecci\u00f3n sistem\u00e1tica del cierre genera confianza.<\/li>\n\n\n\n<li><strong>Registros de calidad y producci\u00f3n basados en datos<\/strong>: Los sistemas avanzados proporcionan im\u00e1genes, registros de inspecciones y an\u00e1lisis que respaldan la mejora continua y los informes de conformidad.<\/li>\n\n\n\n<li><strong>Ahorro de costes<\/strong>: Con menos rechazos, menos residuos y menos tiempo de inactividad, el retorno de la inversi\u00f3n de un sistema de inspecci\u00f3n fiable puede ser significativo.<\/li>\n<\/ul>\n\n\n\n<p>En resumen: un r\u00e9gimen de inspecci\u00f3n de cierres bien ejecutado se convierte en un activo estrat\u00e9gico, no s\u00f3lo en un paso de control de calidad.<\/p>\n\n\n\n<hr class=\"wp-block-separator has-alpha-channel-opacity\" \/>\n\n\n\n<h2 class=\"wp-block-heading\"><strong>FAQ<\/strong> &#8211; Inspecci\u00f3n de botellas y tapones<\/h2>\n\n\n\n<h3 class=\"wp-block-heading\"><strong>\u00bfQu\u00e9 es la inspecci\u00f3n de tapones de botellas y por qu\u00e9 es importante en la industria de bebidas?<\/strong><\/h3>\n\n\n\n<p>La inspecci\u00f3n de tapones de botellas se refiere a la comprobaci\u00f3n automatizada de los sistemas de cierre -tapas, precintos, anillos de seguridad, sellado correcto e integridad- de los envases de bebidas. Es fundamental porque las botellas mal cerradas pueden provocar fugas, contaminaci\u00f3n, quejas de los consumidores e incumplimiento de la normativa.<\/p>\n\n\n\n<h3 class=\"wp-block-heading\"><strong>\u00bfC\u00f3mo detecta defectos un sistema de inspecci\u00f3n de tapones de botellas?<\/strong><\/h3>\n\n\n\n<p>Los sistemas modernos utilizan la inspecci\u00f3n por visi\u00f3n, m\u00faltiples c\u00e1maras, iluminaci\u00f3n espec\u00edfica y herramientas de software (por ejemplo, para la exclusi\u00f3n de gotas de agua) que identifican defectos como la falta de tapones, la desalineaci\u00f3n, la ausencia de precinto, la rotura del anillo de seguridad o la impresi\u00f3n\/logotipo incorrecto en el tap\u00f3n.<\/p>\n\n\n\n<h3 class=\"wp-block-heading\"><strong>\u00bfQu\u00e9 tipos de tapones pueden inspeccionarse con un sistema de inspecci\u00f3n de tapones?<\/strong><\/h3>\n\n\n\n<p>Un sistema de inspecci\u00f3n de tapones puede manejar una amplia gama de tipos de tapones: tapones planos, tapones con anclaje, tapones deportivos, tapones de corcho, tapones ROPP, tapones en forma de seta, etc., siempre que el sistema est\u00e9 configurado con las herramientas de software y la configuraci\u00f3n mec\u00e1nica correctas.<\/p>\n\n\n\n<h3 class=\"wp-block-heading\"><strong>\u00bfCu\u00e1les son las principales ventajas de inspeccionar los tapones de las botellas en una planta embotelladora?<\/strong><\/h3>\n\n\n\n<p>Entre las ventajas se incluyen menos retiradas y reclamaciones, mayor eficacia de la l\u00ednea, mejor protecci\u00f3n de la marca, mayor seguridad y conformidad, y m\u00e1s datos para el an\u00e1lisis de la calidad. (mettere link a monitoring)<\/p>\n\n\n\n<h3 class=\"wp-block-heading\"><strong>\u00bfPuede integrarse la inspecci\u00f3n del tap\u00f3n de la botella con otros m\u00f3dulos de inspecci\u00f3n de la l\u00ednea?<\/strong><\/h3>\n\n\n\n<p>S\u00ed. Algunos sistemas combinan la inspecci\u00f3n de tapones con otras comprobaciones -como la inspecci\u00f3n del nivel de llenado- en un mismo espacio, lo que permite agilizar el control y unificar el tratamiento de los datos. Por ejemplo, el m\u00f3dulo &#8220;Inspecci\u00f3n de tapones + Inspecci\u00f3n del nivel de llenado&#8221; es una de estas <a href=\"https:\/\/antaresvisiongroup.com\/beverage\/es\/products\/inspeccion-de-tapon-control-de-nivel-de-llenado\/\">soluciones integradas<\/a>.<\/p>\n\n\n\n<h3 class=\"wp-block-heading\"><strong>\u00bfA qu\u00e9 velocidad y rendimiento son capaces de funcionar los modernos sistemas de inspecci\u00f3n de cierres?<\/strong><\/h3>\n\n\n\n<p>Aunque las cifras exactas dependen del tipo de tap\u00f3n, el tama\u00f1o del envase y la velocidad de la l\u00ednea, los modernos sistemas de inspecci\u00f3n por visi\u00f3n est\u00e1n dise\u00f1ados para l\u00edneas de bebidas de alta velocidad y pueden seguir el ritmo de las r\u00e1pidas operaciones de embotellado, minimizando el impacto en el rendimiento.<\/p>\n\n\n\n<hr class=\"wp-block-separator has-alpha-channel-opacity\" \/>\n\n\n\n<h2 class=\"wp-block-heading\"><strong>Conclusi\u00f3n<\/strong><\/h2>\n\n\n\n<p>En el competitivo sector de las bebidas de gran volumen, un enfoque s\u00f3lido de la <strong>inspecci\u00f3n de los tapones de las botellas<\/strong> ya no es opcional, sino esencial. Con l\u00edderes como Antares Vision Group, que ofrece sistemas de inspecci\u00f3n avanzados y configurables adaptados a las aplicaciones de bebidas, los fabricantes pueden salvaguardar de forma proactiva la integridad del producto, agilizar el control de calidad y proteger el valor de la marca. Act\u00fae: eval\u00fae su actual proceso de inspecci\u00f3n de cierres, identifique los puntos d\u00e9biles y considere un sistema moderno que admita la inspecci\u00f3n automatizada, el registro de producci\u00f3n y la mejora continua. P\u00f3ngase en contacto con Antares Vision Group hoy mismo para hablar de c\u00f3mo puede integrar una inspecci\u00f3n de cierre de alto rendimiento en su l\u00ednea de embotellado.<\/p>\n\n\n\n<hr class=\"wp-block-separator has-alpha-channel-opacity\" \/>\n\n\n\n<p><a id=\"_msocom_1\"><\/a><a id=\"_msocom_4\"><\/a><\/p>\n\n\n\n                <\/div>\n            <\/div>\n        <\/div>\n     <\/div> <\/div>\n\n<style>\n\n    \/* mobile *\/\n    @media screen and (max-width: 767px) {\n\n    }\n\n    \/* ipad *\/\n    @media screen and (min-width: 768px) and  (max-width: 992px){\n\n    }\n\n    \/* ipad pro *\/\n    @media screen and (min-width: 992px) and  (max-width: 1200px){\n\n    }\n\n<\/style>","protected":false},"excerpt":{"rendered":"<p>En la industria de las bebidas, es innegociable garantizar que todas las botellas salgan correctamente&#8230;<\/p>\n","protected":false},"author":6,"featured_media":0,"parent":0,"menu_order":0,"comment_status":"closed","ping_status":"closed","template":"","meta":{"_acf_changed":false,"footnotes":""},"class_list":["post-4574","page","type-page","status-publish","hentry"],"acf":[],"lang":"es","translations":{"es":4574,"en":4502,"it":4506,"fr":4570,"pt":4661},"pll_sync_post":[],"_links":{"self":[{"href":"https:\/\/antaresvisiongroup.com\/beverage\/wp-json\/wp\/v2\/pages\/4574","targetHints":{"allow":["GET"]}}],"collection":[{"href":"https:\/\/antaresvisiongroup.com\/beverage\/wp-json\/wp\/v2\/pages"}],"about":[{"href":"https:\/\/antaresvisiongroup.com\/beverage\/wp-json\/wp\/v2\/types\/page"}],"author":[{"embeddable":true,"href":"https:\/\/antaresvisiongroup.com\/beverage\/wp-json\/wp\/v2\/users\/6"}],"replies":[{"embeddable":true,"href":"https:\/\/antaresvisiongroup.com\/beverage\/wp-json\/wp\/v2\/comments?post=4574"}],"version-history":[{"count":4,"href":"https:\/\/antaresvisiongroup.com\/beverage\/wp-json\/wp\/v2\/pages\/4574\/revisions"}],"predecessor-version":[{"id":4632,"href":"https:\/\/antaresvisiongroup.com\/beverage\/wp-json\/wp\/v2\/pages\/4574\/revisions\/4632"}],"wp:attachment":[{"href":"https:\/\/antaresvisiongroup.com\/beverage\/wp-json\/wp\/v2\/media?parent=4574"}],"curies":[{"name":"wp","href":"https:\/\/api.w.org\/{rel}","templated":true}]}}