{"id":1979,"date":"2026-01-21T10:22:49","date_gmt":"2026-01-21T09:22:49","guid":{"rendered":"https:\/\/antaresvisiongroup.com\/cosmetics\/?page_id=1979"},"modified":"2026-01-21T10:22:49","modified_gmt":"2026-01-21T09:22:49","slug":"webinar","status":"publish","type":"page","link":"https:\/\/antaresvisiongroup.com\/cosmetics\/pt\/webinar\/","title":{"rendered":"Webinar"},"content":{"rendered":"\n<div class=\"pure-containerFluid kheadergeneral\">\n    <div class=\"kheadergeneral__single\">\n        <div class=\"kheadergeneral__singleLeft\">\n            <div class=\"kheadergeneral__singleCont\">\n                <div class=\"kheadergeneral__singleLine\"><\/div>\n\n                                    <h1>Webinar<\/h1>\n                \n                            <\/div>\n        <\/div>\n        <div class=\"kheadergeneral__singleRight\">\n            <div class=\"kheadergeneral__singleRightMask\"><\/div>\n            <img decoding=\"async\" class=\"kheadergeneral__singleImgDesk\" loading=\"lazy\" width=\"1300\" height=\"336\" src=\"https:\/\/antaresvisiongroup.com\/cosmetics\/wp-content\/uploads\/sites\/4\/2022\/11\/webinar-desk.jpg\" alt=\"[] - Antares Vision Group\">\n            <img decoding=\"async\" class=\"kheadergeneral__singleImgMob\" loading=\"lazy\" width=\"600\" height=\"400\" src=\"https:\/\/antaresvisiongroup.com\/cosmetics\/wp-content\/uploads\/sites\/4\/2022\/11\/webinar-mob.jpg\" alt=\"[] - Antares Vision Group\">\n        <\/div>\n    <\/div>\n<\/div>\n\n<style>\n\n    .kheadergeneral__singleRightMask{position: absolute; left: -1px; top: -1px; width: calc(100% + 2px); height: calc(100% + 2px);\n        background: url(\"https:\/\/antaresvisiongroup.com\/cosmetics\/wp-content\/themes\/mercury_theme\/assets\/images\/Mask-hero-invertita-2.svg\"); background-repeat: no-repeat;\n        background-size: contain; }\n\n    .kheadergeneral{\/*max-width: 2000px; margin-left: auto; margin-right: auto;*\/}\n    .kheadergeneral__singleLine{height: 2px;width: 50%; background-color: #dd878d; margin-bottom: 20px;}\n    .kheadergeneral__single{display: flex; align-items: center;}\n    .kheadergeneral__singleLeft{width: 45%;}\n    .kheadergeneral__singleCont{max-width: 600px; margin-left: auto; margin-right: auto;}\n    .kheadergeneral__singleLeft h1{color: #dd878d; font-weight: 600; font-size: 37px; line-height: 1.1; text-transform: uppercase;}\n    .kheadergeneral__singleLeft a{display: flex;align-items: center;color: #dd878d;font-size: 15px;font-weight: 600;margin-top: 40px; text-decoration: none;}\n    .kheadergeneral__singleLeft svg{margin-left: 20px; margin-bottom: 2px;}\n    .kheadergeneral__singleLeft svg rect{fill: #dd878d; }\n    .kheadergeneral__singleRight{width: 55%; position: relative; display: flex; align-items: center;}\n    .kheadergeneral__single img{width: 100%; height: auto;}\n    .kheadergeneral__singleImgMob{display: none;}\n\n    \/* mobile *\/\n    @media screen and (max-width: 767px) {\n        .kheadergeneral__singleImgDesk{display: none;}\n        .kheadergeneral__singleImgMob{display: block;}\n        .kheadergeneral__single{flex-direction: column; margin-top: 30px;}\n        .kheadergeneral__singleLeft{width: calc(100% - 30px); padding-left: 15px; padding-right: 15px;}\n        .kheadergeneral__singleRight{width: 100%; margin-top: 30px;}\n        .kheadergeneral__singleLeft h1{font-size: 24px;}\n        .kheadergeneral__singleLeft a{margin-top: 15px;}\n\n        .kheadergeneral__singleRightMask{position: absolute; top: -1px; width: calc(100%); height: calc(100% + 2px);\n            background: url(\"https:\/\/antaresvisiongroup.com\/cosmetics\/wp-content\/themes\/mercury_theme\/assets\/images\/Mask-hero-invertita-general.svg\"); background-repeat: no-repeat;\n            background-size: contain;\n        }\n    }\n\n    \/* ipad *\/\n    @media screen and (min-width: 768px) and  (max-width: 992px){\n        .kheadergeneral__singleLeft{width: calc(45% - 15px); padding-left: 15px;}\n        .kheadergeneral__singleRight{width: 55%;}\n        .kheadergeneral__singleLeft h1{font-size: 26px; margin-bottom: 20px;}\n        .kheadergeneral__singleLeft a{margin-top: 10px;}\n        .kheadergeneral__singleDesc{display: none;}\n    }\n\n    \/* ipad pro *\/\n    @media screen and (min-width: 992px) and  (max-width: 1200px){\n        .kheadergeneral__singleLeft{width: calc(45% - 15px); padding-left: 15px;}\n        .kheadergeneral__singleRight{width: 55%;}\n        .kheadergeneral__singleLeft h1{font-size: 30px; margin-bottom: 0;}\n        .kheadergeneral__singleLeft a{margin-top: 10px;}\n    }\n\n<\/style>\n\n\n<div class=\"kbreadcrumb\" id=\"k_year\">\n    <div class=\"pure-container\">\n        <div class=\"pure-g\">\n            <div class=\"pure-u-1-1\">\n                <div class=\"breadcrumbs\"><a href=\"https:\/\/antaresvisiongroup.com\/cosmetics\">Home<\/a> | <\/div>            <\/div>\n        <\/div>\n    <\/div>\n<\/div>\n\n<style>\n\n    .kbreadcrumb{max-width: 1330px; margin-right: auto; margin-left: auto; font-size: 14px; color: #222222; padding-top: 15px; padding-bottom: 15px;\n        font-family: 'Exo', sans-serif;}\n    .kbreadcrumb a{color: inherit; text-decoration: none;}\n\n    \/* mobile *\/\n    @media screen and (max-width: 767px) {\n        .kbreadcrumb{padding-right: 15px; padding-left: 15px;}\n    }\n\n    \/* ipad *\/\n    @media screen and (min-width: 768px) and  (max-width: 992px){\n        .kbreadcrumb{padding-right: 15px; padding-left: 15px;}\n    }\n\n    \/* ipad pro *\/\n    @media screen and (min-width: 992px) and  (max-width: 1200px){\n        .kbreadcrumb{padding-right: 15px; padding-left: 15px;}\n    }\n\n<\/style>\n\n\n<div class=\"pure-containerFluid kpublicationall kwebinarall\">\n    <div class=\"pure-container\">\n        <div class=\"pure-g keventi__row\">\n                            <div class=\"pure-u-1-1 pure-u-md-1-3 kpublicationall__singleCol\">\n                    <a class=\"kpublicationall__singleColImgCont\" href=\"https:\/\/www.gotostage.com\/channel\/c82b93435a8c44fd9e5ff861d90fb2f5\/recording\/e9870742f789491aad8fb77995edbbb2\/watch?source=CHANNEL\" target=\"_blank\" rel=\"noopener\">\n                        <img decoding=\"async\" class=\"kpublicationall__singleCover\" loading=\"lazy\" width=\"900\" height=\"450\" src=\"https:\/\/antaresvisiongroup.com\/cosmetics\/wp-content\/uploads\/sites\/4\/2024\/01\/AVGroup-webinaire-la-beaute-du-futur-2024.png\" alt=\"La Beaut\u00e9 du Futur - Comment la digitalisation et la tra\u00e7abilit\u00e9 vont changer le monde de lindustrie cosm\u00e9tique\">\n                        <div class=\"kpublicationall__singleLayer\"><\/div>\n                    <\/a>\n                    <div class=\"kpublicationall__single\">\n                        <a href=\"https:\/\/www.gotostage.com\/channel\/c82b93435a8c44fd9e5ff861d90fb2f5\/recording\/e9870742f789491aad8fb77995edbbb2\/watch?source=CHANNEL\" target=\"_blank\" rel=\"noopener\">\n                            <div class=\"kpublicationall__singleDate kdate\">29 Gennaio 2024<\/div>\n                            <h3 class=\"kpublicationall__singleTitle\">La Beaut\u00e9 du Futur &#8211; Comment la digitalisation et la tra\u00e7abilit\u00e9 vont changer le monde de lindustrie cosm\u00e9tique<\/h3>\n                            <div class=\"kpublicationall__singleRead\">\n                                <div>GUARDA IL WEBINAR<\/div>\n                                <img decoding=\"async\" loading=\"lazy\" width=\"15\" height=\"15\" src=\"https:\/\/antaresvisiongroup.com\/cosmetics\/wp-content\/themes\/mercury_theme\/assets\/images\/k-arrow-blu.svg\" alt=\"[] - Antares Vision Group\">\n                            <\/div>\n                        <\/a>\n                    <\/div>\n                <\/div>\n                            <div class=\"pure-u-1-1 pure-u-md-1-3 kpublicationall__singleCol\">\n                    <a class=\"kpublicationall__singleColImgCont\" href=\"https:\/\/www.gotostage.com\/channel\/c82b93435a8c44fd9e5ff861d90fb2f5\/recording\/e9870742f789491aad8fb77995edbbb2\/watch?source=CHANNEL\" target=\"_blank\" rel=\"noopener\">\n                        <img decoding=\"async\" class=\"kpublicationall__singleCover\" loading=\"lazy\" width=\"900\" height=\"450\" src=\"https:\/\/antaresvisiongroup.com\/cosmetics\/wp-content\/uploads\/sites\/4\/2024\/01\/AVGroup-webinaire-la-beaute-du-futur-2024.png\" alt=\"La Beaut\u00e9 du Futur - Comment la digitalisation et la tra\u00e7abilit\u00e9 vont changer le monde de lindustrie cosm\u00e9tique\">\n                        <div class=\"kpublicationall__singleLayer\"><\/div>\n                    <\/a>\n                    <div class=\"kpublicationall__single\">\n                        <a href=\"https:\/\/www.gotostage.com\/channel\/c82b93435a8c44fd9e5ff861d90fb2f5\/recording\/e9870742f789491aad8fb77995edbbb2\/watch?source=CHANNEL\" target=\"_blank\" rel=\"noopener\">\n                            <div class=\"kpublicationall__singleDate kdate\">29 Gennaio 2024<\/div>\n                            <h3 class=\"kpublicationall__singleTitle\">La Beaut\u00e9 du Futur &#8211; Comment la digitalisation et la tra\u00e7abilit\u00e9 vont changer le monde de lindustrie cosm\u00e9tique<\/h3>\n                            <div class=\"kpublicationall__singleRead\">\n                                <div>GUARDA IL WEBINAR<\/div>\n                                <img decoding=\"async\" loading=\"lazy\" width=\"15\" height=\"15\" src=\"https:\/\/antaresvisiongroup.com\/cosmetics\/wp-content\/themes\/mercury_theme\/assets\/images\/k-arrow-blu.svg\" alt=\"[] - Antares Vision Group\">\n                            <\/div>\n                        <\/a>\n                    <\/div>\n                <\/div>\n                        <div class=\"pure-u-1-1\">\n                <div class=\"kpagination\">\n                    \n                    <style>\n                        .page-numbers{background-color: rgba(,,, 0.1); color: rgb(,,);}\n                        .page-numbers.current{background-color: rgb(,,); color: #ffffff;}\n                    <\/style>\n\n                <\/div>\n            <\/div>\n                    <\/div>\n    <\/div>\n<\/div>\n\n<style>\n\n    .kpublicationall{margin-top: 50px;}\n    .kpublicationall h2{ font-size: 37px; margin-top: 0; margin-bottom: 0; color: #2D69A7;}\n    .kpublicationall__titleContRight a{display: flex; align-items: center; color: #2D69A7; font-weight: 600; text-decoration: none; margin-bottom: 10px;\n    margin-left: 82px;}\n    .kpublicationall__titleContRight img{margin-left: 20px;}\n    .kpublicationall__singleTitle{font-weight: 600; margin-top: 10px; margin-bottom: 0;}\n\n    .kpublicationall__single{background-color: #ffffff; padding: 10px 25px 25px 25px; width: calc(94% - 50px);margin-left: 3%;\n        margin-top: 0px;position: relative;border-radius: 25px 25px 0 0;}\n    .kpublicationall__single a{color: inherit; text-decoration: none; display: flex; flex-direction: column;}\n    .kpublicationall__singleDate{font-size: 18px;}\n    .kpublicationall__singleRead{display: flex;align-items: center;color: #2D69A7;font-size: 14px;font-weight: 600;margin-top: 20px;}\n    .kpublicationall__singleRead img{width: 13px; height: 13px; margin-left: 20px;}\n\n    .kpublicationall__singleCol{margin-bottom: 20px;}\n    .kpublicationall__singleColImgCont{position: relative; display: block; padding: 15px;}\n    .kpublicationall__singleCol .kpublicationall__singleCover{width: 100%; height: auto;}\n    .kpublicationall__singleLayer{position: absolute; z-index: 1; width: 100%; height: 100%; left: 0;\n        top: 0; background-color: rgba(45,105,167,0.1); border-radius: 20px 20px 0 0;}\n\n    .kpublicationall__singleDate.kdate{margin-top: 15px;}\n\n    \/* mobile *\/\n    @media screen and (max-width: 767px) {\n\n        .kpublicationall h2{ font-size: 26px;}\n    }\n\n    \/* ipad *\/\n    @media screen and (min-width: 768px) and  (max-width: 992px){\n        .kpublicationall h2{ font-size: 33px;}\n        .kpublicationall__titleContRight a{margin-left: 68px;}\n    }\n\n    \/* ipad pro *\/\n    @media screen and (min-width: 992px) and  (max-width: 1200px){\n        .kpublicationall h2{ font-size: 33px;}\n    }\n\n<\/style>\n\n<script>\n    window.addEventListener('DOMContentLoaded', function() {\n        jQuery(function ($) {\n\n            $(window).on(\"load resize\",function(e){\n                var highestBox = 0;\n                $('.kpublicationall__single').each(function(){\n                    if($(this).height() > highestBox) {\n                        highestBox = $(this).height();\n                    }\n                });\n                $('.kpublicationall__single').css('min-height',highestBox);\n            });\n\n            $(window).on(\"load resize\",function(e){\n                var highestBox = 0;\n                $('.kpublicationall__single a').each(function(){\n                    if($(this).height() > highestBox) {\n                        highestBox = $(this).height();\n                    }\n                });\n                $('.kpublicationall__single a').css('min-height',highestBox);\n            });\n\n            $(window).on(\"load resize\",function(e){\n                var highestBox = 0;\n                $('.kpublicationall__singleLogo').each(function(){\n                    if($(this).height() > highestBox) {\n                        highestBox = $(this).height();\n                    }\n                });\n                $('.kpublicationall__singleLogoSpacer').css('min-height',highestBox);\n            });\n\n        });\n    });\n<\/script>","protected":false},"excerpt":{"rendered":"","protected":false},"author":1,"featured_media":0,"parent":0,"menu_order":0,"comment_status":"closed","ping_status":"closed","template":"","meta":{"_acf_changed":false,"footnotes":""},"class_list":["post-1979","page","type-page","status-publish","hentry"],"acf":[],"lang":"pt","translations":{"pt":1979,"en":248,"it":174,"es":1983},"pll_sync_post":[],"_links":{"self":[{"href":"https:\/\/antaresvisiongroup.com\/cosmetics\/wp-json\/wp\/v2\/pages\/1979","targetHints":{"allow":["GET"]}}],"collection":[{"href":"https:\/\/antaresvisiongroup.com\/cosmetics\/wp-json\/wp\/v2\/pages"}],"about":[{"href":"https:\/\/antaresvisiongroup.com\/cosmetics\/wp-json\/wp\/v2\/types\/page"}],"author":[{"embeddable":true,"href":"https:\/\/antaresvisiongroup.com\/cosmetics\/wp-json\/wp\/v2\/users\/1"}],"replies":[{"embeddable":true,"href":"https:\/\/antaresvisiongroup.com\/cosmetics\/wp-json\/wp\/v2\/comments?post=1979"}],"version-history":[{"count":2,"href":"https:\/\/antaresvisiongroup.com\/cosmetics\/wp-json\/wp\/v2\/pages\/1979\/revisions"}],"predecessor-version":[{"id":1981,"href":"https:\/\/antaresvisiongroup.com\/cosmetics\/wp-json\/wp\/v2\/pages\/1979\/revisions\/1981"}],"wp:attachment":[{"href":"https:\/\/antaresvisiongroup.com\/cosmetics\/wp-json\/wp\/v2\/media?parent=1979"}],"curies":[{"name":"wp","href":"https:\/\/api.w.org\/{rel}","templated":true}]}}