{"id":1170,"date":"2023-02-13T12:11:25","date_gmt":"2023-02-13T11:11:25","guid":{"rendered":"https:\/\/www.antaresvisiongroup.com\/food\/?page_id=1170"},"modified":"2024-11-25T16:44:46","modified_gmt":"2024-11-25T15:44:46","slug":"all-in-one","status":"publish","type":"page","link":"https:\/\/antaresvisiongroup.com\/food\/it\/all-in-one\/","title":{"rendered":"ALL-IN-ONE"},"content":{"rendered":"\n<div class=\"pure-containerFluid kheadergeneral\">\n    <div class=\"kheadergeneral__single\">\n        <div class=\"kheadergeneral__singleLeft\">\n            <div class=\"kheadergeneral__singleCont\">\n                <div class=\"kheadergeneral__singleLine\"><\/div>\n\n                                    <h1>ALL-IN-ONE<\/h1>\n                \n                                    <div class=\"kheadergeneral__singleDesc\"><p>Il concept rivoluzionario che integra in un\u2019unica soluzione molteplici tecnologie d\u2019ispezione<\/p>\n<\/div>\n                            <\/div>\n        <\/div>\n        <div class=\"kheadergeneral__singleRight\">\n            <div class=\"kheadergeneral__singleRightMask\"><\/div>\n            <img decoding=\"async\" class=\"kheadergeneral__singleImgDesk\" loading=\"lazy\" width=\"1300\" height=\"336\" src=\"https:\/\/antaresvisiongroup.com\/food\/wp-content\/uploads\/sites\/2\/2023\/02\/insp-food-desk.jpg\" alt=\"[] - Antares Vision Group\">\n            <img decoding=\"async\" class=\"kheadergeneral__singleImgMob\" loading=\"lazy\" width=\"600\" height=\"400\" src=\"https:\/\/antaresvisiongroup.com\/food\/wp-content\/uploads\/sites\/2\/2023\/02\/food-insp-mob.jpg\" alt=\"[] - Antares Vision Group\">\n        <\/div>\n    <\/div>\n<\/div>\n\n<style>\n\n    .kheadergeneral__singleRightMask{position: absolute; left: -1px; top: -1px; width: calc(100% + 2px); height: calc(100% + 2px);\n        background: url(\"https:\/\/antaresvisiongroup.com\/food\/wp-content\/themes\/mercury_theme\/assets\/images\/Mask-hero-invertita-2.svg\"); background-repeat: no-repeat;\n        background-size: contain; }\n\n    .kheadergeneral{\/*max-width: 2000px; margin-left: auto; margin-right: auto;*\/}\n    .kheadergeneral__singleLine{height: 2px;width: 50%; background-color: #d45d00; margin-bottom: 20px;}\n    .kheadergeneral__single{display: flex; align-items: center;}\n    .kheadergeneral__singleLeft{width: 45%;}\n    .kheadergeneral__singleCont{max-width: 600px; margin-left: auto; margin-right: auto;}\n    .kheadergeneral__singleLeft h1{color: #d45d00; font-weight: 600; font-size: 37px; line-height: 1.1;}\n    .kheadergeneral__singleLeft a{display: flex;align-items: center;color: #d45d00;font-size: 15px;font-weight: 600;margin-top: 40px; text-decoration: none;}\n    .kheadergeneral__singleLeft svg{margin-left: 20px; margin-bottom: 2px;}\n    .kheadergeneral__singleLeft svg rect{fill: #d45d00; }\n    .kheadergeneral__singleRight{width: 55%; position: relative; display: flex; align-items: center;}\n    .kheadergeneral__single img{width: 100%; height: auto;}\n    .kheadergeneral__singleImgMob{display: none;}\n\n    \/* mobile *\/\n    @media screen and (max-width: 767px) {\n        .kheadergeneral__singleImgDesk{display: none;}\n        .kheadergeneral__singleImgMob{display: block;}\n        .kheadergeneral__single{flex-direction: column; margin-top: 30px;}\n        .kheadergeneral__singleLeft{width: calc(100% - 30px); padding-left: 15px; padding-right: 15px;}\n        .kheadergeneral__singleRight{width: 100%; margin-top: 30px;}\n        .kheadergeneral__singleLeft h1{font-size: 24px;}\n        .kheadergeneral__singleLeft a{margin-top: 15px;}\n\n        .kheadergeneral__singleRightMask{position: absolute; top: -1px; width: calc(100%); height: calc(100% + 2px);\n            background: url(\"https:\/\/antaresvisiongroup.com\/food\/wp-content\/themes\/mercury_theme\/assets\/images\/Mask-hero-invertita-general.svg\"); background-repeat: no-repeat;\n            background-size: contain;\n        }\n    }\n\n    \/* ipad *\/\n    @media screen and (min-width: 768px) and  (max-width: 992px){\n        .kheadergeneral__singleLeft{width: calc(45% - 15px); padding-left: 15px;}\n        .kheadergeneral__singleRight{width: 55%;}\n        .kheadergeneral__singleLeft h1{font-size: 26px; margin-bottom: 20px;}\n        .kheadergeneral__singleLeft a{margin-top: 10px;}\n        .kheadergeneral__singleDesc{display: none;}\n    }\n\n    \/* ipad pro *\/\n    @media screen and (min-width: 992px) and  (max-width: 1200px){\n        .kheadergeneral__singleLeft{width: calc(45% - 15px); padding-left: 15px;}\n        .kheadergeneral__singleRight{width: 55%;}\n        .kheadergeneral__singleLeft h1{font-size: 30px; margin-bottom: 0;}\n        .kheadergeneral__singleLeft a{margin-top: 10px;}\n    }\n\n<\/style>\n\n\n<div class=\"kbreadcrumb\" id=\"k_year\">\n    <div class=\"pure-container\">\n        <div class=\"pure-g\">\n            <div class=\"pure-u-1-1\">\n                <div class=\"breadcrumbs\"><a href=\"https:\/\/antaresvisiongroup.com\/food\">Home<\/a> | <\/div>            <\/div>\n        <\/div>\n    <\/div>\n<\/div>\n\n<style>\n\n    .kbreadcrumb{max-width: 1330px; margin-right: auto; margin-left: auto; font-size: 14px; color: #222222; padding-top: 15px; padding-bottom: 15px;\n        font-family: 'Exo', sans-serif;}\n    .kbreadcrumb a{color: inherit; text-decoration: none;}\n\n    \/* mobile *\/\n    @media screen and (max-width: 767px) {\n        .kbreadcrumb{padding-right: 15px; padding-left: 15px;}\n    }\n\n    \/* ipad *\/\n    @media screen and (min-width: 768px) and  (max-width: 992px){\n        .kbreadcrumb{padding-right: 15px; padding-left: 15px;}\n    }\n\n    \/* ipad pro *\/\n    @media screen and (min-width: 992px) and  (max-width: 1200px){\n        .kbreadcrumb{padding-right: 15px; padding-left: 15px;}\n    }\n\n<\/style>\n\n    <div class=\"pure-containerFluid pureCol \">\n    <div class=\"pure-container\">         <div class=\"pure-row\">\n            <div class=\"pure-g\">\n                <div class=\"pure-u-1-1 pure-u-md-24-24 offset-md-0\">\n\n\n\n\n<style>\n\n    .formContacts input[type=\"submit\"]{ background-color: rgb(,,); border: 0;\n    color: #ffffff; text-transform: uppercase; padding: 20px; font-size: 16px; font-family: 'Roboto', sans-serif;\n    min-width: 250px; font-weight: 600; cursor: pointer; margin-top: 30px;}\n    .pureCol a{color: rgb(,,);}\n\n    \/* mobile *\/\n    @media screen and (max-width: 767px) {\n\n    }\n\n    \/* ipad *\/\n    @media screen and (min-width: 768px) and  (max-width: 992px){\n\n    }\n\n    \/* ipad pro *\/\n    @media screen and (min-width: 992px) and  (max-width: 1200px){\n\n    }\n\n<\/style>\n\n\n<div class=\"wp-block-columns is-layout-flex wp-container-core-columns-is-layout-9d6595d7 wp-block-columns-is-layout-flex\">\n<div class=\"wp-block-column is-vertically-aligned-center is-layout-flow wp-block-column-is-layout-flow\">\n<figure class=\"wp-block-image size-full\"><img loading=\"lazy\" decoding=\"async\" width=\"900\" height=\"900\" src=\"https:\/\/antaresvisiongroup.com\/food\/wp-content\/uploads\/sites\/2\/2023\/02\/ALL-IN-ONE_tecnologie_ispezione.jpg\" alt=\"[] - Antares Vision Group\" class=\"wp-image-1111\" srcset=\"https:\/\/antaresvisiongroup.com\/food\/wp-content\/uploads\/sites\/2\/2023\/02\/ALL-IN-ONE_tecnologie_ispezione.jpg 900w, https:\/\/antaresvisiongroup.com\/food\/wp-content\/uploads\/sites\/2\/2023\/02\/ALL-IN-ONE_tecnologie_ispezione-300x300.jpg 300w, https:\/\/antaresvisiongroup.com\/food\/wp-content\/uploads\/sites\/2\/2023\/02\/ALL-IN-ONE_tecnologie_ispezione-768x768.jpg 768w\" sizes=\"auto, (max-width: 900px) 100vw, 900px\" \/><\/figure>\n<\/div>\n\n\n\n<div class=\"wp-block-column is-vertically-aligned-center is-layout-flow wp-block-column-is-layout-flow\">\n<p>ALL-IN-ONE \u00e8 la nuova generazione di sistemi di ispezione di Antares Vision Group che, integrando in un\u2019unica soluzione molteplici e innovative tecnologie, genera un approccio completamente nuovo nel controllo qualit\u00e0 per l\u2019industria alimentare.&nbsp;<\/p>\n\n\n\n<p>Una soluzione innovativa, unica sul mercato, in grado di coniugare l\u2019ottimizzazione dello spazio e l\u2019organizzazione della produzione con la necessit\u00e0 di svolgere molteplici ispezioni in tempo reale, su ogni singolo prodotto. Con una sola macchina installata su ogni linea di produzione, \u00e8 ora possibile soddisfare le diverse esigenze di qualit\u00e0 che vedono l\u2019utilizzo simultaneo di differenti tecnologie.<\/p>\n\n\n\n<p>Non \u00e8 quindi pi\u00f9 necessario chiedersi quante macchine si devono inserire nella linea; \u00e8 sufficiente definire quali ispezioni desideriamo implementare nel sistema ALL-IN-ONE.&nbsp;<\/p>\n<\/div>\n<\/div>\n\n\n\n<p class=\"has-text-align-center has-medium-font-size\"><em>Selezionate di seguito gli esempi di configurazione per scoprirne i dettagli<\/em><\/p>\n\n\n\n<hr class=\"wp-block-separator has-alpha-channel-opacity\" \/>\n\n\n\n<div class=\"wp-block-columns is-layout-flex wp-container-core-columns-is-layout-9d6595d7 wp-block-columns-is-layout-flex\">\n<div class=\"wp-block-column is-layout-flow wp-block-column-is-layout-flow\">\n<div class=\"wp-block-columns is-layout-flex wp-container-core-columns-is-layout-9d6595d7 wp-block-columns-is-layout-flex\">\n<div class=\"wp-block-column is-layout-flow wp-block-column-is-layout-flow\" style=\"flex-basis:33.33%\">\n<figure class=\"wp-block-image aligncenter size-full\"><img loading=\"lazy\" decoding=\"async\" width=\"900\" height=\"900\" src=\"https:\/\/antaresvisiongroup.com\/food\/wp-content\/uploads\/sites\/2\/2022\/11\/ALL-IN-ONE_Leak_Xray_inspection_Weighing.jpg\" alt=\"[] - Antares Vision Group\" class=\"wp-image-276\" srcset=\"https:\/\/antaresvisiongroup.com\/food\/wp-content\/uploads\/sites\/2\/2022\/11\/ALL-IN-ONE_Leak_Xray_inspection_Weighing.jpg 900w, https:\/\/antaresvisiongroup.com\/food\/wp-content\/uploads\/sites\/2\/2022\/11\/ALL-IN-ONE_Leak_Xray_inspection_Weighing-300x300.jpg 300w, https:\/\/antaresvisiongroup.com\/food\/wp-content\/uploads\/sites\/2\/2022\/11\/ALL-IN-ONE_Leak_Xray_inspection_Weighing-768x768.jpg 768w\" sizes=\"auto, (max-width: 900px) 100vw, 900px\" \/><\/figure>\n<\/div>\n\n\n\n<div class=\"wp-block-column is-vertically-aligned-center is-layout-flow wp-block-column-is-layout-flow\" style=\"flex-basis:66.66%\">\n<h3 class=\"wp-block-heading has-text-color has-medium-font-size\" style=\"color:#575756\"><strong>ALL-IN-ONE con LDS \/ XR \/ CW<\/strong><\/h3>\n\n\n\n<p>ALL-IN-ONE con rilevamento micro-perdite, ispezione a raggi X e controllo del peso<\/p>\n\n\n\n<p><a href=\"https:\/\/antaresvisiongroup.com\/food\/it\/products\/all-in-one-con-lds-xr-cw\/\" data-type=\"products\" data-id=\"294\">VAI AL MODELLO<\/a><\/p>\n<\/div>\n<\/div>\n<\/div>\n\n\n\n<div class=\"wp-block-column is-layout-flow wp-block-column-is-layout-flow\">\n<div class=\"wp-block-columns is-layout-flex wp-container-core-columns-is-layout-9d6595d7 wp-block-columns-is-layout-flex\">\n<div class=\"wp-block-column is-layout-flow wp-block-column-is-layout-flow\" style=\"flex-basis:33.33%\">\n<figure class=\"wp-block-image aligncenter size-full\"><img loading=\"lazy\" decoding=\"async\" width=\"900\" height=\"900\" src=\"https:\/\/antaresvisiongroup.com\/food\/wp-content\/uploads\/sites\/2\/2023\/01\/Label_Seal_inspection.jpg\" alt=\"[] - Antares Vision Group\" class=\"wp-image-3195\" srcset=\"https:\/\/antaresvisiongroup.com\/food\/wp-content\/uploads\/sites\/2\/2023\/01\/Label_Seal_inspection.jpg 900w, https:\/\/antaresvisiongroup.com\/food\/wp-content\/uploads\/sites\/2\/2023\/01\/Label_Seal_inspection-300x300.jpg 300w, https:\/\/antaresvisiongroup.com\/food\/wp-content\/uploads\/sites\/2\/2023\/01\/Label_Seal_inspection-768x768.jpg 768w\" sizes=\"auto, (max-width: 900px) 100vw, 900px\" \/><\/figure>\n<\/div>\n\n\n\n<div class=\"wp-block-column is-vertically-aligned-center is-layout-flow wp-block-column-is-layout-flow\" style=\"flex-basis:66.66%\">\n<h3 class=\"wp-block-heading has-text-color has-medium-font-size\" style=\"color:#575756\"><strong>ALL-IN-ONE con IE \/ SER \/ SIS<\/strong><\/h3>\n\n\n\n<p>ALL-IN-ONE con ispezione codici ed etichette, piattaforma Track&amp;Trace e controllo dell\u2019area di saldatura<\/p>\n\n\n\n<p><a href=\"https:\/\/antaresvisiongroup.com\/food\/it\/products\/all-in-one-con-ie-ser-sis\/\" data-type=\"products\" data-id=\"290\">VAI AL MODELLO<\/a><strong> <\/strong><\/p>\n<\/div>\n<\/div>\n<\/div>\n<\/div>\n\n\n\n                <\/div>\n            <\/div>\n        <\/div>\n     <\/div> <\/div>\n\n<style>\n\n    \/* mobile *\/\n    @media screen and (max-width: 767px) {\n\n    }\n\n    \/* ipad *\/\n    @media screen and (min-width: 768px) and  (max-width: 992px){\n\n    }\n\n    \/* ipad pro *\/\n    @media screen and (min-width: 992px) and  (max-width: 1200px){\n\n    }\n\n<\/style>","protected":false},"excerpt":{"rendered":"<p>ALL-IN-ONE \u00e8 la nuova generazione di sistemi di ispezione di Antares Vision Group che, integrando&#8230;<\/p>\n","protected":false},"author":1,"featured_media":0,"parent":0,"menu_order":0,"comment_status":"closed","ping_status":"closed","template":"","meta":{"_acf_changed":false,"footnotes":""},"class_list":["post-1170","page","type-page","status-publish","hentry"],"acf":[],"lang":"it","translations":{"it":1170,"en":1172,"es":3084,"fr":3086,"pt":4682},"pll_sync_post":[],"_links":{"self":[{"href":"https:\/\/antaresvisiongroup.com\/food\/wp-json\/wp\/v2\/pages\/1170","targetHints":{"allow":["GET"]}}],"collection":[{"href":"https:\/\/antaresvisiongroup.com\/food\/wp-json\/wp\/v2\/pages"}],"about":[{"href":"https:\/\/antaresvisiongroup.com\/food\/wp-json\/wp\/v2\/types\/page"}],"author":[{"embeddable":true,"href":"https:\/\/antaresvisiongroup.com\/food\/wp-json\/wp\/v2\/users\/1"}],"replies":[{"embeddable":true,"href":"https:\/\/antaresvisiongroup.com\/food\/wp-json\/wp\/v2\/comments?post=1170"}],"version-history":[{"count":14,"href":"https:\/\/antaresvisiongroup.com\/food\/wp-json\/wp\/v2\/pages\/1170\/revisions"}],"predecessor-version":[{"id":3546,"href":"https:\/\/antaresvisiongroup.com\/food\/wp-json\/wp\/v2\/pages\/1170\/revisions\/3546"}],"wp:attachment":[{"href":"https:\/\/antaresvisiongroup.com\/food\/wp-json\/wp\/v2\/media?parent=1170"}],"curies":[{"name":"wp","href":"https:\/\/api.w.org\/{rel}","templated":true}]}}