{"id":3008,"date":"2024-03-05T10:58:15","date_gmt":"2024-03-05T09:58:15","guid":{"rendered":"https:\/\/www.antaresvisiongroup.com\/food\/?page_id=3008"},"modified":"2024-03-05T11:11:54","modified_gmt":"2024-03-05T10:11:54","slug":"code-ethique","status":"publish","type":"page","link":"https:\/\/antaresvisiongroup.com\/food\/fr\/code-ethique\/","title":{"rendered":"Code \u00e9thique"},"content":{"rendered":"\n<div style=\"height:50px\" aria-hidden=\"true\" class=\"wp-block-spacer\"><\/div>\n\n\n\n<h1 class=\"wp-block-heading\"><strong><strong>Code \u00e9thique<\/strong><\/strong><\/h1>\n\n\n\n<div style=\"height:20px\" aria-hidden=\"true\" class=\"wp-block-spacer\"><\/div>\n\n\n\n<h2 class=\"wp-block-heading\">Transparence et exactitude des activit\u00e9s de FT System Srl et respect constant des lois et r\u00e9glementations applicables<\/h2>\n\n\n\n<p>Afin de garantir la transparence et l&#8217;exactitude de ses activit\u00e9s et le respect constant des lois et r\u00e9glementations qui y sont applicables, FT System Srl (ci-apr\u00e8s \u00e9galement uniquement \u00ab FT System \u00bb) a d\u00e9cid\u00e9 de d\u00e9finir dans un mod\u00e8le organisationnel, r\u00e9dig\u00e9 conform\u00e9ment \u00e0 la loi 231\/2001 ( le \u00ab Mod\u00e8le \u00bb) et dans le Code \u00c9thique ci-joint, les lignes directrices de conduite et les valeurs communes auxquelles s&#8217;inspire depuis toujours l&#8217;activit\u00e9 de FT System. Le Mod\u00e8le et le Code \u00c9thique sont \u00e0 la disposition de quiconque souhaite les consulter, en lecture seule, en faisant la demande aupr\u00e8s de l&#8217;Organismo di Vigilanza (\u00ab OdV \u00bb) de FT System Srl en remplissant ce formulaire.<\/p>\n\n\n\n<p>Le Mod\u00e8le et le Code \u00c9thique incluent les principes \u00e9thiques et d\u00e9ontologiques qui fondent l\u2019activit\u00e9 de FT System et dont doit \u00e9galement s\u2019inspirer l\u2019activit\u00e9 des contreparties de FT System.<\/p>\n\n\n\n<p>Le respect du Mod\u00e8le et du Code d&#8217;\u00c9thique doit \u00eatre consid\u00e9r\u00e9 comme faisant partie int\u00e9grante des obligations contractuelles assum\u00e9es par les sous-traitants, consultants et partenaires de FT System. Par cons\u00e9quent, en cas de manquement \u00e0 ces obligations, FT System sera en mesure de faire valoir toute clause de dommage pr\u00e9vue contractuellement et de r\u00e9silier l&#8217;accord concern\u00e9 conform\u00e9ment \u00e0 l&#8217;art. 1456 du Code civil, outre toute autre action qui pourrait l\u00e9gitimement \u00eatre intent\u00e9e.<\/p>\n\n\n\n<p>Avec l&#8217;adoption du Mod\u00e8le et du Code d&#8217;\u00c9thique, toutes les contreparties en relation avec FT System doivent ou exerceront leurs activit\u00e9s dans le cadre des pr\u00e9sentes dans le respect des principes de transparence, d&#8217;exactitude et de loyaut\u00e9 et conform\u00e9ment aux lois et r\u00e9glementations italiennes en vigueur et aux dispositions du Mod\u00e8le et du Code d&#8217;\u00c9thique. le Code d\u2019\u00c9thique.<\/p>\n\n\n\n<div style=\"height:20px\" aria-hidden=\"true\" class=\"wp-block-spacer\"><\/div>\n\n\n\n<h3 class=\"wp-block-heading\"><strong><a href=\"https:\/\/antaresvisiongroup.com\/beverage\/wp-content\/uploads\/sites\/5\/2023\/06\/codice-etico_mod.231_ftsystem.pdf\" target=\"_blank\" rel=\"noreferrer noopener\">FT System &#8211; Codice Etico e Mod.231<\/a><\/strong><\/h3>\n","protected":false},"excerpt":{"rendered":"<p>Code \u00e9thique Transparence et exactitude des activit\u00e9s de FT System Srl et respect constant des&#8230;<\/p>\n","protected":false},"author":1,"featured_media":0,"parent":0,"menu_order":0,"comment_status":"closed","ping_status":"closed","template":"page-container.php","meta":{"_acf_changed":false,"footnotes":""},"class_list":["post-3008","page","type-page","status-publish","hentry"],"acf":[],"lang":"fr","translations":{"fr":3008,"en":3004,"it":2229,"es":3006,"pt":4656},"pll_sync_post":[],"_links":{"self":[{"href":"https:\/\/antaresvisiongroup.com\/food\/wp-json\/wp\/v2\/pages\/3008","targetHints":{"allow":["GET"]}}],"collection":[{"href":"https:\/\/antaresvisiongroup.com\/food\/wp-json\/wp\/v2\/pages"}],"about":[{"href":"https:\/\/antaresvisiongroup.com\/food\/wp-json\/wp\/v2\/types\/page"}],"author":[{"embeddable":true,"href":"https:\/\/antaresvisiongroup.com\/food\/wp-json\/wp\/v2\/users\/1"}],"replies":[{"embeddable":true,"href":"https:\/\/antaresvisiongroup.com\/food\/wp-json\/wp\/v2\/comments?post=3008"}],"version-history":[{"count":1,"href":"https:\/\/antaresvisiongroup.com\/food\/wp-json\/wp\/v2\/pages\/3008\/revisions"}],"predecessor-version":[{"id":3009,"href":"https:\/\/antaresvisiongroup.com\/food\/wp-json\/wp\/v2\/pages\/3008\/revisions\/3009"}],"wp:attachment":[{"href":"https:\/\/antaresvisiongroup.com\/food\/wp-json\/wp\/v2\/media?parent=3008"}],"curies":[{"name":"wp","href":"https:\/\/api.w.org\/{rel}","templated":true}]}}