{"id":3086,"date":"2024-03-07T15:26:19","date_gmt":"2024-03-07T14:26:19","guid":{"rendered":"https:\/\/www.antaresvisiongroup.com\/food\/?page_id=3086"},"modified":"2024-03-18T11:07:20","modified_gmt":"2024-03-18T10:07:20","slug":"all-in-one","status":"publish","type":"page","link":"https:\/\/antaresvisiongroup.com\/food\/fr\/inspection\/all-in-one\/","title":{"rendered":"ALL-IN-ONE"},"content":{"rendered":"\n<div class=\"pure-containerFluid kheadergeneral\">\n    <div class=\"kheadergeneral__single\">\n        <div class=\"kheadergeneral__singleLeft\">\n            <div class=\"kheadergeneral__singleCont\">\n                <div class=\"kheadergeneral__singleLine\"><\/div>\n\n                                    <h1>ALL-IN-ONE<\/h1>\n                \n                                    <div class=\"kheadergeneral__singleDesc\"><p>Le concept r\u00e9volutionnaire qui int\u00e8gre plusieurs inspections dans un seul \u00e9quipement<\/p>\n<\/div>\n                            <\/div>\n        <\/div>\n        <div class=\"kheadergeneral__singleRight\">\n            <div class=\"kheadergeneral__singleRightMask\"><\/div>\n            <img decoding=\"async\" class=\"kheadergeneral__singleImgDesk\" loading=\"lazy\" width=\"1300\" height=\"336\" src=\"https:\/\/antaresvisiongroup.com\/food\/wp-content\/uploads\/sites\/2\/2023\/02\/insp-food-desk.jpg\" alt=\"[] - Antares Vision Group\">\n            <img decoding=\"async\" class=\"kheadergeneral__singleImgMob\" loading=\"lazy\" width=\"600\" height=\"400\" src=\"https:\/\/antaresvisiongroup.com\/food\/wp-content\/uploads\/sites\/2\/2023\/02\/food-insp-mob.jpg\" alt=\"[] - Antares Vision Group\">\n        <\/div>\n    <\/div>\n<\/div>\n\n<style>\n\n    .kheadergeneral__singleRightMask{position: absolute; left: -1px; top: -1px; width: calc(100% + 2px); height: calc(100% + 2px);\n        background: url(\"https:\/\/antaresvisiongroup.com\/food\/wp-content\/themes\/mercury_theme\/assets\/images\/Mask-hero-invertita-2.svg\"); background-repeat: no-repeat;\n        background-size: contain; }\n\n    .kheadergeneral{\/*max-width: 2000px; margin-left: auto; margin-right: auto;*\/}\n    .kheadergeneral__singleLine{height: 2px;width: 50%; background-color: #d45d00; margin-bottom: 20px;}\n    .kheadergeneral__single{display: flex; align-items: center;}\n    .kheadergeneral__singleLeft{width: 45%;}\n    .kheadergeneral__singleCont{max-width: 600px; margin-left: auto; margin-right: auto;}\n    .kheadergeneral__singleLeft h1{color: #d45d00; font-weight: 600; font-size: 37px; line-height: 1.1;}\n    .kheadergeneral__singleLeft a{display: flex;align-items: center;color: #d45d00;font-size: 15px;font-weight: 600;margin-top: 40px; text-decoration: none;}\n    .kheadergeneral__singleLeft svg{margin-left: 20px; margin-bottom: 2px;}\n    .kheadergeneral__singleLeft svg rect{fill: #d45d00; }\n    .kheadergeneral__singleRight{width: 55%; position: relative; display: flex; align-items: center;}\n    .kheadergeneral__single img{width: 100%; height: auto;}\n    .kheadergeneral__singleImgMob{display: none;}\n\n    \/* mobile *\/\n    @media screen and (max-width: 767px) {\n        .kheadergeneral__singleImgDesk{display: none;}\n        .kheadergeneral__singleImgMob{display: block;}\n        .kheadergeneral__single{flex-direction: column; margin-top: 30px;}\n        .kheadergeneral__singleLeft{width: calc(100% - 30px); padding-left: 15px; padding-right: 15px;}\n        .kheadergeneral__singleRight{width: 100%; margin-top: 30px;}\n        .kheadergeneral__singleLeft h1{font-size: 24px;}\n        .kheadergeneral__singleLeft a{margin-top: 15px;}\n\n        .kheadergeneral__singleRightMask{position: absolute; top: -1px; width: calc(100%); height: calc(100% + 2px);\n            background: url(\"https:\/\/antaresvisiongroup.com\/food\/wp-content\/themes\/mercury_theme\/assets\/images\/Mask-hero-invertita-general.svg\"); background-repeat: no-repeat;\n            background-size: contain;\n        }\n    }\n\n    \/* ipad *\/\n    @media screen and (min-width: 768px) and  (max-width: 992px){\n        .kheadergeneral__singleLeft{width: calc(45% - 15px); padding-left: 15px;}\n        .kheadergeneral__singleRight{width: 55%;}\n        .kheadergeneral__singleLeft h1{font-size: 26px; margin-bottom: 20px;}\n        .kheadergeneral__singleLeft a{margin-top: 10px;}\n        .kheadergeneral__singleDesc{display: none;}\n    }\n\n    \/* ipad pro *\/\n    @media screen and (min-width: 992px) and  (max-width: 1200px){\n        .kheadergeneral__singleLeft{width: calc(45% - 15px); padding-left: 15px;}\n        .kheadergeneral__singleRight{width: 55%;}\n        .kheadergeneral__singleLeft h1{font-size: 30px; margin-bottom: 0;}\n        .kheadergeneral__singleLeft a{margin-top: 10px;}\n    }\n\n<\/style>\n\n\n<div class=\"kbreadcrumb\" id=\"k_year\">\n    <div class=\"pure-container\">\n        <div class=\"pure-g\">\n            <div class=\"pure-u-1-1\">\n                <div class=\"breadcrumbs\"><a href=\"https:\/\/antaresvisiongroup.com\/food\">Home<\/a> | <\/div>            <\/div>\n        <\/div>\n    <\/div>\n<\/div>\n\n<style>\n\n    .kbreadcrumb{max-width: 1330px; margin-right: auto; margin-left: auto; font-size: 14px; color: #222222; padding-top: 15px; padding-bottom: 15px;\n        font-family: 'Exo', sans-serif;}\n    .kbreadcrumb a{color: inherit; text-decoration: none;}\n\n    \/* mobile *\/\n    @media screen and (max-width: 767px) {\n        .kbreadcrumb{padding-right: 15px; padding-left: 15px;}\n    }\n\n    \/* ipad *\/\n    @media screen and (min-width: 768px) and  (max-width: 992px){\n        .kbreadcrumb{padding-right: 15px; padding-left: 15px;}\n    }\n\n    \/* ipad pro *\/\n    @media screen and (min-width: 992px) and  (max-width: 1200px){\n        .kbreadcrumb{padding-right: 15px; padding-left: 15px;}\n    }\n\n<\/style>\n\n    <div class=\"pure-containerFluid pureCol \">\n    <div class=\"pure-container\">         <div class=\"pure-row\">\n            <div class=\"pure-g\">\n                <div class=\"pure-u-1-1 pure-u-md-24-24 offset-md-0\">\n\n\n\n\n<style>\n\n    .formContacts input[type=\"submit\"]{ background-color: rgb(,,); border: 0;\n    color: #ffffff; text-transform: uppercase; padding: 20px; font-size: 16px; font-family: 'Roboto', sans-serif;\n    min-width: 250px; font-weight: 600; cursor: pointer; margin-top: 30px;}\n    .pureCol a{color: rgb(,,);}\n\n    \/* mobile *\/\n    @media screen and (max-width: 767px) {\n\n    }\n\n    \/* ipad *\/\n    @media screen and (min-width: 768px) and  (max-width: 992px){\n\n    }\n\n    \/* ipad pro *\/\n    @media screen and (min-width: 992px) and  (max-width: 1200px){\n\n    }\n\n<\/style>\n\n\n<div class=\"wp-block-columns is-layout-flex wp-container-core-columns-is-layout-9d6595d7 wp-block-columns-is-layout-flex\">\n<div class=\"wp-block-column is-vertically-aligned-center is-layout-flow wp-block-column-is-layout-flow\">\n<figure class=\"wp-block-image size-full\"><img loading=\"lazy\" decoding=\"async\" width=\"900\" height=\"900\" src=\"https:\/\/antaresvisiongroup.com\/food\/wp-content\/uploads\/sites\/2\/2023\/02\/ALL-IN-ONE_inspection_technologies.jpg\" alt=\"[] - Antares Vision Group\" class=\"wp-image-1113\" srcset=\"https:\/\/antaresvisiongroup.com\/food\/wp-content\/uploads\/sites\/2\/2023\/02\/ALL-IN-ONE_inspection_technologies.jpg 900w, https:\/\/antaresvisiongroup.com\/food\/wp-content\/uploads\/sites\/2\/2023\/02\/ALL-IN-ONE_inspection_technologies-300x300.jpg 300w, https:\/\/antaresvisiongroup.com\/food\/wp-content\/uploads\/sites\/2\/2023\/02\/ALL-IN-ONE_inspection_technologies-768x768.jpg 768w\" sizes=\"auto, (max-width: 900px) 100vw, 900px\" \/><\/figure>\n<\/div>\n\n\n\n<div class=\"wp-block-column is-vertically-aligned-center is-layout-flow wp-block-column-is-layout-flow\">\n<p>ALL-IN-ONE est la nouvelle g\u00e9n\u00e9ration de machines d&#8217;ANTARES VISION GROUP qui, en int\u00e9grant des technologies multiples et innovantes dans une seule solution, g\u00e9n\u00e8re une toute nouvelle approche du contr\u00f4le qualit\u00e9 pour l&#8217;industrie alimentaire.<\/p>\n\n\n\n<p>Une solution innovante, unique sur le march\u00e9, capable de combiner l&#8217;optimisation de l&#8217;espace et l&#8217;organisation de la production avec la n\u00e9cessit\u00e9 d&#8217;effectuer de multiples contr\u00f4les en temps r\u00e9el de chaque produit individuel. Avec une seule machine install\u00e9e sur chaque ligne de production, il est d\u00e9sormais possible de r\u00e9pondre aux diff\u00e9rentes exigences de qualit\u00e9 qui impliquent l\u2019utilisation simultan\u00e9e de diff\u00e9rentes technologies.<\/p>\n\n\n\n<p>Vous n&#8217;avez plus besoin de vous demander combien de machines de contr\u00f4le vous devez installer sur votre ligne&nbsp;; Il vous suffit de r\u00e9fl\u00e9chir aux inspections que vous souhaitez mettre en \u0153uvre dans votre syst\u00e8me ALL-IN-ONE.<\/p>\n<\/div>\n<\/div>\n\n\n\n<p class=\"has-text-align-center has-medium-font-size\"><em>S\u00e9lectionnez des exemples de configuration ci-dessous pour plus de d\u00e9tailsonfiguraci\u00f3n a continuaci\u00f3n para conocer los detalles<\/em><\/p>\n\n\n\n<hr class=\"wp-block-separator has-alpha-channel-opacity\" \/>\n\n\n\n<div class=\"wp-block-columns is-layout-flex wp-container-core-columns-is-layout-9d6595d7 wp-block-columns-is-layout-flex\">\n<div class=\"wp-block-column is-layout-flow wp-block-column-is-layout-flow\">\n<div class=\"wp-block-columns is-layout-flex wp-container-core-columns-is-layout-9d6595d7 wp-block-columns-is-layout-flex\">\n<div class=\"wp-block-column is-layout-flow wp-block-column-is-layout-flow\" style=\"flex-basis:33.33%\">\n<figure class=\"wp-block-image aligncenter size-full\"><img loading=\"lazy\" decoding=\"async\" width=\"900\" height=\"900\" src=\"https:\/\/antaresvisiongroup.com\/food\/wp-content\/uploads\/sites\/2\/2022\/11\/ALL-IN-ONE_Leak_Xray_inspection_Weighing.jpg\" alt=\"[] - Antares Vision Group\" class=\"wp-image-276\" srcset=\"https:\/\/antaresvisiongroup.com\/food\/wp-content\/uploads\/sites\/2\/2022\/11\/ALL-IN-ONE_Leak_Xray_inspection_Weighing.jpg 900w, https:\/\/antaresvisiongroup.com\/food\/wp-content\/uploads\/sites\/2\/2022\/11\/ALL-IN-ONE_Leak_Xray_inspection_Weighing-300x300.jpg 300w, https:\/\/antaresvisiongroup.com\/food\/wp-content\/uploads\/sites\/2\/2022\/11\/ALL-IN-ONE_Leak_Xray_inspection_Weighing-768x768.jpg 768w\" sizes=\"auto, (max-width: 900px) 100vw, 900px\" \/><\/figure>\n<\/div>\n\n\n\n<div class=\"wp-block-column is-vertically-aligned-center is-layout-flow wp-block-column-is-layout-flow\" style=\"flex-basis:66.66%\">\n<h3 class=\"wp-block-heading has-text-color has-medium-font-size\" style=\"color:#575756\"><strong>ALL-IN-ONE avec LDS \/ XR \/ CW<\/strong><\/h3>\n\n\n\n<p>ALL-IN-ONE avec d\u00e9tection de microfuites, inspection aux rayons X et contr\u00f4le du poids<\/p>\n\n\n\n<p><a href=\"https:\/\/antaresvisiongroup.com\/food\/fr\/products\/all-in-one-avec-lds-xr-cw\/\">VOIR LES D\u00c9TAILS<\/a><\/p>\n<\/div>\n<\/div>\n<\/div>\n\n\n\n<div class=\"wp-block-column is-layout-flow wp-block-column-is-layout-flow\">\n<div class=\"wp-block-columns is-layout-flex wp-container-core-columns-is-layout-9d6595d7 wp-block-columns-is-layout-flex\">\n<div class=\"wp-block-column is-layout-flow wp-block-column-is-layout-flow\" style=\"flex-basis:33.33%\">\n<figure class=\"wp-block-image aligncenter size-full\"><img loading=\"lazy\" decoding=\"async\" width=\"900\" height=\"900\" src=\"https:\/\/antaresvisiongroup.com\/food\/wp-content\/uploads\/sites\/2\/2023\/01\/Label_Seal_inspection.jpg\" alt=\"[] - Antares Vision Group\" class=\"wp-image-3195\" srcset=\"https:\/\/antaresvisiongroup.com\/food\/wp-content\/uploads\/sites\/2\/2023\/01\/Label_Seal_inspection.jpg 900w, https:\/\/antaresvisiongroup.com\/food\/wp-content\/uploads\/sites\/2\/2023\/01\/Label_Seal_inspection-300x300.jpg 300w, https:\/\/antaresvisiongroup.com\/food\/wp-content\/uploads\/sites\/2\/2023\/01\/Label_Seal_inspection-768x768.jpg 768w\" sizes=\"auto, (max-width: 900px) 100vw, 900px\" \/><\/figure>\n<\/div>\n\n\n\n<div class=\"wp-block-column is-vertically-aligned-center is-layout-flow wp-block-column-is-layout-flow\" style=\"flex-basis:66.66%\">\n<h3 class=\"wp-block-heading has-text-color has-medium-font-size\" style=\"color:#575756\"><strong>ALL-IN-ONE avec IE \/ SER \/ SIS<\/strong><\/h3>\n\n\n\n<p>ALL-IN-ONE avec inspection code et \u00e9tiquette, plateforme Track&amp;Trace et contr\u00f4le de zone de scellage<\/p>\n\n\n\n<p><a href=\"https:\/\/antaresvisiongroup.com\/food\/fr\/products\/all-in-one-avec-ie-ser-sis\/\">VOIR LES D\u00c9TAILS<\/a><\/p>\n<\/div>\n<\/div>\n<\/div>\n<\/div>\n\n\n\n                <\/div>\n            <\/div>\n        <\/div>\n     <\/div> <\/div>\n\n<style>\n\n    \/* mobile *\/\n    @media screen and (max-width: 767px) {\n\n    }\n\n    \/* ipad *\/\n    @media screen and (min-width: 768px) and  (max-width: 992px){\n\n    }\n\n    \/* ipad pro *\/\n    @media screen and (min-width: 992px) and  (max-width: 1200px){\n\n    }\n\n<\/style>","protected":false},"excerpt":{"rendered":"<p>ALL-IN-ONE est la nouvelle g\u00e9n\u00e9ration de machines d&#8217;ANTARES VISION GROUP qui, en int\u00e9grant des technologies&#8230;<\/p>\n","protected":false},"author":6,"featured_media":0,"parent":2619,"menu_order":18,"comment_status":"closed","ping_status":"closed","template":"","meta":{"_acf_changed":false,"footnotes":""},"class_list":["post-3086","page","type-page","status-publish","hentry"],"acf":[],"lang":"fr","translations":{"fr":3086,"en":1172,"it":1170,"es":3084,"pt":4682},"pll_sync_post":[],"_links":{"self":[{"href":"https:\/\/antaresvisiongroup.com\/food\/wp-json\/wp\/v2\/pages\/3086","targetHints":{"allow":["GET"]}}],"collection":[{"href":"https:\/\/antaresvisiongroup.com\/food\/wp-json\/wp\/v2\/pages"}],"about":[{"href":"https:\/\/antaresvisiongroup.com\/food\/wp-json\/wp\/v2\/types\/page"}],"author":[{"embeddable":true,"href":"https:\/\/antaresvisiongroup.com\/food\/wp-json\/wp\/v2\/users\/6"}],"replies":[{"embeddable":true,"href":"https:\/\/antaresvisiongroup.com\/food\/wp-json\/wp\/v2\/comments?post=3086"}],"version-history":[{"count":4,"href":"https:\/\/antaresvisiongroup.com\/food\/wp-json\/wp\/v2\/pages\/3086\/revisions"}],"predecessor-version":[{"id":3209,"href":"https:\/\/antaresvisiongroup.com\/food\/wp-json\/wp\/v2\/pages\/3086\/revisions\/3209"}],"up":[{"embeddable":true,"href":"https:\/\/antaresvisiongroup.com\/food\/wp-json\/wp\/v2\/pages\/2619"}],"wp:attachment":[{"href":"https:\/\/antaresvisiongroup.com\/food\/wp-json\/wp\/v2\/media?parent=3086"}],"curies":[{"name":"wp","href":"https:\/\/api.w.org\/{rel}","templated":true}]}}