{"id":3350,"date":"2024-05-02T10:55:54","date_gmt":"2024-05-02T08:55:54","guid":{"rendered":"https:\/\/antaresvisiongroup.com\/food\/?page_id=3350"},"modified":"2024-06-17T14:29:50","modified_gmt":"2024-06-17T12:29:50","slug":"packital","status":"publish","type":"page","link":"https:\/\/antaresvisiongroup.com\/food\/it\/packital\/","title":{"rendered":"Packital"},"content":{"rendered":"\n<div class=\"pure-containerFluid kheadergeneral\">\n    <div class=\"kheadergeneral__single\">\n        <div class=\"kheadergeneral__singleLeft\">\n            <div class=\"kheadergeneral__singleCont\">\n                <div class=\"kheadergeneral__singleLine\"><\/div>\n\n                                    <h1>Packital <\/h1>\n                \n                            <\/div>\n        <\/div>\n        <div class=\"kheadergeneral__singleRight\">\n            <div class=\"kheadergeneral__singleRightMask\"><\/div>\n            <img decoding=\"async\" class=\"kheadergeneral__singleImgDesk\" loading=\"lazy\" width=\"1300\" height=\"336\" src=\"https:\/\/antaresvisiongroup.com\/food\/wp-content\/uploads\/sites\/2\/2024\/05\/Banner_landing_page_Packital_desktop_2025_05_02.jpg\" alt=\"[] - Antares Vision Group\">\n            <img decoding=\"async\" class=\"kheadergeneral__singleImgMob\" loading=\"lazy\" width=\"600\" height=\"400\" src=\"https:\/\/antaresvisiongroup.com\/food\/wp-content\/uploads\/sites\/2\/2024\/05\/Banner_landing_page_Packital_mobile_2024_05_02_.jpg\" alt=\"[] - Antares Vision Group\">\n        <\/div>\n    <\/div>\n<\/div>\n\n<style>\n\n    .kheadergeneral__singleRightMask{position: absolute; left: -1px; top: -1px; width: calc(100% + 2px); height: calc(100% + 2px);\n        background: url(\"https:\/\/antaresvisiongroup.com\/food\/wp-content\/themes\/mercury_theme\/assets\/images\/Mask-hero-invertita-2.svg\"); background-repeat: no-repeat;\n        background-size: contain; }\n\n    .kheadergeneral{\/*max-width: 2000px; margin-left: auto; margin-right: auto;*\/}\n    .kheadergeneral__singleLine{height: 2px;width: 50%; background-color: #d45d00; margin-bottom: 20px;}\n    .kheadergeneral__single{display: flex; align-items: center;}\n    .kheadergeneral__singleLeft{width: 45%;}\n    .kheadergeneral__singleCont{max-width: 600px; margin-left: auto; margin-right: auto;}\n    .kheadergeneral__singleLeft h1{color: #d45d00; font-weight: 600; font-size: 37px; line-height: 1.1;}\n    .kheadergeneral__singleLeft a{display: flex;align-items: center;color: #d45d00;font-size: 15px;font-weight: 600;margin-top: 40px; text-decoration: none;}\n    .kheadergeneral__singleLeft svg{margin-left: 20px; margin-bottom: 2px;}\n    .kheadergeneral__singleLeft svg rect{fill: #d45d00; }\n    .kheadergeneral__singleRight{width: 55%; position: relative; display: flex; align-items: center;}\n    .kheadergeneral__single img{width: 100%; height: auto;}\n    .kheadergeneral__singleImgMob{display: none;}\n\n    \/* mobile *\/\n    @media screen and (max-width: 767px) {\n        .kheadergeneral__singleImgDesk{display: none;}\n        .kheadergeneral__singleImgMob{display: block;}\n        .kheadergeneral__single{flex-direction: column; margin-top: 30px;}\n        .kheadergeneral__singleLeft{width: calc(100% - 30px); padding-left: 15px; padding-right: 15px;}\n        .kheadergeneral__singleRight{width: 100%; margin-top: 30px;}\n        .kheadergeneral__singleLeft h1{font-size: 24px;}\n        .kheadergeneral__singleLeft a{margin-top: 15px;}\n\n        .kheadergeneral__singleRightMask{position: absolute; top: -1px; width: calc(100%); height: calc(100% + 2px);\n            background: url(\"https:\/\/antaresvisiongroup.com\/food\/wp-content\/themes\/mercury_theme\/assets\/images\/Mask-hero-invertita-general.svg\"); background-repeat: no-repeat;\n            background-size: contain;\n        }\n    }\n\n    \/* ipad *\/\n    @media screen and (min-width: 768px) and  (max-width: 992px){\n        .kheadergeneral__singleLeft{width: calc(45% - 15px); padding-left: 15px;}\n        .kheadergeneral__singleRight{width: 55%;}\n        .kheadergeneral__singleLeft h1{font-size: 26px; margin-bottom: 20px;}\n        .kheadergeneral__singleLeft a{margin-top: 10px;}\n        .kheadergeneral__singleDesc{display: none;}\n    }\n\n    \/* ipad pro *\/\n    @media screen and (min-width: 992px) and  (max-width: 1200px){\n        .kheadergeneral__singleLeft{width: calc(45% - 15px); padding-left: 15px;}\n        .kheadergeneral__singleRight{width: 55%;}\n        .kheadergeneral__singleLeft h1{font-size: 30px; margin-bottom: 0;}\n        .kheadergeneral__singleLeft a{margin-top: 10px;}\n    }\n\n<\/style>\n\n\n<div class=\"kbreadcrumb\" id=\"k_year\">\n    <div class=\"pure-container\">\n        <div class=\"pure-g\">\n            <div class=\"pure-u-1-1\">\n                <div class=\"breadcrumbs\"><a href=\"https:\/\/antaresvisiongroup.com\/food\">Home<\/a> | <\/div>            <\/div>\n        <\/div>\n    <\/div>\n<\/div>\n\n<style>\n\n    .kbreadcrumb{max-width: 1330px; margin-right: auto; margin-left: auto; font-size: 14px; color: #222222; padding-top: 15px; padding-bottom: 15px;\n        font-family: 'Exo', sans-serif;}\n    .kbreadcrumb a{color: inherit; text-decoration: none;}\n\n    \/* mobile *\/\n    @media screen and (max-width: 767px) {\n        .kbreadcrumb{padding-right: 15px; padding-left: 15px;}\n    }\n\n    \/* ipad *\/\n    @media screen and (min-width: 768px) and  (max-width: 992px){\n        .kbreadcrumb{padding-right: 15px; padding-left: 15px;}\n    }\n\n    \/* ipad pro *\/\n    @media screen and (min-width: 992px) and  (max-width: 1200px){\n        .kbreadcrumb{padding-right: 15px; padding-left: 15px;}\n    }\n\n<\/style>\n\n\n<div class=\"pure-containerFluid kicondesc\">\n    <div class=\"pure-container\">\n        <div class=\"pure-g\">\n                        <div class=\"pure-u-1-1 pure-u-md-8-24\">\n                                    <img decoding=\"async\" class=\"kicondescIcon kanimate\" data-animate=\"animFromLeft 0.8s forwards\" loading=\"lazy\" src=\"https:\/\/antaresvisiongroup.com\/food\/wp-content\/uploads\/sites\/2\/2024\/04\/Progetto-senza-titolo-94.png\" width=\"219\" height=\"219\" alt=\"[] - Antares Vision Group\">\n                            <\/div>\n                        <div class=\"pure-u-1-1 pure-u-md-16-24 kanimate   \" data-animate=\"animFromBottom 0.8s 0.2s forwards\">\n                                    <h2 class=\"\">Packital \u00e8 parte di Antares Vision Group<\/h2>\n                \n                                    <div class=\"kicondesc__desc\"><p>Packital Srl \u00e8 entrata a far parte, attraverso FT System, di Antares Vision Group, multinazionale italiana leader nella tracciabilit\u00e0 e nel controllo qualit\u00e0, che garantisce la trasparenza dei prodotti e delle catene di fornitura attraverso una gestione integrata dei dati.<\/p>\n<p>I sistemi Packital si inseriscono all\u2019interno dell\u2019ecosistema di soluzioni del Gruppo fornendo soluzioni per la pesatura dinamica e la movimentazione prodotto progettate specificamente per ambienti aggressivi e\/o umidi, tipici dell\u2019industria chimica, petrolchimica, conserviera, molitoria, ecc\u2026<\/p>\n<p>Il servizio di verificazione periodica delle selezionatrici ponderali certificate rimane attivo, tramite l\u2019Organismo di Ispezione FT System: <a href=\"https:\/\/antaresvisiongroup.com\/food\/it\/products\/verificazione-periodica\/\">clicca qui per avere maggiori informazioni<\/a><\/p>\n<\/div>\n                            <\/div>\n        <\/div>\n    <\/div>\n<\/div>\n\n<style>\n\n    .kicondesc{margin-top: 50px; margin-bottom: 50px;}\n    .kicondescIcon{max-width: 200px; width: 100%; height: auto; display: flex;align-items: center;margin-left: auto;margin-right: auto;}\n    .kicondesc h2{font-weight: 400; color: rgb(,,); font-size: 32px; line-height: 1.1;}\n    .kicondesc h2.mb-0{margin-bottom: 0!important;}\n    .kicondesc__desc{font-size: 16px;}\n    .kicondesc .kanimate{opacity: 0;}\n    .kicondesc__right{display: flex; flex-direction: column; justify-content: center;}\n    .kicondesc__noTitle{display: flex; align-items: center;}\n\n    .kicondesc .kbutton.kbutton__button{cursor: pointer; background-color: rgba(,,, 0.08);\n        color: rgb(,,); padding: 20px 20px; font-weight: 500; text-decoration: none; margin-top: 20px;\n        display: flex; justify-content: space-between; width: calc(100% - 40px); max-width: 280px; align-items: center;}\n\n    \/* mobile *\/\n    @media screen and (max-width: 767px) {\n        .kicondesc{margin-top: 20px;}\n        .kicondescIcon{max-width: 150px; margin-left: 0; margin-bottom: 15px;}\n    }\n\n    \/* ipad *\/\n    @media screen and (min-width: 768px) and  (max-width: 992px){\n\n    }\n\n    \/* ipad pro *\/\n    @media screen and (min-width: 992px) and  (max-width: 1200px){\n\n    }\n\n<\/style>\n\n\n<div class=\"ksolutionsbyindustries pure-container\">\n    <div class=\"pure-g\">\n                <div class=\"pure-u-1-1\"><h2 style=\"color: rgb(,,);\">SELEZIONATRICI PONDERALI<\/h2><\/div>\n                    <div class=\"pure-u-1-1 pure-u-md-1-2 pure-u-lg-1-2 pure-u-xl-1-3\">\n                <div class=\"ksolutionsbyindustries__single single0\" style=\"border: 3px solid #d45d00; transition: all 0.3s;\">\n                                            <a href=\"https:\/\/antaresvisiongroup.com\/food\/it\/products\/serie-c\/\" target=\"\">\n                                               <h3 style=\"color: #d45d00; transition: all 0.3s;\">Serie AC<\/h3>\n                            <h4 style=\"color: #d45d00; transition: all 0.3s;\"><\/h4>\n                                                            <svg id=\"Livello_1\" data-name=\"Livello 1\" xmlns=\"http:\/\/www.w3.org\/2000\/svg\" xmlns:xlink=\"http:\/\/www.w3.org\/1999\/xlink\" width=\"14\" height=\"14\" viewBox=\"0 0 14 14\"><defs><style>.cls-1{fill:none;}.cls-2{clip-path:url(#clip-path);}.cls-3{clip-path:url(#clip-path-2);}.cls-4{isolation:isolate;}.cls-5{clip-path:url(#clip-path-3);}.cls-6{fill:#fff;}<\/style><clipPath id=\"clip-path\" transform=\"translate(0.5 0.2875)\"><polygon class=\"cls-1\" points=\"1.599 12.712 0.5 11.613 9.844 2.269 1.324 2.269 1.324 0.712 12.5 0.712 12.5 11.889 10.943 11.889 10.943 3.369 1.599 12.712\"\/><\/clipPath><clipPath id=\"clip-path-2\" transform=\"translate(0.5 0.2875)\"><rect class=\"cls-1\" x=\"-1141.5\" y=\"-1543.2875\" width=\"1680\" height=\"4771\"\/><\/clipPath><clipPath id=\"clip-path-3\" transform=\"translate(0.5 0.2875)\">\n                                    <rect style=\"fill: #d45d00; transition: all 0.3s;\" class=\"cls-1\" x=\"0.5\" y=\"0.7125\" width=\"12\" height=\"12\"\/><\/clipPath><\/defs><title>k-arrow-white<\/title><g class=\"cls-2\"><g class=\"cls-3\"><g class=\"cls-4\"><g class=\"cls-5\"><g class=\"cls-5\">\n                                    <rect style=\"fill: #d45d00; transition: all 0.3s; \" class=\"cls-6\" width=\"14\" height=\"14\"\/>\n                                    <rect style=\"fill: #d45d00; transition: all 0.3s; \" class=\"cls-6\" width=\"14\" height=\"14\"\/><\/g><\/g><\/g><\/g><\/g><\/svg>\n\n                        <\/a>\n\n                        <style>\n                            .single0.ksolutionsbyindustries__single:hover{background-color: #d45d00; border-color: #d45d00!important; transition: all 0.3s;}\n                            .single0.ksolutionsbyindustries__single:hover h3{color: #ffffff!important; transition: all 0.3s;}\n                            .single0.ksolutionsbyindustries__single:hover h4{color: #ffffff!important; transition: all 0.3s;}\n                            .single0.ksolutionsbyindustries__single:hover svg rect{fill: #ffffff!important; transition: all 0.3s;}\n                        <\/style>\n                                    <\/div>\n            <\/div>\n                    <div class=\"pure-u-1-1 pure-u-md-1-2 pure-u-lg-1-2 pure-u-xl-1-3\">\n                <div class=\"ksolutionsbyindustries__single single1\" style=\"border: 3px solid #d45d00; transition: all 0.3s;\">\n                                            <a href=\"https:\/\/antaresvisiongroup.com\/food\/it\/products\/serie-f\/\" target=\"\">\n                                               <h3 style=\"color: #d45d00; transition: all 0.3s;\">Serie F<\/h3>\n                            <h4 style=\"color: #d45d00; transition: all 0.3s;\"><\/h4>\n                                                            <svg id=\"Livello_1\" data-name=\"Livello 1\" xmlns=\"http:\/\/www.w3.org\/2000\/svg\" xmlns:xlink=\"http:\/\/www.w3.org\/1999\/xlink\" width=\"14\" height=\"14\" viewBox=\"0 0 14 14\"><defs><style>.cls-1{fill:none;}.cls-2{clip-path:url(#clip-path);}.cls-3{clip-path:url(#clip-path-2);}.cls-4{isolation:isolate;}.cls-5{clip-path:url(#clip-path-3);}.cls-6{fill:#fff;}<\/style><clipPath id=\"clip-path\" transform=\"translate(0.5 0.2875)\"><polygon class=\"cls-1\" points=\"1.599 12.712 0.5 11.613 9.844 2.269 1.324 2.269 1.324 0.712 12.5 0.712 12.5 11.889 10.943 11.889 10.943 3.369 1.599 12.712\"\/><\/clipPath><clipPath id=\"clip-path-2\" transform=\"translate(0.5 0.2875)\"><rect class=\"cls-1\" x=\"-1141.5\" y=\"-1543.2875\" width=\"1680\" height=\"4771\"\/><\/clipPath><clipPath id=\"clip-path-3\" transform=\"translate(0.5 0.2875)\">\n                                    <rect style=\"fill: #d45d00; transition: all 0.3s;\" class=\"cls-1\" x=\"0.5\" y=\"0.7125\" width=\"12\" height=\"12\"\/><\/clipPath><\/defs><title>k-arrow-white<\/title><g class=\"cls-2\"><g class=\"cls-3\"><g class=\"cls-4\"><g class=\"cls-5\"><g class=\"cls-5\">\n                                    <rect style=\"fill: #d45d00; transition: all 0.3s; \" class=\"cls-6\" width=\"14\" height=\"14\"\/>\n                                    <rect style=\"fill: #d45d00; transition: all 0.3s; \" class=\"cls-6\" width=\"14\" height=\"14\"\/><\/g><\/g><\/g><\/g><\/g><\/svg>\n\n                        <\/a>\n\n                        <style>\n                            .single1.ksolutionsbyindustries__single:hover{background-color: #d45d00; border-color: #d45d00!important; transition: all 0.3s;}\n                            .single1.ksolutionsbyindustries__single:hover h3{color: #ffffff!important; transition: all 0.3s;}\n                            .single1.ksolutionsbyindustries__single:hover h4{color: #ffffff!important; transition: all 0.3s;}\n                            .single1.ksolutionsbyindustries__single:hover svg rect{fill: #ffffff!important; transition: all 0.3s;}\n                        <\/style>\n                                    <\/div>\n            <\/div>\n            <\/div>\n<\/div>\n\n<style>\n\n    .ksolutionsbyindustries{margin-top: 100px;}\n    .ksolutionsbyindustries h2{font-size: 30px; margin-bottom: 40px;}\n    .ksolutionsbyindustries__single{margin-bottom: 30px; align-items: center; display: flex;}\n    .ksolutionsbyindustries__single a, .ksolutionsbyindustries__singleNoLink{color: inherit; text-decoration: unset; display: flex; align-items: end; padding: 40px 20px; position: relative; width: 100%;}\n    .ksolutionsbyindustries__single h3{margin-bottom: 0; margin-top: 0; font-size: 22px;}\n    .ksolutionsbyindustries__single h4{margin-bottom: 3px; margin-top: 0; font-size: 14px; margin-left: 8px;}\n    .ksolutionsbyindustries__single svg{margin-left: auto; margin-bottom: 7px; width: 14px; height: 14px;}\n\n    \/* mobile *\/\n    @media screen and (max-width: 767px) {\n        .ksolutionsbyindustries{margin-top: 50px;}\n        .ksolutionsbyindustries h2{margin-bottom: 20px; font-size: 24px;}\n        .ksolutionsbyindustries__single{margin-bottom: 15px;}\n        .ksolutionsbyindustries__single h3{font-size: 20px;}\n        .ksolutionsbyindustries__single h4{margin-bottom: 0;}\n        .ksolutionsbyindustries__single a, .ksolutionsbyindustries__singleNoLink{flex-direction: column; padding: 20px 26px 20px 5px; align-items: baseline;}\n        .ksolutionsbyindustries__single svg{position: absolute; right: 12px; top: 35px; margin-bottom: 0;}\n    }\n\n    \/* ipad *\/\n    @media screen and (min-width: 768px) and  (max-width: 992px){\n        .ksolutionsbyindustries__single a, .ksolutionsbyindustries__singleNoLink{padding: 30px 12px;}\n        .ksolutionsbyindustries__single h3{font-size: 20px;}\n    }\n\n    \/* ipad pro *\/\n    @media screen and (min-width: 992px) and  (max-width: 1200px){\n\n    }\n\n<\/style>\n\n<script>\n    window.addEventListener('DOMContentLoaded', function() {\n        jQuery(function ($) {\n            $(window).on(\"load resize\",function(e){\n                var highestBox = 0;\n                $('.ksolutionsbyindustries__single').each(function(){\n                    if($(this).height() > highestBox) {\n                        highestBox = $(this).height();\n                    }\n                });\n                $('.ksolutionsbyindustries__single').css('min-height',highestBox);\n            });\n        });\n    });\n<\/script>\n\n\n\n\n<div class=\"ksolutionsbyindustries pure-container\">\n    <div class=\"pure-g\">\n                <div class=\"pure-u-1-1\"><h2 style=\"color: rgb(,,);\">MOVIMENTAZIONE PRODOTTO<\/h2><\/div>\n                    <div class=\"pure-u-1-1 pure-u-md-1-2 pure-u-lg-1-2 pure-u-xl-1-3\">\n                <div class=\"ksolutionsbyindustries__single single0\" style=\"border: 3px solid #d45d00; transition: all 0.3s;\">\n                                            <a href=\"https:\/\/antaresvisiongroup.com\/food\/it\/products\/divisori-allineatori\/\" target=\"\">\n                                               <h3 style=\"color: #d45d00; transition: all 0.3s;\">Divisori\/Allineatori<\/h3>\n                            <h4 style=\"color: #d45d00; transition: all 0.3s;\"><\/h4>\n                                                            <svg id=\"Livello_1\" data-name=\"Livello 1\" xmlns=\"http:\/\/www.w3.org\/2000\/svg\" xmlns:xlink=\"http:\/\/www.w3.org\/1999\/xlink\" width=\"14\" height=\"14\" viewBox=\"0 0 14 14\"><defs><style>.cls-1{fill:none;}.cls-2{clip-path:url(#clip-path);}.cls-3{clip-path:url(#clip-path-2);}.cls-4{isolation:isolate;}.cls-5{clip-path:url(#clip-path-3);}.cls-6{fill:#fff;}<\/style><clipPath id=\"clip-path\" transform=\"translate(0.5 0.2875)\"><polygon class=\"cls-1\" points=\"1.599 12.712 0.5 11.613 9.844 2.269 1.324 2.269 1.324 0.712 12.5 0.712 12.5 11.889 10.943 11.889 10.943 3.369 1.599 12.712\"\/><\/clipPath><clipPath id=\"clip-path-2\" transform=\"translate(0.5 0.2875)\"><rect class=\"cls-1\" x=\"-1141.5\" y=\"-1543.2875\" width=\"1680\" height=\"4771\"\/><\/clipPath><clipPath id=\"clip-path-3\" transform=\"translate(0.5 0.2875)\">\n                                    <rect style=\"fill: #d45d00; transition: all 0.3s;\" class=\"cls-1\" x=\"0.5\" y=\"0.7125\" width=\"12\" height=\"12\"\/><\/clipPath><\/defs><title>k-arrow-white<\/title><g class=\"cls-2\"><g class=\"cls-3\"><g class=\"cls-4\"><g class=\"cls-5\"><g class=\"cls-5\">\n                                    <rect style=\"fill: #d45d00; transition: all 0.3s; \" class=\"cls-6\" width=\"14\" height=\"14\"\/>\n                                    <rect style=\"fill: #d45d00; transition: all 0.3s; \" class=\"cls-6\" width=\"14\" height=\"14\"\/><\/g><\/g><\/g><\/g><\/g><\/svg>\n\n                        <\/a>\n\n                        <style>\n                            .single0.ksolutionsbyindustries__single:hover{background-color: #d45d00; border-color: #d45d00!important; transition: all 0.3s;}\n                            .single0.ksolutionsbyindustries__single:hover h3{color: #ffffff!important; transition: all 0.3s;}\n                            .single0.ksolutionsbyindustries__single:hover h4{color: #ffffff!important; transition: all 0.3s;}\n                            .single0.ksolutionsbyindustries__single:hover svg rect{fill: #ffffff!important; transition: all 0.3s;}\n                        <\/style>\n                                    <\/div>\n            <\/div>\n            <\/div>\n<\/div>\n\n<style>\n\n    .ksolutionsbyindustries{margin-top: 100px;}\n    .ksolutionsbyindustries h2{font-size: 30px; margin-bottom: 40px;}\n    .ksolutionsbyindustries__single{margin-bottom: 30px; align-items: center; display: flex;}\n    .ksolutionsbyindustries__single a, .ksolutionsbyindustries__singleNoLink{color: inherit; text-decoration: unset; display: flex; align-items: end; padding: 40px 20px; position: relative; width: 100%;}\n    .ksolutionsbyindustries__single h3{margin-bottom: 0; margin-top: 0; font-size: 22px;}\n    .ksolutionsbyindustries__single h4{margin-bottom: 3px; margin-top: 0; font-size: 14px; margin-left: 8px;}\n    .ksolutionsbyindustries__single svg{margin-left: auto; margin-bottom: 7px; width: 14px; height: 14px;}\n\n    \/* mobile *\/\n    @media screen and (max-width: 767px) {\n        .ksolutionsbyindustries{margin-top: 50px;}\n        .ksolutionsbyindustries h2{margin-bottom: 20px; font-size: 24px;}\n        .ksolutionsbyindustries__single{margin-bottom: 15px;}\n        .ksolutionsbyindustries__single h3{font-size: 20px;}\n        .ksolutionsbyindustries__single h4{margin-bottom: 0;}\n        .ksolutionsbyindustries__single a, .ksolutionsbyindustries__singleNoLink{flex-direction: column; padding: 20px 26px 20px 5px; align-items: baseline;}\n        .ksolutionsbyindustries__single svg{position: absolute; right: 12px; top: 35px; margin-bottom: 0;}\n    }\n\n    \/* ipad *\/\n    @media screen and (min-width: 768px) and  (max-width: 992px){\n        .ksolutionsbyindustries__single a, .ksolutionsbyindustries__singleNoLink{padding: 30px 12px;}\n        .ksolutionsbyindustries__single h3{font-size: 20px;}\n    }\n\n    \/* ipad pro *\/\n    @media screen and (min-width: 992px) and  (max-width: 1200px){\n\n    }\n\n<\/style>\n\n<script>\n    window.addEventListener('DOMContentLoaded', function() {\n        jQuery(function ($) {\n            $(window).on(\"load resize\",function(e){\n                var highestBox = 0;\n                $('.ksolutionsbyindustries__single').each(function(){\n                    if($(this).height() > highestBox) {\n                        highestBox = $(this).height();\n                    }\n                });\n                $('.ksolutionsbyindustries__single').css('min-height',highestBox);\n            });\n        });\n    });\n<\/script>\n\n\n\n\n<div style=\"height:100px\" aria-hidden=\"true\" class=\"wp-block-spacer mobileSpacer\"><\/div>\n","protected":false},"excerpt":{"rendered":"","protected":false},"author":6,"featured_media":0,"parent":0,"menu_order":0,"comment_status":"closed","ping_status":"closed","template":"","meta":{"_acf_changed":false,"footnotes":""},"class_list":["post-3350","page","type-page","status-publish","hentry"],"acf":[],"lang":"it","translations":{"it":3350,"en":3256,"pt":4659,"es":4663},"pll_sync_post":[],"_links":{"self":[{"href":"https:\/\/antaresvisiongroup.com\/food\/wp-json\/wp\/v2\/pages\/3350","targetHints":{"allow":["GET"]}}],"collection":[{"href":"https:\/\/antaresvisiongroup.com\/food\/wp-json\/wp\/v2\/pages"}],"about":[{"href":"https:\/\/antaresvisiongroup.com\/food\/wp-json\/wp\/v2\/types\/page"}],"author":[{"embeddable":true,"href":"https:\/\/antaresvisiongroup.com\/food\/wp-json\/wp\/v2\/users\/6"}],"replies":[{"embeddable":true,"href":"https:\/\/antaresvisiongroup.com\/food\/wp-json\/wp\/v2\/comments?post=3350"}],"version-history":[{"count":7,"href":"https:\/\/antaresvisiongroup.com\/food\/wp-json\/wp\/v2\/pages\/3350\/revisions"}],"predecessor-version":[{"id":3392,"href":"https:\/\/antaresvisiongroup.com\/food\/wp-json\/wp\/v2\/pages\/3350\/revisions\/3392"}],"wp:attachment":[{"href":"https:\/\/antaresvisiongroup.com\/food\/wp-json\/wp\/v2\/media?parent=3350"}],"curies":[{"name":"wp","href":"https:\/\/api.w.org\/{rel}","templated":true}]}}