{"id":4295,"date":"2025-11-05T11:53:48","date_gmt":"2025-11-05T10:53:48","guid":{"rendered":"https:\/\/antaresvisiongroup.com\/food\/?page_id=4295"},"modified":"2025-12-17T11:02:04","modified_gmt":"2025-12-17T10:02:04","slug":"ispezione-a-raggi-x-per-il-settore-alimentare","status":"publish","type":"page","link":"https:\/\/antaresvisiongroup.com\/food\/it\/ispezione-a-raggi-x-per-il-settore-alimentare\/","title":{"rendered":"Ispezione a raggi X per il settore alimentare"},"content":{"rendered":"\n<div class=\"kbreadcrumb\" id=\"k_year\">\n    <div class=\"pure-container\">\n        <div class=\"pure-g\">\n            <div class=\"pure-u-1-1\">\n                <div class=\"breadcrumbs\"><a href=\"https:\/\/antaresvisiongroup.com\/food\">Home<\/a> | <\/div>            <\/div>\n        <\/div>\n    <\/div>\n<\/div>\n\n<style>\n\n    .kbreadcrumb{max-width: 1330px; margin-right: auto; margin-left: auto; font-size: 14px; color: #222222; padding-top: 15px; padding-bottom: 15px;\n        font-family: 'Exo', sans-serif;}\n    .kbreadcrumb a{color: inherit; text-decoration: none;}\n\n    \/* mobile *\/\n    @media screen and (max-width: 767px) {\n        .kbreadcrumb{padding-right: 15px; padding-left: 15px;}\n    }\n\n    \/* ipad *\/\n    @media screen and (min-width: 768px) and  (max-width: 992px){\n        .kbreadcrumb{padding-right: 15px; padding-left: 15px;}\n    }\n\n    \/* ipad pro *\/\n    @media screen and (min-width: 992px) and  (max-width: 1200px){\n        .kbreadcrumb{padding-right: 15px; padding-left: 15px;}\n    }\n\n<\/style>\n\n\n<div class=\"pure-containerFluid kintro\">\n    <div class=\"pure-container\">\n        <div class=\"pure-g\">\n            <div class=\"pure-u-1-1 pure-u-md-16-24 kintro__col\">\n                <div class='kintro__top'>                    <a class=\"kintro__button\" href=\"https:\/\/antaresvisiongroup.com\/food\/it\/inspection\/prodotti-inspection\/?f=43\" target=\"_blank\">\n                        <div class=\"kbutton__buttonTitle\">Scopri le nostre soluzioni<\/div>\n                        <svg id=\"Livello_button\" data-name=\"Livello 2\" xmlns=\"http:\/\/www.w3.org\/2000\/svg\" xmlns:xlink=\"http:\/\/www.w3.org\/1999\/xlink\" width=\"14\" height=\"14\" viewBox=\"0 0 14 14\">\n                            <defs>\n                                <style>\n                                    .kintro__button .cls-1{fill:none;}\n                                    .kintro__button .cls-2{clip-path:url(#clip-path-1)!important;}\n                                    .kintro__button .cls-3{clip-path:url(#clip-path-2-1)!important;}\n                                    .kintro__button .cls-4{clip-path:url(#clip-path-3-1)!important;}\n                                    .kintro__button .cls-5{fill: rgb(,,)!important;}\n                                <\/style>\n                                <clipPath id=\"clip-path-1\">\n                                    <polygon class=\"cls-1\" points=\"2.099 12.999 1 11.9 10.344 2.557 1.824 2.557 1.824 1 13 1 13 12.176 11.443 12.176 11.443 3.656 2.099 12.999\"><\/polygon>\n                                <\/clipPath>\n                                <clipPath id=\"clip-path-2-1\">\n                                    <rect class=\"cls-1\" x=\"-1141\" y=\"-1543\" width=\"1680\" height=\"4770.9999\"><\/rect>\n                                <\/clipPath>\n                                <clipPath id=\"clip-path-3-1\">\n                                    <rect class=\"cls-1\" x=\"1\" y=\"1\" width=\"12\" height=\"12\"><\/rect>\n                                <\/clipPath>\n                            <\/defs>\n                            <title>k-arrow-blu<\/title>\n                            <g class=\"cls-2\"><g class=\"cls-3\"><g class=\"cls-4\"><g class=\"cls-4\"><rect class=\"cls-5\" width=\"14\" height=\"14\"><\/rect>\n                                            <rect class=\"cls-5\" width=\"14\" height=\"14\"><\/rect>\n                                        <\/g><\/g><\/g><\/g>\n                        <\/svg>\n                    <\/a>\n                <\/div><h1>Ispezione a raggi X per il settore alimentare<\/h1>            <\/div>\n        <\/div>\n    <\/div>\n<\/div>\n\n<style>\n\n    .kintro{}\n\n    .kintro{margin-top: 50px;}\n\n    .kintro__row{justify-content: center;}\n    .kintro__date{font-family: 'Exo', sans-serif;}\n    .kintro h1{color: rgb(,,); border-top: 2px solid rgb(,,); padding-top: 30px; margin-top: 10px;}\n    .kintro__thumb img{width: 100%; height: auto;}\n\n    .kintro__extraCont{display: flex; align-items: flex-end; margin-bottom: 20px; margin-top: 80px;}\n    .kintro__extraLineTitle{height: 2px; width: 50px; margin-bottom: 13px; margin-right: 30px;}\n    .kintro__extraCont h2 {font-size: 30px;margin-top: 0;margin-bottom: 0; text-transform: uppercase;}\n    .kintro a{color: rgb(,,);}\n\n    .kintro__top{display: flex; justify-content: space-between; align-items: center; flex-wrap: wrap;}\n\n    \/* button *\/\n    .kintro__button{cursor: pointer; background-color: rgba(,,, 0.08); ; margin-left: auto;\n        color: rgb(,,); padding: 10px 15px; font-weight: 500; text-decoration: none;\n        display: flex; justify-content: space-between; min-width: 100px; width: auto;}\n    .kbutton__buttonTitle{border-bottom: 1px solid rgb(,,); padding-bottom: 5px; text-transform: uppercase;}\n    .kintro__button svg{width: 16px; height: 16px; margin-top: 3px; margin-left: 15px;}\n\n    \/* new *\/\n    .kintro__col{margin-left: auto; margin-right: auto;}\n\n    \/* mobile *\/\n    @media screen and (max-width: 767px) {\n        .kintro__top{flex-direction: column; align-items: flex-start;}\n        .kintro__button{margin-top: 10px;}\n    }\n\n    \/* ipad *\/\n    @media screen and (min-width: 768px) and  (max-width: 992px){\n\n    }\n\n    \/* ipad pro *\/\n    @media screen and (min-width: 992px) and  (max-width: 1200px){\n\n    }\n\n\n<\/style>\n\n<script>\n    window.addEventListener('DOMContentLoaded', function() {\n        jQuery(function ($) {\n\n        });\n    });\n<\/script>\n\n    <div class=\"pure-containerFluid pureCol \">\n    <div class=\"pure-container\">         <div class=\"pure-row\">\n            <div class=\"pure-g\">\n                <div class=\"pure-u-1-1 pure-u-md-16-24 offset-md-1-6\">\n\n\n\n\n<style>\n\n    .formContacts input[type=\"submit\"]{ background-color: rgb(,,); border: 0;\n    color: #ffffff; text-transform: uppercase; padding: 20px; font-size: 16px; font-family: 'Roboto', sans-serif;\n    min-width: 250px; font-weight: 600; cursor: pointer; margin-top: 30px;}\n    .pureCol a{color: rgb(,,);}\n\n    \/* mobile *\/\n    @media screen and (max-width: 767px) {\n\n    }\n\n    \/* ipad *\/\n    @media screen and (min-width: 768px) and  (max-width: 992px){\n\n    }\n\n    \/* ipad pro *\/\n    @media screen and (min-width: 992px) and  (max-width: 1200px){\n\n    }\n\n<\/style>\n\n\n<p>Garantire la sicurezza e la qualit\u00e0 dei prodotti \u00e8 una priorit\u00e0 assoluta per ogni azienda del settore alimentare. Le tecnologie di <strong>ispezione a raggi X<\/strong> rappresentano la soluzione pi\u00f9 avanzata per rilevare contaminanti, difetti e anomalie, assicurando la conformit\u00e0 agli standard di sicurezza e la protezione del consumatore.<\/p>\n\n\n\n<p><strong>Antares Vision Group<\/strong>, leader globale nelle soluzioni di ispezione, tracciabilit\u00e0 e gestione dei dati, offre sistemi di <strong>ispezione a raggi X<\/strong> in grado di analizzare ogni prodotto in tempo reale, garantendo un controllo completo, preciso e automatizzato su tutta la linea di produzione alimentare.<\/p>\n\n\n\n<hr class=\"wp-block-separator has-alpha-channel-opacity\" \/>\n\n\n\n<h2 class=\"wp-block-heading\"><strong>Perch\u00e9 i sistemi di ispezione a raggi X sono indispensabili nel settore alimentare<\/strong><\/h2>\n\n\n\n<h3 class=\"wp-block-heading\"><strong>La sicurezza alimentare come requisito strategico<\/strong><\/h3>\n\n\n\n<p>Nel food, la qualit\u00e0 non \u00e8 solo un fattore competitivo: \u00e8 una responsabilit\u00e0. Gli standard internazionali come <strong>HACCP<\/strong>, <strong>BRC<\/strong>, <strong>IFS<\/strong> e <strong>ISO 22000<\/strong> impongono controlli accurati per prevenire rischi di contaminazione.<br>L\u2019<strong>ispezione a raggi X<\/strong> consente di individuare <strong>corpi estranei metallici, vetrosi, ceramici, ossei o plastici ad alta densit\u00e0<\/strong>, anche quando si trovano all\u2019interno di imballaggi complessi, per i quali altri &nbsp;sistemi di controllo non sono efficaci.<\/p>\n\n\n\n<h3 class=\"wp-block-heading\"><strong>Un vantaggio competitivo per le aziende<\/strong><\/h3>\n\n\n\n<p>Implementare un sistema di ispezione avanzato significa migliorare la reputazione del marchio, evitare costosi richiami e conquistare la fiducia dei consumatori. Antares Vision Group fornisce soluzioni per ogni esigenza produttiva, adattabili a diverse tipologie di alimenti \u2014 confezionati, sfusi o in vassoi \u2014 mantenendo alte prestazioni e massima affidabilit\u00e0.<\/p>\n\n\n\n<h2 class=\"wp-block-heading\"><strong>Le principali sfide dell\u2019ispezione nel settore alimentare<\/strong><\/h2>\n\n\n\n<h3 class=\"wp-block-heading\"><strong>Diversit\u00e0 dei materiali di confezionamento e dei prodotti<\/strong><\/h3>\n\n\n\n<p>La <strong>diversit\u00e0 del packaging<\/strong>, che spesso contiene elementi metallici, e le <strong>caratteristiche del prodotto alimentare<\/strong> stesso \u2014 solidi, granulari, ma anche liquidi, congelati, salati e quindi con caratteristiche che ne influenzano la conducibilit\u00e0 \u2014 rendono difficile, se non impossibile, individuare contaminanti con i tradizionali metal detector.<br>L\u2019ispezione a raggi X supera questi limiti, grazie alla capacit\u00e0 di analizzare la <strong>densit\u00e0 dei materiali<\/strong>, garantendo un controllo pi\u00f9 affidabile e preciso.<\/p>\n\n\n\n<h3 class=\"wp-block-heading\"><strong>Rilevamento di corpi estranei non metallici<\/strong><\/h3>\n\n\n\n<p>Molti contaminanti comuni \u2014 come vetro, ossa, ceramica o plastica ad alta densit\u00e0 \u2014 non possono essere rilevati dai rilevatori di metalli. I raggi X, invece, non analizzano la conducibilit\u00e0 del contaminante ma penetrano il prodotto e, sulla base della loro densit\u00e0, creano un\u2019immagine dettagliata che consente di individuare corpi estranei di qualsiasi materiale con una densit\u00e0 diversa dal prodotto.<\/p>\n\n\n\n<h3 class=\"wp-block-heading\"><strong>Integrazione con linee ad alta velocit\u00e0<\/strong><\/h3>\n\n\n\n<p>Le aziende alimentari devono garantire controlli accurati senza rallentare la produzione. Le soluzioni Antares Vision Group offrono <strong>analisi in tempo reale e ad alta velocit\u00e0<\/strong>, perfette anche per produzioni multilinea e ambienti industriali complessi.<\/p>\n\n\n\n<h3 class=\"wp-block-heading\"><strong>Hygienic design<\/strong> <strong>e grado di protezione<\/strong><\/h3>\n\n\n\n<p>I sistemi di ispezione devono essere costruiti per ambienti alimentari, con materiali <strong>in acciaio inox<\/strong>, un <strong>grado di protezione IP adeguato all\u2019ambiente di lavoro<\/strong> e un <strong>design igienico<\/strong> che facilita pulizia e sanificazione.<\/p>\n\n\n\n<hr class=\"wp-block-separator has-alpha-channel-opacity\" \/>\n\n\n\n<h2 class=\"wp-block-heading\"><strong>Le soluzioni di Antares Vision Group per l\u2019ispezione a raggi X<\/strong><\/h2>\n\n\n\n<h3 class=\"wp-block-heading\"><strong>Ispezione a raggi X \u2013 precisione, affidabilit\u00e0 e sicurezza<\/strong><\/h3>\n\n\n\n<p>I sistemi di <strong>ispezione a raggi X<\/strong> di Antares Vision Group offrono un rilevamento avanzato e costante nel tempo, grazie in particolare a un <strong>software dedicato con funzione di autoapprendimento, una meccanica ad alta precisione<\/strong> e un\u2019<strong>elettronica custom<\/strong> progettata internamente.<\/p>\n\n\n\n<p><strong>Queste tecnologie garantiscono:<\/strong><\/p>\n\n\n\n<ul class=\"wp-block-list\">\n<li>Rilevamento di contaminanti metallici, vetrosi, ceramici, ossei o plastici<\/li>\n\n\n\n<li>Analisi accurate anche in confezioni metalliche o in poliaccoppiato<\/li>\n\n\n\n<li>Ispezione non distruttiva e senza contatto<\/li>\n\n\n\n<li>Massima affidabilit\u00e0 anche a velocit\u00e0 elevate<\/li>\n<\/ul>\n\n\n\n<hr class=\"wp-block-separator has-alpha-channel-opacity\" \/>\n\n\n\n<h3 class=\"wp-block-heading\"><strong>Integrazione con la linea produttiva e comunicazione con sistemi esterni<\/strong><\/h3>\n\n\n\n<p>Le macchine Antares Vision si integrano perfettamente nelle linee esistenti, comunicando con <strong>sistemi esterni e premettendo l\u2019assistenza da remoto, in conformit\u00e0 con Industry 4.0.<\/strong><br>Grazie a un\u2019architettura modulare e scalabile, ogni sistema pu\u00f2 essere personalizzato per adattarsi al flusso di produzione, ai formati di confezionamento e alle velocit\u00e0 richieste.<\/p>\n\n\n\n<p>L\u2019interfaccia intuitiva consente di visualizzare immagini, statistiche e report di produzione in tempo reale, con esportazione automatica dei dati per audit e verifiche di qualit\u00e0.<\/p>\n\n\n\n<hr class=\"wp-block-separator has-alpha-channel-opacity\" \/>\n\n\n\n<h3 class=\"wp-block-heading\"><strong>Come funziona<\/strong><\/h3>\n\n\n\n<ul class=\"wp-block-list\">\n<li>Un generatore crea un fascio di raggi X che attraversa il prodotto e raggiunge il sensore.<\/li>\n\n\n\n<li>Maggiore \u00e8 la densit\u00e0 del materiale (massa atomica), maggiore \u00e8 l&#8217;assorbimento dei raggi X.<\/li>\n\n\n\n<li>Un corpo estraneo viene rilevato grazie alla diversa quantit\u00e0 di raggi X assorbita dal corpo estraneo e dal prodotto.<\/li>\n\n\n\n<li>La quantit\u00e0 rimanente di raggi X verr\u00e0 quindi misurata dal sensore a diversi livelli, evidenziando la presenza di un corpo estraneo.<\/li>\n<\/ul>\n\n\n\n<h3 class=\"wp-block-heading\"><strong>Applicazioni<\/strong><\/h3>\n\n\n\n<ul class=\"wp-block-list\">\n<li>Carne, pasta, verdura, frutta, pesce, latticini, conserve, condimenti<\/li>\n\n\n\n<li>Legumi, cereali, frutta secca e semi, oli e grassi, spezie ed erbe aromatiche, prodotti da forno, snack salati, prodotti surgelati, dolciumi, piatti pronti<\/li>\n<\/ul>\n\n\n\n<h3 class=\"wp-block-heading\"><strong>I vantaggi dell\u2019ispezione a raggi X Antares Vision Group<\/strong><\/h3>\n\n\n\n<p>Garantisce l\u2019assenza di contaminanti fisici ad alta densit\u00e0 come vetro, pietre, metalli, ossa, plastica ad alta densit\u00e0, schegge di cemento, ecc.<\/p>\n\n\n\n<ul class=\"wp-block-list\">\n<li>Previene reclami e richiami dal mercato, proteggendo il brand<\/li>\n\n\n\n<li>Gestisce le interconnessioni in conformit\u00e0 con i requisiti dell\u2019Industria 4.0<\/li>\n\n\n\n<li>Manutenzione e sanificazione rapide grazie al design igienico<\/li>\n<\/ul>\n\n\n\n<h2 class=\"wp-block-heading\"><strong>Tipologie di soluzioni di ispezione<\/strong><\/h2>\n\n\n\n<h3 class=\"wp-block-heading\"><strong>Ispezione a raggi x per prodotti verticali<\/strong><\/h3>\n\n\n\n<p>Sistemi di <a href=\"https:\/\/antaresvisiongroup.com\/food\/it\/products\/ispezione-a-raggi-x-per-prodotti-verticali\/\">ispezione a raggi X <\/a>per prodotti in orientamento verticale, con ispezione laterale <\/p>\n\n\n\n<h3 class=\"wp-block-heading\"><strong><strong>Ispezione a raggi x per prodotti orizzontali<\/strong><\/strong><\/h3>\n\n\n\n<p>Sistemi di <a href=\"https:\/\/antaresvisiongroup.com\/food\/it\/products\/ispezione-a-raggi-x-per-prodotti-orizzontali\/\">ispezione a raggi X<\/a> per prodotti orizzontali, con modalit\u00e0 top-down (dall\u2019alto).<\/p>\n\n\n\n<h3 class=\"wp-block-heading\"><strong>Ispezione a raggi X per prodotti sfusi (granulari) in caduta gravitazionale<\/strong><\/h3>\n\n\n\n<p>Sistemi di <a href=\"https:\/\/antaresvisiongroup.com\/food\/it\/products\/ispezione-a-raggi-x-per-prodotti-sfusi\/\">ispezione a raggi x per prodotti sfusi<\/a> (granulari) in caduta gravitazionale, ideali per il controllo delle materie prime in entrata.<\/p>\n\n\n\n<h2 class=\"wp-block-heading\"><strong>Configurazioni speciali per ispezione a raggi X<\/strong><\/h2>\n\n\n\n<h3 class=\"wp-block-heading\"><strong>Ispezione a raggi x su tre corsie <\/strong><\/h3>\n\n\n\n<ul class=\"wp-block-list\">\n<li><a href=\"https:\/\/antaresvisiongroup.com\/food\/it\/products\/ispezione-a-raggi-x-in-configurazioni-speciali\/ispezione-a-raggi-x-a-tripla-pista\/\">Ispezione a raggi x <\/a>simultanea su tre corsie, ciascuna con sistema di espulsione dedicato.<\/li>\n\n\n\n<li>Ideale per linee ad alta produzione.<\/li>\n<\/ul>\n\n\n\n<h3 class=\"wp-block-heading\"><strong>Ispezione a raggi x su due corsie parallele<\/strong><\/h3>\n\n\n\n<ul class=\"wp-block-list\">\n<li><a href=\"https:\/\/antaresvisiongroup.com\/food\/it\/products\/ispezione-a-raggi-x-in-configurazioni-speciali\/ispezione-a-raggi-x-a-doppia-pista\/\">Ispezione a raggi x<\/a> su due corsie parallele, ciascuna con sistema di scarto dedicato.<\/li>\n\n\n\n<li>Permette di aumentare la velocit\u00e0 produttiva mantenendo invariato l\u2019ingombro in linea.<\/li>\n<\/ul>\n\n\n\n<h3 class=\"wp-block-heading\"><strong>Ispezione a raggi X con nastri tangenziali<\/strong><\/h3>\n\n\n\n<ul class=\"wp-block-list\">\n<li>Configurazione speciale con <a href=\"https:\/\/antaresvisiongroup.com\/food\/it\/products\/ispezione-a-raggi-x-in-configurazioni-speciali\/ispezione-a-raggi-x-con-nastri-tangenziali\/\">ispezione <\/a>dall\u2019alto (top-down) e nastri tangenziali laterali.<\/li>\n\n\n\n<li>Pensata per prodotti instabili o forme particolari che richiedono guida laterale.<\/li>\n<\/ul>\n\n\n\n<h3 class=\"wp-block-heading\"><strong>Ispezione a Raggi X su nastro per prodotti sfusi<\/strong><\/h3>\n\n\n\n<ul class=\"wp-block-list\">\n<li><a href=\"https:\/\/antaresvisiongroup.com\/food\/it\/products\/ispezione-a-raggi-x-in-configurazioni-speciali\/ispezione-a-raggi-x-su-nastro-per-prodotti-sfusi\/\">Sistema di ispezione <\/a>applicato direttamente su nastro per prodotti sfusi (bulk).<\/li>\n\n\n\n<li>Utile per alimenti granulari, cereali o altri prodotti \u201csfusi\u201d durante il transito su nastro<\/li>\n<\/ul>\n\n\n\n<hr class=\"wp-block-separator has-alpha-channel-opacity\" \/>\n\n\n\n<h2 class=\"wp-block-heading\"><strong>FAQ \u2013 Domande frequenti sull\u2019ispezione a raggi X<\/strong><\/h2>\n\n\n\n<p><strong>1. Che cos\u2019\u00e8 l\u2019ispezione a raggi X nel settore alimentare?<\/strong><\/p>\n\n\n\n<p>\u00c8 una tecnologia di controllo non distruttivo che utilizza raggi X per analizzare l\u2019interno dei prodotti alimentari e rilevare contaminanti, difetti o anomalie invisibili ai sistemi tradizionali.<\/p>\n\n\n\n<h3 class=\"wp-block-heading\"><strong>2. Quali contaminanti pu\u00f2 individuare un sistema a raggi X?<\/strong><\/h3>\n\n\n\n<p>Pu\u00f2 rilevare metalli, vetro, pietra, ossa, ceramica e alcune plastiche dense, anche all\u2019interno di confezioni metallizzate.<\/p>\n\n\n\n<h3 class=\"wp-block-heading\"><strong>3. L\u2019ispezione a raggi X \u00e8 sicura per gli alimenti e per gli operatori?<\/strong><\/h3>\n\n\n\n<p>S\u00ec. I livelli di radiazione sono estremamente bassi e conformi alle normative internazionali. Le macchine sono schermate per garantire sicurezza totale agli operatori.<br>I sistemi d\u2019ispezione a Raggi-X Antares Vision Group hanno ottenuto i requisiti per poter operare in ambiente industriale senza la necessit\u00e0 della sorveglianza radiologica.<\/p>\n\n\n\n<h3 class=\"wp-block-heading\"><strong>4. Quali vantaggi offre rispetto ai metal detector tradizionali?<\/strong><\/h3>\n\n\n\n<p>A differenza dei metal detector, i raggi X non si limitano a individuare i contaminanti metallici ma rilevano anche corpi estranei di qualsiasi natura. Inoltre, funzionano perfettamente anche in presenza di confezioni metalliche o in poliaccoppiato.<\/p>\n\n\n\n<h3 class=\"wp-block-heading\"><strong>5. \u00c8 possibile integrare l\u2019ispezione a raggi X con altri sistemi di controllo qualit\u00e0?<\/strong><\/h3>\n\n\n\n<p>S\u00ec, le soluzioni Antares Vision sono progettate per integrarsi con selezionatrici ponderali, sistemi di visione, e comunicare con piattaforme per la tracciabilit\u00e0.<\/p>\n\n\n\n<h3 class=\"wp-block-heading\"><strong>6. Come si gestiscono i dati di ispezione?<\/strong><\/h3>\n\n\n\n<p>I sistemi Antares Vision raccolgono automaticamente i dati e le immagini di ogni prodotto scartato e della posizione del contaminante.<\/p>\n\n\n\n<hr class=\"wp-block-separator has-alpha-channel-opacity\" \/>\n\n\n\n<h2 class=\"wp-block-heading\"><strong>Conclusione<\/strong><\/h2>\n\n\n\n<p>L\u2019ispezione a raggi X rappresenta oggi la tecnologia pi\u00f9 completa per garantire la sicurezza, la qualit\u00e0 e la conformit\u00e0 dei prodotti alimentari.<br>Grazie all\u2019esperienza di Antares Vision Group, le aziende possono contare su soluzioni affidabili, modulari e connesse, capaci di rilevare ogni contaminante e ottimizzare i processi produttivi.<\/p>\n\n\n\n<p>Investire in un sistema di ispezione a raggi X Antares Vision significa <strong>proteggere il consumatore, il brand e il valore del prodotto<\/strong> con tecnologie di ultima generazione.<\/p>\n\n\n\n<p><a id=\"_msocom_4\"><\/a><\/p>\n\n\n\n                <\/div>\n            <\/div>\n        <\/div>\n     <\/div> <\/div>\n\n<style>\n\n    \/* mobile *\/\n    @media screen and (max-width: 767px) {\n\n    }\n\n    \/* ipad *\/\n    @media screen and (min-width: 768px) and  (max-width: 992px){\n\n    }\n\n    \/* ipad pro *\/\n    @media screen and (min-width: 992px) and  (max-width: 1200px){\n\n    }\n\n<\/style>","protected":false},"excerpt":{"rendered":"<p>Garantire la sicurezza e la qualit\u00e0 dei prodotti \u00e8 una priorit\u00e0 assoluta per ogni azienda&#8230;<\/p>\n","protected":false},"author":6,"featured_media":0,"parent":0,"menu_order":0,"comment_status":"closed","ping_status":"closed","template":"","meta":{"_acf_changed":false,"footnotes":""},"class_list":["post-4295","page","type-page","status-publish","hentry"],"acf":[],"lang":"it","translations":{"it":4295,"en":4302,"fr":4454,"es":4470,"pt":4594},"pll_sync_post":[],"_links":{"self":[{"href":"https:\/\/antaresvisiongroup.com\/food\/wp-json\/wp\/v2\/pages\/4295","targetHints":{"allow":["GET"]}}],"collection":[{"href":"https:\/\/antaresvisiongroup.com\/food\/wp-json\/wp\/v2\/pages"}],"about":[{"href":"https:\/\/antaresvisiongroup.com\/food\/wp-json\/wp\/v2\/types\/page"}],"author":[{"embeddable":true,"href":"https:\/\/antaresvisiongroup.com\/food\/wp-json\/wp\/v2\/users\/6"}],"replies":[{"embeddable":true,"href":"https:\/\/antaresvisiongroup.com\/food\/wp-json\/wp\/v2\/comments?post=4295"}],"version-history":[{"count":8,"href":"https:\/\/antaresvisiongroup.com\/food\/wp-json\/wp\/v2\/pages\/4295\/revisions"}],"predecessor-version":[{"id":4546,"href":"https:\/\/antaresvisiongroup.com\/food\/wp-json\/wp\/v2\/pages\/4295\/revisions\/4546"}],"wp:attachment":[{"href":"https:\/\/antaresvisiongroup.com\/food\/wp-json\/wp\/v2\/media?parent=4295"}],"curies":[{"name":"wp","href":"https:\/\/api.w.org\/{rel}","templated":true}]}}