{"id":4348,"date":"2025-12-09T10:10:58","date_gmt":"2025-12-09T09:10:58","guid":{"rendered":"https:\/\/antaresvisiongroup.com\/food\/?page_id=4348"},"modified":"2025-12-17T10:04:59","modified_gmt":"2025-12-17T09:04:59","slug":"systemes-de-trieuses-ponderales-pour-lindustrie-alimentaire-precision-et-fiabilite-par-antares-vision-group","status":"publish","type":"page","link":"https:\/\/antaresvisiongroup.com\/food\/fr\/systemes-de-trieuses-ponderales-pour-lindustrie-alimentaire-precision-et-fiabilite-par-antares-vision-group\/","title":{"rendered":"Syst\u00e8mes de trieuses pond\u00e9rales pour l&#8217;industrie alimentaire : Pr\u00e9cision et fiabilit\u00e9 par Antares Vision Group"},"content":{"rendered":"\n<div class=\"kbreadcrumb\" id=\"k_year\">\n    <div class=\"pure-container\">\n        <div class=\"pure-g\">\n            <div class=\"pure-u-1-1\">\n                <div class=\"breadcrumbs\"><a href=\"https:\/\/antaresvisiongroup.com\/food\">Home<\/a> | <\/div>            <\/div>\n        <\/div>\n    <\/div>\n<\/div>\n\n<style>\n\n    .kbreadcrumb{max-width: 1330px; margin-right: auto; margin-left: auto; font-size: 14px; color: #222222; padding-top: 15px; padding-bottom: 15px;\n        font-family: 'Exo', sans-serif;}\n    .kbreadcrumb a{color: inherit; text-decoration: none;}\n\n    \/* mobile *\/\n    @media screen and (max-width: 767px) {\n        .kbreadcrumb{padding-right: 15px; padding-left: 15px;}\n    }\n\n    \/* ipad *\/\n    @media screen and (min-width: 768px) and  (max-width: 992px){\n        .kbreadcrumb{padding-right: 15px; padding-left: 15px;}\n    }\n\n    \/* ipad pro *\/\n    @media screen and (min-width: 992px) and  (max-width: 1200px){\n        .kbreadcrumb{padding-right: 15px; padding-left: 15px;}\n    }\n\n<\/style>\n\n\n<div class=\"pure-containerFluid kintro\">\n    <div class=\"pure-container\">\n        <div class=\"pure-g\">\n            <div class=\"pure-u-1-1 pure-u-md-16-24 kintro__col\">\n                <div class='kintro__top'>                    <a class=\"kintro__button\" href=\"https:\/\/antaresvisiongroup.com\/food\/fr\/inspection\/products\/?f=408\" target=\"\">\n                        <div class=\"kbutton__buttonTitle\">D\u00c9COUVREZ NOS SOLUTIONS<\/div>\n                        <svg id=\"Livello_button\" data-name=\"Livello 2\" xmlns=\"http:\/\/www.w3.org\/2000\/svg\" xmlns:xlink=\"http:\/\/www.w3.org\/1999\/xlink\" width=\"14\" height=\"14\" viewBox=\"0 0 14 14\">\n                            <defs>\n                                <style>\n                                    .kintro__button .cls-1{fill:none;}\n                                    .kintro__button .cls-2{clip-path:url(#clip-path-1)!important;}\n                                    .kintro__button .cls-3{clip-path:url(#clip-path-2-1)!important;}\n                                    .kintro__button .cls-4{clip-path:url(#clip-path-3-1)!important;}\n                                    .kintro__button .cls-5{fill: rgb(,,)!important;}\n                                <\/style>\n                                <clipPath id=\"clip-path-1\">\n                                    <polygon class=\"cls-1\" points=\"2.099 12.999 1 11.9 10.344 2.557 1.824 2.557 1.824 1 13 1 13 12.176 11.443 12.176 11.443 3.656 2.099 12.999\"><\/polygon>\n                                <\/clipPath>\n                                <clipPath id=\"clip-path-2-1\">\n                                    <rect class=\"cls-1\" x=\"-1141\" y=\"-1543\" width=\"1680\" height=\"4770.9999\"><\/rect>\n                                <\/clipPath>\n                                <clipPath id=\"clip-path-3-1\">\n                                    <rect class=\"cls-1\" x=\"1\" y=\"1\" width=\"12\" height=\"12\"><\/rect>\n                                <\/clipPath>\n                            <\/defs>\n                            <title>k-arrow-blu<\/title>\n                            <g class=\"cls-2\"><g class=\"cls-3\"><g class=\"cls-4\"><g class=\"cls-4\"><rect class=\"cls-5\" width=\"14\" height=\"14\"><\/rect>\n                                            <rect class=\"cls-5\" width=\"14\" height=\"14\"><\/rect>\n                                        <\/g><\/g><\/g><\/g>\n                        <\/svg>\n                    <\/a>\n                <\/div><h1>Syst\u00e8mes de trieuses pond\u00e9rales pour l&#8217;industrie alimentaire : Pr\u00e9cision et fiabilit\u00e9 par Antares Vision Group<\/h1>            <\/div>\n        <\/div>\n    <\/div>\n<\/div>\n\n<style>\n\n    .kintro{}\n\n    .kintro{margin-top: 50px;}\n\n    .kintro__row{justify-content: center;}\n    .kintro__date{font-family: 'Exo', sans-serif;}\n    .kintro h1{color: rgb(,,); border-top: 2px solid rgb(,,); padding-top: 30px; margin-top: 10px;}\n    .kintro__thumb img{width: 100%; height: auto;}\n\n    .kintro__extraCont{display: flex; align-items: flex-end; margin-bottom: 20px; margin-top: 80px;}\n    .kintro__extraLineTitle{height: 2px; width: 50px; margin-bottom: 13px; margin-right: 30px;}\n    .kintro__extraCont h2 {font-size: 30px;margin-top: 0;margin-bottom: 0; text-transform: uppercase;}\n    .kintro a{color: rgb(,,);}\n\n    .kintro__top{display: flex; justify-content: space-between; align-items: center; flex-wrap: wrap;}\n\n    \/* button *\/\n    .kintro__button{cursor: pointer; background-color: rgba(,,, 0.08); ; margin-left: auto;\n        color: rgb(,,); padding: 10px 15px; font-weight: 500; text-decoration: none;\n        display: flex; justify-content: space-between; min-width: 100px; width: auto;}\n    .kbutton__buttonTitle{border-bottom: 1px solid rgb(,,); padding-bottom: 5px; text-transform: uppercase;}\n    .kintro__button svg{width: 16px; height: 16px; margin-top: 3px; margin-left: 15px;}\n\n    \/* new *\/\n    .kintro__col{margin-left: auto; margin-right: auto;}\n\n    \/* mobile *\/\n    @media screen and (max-width: 767px) {\n        .kintro__top{flex-direction: column; align-items: flex-start;}\n        .kintro__button{margin-top: 10px;}\n    }\n\n    \/* ipad *\/\n    @media screen and (min-width: 768px) and  (max-width: 992px){\n\n    }\n\n    \/* ipad pro *\/\n    @media screen and (min-width: 992px) and  (max-width: 1200px){\n\n    }\n\n\n<\/style>\n\n<script>\n    window.addEventListener('DOMContentLoaded', function() {\n        jQuery(function ($) {\n\n        });\n    });\n<\/script>\n\n    <div class=\"pure-containerFluid pureCol \">\n    <div class=\"pure-container\">         <div class=\"pure-row\">\n            <div class=\"pure-g\">\n                <div class=\"pure-u-1-1 pure-u-md-16-24 offset-md-1-6\">\n\n\n\n\n<style>\n\n    .formContacts input[type=\"submit\"]{ background-color: rgb(,,); border: 0;\n    color: #ffffff; text-transform: uppercase; padding: 20px; font-size: 16px; font-family: 'Roboto', sans-serif;\n    min-width: 250px; font-weight: 600; cursor: pointer; margin-top: 30px;}\n    .pureCol a{color: rgb(,,);}\n\n    \/* mobile *\/\n    @media screen and (max-width: 767px) {\n\n    }\n\n    \/* ipad *\/\n    @media screen and (min-width: 768px) and  (max-width: 992px){\n\n    }\n\n    \/* ipad pro *\/\n    @media screen and (min-width: 992px) and  (max-width: 1200px){\n\n    }\n\n<\/style>\n\n\n<p>Dans l&#8217;industrie alimentaire, la pr\u00e9cision du poids des produits n&#8217;est pas seulement une question de conformit\u00e9 r\u00e9glementaire &#8211; c&#8217;est un facteur critique pour l&#8217;efficacit\u00e9, le contr\u00f4le de la qualit\u00e9 et la r\u00e9putation de la marque. Une trieuse pond\u00e9rale permet de s&#8217;assurer que chaque article emball\u00e9 r\u00e9pond \u00e0 des exigences strictes en mati\u00e8re de poids avant d&#8217;atteindre le consommateur.<br>Parmi les leaders mondiaux de l&#8217;inspection et de l&#8217;assurance qualit\u00e9, Antares Vision Group se distingue par ses solutions de trieuses pond\u00e9rales de pointe &#8211; combinant \u00e9lectronique avanc\u00e9e, conception modulaire et int\u00e9gration Industrie 4.0 pour r\u00e9pondre aux normes de production alimentaire les plus exigeantes.<\/p>\n\n\n\n<hr class=\"wp-block-separator has-alpha-channel-opacity\" \/>\n\n\n\n<h2 class=\"wp-block-heading\"><strong>Le r\u00f4le d&#8217;une trieuse pond\u00e9rale dans la production alimentaire<\/strong><\/h2>\n\n\n\n<p>Une trieuse pond\u00e9rale est un syst\u00e8me de pesage automatique ou dynamique utilis\u00e9 pour v\u00e9rifier le poids des produits alimentaires emball\u00e9s tout au long de la cha\u00eene de production. Sa fonction premi\u00e8re est de d\u00e9tecter les articles en sous-poids ou en surpoids et de rejeter automatiquement ceux qui se situent en dehors des limites pr\u00e9d\u00e9finies.<\/p>\n\n\n\n<h3 class=\"wp-block-heading\">Dans la fabrication moderne de produits alimentaires, ce syst\u00e8me est essentiel pour.. :<\/h3>\n\n\n\n<ul class=\"wp-block-list\">\n<li><strong>Conformit\u00e9 aux normes de m\u00e9trologie l\u00e9gale<\/strong> (telles que la certification MID dans l&#8217;Union europ\u00e9enne).<\/li>\n\n\n\n<li><strong>Garantir l&#8217;uniformit\u00e9<\/strong> entre les lots et les marques.<\/li>\n\n\n\n<li><strong>R\u00e9duire les d\u00e9chets<\/strong> en optimisant les processus de remplissage et d&#8217;emballage.<\/li>\n\n\n\n<li><strong>Renforcer la confiance des consommateurs<\/strong> gr\u00e2ce \u00e0 une qualit\u00e9 constante.<\/li>\n<\/ul>\n\n\n\n<p>Gr\u00e2ce \u00e0 leur fonctionnement continu et \u00e0 leurs performances \u00e0 grande vitesse, les trieuses pond\u00e9rales sont essentielles pour les producteurs de snacks, de produits de boulangerie, de produits laitiers, de boissons, d&#8217;aliments surgel\u00e9s et de plats pr\u00e9par\u00e9s &#8211; des secteurs o\u00f9 la pr\u00e9cision n&#8217;est pas n\u00e9gociable.<\/p>\n\n\n\n<hr class=\"wp-block-separator has-alpha-channel-opacity\" \/>\n\n\n\n<h2 class=\"wp-block-heading\"><strong>Excellence technologique : Trieuses pond\u00e9rales du groupe Antares Vision<\/strong><\/h2>\n\n\n\n<p>Les trieuses pond\u00e9rales du groupe Antares Vision repr\u00e9sentent l&#8217;\u00e9tat de l&#8217;art en mati\u00e8re de pesage industriel dynamique. Con\u00e7ues apr\u00e8s des ann\u00e9es de recherche et de d\u00e9veloppement, elles allient pr\u00e9cision, durabilit\u00e9 et adaptabilit\u00e9 &#8211; les pierres angulaires d&#8217;une production alimentaire fiable.<\/p>\n\n\n\n<h3 class=\"wp-block-heading\"><strong>Principales caract\u00e9ristiques et avantages<\/strong><\/h3>\n\n\n\n<ul class=\"wp-block-list\">\n<li><strong>Pr\u00e9cision et r\u00e9p\u00e9tabilit\u00e9 \u00e9lectroniques<\/strong><br>Des composants \u00e9lectroniques avanc\u00e9s garantissent une pr\u00e9cision et une r\u00e9p\u00e9tabilit\u00e9 exceptionnelles, maintenant des performances constantes m\u00eame dans des environnements de production \u00e0 grande vitesse.<\/li>\n\n\n\n<li><strong>Interface conviviale<\/strong><br>Un \u00e9cran tactile de 12 pouces permet une utilisation intuitive, permettant aux op\u00e9rateurs de la ligne de g\u00e9rer toutes les fonctions du syst\u00e8me : configuration, s\u00e9lection des produits, r\u00e9glage des param\u00e8tres et stockage de 254 recettes de produits.<\/li>\n\n\n\n<li><strong>Conception industrielle robuste<\/strong><br>La structure, r\u00e9alis\u00e9e en <strong>acier inoxydable AISI 304<\/strong> avec des composants en aluminium trait\u00e9s au nickel dur et anodis\u00e9s, garantit une compatibilit\u00e9 totale avec les environnements alimentaires difficiles.<\/li>\n\n\n\n<li><strong>Construction modulaire<\/strong><br>La conception modulaire offre une grande souplesse pour les mises \u00e0 niveau futures ou les changements de formats de produits &#8211; une caract\u00e9ristique essentielle pour les producteurs de denr\u00e9es alimentaires dont les gammes de produits sont diversifi\u00e9es.<\/li>\n\n\n\n<li><strong>Int\u00e9gration \u00e0 l&#8217;industrie 4.0<\/strong><br>\u00c9quip\u00e9es de logiciels avanc\u00e9s et de capacit\u00e9s d&#8217;interconnexion, les trieuses pond\u00e9rales d&#8217;Antares Vision Group peuvent communiquer avec des syst\u00e8mes externes pour la collecte de donn\u00e9es en temps r\u00e9el, l&#8217;analyse et l&#8217;assistance \u00e0 distance.<\/li>\n\n\n\n<li><strong>Facilit\u00e9 d&#8217;assainissement et d&#8217;entretien<\/strong><br>La conception hygi\u00e9nique et les surfaces faciles \u00e0 nettoyer minimisent les temps d&#8217;arr\u00eat et sont conformes aux normes strictes de s\u00e9curit\u00e9 alimentaire (CE, BRC, IFS, HACCP, GMP, etc.).<\/li>\n<\/ul>\n\n\n\n<hr class=\"wp-block-separator has-alpha-channel-opacity\" \/>\n\n\n\n<h2 class=\"wp-block-heading\"><strong>Comment \u00e7a marche<\/strong><\/h2>\n\n\n\n<ul class=\"wp-block-list\">\n<li>Une trieuse pond\u00e9rale utilise des capteurs de pesage qui mesurent le poids de chaque produit lors de son passage sur le tapis roulant de pesage.<\/li>\n\n\n\n<li>Un convoyeur en amont garantit qu&#8217;un seul produit est pes\u00e9 \u00e0 la fois.<\/li>\n\n\n\n<li>Le syst\u00e8me compare le poids mesur\u00e9 au poids nominal.<\/li>\n\n\n\n<li>Tout produit hors des limites de tol\u00e9rance pr\u00e9d\u00e9finies (T2) est automatiquement rejet\u00e9.<\/li>\n\n\n\n<li>Le syst\u00e8me prend \u00e9galement en compte l&#8217;erreur n\u00e9gative tol\u00e9rable (T1)\u00a0: seul un nombre limit\u00e9 de produits par lot peut \u00eatre inf\u00e9rieur \u00e0 cette limite.<\/li>\n<\/ul>\n\n\n\n<hr class=\"wp-block-separator has-alpha-channel-opacity\" \/>\n\n\n\n<h2 class=\"wp-block-heading\"><strong>Applications<\/strong><\/h2>\n\n\n\n<ul class=\"wp-block-list\">\n<li>Viandes, p\u00e2tes, l\u00e9gumes, fruits, poissons, produits laitiers, conserve<\/li>\n\n\n\n<li>Condiments, l\u00e9gumineuses, c\u00e9r\u00e9ales, noix et graines, huiles et mati\u00e8res grasses, \u00e9pices et herbes aromatiques, produits de boulangerie, en-cas sal\u00e9s<\/li>\n\n\n\n<li>Produits surgel\u00e9s, confiseries, plats pr\u00e9par\u00e9s<\/li>\n<\/ul>\n\n\n\n<hr class=\"wp-block-separator has-alpha-channel-opacity\" \/>\n\n\n\n<h2 class=\"wp-block-heading\"><strong>Des solutions de pesage intelligentes pour relever les d\u00e9fis de l&#8217;industrie alimentaire<\/strong><\/h2>\n\n\n\n<p>L&#8217;industrie alimentaire est confront\u00e9e \u00e0 des d\u00e9fis permanents : exigences r\u00e9glementaires strictes, rotation rapide des produits, pression sur les co\u00fbts et objectifs de d\u00e9veloppement durable. Les trieuses pond\u00e9rales d&#8217;Antares Vision Group sont con\u00e7ues pour r\u00e9pondre \u00e0 tous ces d\u00e9fis gr\u00e2ce \u00e0 l&#8217;innovation et \u00e0 l&#8217;adaptabilit\u00e9.<\/p>\n\n\n\n<h3 class=\"wp-block-heading\"><strong>1. Conformit\u00e9 et tra\u00e7abilit\u00e9<\/strong><\/h3>\n\n\n\n<p>Gr\u00e2ce \u00e0 l&#8217;approbation m\u00e9trologique MID et \u00e0 la conformit\u00e9 totale aux normes internationales, ces syst\u00e8mes garantissent que chaque produit respecte les tol\u00e9rances l\u00e9gales requises pour la vente. La gestion int\u00e9gr\u00e9e des donn\u00e9es favorise la tra\u00e7abilit\u00e9 et la pr\u00e9paration \u00e0 l&#8217;audit.<\/p>\n\n\n\n<h3 class=\"wp-block-heading\"><strong>2. Efficacit\u00e9 et r\u00e9duction des co\u00fbts<\/strong><\/h3>\n\n\n\n<p>Un contr\u00f4le pr\u00e9cis du poids se traduit directement par une r\u00e9duction des d\u00e9chets et une optimisation des op\u00e9rations de remplissage. En minimisant les pertes de produits, les producteurs peuvent am\u00e9liorer leurs marges sans sacrifier la qualit\u00e9.<\/p>\n\n\n\n<h3 class=\"wp-block-heading\"><strong>3. Flexibilit\u00e9 et \u00e9volutivit\u00e9<\/strong><\/h3>\n\n\n\n<p>Qu&#8217;il s&#8217;agisse d&#8217;une petite usine artisanale ou d&#8217;une installation automatis\u00e9e \u00e0 grande vitesse, les solutions modulaires d&#8217;Antares Vision Group s&#8217;adaptent facilement. Lorsque de nouveaux formats de produits sont introduits, des ajustements peuvent \u00eatre effectu\u00e9s rapidement sans reconfigurer l&#8217;ensemble de la ligne.<\/p>\n\n\n\n<h3 class=\"wp-block-heading\"><strong>4. T\u00e9l\u00e9assistance et maintenance planifi\u00e9e<\/strong><\/h3>\n\n\n\n<p>La gestion int\u00e9gr\u00e9e de l&#8217;assistance \u00e0 distance garantit une assistance technique rapide, \u00e9liminant les temps d&#8217;arr\u00eat et r\u00e9duisant les co\u00fbts de maintenance &#8211; un avantage essentiel dans un environnement de production 24 heures sur 24 et 7 jours sur 7.<\/p>\n\n\n\n<h2 class=\"wp-block-heading\"><strong>Solutions de contr\u00f4le pond\u00e9ral pour l&#8217;industrie alimentaire : Antares Vision Group Technologies pour le contr\u00f4le dynamique du poids<\/strong><\/h2>\n\n\n\n<p><strong>Trieuses pond\u00e9rales pour petits <\/strong>et <strong>moyens produits &#8211; <\/strong>Trieuse pond\u00e9rale de haute vitesse et pr\u00e9cision pour petits et moyens formats, avec une gamme de poids allant jusqu&#8217;\u00e0 3 200 g. <a href=\"https:\/\/antaresvisiongroup.com\/food\/fr\/products\/trieuses-ponderales-pour-petits-et-moyens-formats\/\">En savoir plus<\/a><\/p>\n\n\n\n<p><strong>Checkweighers pour les produits de taille moyenne &#8211; <\/strong>Trieuses pond\u00e9rales pour les formats moyens-grands, robustes et d&#8217;une capacit\u00e9 allant jusqu&#8217;\u00e0 12 000 g. <a href=\"https:\/\/antaresvisiongroup.com\/food\/fr\/products\/trieuses-ponderales-pour-moyens-et-grands-formats\/\">En savoir plus<\/a><\/p>\n\n\n\n<p><strong>Trieuse pond\u00e9rale pour charges lourdes \/ fin de ligne &#8211; <\/strong>Trieuse pond\u00e9rale de fin de ligne, pour un contr\u00f4le d&#8217;int\u00e9gralit\u00e9 et une gamme de poids allant jusqu&#8217;\u00e0 60 000 g. <a href=\"https:\/\/antaresvisiongroup.com\/food\/fr\/products\/trieuses-ponderales-de-fin-de-ligne-pour-les-grands-formats\/\">En savoir plus<\/a><\/p>\n\n\n\n<p><strong>Trieuses pond\u00e9rales avec convoyeurs <\/strong>\u00e0 cha\u00eenes et <strong>skid &#8211; <\/strong>Trieuses pond\u00e9rales avec convoyeurs \u00e0 cha\u00eenes et \u00e0 courroies plates pour bocaux, bouteilles en plastique et bo\u00eetes de conserve. <a href=\"https:\/\/antaresvisiongroup.com\/food\/fr\/products\/trieuses-ponderales-avec-convoyeur-a-chaine-et-a-vis-dalimentation\/\">En savoir plus<\/a><\/p>\n\n\n\n<h3 class=\"wp-block-heading\"><strong>Trieuses pond\u00e9rales sp\u00e9ciales<\/strong><\/h3>\n\n\n\n<p><strong>Trieuses pond\u00e9rales \u00e0 bandes lat\u00e9rales<\/strong> &#8211; Trieuse pond\u00e9rale \u00e0 grande vitesse con\u00e7ue pour les produits verticaux et instables. <a href=\"https:\/\/antaresvisiongroup.com\/food\/fr\/products\/trieuses-ponderales-speciales\/trieuses-ponderales-avec-bandes-dentrainement-laterales\/\">En savoir plus<\/a><\/p>\n\n\n\n<p><strong>Trieuse pond\u00e9rale \u00e0 deux voies<\/strong> &#8211; Syst\u00e8mes \u00e0 deux voies dot\u00e9s de panneaux de contr\u00f4le et de syst\u00e8mes de rejet d\u00e9di\u00e9s. <a href=\"https:\/\/antaresvisiongroup.com\/food\/fr\/products\/trieuses-ponderales-speciales\/trieuses-ponderales-avec-bandes-dentrainement-laterales\/\">En savoir plus<\/a><\/p>\n\n\n\n<p><strong>Trieuse pond\u00e9rale multi-voies pour produits emball\u00e9s<\/strong> &#8211; Deux voies ou plus pour les produits emball\u00e9s horizontalement. <a href=\"https:\/\/antaresvisiongroup.com\/food\/fr\/products\/trieuses-ponderales-speciales\/trieuses-ponderales-multipistes-pour-produits-emballes\/\">En savoir plus<\/a><\/p>\n\n\n\n<p><strong>Trieuses pond\u00e9rales pour p\u00e2te crue<\/strong> &#8211; Sp\u00e9cialement con\u00e7ues pour peser la p\u00e2te crue au cours du processus de production. <a href=\"https:\/\/antaresvisiongroup.com\/food\/fr\/products\/trieuses-ponderales-speciales\/trieuses-ponderales-pour-pate-crue\/\">En savoir plus<\/a><\/p>\n\n\n\n<p><strong>Trieuses pond\u00e9rales multi-voies pour<\/strong> produits non emball\u00e9s &#8211; Solutions multi-voies pour produits non emball\u00e9s. <a href=\"https:\/\/antaresvisiongroup.com\/food\/fr\/products\/trieuses-ponderales-speciales\/trieuses-ponderales-multipistes-pour-produits-non-emballes\/\">En savoir plus. <\/a><\/p>\n\n\n\n<p><strong>Module de pesage dynamique<\/strong> &#8211; Un module de pesage dynamique pour l&#8217;int\u00e9gration dans les syst\u00e8mes OEM. <a href=\"https:\/\/antaresvisiongroup.com\/food\/fr\/products\/trieuses-ponderales-speciales\/module-de-pesee-dynamique\/\">En savoir plus<\/a><\/p>\n\n\n\n<hr class=\"wp-block-separator has-alpha-channel-opacity\" \/>\n\n\n\n<h3 class=\"wp-block-heading\"><strong>Avantages de l&#8217;utilisation d&#8217;une trieuse pond\u00e9rale Antares Vision Group<\/strong><\/h3>\n\n\n\n<p>La mise en \u0153uvre d&#8217;une trieuse pond\u00e9rale d&#8217;Antares Vision Group offre des avantages tangibles \u00e0 plusieurs niveaux de la production :<\/p>\n\n\n\n<ul class=\"wp-block-list\">\n<li><strong>Am\u00e9lioration du contr\u00f4le de la qualit\u00e9<\/strong> gr\u00e2ce \u00e0 une surveillance continue.<\/li>\n\n\n\n<li><strong>Configuration plus rapide de la ligne<\/strong> et r\u00e9duction des erreurs humaines gr\u00e2ce \u00e0 l&#8217;IHM intuitive et \u00e0 l&#8217;acc\u00e8s bas\u00e9 sur les r\u00f4les.<\/li>\n\n\n\n<li>Une<strong>plus grande disponibilit\u00e9 op\u00e9rationnelle<\/strong> gr\u00e2ce \u00e0 une conception robuste et \u00e0 un service \u00e0 distance.<\/li>\n\n\n\n<li><strong>Tranquillit\u00e9 d&#8217;esprit sur le plan r\u00e9glementaire<\/strong>, en garantissant que tous les produits sont conformes aux normes de poids nationales et internationales.<\/li>\n\n\n\n<li><strong>Connectivit\u00e9 num\u00e9rique compl\u00e8te<\/strong> conforme aux exigences de l&#8217;industrie 4.0 et de l&#8217;usine intelligente.<\/li>\n<\/ul>\n\n\n\n<p>En fin de compte, ces syst\u00e8mes ne se contentent pas de peser les produits, ils font partie int\u00e9grante d&#8217;une <strong>strat\u00e9gie d&#8217;assurance qualit\u00e9 fond\u00e9e sur les donn\u00e9es.<\/strong><\/p>\n\n\n\n<hr class=\"wp-block-separator has-alpha-channel-opacity\" \/>\n\n\n\n<h2 class=\"wp-block-heading\"><strong>FAQ sur les trieuses pond\u00e9rales dans l&#8217;industrie alimentaire<\/strong><\/h2>\n\n\n\n<h3 class=\"wp-block-heading\"><strong>1. Qu&#8217;est-ce qu&#8217;une trieuse pond\u00e9rale et comment fonctionne-t-elle ?<\/strong><\/h3>\n\n\n\n<p>Une <strong>trieuse pond\u00e9rale<\/strong> p\u00e8se automatiquement les produits en mouvement sur un tapis roulant, en comparant le poids de chaque article \u00e0 des objectifs pr\u00e9d\u00e9finis. Les articles non conformes sont rejet\u00e9s, ce qui garantit une production r\u00e9guli\u00e8re.<\/p>\n\n\n\n<h3 class=\"wp-block-heading\"><strong>2. Pourquoi une trieuse pond\u00e9rale est-elle importante dans l&#8217;industrie alimentaire ?<\/strong><\/h3>\n\n\n\n<p>Il garantit que chaque emballage respecte le poids d\u00e9clar\u00e9, ce qui aide les entreprises \u00e0 se conformer aux lois sur l&#8217;\u00e9tiquetage, \u00e0 \u00e9viter les amendes et \u00e0 conserver la confiance des consommateurs.<\/p>\n\n\n\n<h3 class=\"wp-block-heading\"><strong>3. Quelle est la pr\u00e9cision des trieuses pond\u00e9rales d&#8217;Antares Vision Group ?<\/strong><\/h3>\n\n\n\n<p>Gr\u00e2ce \u00e0 des composants de haute pr\u00e9cision et \u00e0 un \u00e9talonnage \u00e9lectronique, ils atteignent une <strong>pr\u00e9cision et une r\u00e9p\u00e9tabilit\u00e9 exceptionnelles<\/strong>, m\u00eame \u00e0 des vitesses de production \u00e9lev\u00e9es.<\/p>\n\n\n\n<h3 class=\"wp-block-heading\"><strong>4. Une trieuse pond\u00e9rale peut-elle \u00eatre int\u00e9gr\u00e9e dans des lignes de production existantes ?<\/strong><\/h3>\n\n\n\n<p>La structure modulaire et la connectivit\u00e9 des syst\u00e8mes Antares Vision Group permettent une int\u00e9gration transparente avec les convoyeurs, les d\u00e9tecteurs de m\u00e9taux ou les unit\u00e9s d&#8217;inspection par vision.<\/p>\n\n\n\n<h3 class=\"wp-block-heading\"><strong>5. Ces trieuses pond\u00e9rales sont-elles conformes aux normes industrielles ?<\/strong><\/h3>\n\n\n\n<p>Absolument. Ils d\u00e9tiennent l&#8217;<strong>approbation m\u00e9trologique MID<\/strong> (le cas \u00e9ch\u00e9ant) et se conforment aux exigences internationales en mati\u00e8re de certification, ce qui garantit une conformit\u00e9 totale sur le plan juridique et de la qualit\u00e9.<\/p>\n\n\n\n<h3 class=\"wp-block-heading\"><strong>6. Quel entretien les trieuses pond\u00e9rales n\u00e9cessitent-elles ?<\/strong><\/h3>\n\n\n\n<p>Minimal. Leur conception en acier inoxydable facilite le nettoyage, tandis que les <strong>diagnostics \u00e0 distance<\/strong> et la maintenance planifi\u00e9e r\u00e9duisent les temps d&#8217;arr\u00eat et les co\u00fbts.<\/p>\n\n\n\n<hr class=\"wp-block-separator has-alpha-channel-opacity\" \/>\n\n\n\n<h2 class=\"wp-block-heading\"><strong>Conclusion : Antares Vision Group &#8211; \u00c9tablir la norme mondiale en mati\u00e8re de pesage de produits alimentaires<\/strong><\/h2>\n\n\n\n<p>La pr\u00e9cision, la vitesse et la fiabilit\u00e9 d\u00e9finissent les performances d&#8217;une <strong>trieuse pond\u00e9rale<\/strong> &#8211; et <strong>Antares Vision Group<\/strong> r\u00e9pond \u00e0 ces trois crit\u00e8res. Con\u00e7us pour r\u00e9pondre aux besoins \u00e9volutifs du secteur alimentaire, ces syst\u00e8mes combinent l&#8217;excellence technologique avec la modularit\u00e9, la conformit\u00e9 et la connectivit\u00e9 compl\u00e8te de l&#8217;industrie 4.0.<\/p>\n\n\n\n<p>Qu&#8217;il s&#8217;agisse d&#8217;optimiser le contr\u00f4le de la qualit\u00e9, d&#8217;am\u00e9liorer l&#8217;efficacit\u00e9 ou de garantir la conformit\u00e9 aux r\u00e9glementations, les <strong>trieuses pond\u00e9rales d&#8217;Antares Vision Group<\/strong> offrent l&#8217;\u00e9quilibre parfait entre l&#8217;<strong>innovation et l&#8217;aspect pratique<\/strong>.<\/p>\n\n\n\n<hr class=\"wp-block-separator has-alpha-channel-opacity\" \/>\n\n\n\n<p><a id=\"_msocom_4\"><\/a><\/p>\n\n\n\n                <\/div>\n            <\/div>\n        <\/div>\n     <\/div> <\/div>\n\n<style>\n\n    \/* mobile *\/\n    @media screen and (max-width: 767px) {\n\n    }\n\n    \/* ipad *\/\n    @media screen and (min-width: 768px) and  (max-width: 992px){\n\n    }\n\n    \/* ipad pro *\/\n    @media screen and (min-width: 992px) and  (max-width: 1200px){\n\n    }\n\n<\/style>","protected":false},"excerpt":{"rendered":"<p>Dans l&#8217;industrie alimentaire, la pr\u00e9cision du poids des produits n&#8217;est pas seulement une question de&#8230;<\/p>\n","protected":false},"author":6,"featured_media":0,"parent":0,"menu_order":0,"comment_status":"closed","ping_status":"closed","template":"","meta":{"_acf_changed":false,"footnotes":""},"class_list":["post-4348","page","type-page","status-publish","hentry"],"acf":[],"lang":"fr","translations":{"fr":4348,"en":4339,"it":4344,"es":4351,"pt":4558},"pll_sync_post":[],"_links":{"self":[{"href":"https:\/\/antaresvisiongroup.com\/food\/wp-json\/wp\/v2\/pages\/4348","targetHints":{"allow":["GET"]}}],"collection":[{"href":"https:\/\/antaresvisiongroup.com\/food\/wp-json\/wp\/v2\/pages"}],"about":[{"href":"https:\/\/antaresvisiongroup.com\/food\/wp-json\/wp\/v2\/types\/page"}],"author":[{"embeddable":true,"href":"https:\/\/antaresvisiongroup.com\/food\/wp-json\/wp\/v2\/users\/6"}],"replies":[{"embeddable":true,"href":"https:\/\/antaresvisiongroup.com\/food\/wp-json\/wp\/v2\/comments?post=4348"}],"version-history":[{"count":5,"href":"https:\/\/antaresvisiongroup.com\/food\/wp-json\/wp\/v2\/pages\/4348\/revisions"}],"predecessor-version":[{"id":4527,"href":"https:\/\/antaresvisiongroup.com\/food\/wp-json\/wp\/v2\/pages\/4348\/revisions\/4527"}],"wp:attachment":[{"href":"https:\/\/antaresvisiongroup.com\/food\/wp-json\/wp\/v2\/media?parent=4348"}],"curies":[{"name":"wp","href":"https:\/\/api.w.org\/{rel}","templated":true}]}}