{"id":4421,"date":"2025-12-04T12:56:15","date_gmt":"2025-12-04T11:56:15","guid":{"rendered":"https:\/\/antaresvisiongroup.com\/food\/?page_id=4421"},"modified":"2025-12-17T10:47:30","modified_gmt":"2025-12-17T09:47:30","slug":"tracabilite-dans-le-secteur-alimentaire","status":"publish","type":"page","link":"https:\/\/antaresvisiongroup.com\/food\/fr\/tracabilite-dans-le-secteur-alimentaire\/","title":{"rendered":"Tra\u00e7abilit\u00e9 dans le secteur alimentaire"},"content":{"rendered":"\n<div class=\"kbreadcrumb\" id=\"k_year\">\n    <div class=\"pure-container\">\n        <div class=\"pure-g\">\n            <div class=\"pure-u-1-1\">\n                <div class=\"breadcrumbs\"><a href=\"https:\/\/antaresvisiongroup.com\/food\">Home<\/a> | <\/div>            <\/div>\n        <\/div>\n    <\/div>\n<\/div>\n\n<style>\n\n    .kbreadcrumb{max-width: 1330px; margin-right: auto; margin-left: auto; font-size: 14px; color: #222222; padding-top: 15px; padding-bottom: 15px;\n        font-family: 'Exo', sans-serif;}\n    .kbreadcrumb a{color: inherit; text-decoration: none;}\n\n    \/* mobile *\/\n    @media screen and (max-width: 767px) {\n        .kbreadcrumb{padding-right: 15px; padding-left: 15px;}\n    }\n\n    \/* ipad *\/\n    @media screen and (min-width: 768px) and  (max-width: 992px){\n        .kbreadcrumb{padding-right: 15px; padding-left: 15px;}\n    }\n\n    \/* ipad pro *\/\n    @media screen and (min-width: 992px) and  (max-width: 1200px){\n        .kbreadcrumb{padding-right: 15px; padding-left: 15px;}\n    }\n\n<\/style>\n\n\n<div class=\"pure-containerFluid kintro\">\n    <div class=\"pure-container\">\n        <div class=\"pure-g\">\n            <div class=\"pure-u-1-1 pure-u-md-16-24 kintro__col\">\n                <div class='kintro__top'>                    <a class=\"kintro__button\" href=\"https:\/\/antaresvisiongroup.com\/food\/fr\/track-and-trace\/\" target=\"\">\n                        <div class=\"kbutton__buttonTitle\">D\u00c9COUVREZ NOS SOLUTIONS<\/div>\n                        <svg id=\"Livello_button\" data-name=\"Livello 2\" xmlns=\"http:\/\/www.w3.org\/2000\/svg\" xmlns:xlink=\"http:\/\/www.w3.org\/1999\/xlink\" width=\"14\" height=\"14\" viewBox=\"0 0 14 14\">\n                            <defs>\n                                <style>\n                                    .kintro__button .cls-1{fill:none;}\n                                    .kintro__button .cls-2{clip-path:url(#clip-path-1)!important;}\n                                    .kintro__button .cls-3{clip-path:url(#clip-path-2-1)!important;}\n                                    .kintro__button .cls-4{clip-path:url(#clip-path-3-1)!important;}\n                                    .kintro__button .cls-5{fill: rgb(,,)!important;}\n                                <\/style>\n                                <clipPath id=\"clip-path-1\">\n                                    <polygon class=\"cls-1\" points=\"2.099 12.999 1 11.9 10.344 2.557 1.824 2.557 1.824 1 13 1 13 12.176 11.443 12.176 11.443 3.656 2.099 12.999\"><\/polygon>\n                                <\/clipPath>\n                                <clipPath id=\"clip-path-2-1\">\n                                    <rect class=\"cls-1\" x=\"-1141\" y=\"-1543\" width=\"1680\" height=\"4770.9999\"><\/rect>\n                                <\/clipPath>\n                                <clipPath id=\"clip-path-3-1\">\n                                    <rect class=\"cls-1\" x=\"1\" y=\"1\" width=\"12\" height=\"12\"><\/rect>\n                                <\/clipPath>\n                            <\/defs>\n                            <title>k-arrow-blu<\/title>\n                            <g class=\"cls-2\"><g class=\"cls-3\"><g class=\"cls-4\"><g class=\"cls-4\"><rect class=\"cls-5\" width=\"14\" height=\"14\"><\/rect>\n                                            <rect class=\"cls-5\" width=\"14\" height=\"14\"><\/rect>\n                                        <\/g><\/g><\/g><\/g>\n                        <\/svg>\n                    <\/a>\n                <\/div><h1>Tra\u00e7abilit\u00e9 dans le secteur alimentaire <\/h1>            <\/div>\n        <\/div>\n    <\/div>\n<\/div>\n\n<style>\n\n    .kintro{}\n\n    .kintro{margin-top: 50px;}\n\n    .kintro__row{justify-content: center;}\n    .kintro__date{font-family: 'Exo', sans-serif;}\n    .kintro h1{color: rgb(,,); border-top: 2px solid rgb(,,); padding-top: 30px; margin-top: 10px;}\n    .kintro__thumb img{width: 100%; height: auto;}\n\n    .kintro__extraCont{display: flex; align-items: flex-end; margin-bottom: 20px; margin-top: 80px;}\n    .kintro__extraLineTitle{height: 2px; width: 50px; margin-bottom: 13px; margin-right: 30px;}\n    .kintro__extraCont h2 {font-size: 30px;margin-top: 0;margin-bottom: 0; text-transform: uppercase;}\n    .kintro a{color: rgb(,,);}\n\n    .kintro__top{display: flex; justify-content: space-between; align-items: center; flex-wrap: wrap;}\n\n    \/* button *\/\n    .kintro__button{cursor: pointer; background-color: rgba(,,, 0.08); ; margin-left: auto;\n        color: rgb(,,); padding: 10px 15px; font-weight: 500; text-decoration: none;\n        display: flex; justify-content: space-between; min-width: 100px; width: auto;}\n    .kbutton__buttonTitle{border-bottom: 1px solid rgb(,,); padding-bottom: 5px; text-transform: uppercase;}\n    .kintro__button svg{width: 16px; height: 16px; margin-top: 3px; margin-left: 15px;}\n\n    \/* new *\/\n    .kintro__col{margin-left: auto; margin-right: auto;}\n\n    \/* mobile *\/\n    @media screen and (max-width: 767px) {\n        .kintro__top{flex-direction: column; align-items: flex-start;}\n        .kintro__button{margin-top: 10px;}\n    }\n\n    \/* ipad *\/\n    @media screen and (min-width: 768px) and  (max-width: 992px){\n\n    }\n\n    \/* ipad pro *\/\n    @media screen and (min-width: 992px) and  (max-width: 1200px){\n\n    }\n\n\n<\/style>\n\n<script>\n    window.addEventListener('DOMContentLoaded', function() {\n        jQuery(function ($) {\n\n        });\n    });\n<\/script>\n\n    <div class=\"pure-containerFluid pureCol \">\n    <div class=\"pure-container\">         <div class=\"pure-row\">\n            <div class=\"pure-g\">\n                <div class=\"pure-u-1-1 pure-u-md-16-24 offset-md-1-6\">\n\n\n\n\n<style>\n\n    .formContacts input[type=\"submit\"]{ background-color: rgb(,,); border: 0;\n    color: #ffffff; text-transform: uppercase; padding: 20px; font-size: 16px; font-family: 'Roboto', sans-serif;\n    min-width: 250px; font-weight: 600; cursor: pointer; margin-top: 30px;}\n    .pureCol a{color: rgb(,,);}\n\n    \/* mobile *\/\n    @media screen and (max-width: 767px) {\n\n    }\n\n    \/* ipad *\/\n    @media screen and (min-width: 768px) and  (max-width: 992px){\n\n    }\n\n    \/* ipad pro *\/\n    @media screen and (min-width: 992px) and  (max-width: 1200px){\n\n    }\n\n<\/style>\n\n\n<p>Dans l&#8217;industrie alimentaire moderne, la <strong>tra\u00e7abilit\u00e9<\/strong> n&#8217;est plus une option, mais un pilier fondamental pour garantir la s\u00e9curit\u00e9, la transparence et la confiance des consommateurs. Du champ \u00e0 la fourchette, chaque \u00e9tape de la cha\u00eene d&#8217;approvisionnement doit \u00eatre contr\u00f4l\u00e9e, v\u00e9rifi\u00e9e et enregistr\u00e9e. <strong>Antares Vision Group<\/strong>, leader mondial des solutions d&#8217;inspection, de suivi et de tra\u00e7abilit\u00e9 et de gestion intelligente des donn\u00e9es, propose des syst\u00e8mes complets qui garantissent une visibilit\u00e9 et un contr\u00f4le totaux des produits alimentaires.<\/p>\n\n\n\n<div style=\"height:50px\" aria-hidden=\"true\" class=\"wp-block-spacer\"><\/div>\n\n\n\n<h2 class=\"wp-block-heading\"><strong>L&#8217;importance de la tra\u00e7abilit\u00e9 dans l&#8217;industrie alimentaire<\/strong><\/h2>\n\n\n\n<p>Les cha\u00eenes d&#8217;approvisionnement alimentaire deviennent de plus en plus complexes. L&#8217;approvisionnement mondial, la production \u00e0 grande \u00e9chelle et l&#8217;\u00e9volution des r\u00e9glementations font qu&#8217;il est essentiel de garantir l&#8217;int\u00e9grit\u00e9 et la s\u00e9curit\u00e9 des produits. La <strong>tra\u00e7abilit\u00e9<\/strong> est au c\u0153ur de ce d\u00e9fi et permet aux entreprises :<\/p>\n\n\n\n<ul class=\"wp-block-list\">\n<li>Identification et isolement rapides des lots contamin\u00e9s<\/li>\n<\/ul>\n\n\n\n<ul class=\"wp-block-list\">\n<li>Pr\u00e9vention de la fraude et de la contrefa\u00e7on<\/li>\n<\/ul>\n\n\n\n<ul class=\"wp-block-list\">\n<li>Garantir le respect des normes internationales<\/li>\n<\/ul>\n\n\n\n<ul class=\"wp-block-list\">\n<li>Renforcer la r\u00e9putation de la marque et la confiance<\/li>\n<\/ul>\n\n\n\n<p>Gr\u00e2ce \u00e0 la tra\u00e7abilit\u00e9, les producteurs peuvent non seulement r\u00e9agir plus rapidement en cas de probl\u00e8me, mais aussi cr\u00e9er une histoire transparente et cr\u00e9dible pour les consommateurs.<\/p>\n\n\n\n<div style=\"height:50px\" aria-hidden=\"true\" class=\"wp-block-spacer\"><\/div>\n\n\n\n<h2 class=\"wp-block-heading\"><strong>Les d\u00e9fis de la tra\u00e7abilit\u00e9 alimentaire de bout en bout<\/strong><\/h2>\n\n\n\n<p>La mise en \u0153uvre d&#8217;une <strong>tra\u00e7abilit\u00e9<\/strong> compl\u00e8te tout au long de la cha\u00eene alimentaire est une t\u00e2che complexe. Les entreprises sont confront\u00e9es \u00e0 un certain nombre d&#8217;obstacles techniques et organisationnels :<\/p>\n\n\n\n<ul class=\"wp-block-list\">\n<li><strong>Sources de donn\u00e9es fragment\u00e9es : les<\/strong> informations proviennent souvent de syst\u00e8mes qui ne communiquent pas entre eux.<\/li>\n<\/ul>\n\n\n\n<ul class=\"wp-block-list\">\n<li><strong>Manque de normalisation : les<\/strong> diff\u00e9rents pays et partenaires utilisent des formats et des normes diff\u00e9rents.<\/li>\n<\/ul>\n\n\n\n<ul class=\"wp-block-list\">\n<li><strong>Cha\u00eenes d&#8217;approvisionnement complexes : les<\/strong> ingr\u00e9dients peuvent traverser plusieurs fronti\u00e8res avant d&#8217;atteindre le consommateur.<\/li>\n<\/ul>\n\n\n\n<ul class=\"wp-block-list\">\n<li><strong>Pressions des<\/strong> autorit\u00e9s et des<strong>consommateurs :<\/strong> les autorit\u00e9s et les clients exigent de plus en plus de transparence et de tra\u00e7abilit\u00e9 num\u00e9rique.<\/li>\n<\/ul>\n\n\n\n<p>Sans un syst\u00e8me int\u00e9gr\u00e9 et fiable, les efforts de tra\u00e7abilit\u00e9 risquent d&#8217;\u00eatre inefficaces ou incomplets.<\/p>\n\n\n\n<div style=\"height:50px\" aria-hidden=\"true\" class=\"wp-block-spacer\"><\/div>\n\n\n\n<h2 class=\"wp-block-heading\"><strong>Solutions du groupe Antares Vision pour la tra\u00e7abilit\u00e9 alimentaire<\/strong><\/h2>\n\n\n\n<p><strong>Antares Vision Group<\/strong> offre un <a href=\"https:\/\/antaresvisiongroup.com\/food\/it\/track-and-trace\/\">\u00e9cosyst\u00e8me complet de technologies<\/a> pour assurer une <strong>tra\u00e7abilit\u00e9<\/strong> transparente et s\u00e9curis\u00e9e de tous les produits, emballages et palettes. Ses solutions couvrent l&#8217;ensemble du processus, de la s\u00e9rialisation \u00e0 la gestion des donn\u00e9es.<\/p>\n\n\n\n<h3 class=\"wp-block-heading\"><strong>S\u00e9rialisation des produits alimentaires<\/strong><\/h3>\n\n\n\n<p>La <a href=\"https:\/\/antaresvisiongroup.com\/food\/fr\/products\/serialisation\/\">s\u00e9rialisation<\/a> attribue \u00e0 chaque produit une identit\u00e9 num\u00e9rique unique qui permet de le suivre tout au long de son cycle de vie. Gr\u00e2ce aux syst\u00e8mes de s\u00e9rialisation d&#8217;Antares Vision Group, les fabricants de produits alimentaires peuvent :<\/p>\n\n\n\n<ul class=\"wp-block-list\">\n<li>Identifier chaque article avec un code unique (QR, Data Matrix).<\/li>\n<\/ul>\n\n\n\n<ul class=\"wp-block-list\">\n<li>Automatisation de la collecte et de l&#8217;enregistrement des donn\u00e9es<\/li>\n<\/ul>\n\n\n\n<ul class=\"wp-block-list\">\n<li>Garantie d&#8217;authenticit\u00e9 et protection contre les contrefa\u00e7ons<\/li>\n<\/ul>\n\n\n\n<h3 class=\"wp-block-heading\"><strong>Agr\u00e9gation de produits <\/strong><\/h3>\n\n\n\n<p>L&#8217;<a href=\"https:\/\/antaresvisiongroup.com\/food\/it\/products\/aggregazione\/\">agr\u00e9gation<\/a> permet de regrouper des produits s\u00e9rialis\u00e9s en unit\u00e9s plus grandes &#8211; bo\u00eetes, palettes ou lots &#8211; tout en maintenant la tra\u00e7abilit\u00e9 num\u00e9rique tout au long de la cha\u00eene de distribution. Les avantages sont les suivants<\/p>\n\n\n\n<ul class=\"wp-block-list\">\n<li>Simplification de la logistique et de la gestion des entrep\u00f4ts<\/li>\n<\/ul>\n\n\n\n<ul class=\"wp-block-list\">\n<li>Un rappel des produits plus rapide et plus pr\u00e9cis<\/li>\n<\/ul>\n\n\n\n<ul class=\"wp-block-list\">\n<li>Visibilit\u00e9 accrue pour tous les acteurs de la cha\u00eene d&#8217;approvisionnement<\/li>\n<\/ul>\n\n\n\n<h3 class=\"wp-block-heading\"><strong>Logiciel de gestion des donn\u00e9es<\/strong><\/h3>\n\n\n\n<p>La gestion efficace des donn\u00e9es est au c\u0153ur de tout syst\u00e8me de tra\u00e7abilit\u00e9. Le <strong><a href=\"https:\/\/antaresvisiongroup.com\/food\/it\/track-and-trace\/software-di-gestione-dati-per-il-track-trace\/\">logiciel de gestion des donn\u00e9es d&#8217;<\/a><\/strong> Antares Vision Group centralise et interpr\u00e8te d&#8217;importants volumes d&#8217;informations sur la cha\u00eene d&#8217;approvisionnement, ce qui permet un contr\u00f4le et une analyse en temps r\u00e9el. Ses principales caract\u00e9ristiques sont les suivantes<\/p>\n\n\n\n<ul class=\"wp-block-list\">\n<li>D\u00e9p\u00f4t de donn\u00e9es centralis\u00e9 et accessible entre les centres et les partenaires<\/li>\n<\/ul>\n\n\n\n<ul class=\"wp-block-list\">\n<li>Conformit\u00e9 totale avec les normes mondiales de tra\u00e7abilit\u00e9<\/li>\n<\/ul>\n\n\n\n<ul class=\"wp-block-list\">\n<li>Analyse avanc\u00e9e pour optimiser les processus et r\u00e9duire les risques<\/li>\n<\/ul>\n\n\n\n<p>Gr\u00e2ce \u00e0 ces technologies int\u00e9gr\u00e9es, les entreprises alimentaires peuvent obtenir une visibilit\u00e9 compl\u00e8te du produit, depuis l&#8217;origine de la mati\u00e8re premi\u00e8re jusqu&#8217;au consommateur final.<\/p>\n\n\n\n<div style=\"height:50px\" aria-hidden=\"true\" class=\"wp-block-spacer\"><\/div>\n\n\n\n<h2 class=\"wp-block-heading\"><strong>Avantages de la tra\u00e7abilit\u00e9 num\u00e9rique dans le secteur alimentaire<\/strong><\/h2>\n\n\n\n<p>La mise en \u0153uvre de solutions de <strong>tra\u00e7abilit\u00e9<\/strong> avanc\u00e9es g\u00e9n\u00e8re des avantages concrets sur le plan op\u00e9rationnel, \u00e9conomique et de la r\u00e9putation :<\/p>\n\n\n\n<ul class=\"wp-block-list\">\n<li><strong>Conformit\u00e9 r\u00e9glementaire :<\/strong> respect des normes internationales en mati\u00e8re de s\u00e9curit\u00e9 et d&#8217;\u00e9tiquetage.<\/li>\n<\/ul>\n\n\n\n<ul class=\"wp-block-list\">\n<li><strong>Rappels plus rapides :<\/strong> d\u00e9tection et retrait imm\u00e9diats des produits non conformes.<\/li>\n<\/ul>\n\n\n\n<ul class=\"wp-block-list\">\n<li><strong>Assurance qualit\u00e9 :<\/strong> contr\u00f4le permanent de chaque \u00e9tape de la production.<\/li>\n<\/ul>\n\n\n\n<ul class=\"wp-block-list\">\n<li><strong>Durabilit\u00e9 et transparence :<\/strong> documenter les pratiques de passation de march\u00e9s dans une perspective ESG.<\/li>\n<\/ul>\n\n\n\n<ul class=\"wp-block-list\">\n<li><strong>Engagement des consommateurs :<\/strong> acc\u00e8s aux informations sur les produits par le biais d&#8217;\u00e9tiquettes num\u00e9riques et de codes QR.<\/li>\n<\/ul>\n\n\n\n<p>En transformant les donn\u00e9es de tra\u00e7abilit\u00e9 en informations strat\u00e9giques, les entreprises peuvent prendre des d\u00e9cisions plus efficaces, r\u00e9duire les d\u00e9chets et accro\u00eetre la r\u00e9silience de la cha\u00eene d&#8217;approvisionnement.<\/p>\n\n\n\n<h2 class=\"wp-block-heading\"><strong>Fonctionnement<\/strong><\/h2>\n\n\n\n<ul class=\"wp-block-list\">\n<li>La s\u00e9rialisation attribue un code unique \u00e0 chaque unit\u00e9 de produit, permettant ainsi son identification individuelle et sa tra\u00e7abilit\u00e9 tout au long de la cha\u00eene d&#8217;approvisionnement.<\/li>\n\n\n\n<li>La s\u00e9rialisation peut \u00eatre r\u00e9alis\u00e9e \u00e0 l&#8217;aide de diff\u00e9rents supports de donn\u00e9es, chacun pr\u00e9sentant des caract\u00e9ristiques et une port\u00e9e sp\u00e9cifiques (code QR, Datamatrix, RFID, NFC, etc.).<\/li>\n\n\n\n<li>Les articles s\u00e9rialis\u00e9s peuvent \u00eatre rattach\u00e9s \u00e0 leur emballage d&#8217;origine (lots, caisses, palettes), garantissant ainsi une tra\u00e7abilit\u00e9 compl\u00e8te lors des diff\u00e9rentes phases logistiques.<\/li>\n\n\n\n<li>La tra\u00e7abilit\u00e9 contribue \u00e0 la r\u00e9alisation des objectifs de l&#8217;entreprise, tels que la lutte contre la contrefa\u00e7on, la conformit\u00e9 r\u00e9glementaire, le d\u00e9veloppement durable, l&#8217;engagement client et la gestion des actifs consign\u00e9s.<\/li>\n<\/ul>\n\n\n\n<h2 class=\"wp-block-heading\"><strong>Applications<\/strong><\/h2>\n\n\n\n<ul class=\"wp-block-list\">\n<li>Viande, p\u00e2tes, l\u00e9gumes, fruits, poissons, produits laitiers, conserves, condiments<\/li>\n\n\n\n<li>l\u00e9gumineuses, c\u00e9r\u00e9ales, noix et graines, huiles et mati\u00e8res grasses, \u00e9pices et herbes aromatiques, produits de boulangerie, en-cas sal\u00e9s, produits surgel\u00e9s, confiseries, plats cuisin\u00e9s<\/li>\n<\/ul>\n\n\n\n<figure class=\"wp-block-image size-full\"><img loading=\"lazy\" decoding=\"async\" width=\"1\" height=\"1\" src=\"\/\/antaresvisiongroup.b-cdn.net\/food\/wp-content\/uploads\/sites\/2\/2025\/12\/image-3.png\" alt=\"[] - Antares Vision Group\" class=\"wp-image-4409\"><\/figure>\n\n\n\n<h2 class=\"wp-block-heading\"><strong>Questions fr\u00e9quemment pos\u00e9es sur la tra\u00e7abilit\u00e9 des aliments<\/strong><\/h2>\n\n\n\n<h3 class=\"wp-block-heading\"><strong>1) Qu&#8217;est-ce que la tra\u00e7abilit\u00e9 dans le secteur alimentaire ?<\/strong><\/h3>\n\n\n\n<p>La tra\u00e7abilit\u00e9 est la capacit\u00e9 de retracer et de documenter l&#8217;historique, la localisation et les mouvements des produits alimentaires \u00e0 tous les stades de la production, de la transformation et de la distribution.<\/p>\n\n\n\n<h3 class=\"wp-block-heading\"><strong>2) Pourquoi la tra\u00e7abilit\u00e9 est-elle importante pour la s\u00e9curit\u00e9 alimentaire ?<\/strong><\/h3>\n\n\n\n<p>Il permet de d\u00e9tecter rapidement les lots non conformes, r\u00e9duisant ainsi les risques pour la sant\u00e9 publique et les co\u00fbts de rappel des produits.<\/p>\n\n\n\n<h3 class=\"wp-block-heading\"><strong>3) Comment la s\u00e9rialisation am\u00e9liore-t-elle la tra\u00e7abilit\u00e9 ? <\/strong><\/h3>\n\n\n\n<p>La s\u00e9rialisation donne \u00e0 chaque produit un identifiant unique, garantissant un suivi pr\u00e9cis tout au long de la cha\u00eene d&#8217;approvisionnement et luttant contre la contrefa\u00e7on.<\/p>\n\n\n\n<h3 class=\"wp-block-heading\"><strong>4) Que signifie la s\u00e9rialisation d&#8217;un produit alimentaire ? <\/strong><\/h3>\n\n\n\n<p>La s\u00e9rialisation consiste \u00e0 cr\u00e9er l&#8217;identit\u00e9 num\u00e9rique unique du produit afin de le suivre tout au long de la cha\u00eene d&#8217;approvisionnement \u00e0 l&#8217;aide de syst\u00e8mes de support de donn\u00e9es tels que le code QR, le datamatrix, la NFC ou la RFID.<\/p>\n\n\n\n<h3 class=\"wp-block-heading\"><strong>6) Comment Antares Vision Group soutient-il la s\u00e9rialisation et l&#8217;agr\u00e9gation dans le secteur alimentaire ?<\/strong><\/h3>\n\n\n\n<p>Elle fournit des solutions int\u00e9gr\u00e9es cl\u00e9s en main &#8211; mat\u00e9riel et logiciel &#8211; pour la s\u00e9rialisation, l&#8217;agr\u00e9gation et la gestion des donn\u00e9es, garantissant une visibilit\u00e9 et une conformit\u00e9 totales.<\/p>\n\n\n\n<h3 class=\"wp-block-heading\"><strong>7) O\u00f9 Antares Vision Group est-il pr\u00e9sent sur le march\u00e9 des solutions de suivi et de localisation ? <\/strong><\/h3>\n\n\n\n<p>Le groupe Antares Vision op\u00e8re dans le monde entier, avec une pr\u00e9sence consolid\u00e9e en Europe, en Am\u00e9rique, en Asie et en Afrique. Ses syst\u00e8mes de tra\u00e7abilit\u00e9 sont mis en \u0153uvre par des entreprises de premier plan dans le secteur de l&#8217;alimentation et des boissons, garantissant des normes technologiques et de qualit\u00e9 de premier ordre.<\/p>\n\n\n\n<h3 class=\"wp-block-heading\"><strong>8) Antares Vision Group propose-t-il des solutions cl\u00e9s en main pour la s\u00e9rigraphie, l&#8217;agr\u00e9gation et la tra\u00e7abilit\u00e9 ?<\/strong><\/h3>\n\n\n\n<p>Oui, le groupe propose des <strong>solutions cl\u00e9s en main<\/strong> comprenant la conception, l&#8217;installation, l&#8217;int\u00e9gration des logiciels, la formation et l&#8217;assistance apr\u00e8s-vente. Cela permet aux entreprises d&#8217;adopter des syst\u00e8mes de tra\u00e7abilit\u00e9 complets et cl\u00e9s en main, r\u00e9duisant ainsi le temps de mise en \u0153uvre et la complexit\u00e9 op\u00e9rationnelle.<\/p>\n\n\n\n<figure class=\"wp-block-image size-full\"><img loading=\"lazy\" decoding=\"async\" width=\"1\" height=\"1\" src=\"\/\/antaresvisiongroup.b-cdn.net\/food\/wp-content\/uploads\/sites\/2\/2025\/12\/image-2.png\" alt=\"[] - Antares Vision Group\" class=\"wp-image-4410\"><\/figure>\n\n\n\n<h2 class=\"wp-block-heading\"><strong>Conclusion : la tra\u00e7abilit\u00e9 au service de l&#8217;industrie alimentaire<\/strong><\/h2>\n\n\n\n<p>Dans un secteur o\u00f9 la s\u00e9curit\u00e9 et la transparence sont indispensables, la <strong>tra\u00e7abilit\u00e9<\/strong> est \u00e0 la fois une responsabilit\u00e9 et une opportunit\u00e9. En reliant num\u00e9riquement chaque \u00e9tape de la cha\u00eene de valeur, les entreprises peuvent prot\u00e9ger les consommateurs, optimiser les processus et renforcer leur r\u00e9putation.<\/p>\n\n\n\n<p><strong>Antares Vision Group<\/strong> est \u00e0 la pointe de cette \u00e9volution, offrant des syst\u00e8mes avanc\u00e9s qui rendent la tra\u00e7abilit\u00e9 plus intelligente, plus rapide et plus fiable.<\/p>\n\n\n\n<figure class=\"wp-block-image size-full\"><img loading=\"lazy\" decoding=\"async\" width=\"1\" height=\"1\" src=\"\/\/antaresvisiongroup.b-cdn.net\/food\/wp-content\/uploads\/sites\/2\/2025\/12\/image.png\" alt=\"[] - Antares Vision Group\" class=\"wp-image-4401\"><\/figure>\n\n\n\n<hr class=\"wp-block-separator has-alpha-channel-opacity\" \/>\n\n\n\n<p><a id=\"_msocom_4\"><\/a><\/p>\n\n\n\n                <\/div>\n            <\/div>\n        <\/div>\n     <\/div> <\/div>\n\n<style>\n\n    \/* mobile *\/\n    @media screen and (max-width: 767px) {\n\n    }\n\n    \/* ipad *\/\n    @media screen and (min-width: 768px) and  (max-width: 992px){\n\n    }\n\n    \/* ipad pro *\/\n    @media screen and (min-width: 992px) and  (max-width: 1200px){\n\n    }\n\n<\/style>","protected":false},"excerpt":{"rendered":"<p>Dans l&#8217;industrie alimentaire moderne, la tra\u00e7abilit\u00e9 n&#8217;est plus une option, mais un pilier fondamental pour&#8230;<\/p>\n","protected":false},"author":6,"featured_media":0,"parent":0,"menu_order":0,"comment_status":"closed","ping_status":"closed","template":"","meta":{"_acf_changed":false,"footnotes":""},"class_list":["post-4421","page","type-page","status-publish","hentry"],"acf":[],"lang":"fr","translations":{"fr":4421,"en":4399,"es":4417,"it":4407,"pt":4554},"pll_sync_post":[],"_links":{"self":[{"href":"https:\/\/antaresvisiongroup.com\/food\/wp-json\/wp\/v2\/pages\/4421","targetHints":{"allow":["GET"]}}],"collection":[{"href":"https:\/\/antaresvisiongroup.com\/food\/wp-json\/wp\/v2\/pages"}],"about":[{"href":"https:\/\/antaresvisiongroup.com\/food\/wp-json\/wp\/v2\/types\/page"}],"author":[{"embeddable":true,"href":"https:\/\/antaresvisiongroup.com\/food\/wp-json\/wp\/v2\/users\/6"}],"replies":[{"embeddable":true,"href":"https:\/\/antaresvisiongroup.com\/food\/wp-json\/wp\/v2\/comments?post=4421"}],"version-history":[{"count":4,"href":"https:\/\/antaresvisiongroup.com\/food\/wp-json\/wp\/v2\/pages\/4421\/revisions"}],"predecessor-version":[{"id":4540,"href":"https:\/\/antaresvisiongroup.com\/food\/wp-json\/wp\/v2\/pages\/4421\/revisions\/4540"}],"wp:attachment":[{"href":"https:\/\/antaresvisiongroup.com\/food\/wp-json\/wp\/v2\/media?parent=4421"}],"curies":[{"name":"wp","href":"https:\/\/api.w.org\/{rel}","templated":true}]}}