{"id":4454,"date":"2025-12-09T10:13:29","date_gmt":"2025-12-09T09:13:29","guid":{"rendered":"https:\/\/antaresvisiongroup.com\/food\/?page_id=4454"},"modified":"2025-12-17T11:44:13","modified_gmt":"2025-12-17T10:44:13","slug":"inspection-par-rayons-x-pour-lindustrie-alimentaire","status":"publish","type":"page","link":"https:\/\/antaresvisiongroup.com\/food\/fr\/inspection-par-rayons-x-pour-lindustrie-alimentaire\/","title":{"rendered":"Inspection par rayons X pour l&#8217;industrie alimentaire"},"content":{"rendered":"\n<div class=\"kbreadcrumb\" id=\"k_year\">\n    <div class=\"pure-container\">\n        <div class=\"pure-g\">\n            <div class=\"pure-u-1-1\">\n                <div class=\"breadcrumbs\"><a href=\"https:\/\/antaresvisiongroup.com\/food\">Home<\/a> | <\/div>            <\/div>\n        <\/div>\n    <\/div>\n<\/div>\n\n<style>\n\n    .kbreadcrumb{max-width: 1330px; margin-right: auto; margin-left: auto; font-size: 14px; color: #222222; padding-top: 15px; padding-bottom: 15px;\n        font-family: 'Exo', sans-serif;}\n    .kbreadcrumb a{color: inherit; text-decoration: none;}\n\n    \/* mobile *\/\n    @media screen and (max-width: 767px) {\n        .kbreadcrumb{padding-right: 15px; padding-left: 15px;}\n    }\n\n    \/* ipad *\/\n    @media screen and (min-width: 768px) and  (max-width: 992px){\n        .kbreadcrumb{padding-right: 15px; padding-left: 15px;}\n    }\n\n    \/* ipad pro *\/\n    @media screen and (min-width: 992px) and  (max-width: 1200px){\n        .kbreadcrumb{padding-right: 15px; padding-left: 15px;}\n    }\n\n<\/style>\n\n\n<div class=\"pure-containerFluid kintro\">\n    <div class=\"pure-container\">\n        <div class=\"pure-g\">\n            <div class=\"pure-u-1-1 pure-u-md-16-24 kintro__col\">\n                <div class='kintro__top'>                    <a class=\"kintro__button\" href=\"https:\/\/antaresvisiongroup.com\/food\/fr\/inspection\/products\/?f=412\" target=\"_blank\">\n                        <div class=\"kbutton__buttonTitle\">D\u00c9COUVREZ NOS SOLUTIONS<\/div>\n                        <svg id=\"Livello_button\" data-name=\"Livello 2\" xmlns=\"http:\/\/www.w3.org\/2000\/svg\" xmlns:xlink=\"http:\/\/www.w3.org\/1999\/xlink\" width=\"14\" height=\"14\" viewBox=\"0 0 14 14\">\n                            <defs>\n                                <style>\n                                    .kintro__button .cls-1{fill:none;}\n                                    .kintro__button .cls-2{clip-path:url(#clip-path-1)!important;}\n                                    .kintro__button .cls-3{clip-path:url(#clip-path-2-1)!important;}\n                                    .kintro__button .cls-4{clip-path:url(#clip-path-3-1)!important;}\n                                    .kintro__button .cls-5{fill: rgb(,,)!important;}\n                                <\/style>\n                                <clipPath id=\"clip-path-1\">\n                                    <polygon class=\"cls-1\" points=\"2.099 12.999 1 11.9 10.344 2.557 1.824 2.557 1.824 1 13 1 13 12.176 11.443 12.176 11.443 3.656 2.099 12.999\"><\/polygon>\n                                <\/clipPath>\n                                <clipPath id=\"clip-path-2-1\">\n                                    <rect class=\"cls-1\" x=\"-1141\" y=\"-1543\" width=\"1680\" height=\"4770.9999\"><\/rect>\n                                <\/clipPath>\n                                <clipPath id=\"clip-path-3-1\">\n                                    <rect class=\"cls-1\" x=\"1\" y=\"1\" width=\"12\" height=\"12\"><\/rect>\n                                <\/clipPath>\n                            <\/defs>\n                            <title>k-arrow-blu<\/title>\n                            <g class=\"cls-2\"><g class=\"cls-3\"><g class=\"cls-4\"><g class=\"cls-4\"><rect class=\"cls-5\" width=\"14\" height=\"14\"><\/rect>\n                                            <rect class=\"cls-5\" width=\"14\" height=\"14\"><\/rect>\n                                        <\/g><\/g><\/g><\/g>\n                        <\/svg>\n                    <\/a>\n                <\/div><h1>Inspection par rayons X pour l&#8217;industrie alimentaire<\/h1>            <\/div>\n        <\/div>\n    <\/div>\n<\/div>\n\n<style>\n\n    .kintro{}\n\n    .kintro{margin-top: 50px;}\n\n    .kintro__row{justify-content: center;}\n    .kintro__date{font-family: 'Exo', sans-serif;}\n    .kintro h1{color: rgb(,,); border-top: 2px solid rgb(,,); padding-top: 30px; margin-top: 10px;}\n    .kintro__thumb img{width: 100%; height: auto;}\n\n    .kintro__extraCont{display: flex; align-items: flex-end; margin-bottom: 20px; margin-top: 80px;}\n    .kintro__extraLineTitle{height: 2px; width: 50px; margin-bottom: 13px; margin-right: 30px;}\n    .kintro__extraCont h2 {font-size: 30px;margin-top: 0;margin-bottom: 0; text-transform: uppercase;}\n    .kintro a{color: rgb(,,);}\n\n    .kintro__top{display: flex; justify-content: space-between; align-items: center; flex-wrap: wrap;}\n\n    \/* button *\/\n    .kintro__button{cursor: pointer; background-color: rgba(,,, 0.08); ; margin-left: auto;\n        color: rgb(,,); padding: 10px 15px; font-weight: 500; text-decoration: none;\n        display: flex; justify-content: space-between; min-width: 100px; width: auto;}\n    .kbutton__buttonTitle{border-bottom: 1px solid rgb(,,); padding-bottom: 5px; text-transform: uppercase;}\n    .kintro__button svg{width: 16px; height: 16px; margin-top: 3px; margin-left: 15px;}\n\n    \/* new *\/\n    .kintro__col{margin-left: auto; margin-right: auto;}\n\n    \/* mobile *\/\n    @media screen and (max-width: 767px) {\n        .kintro__top{flex-direction: column; align-items: flex-start;}\n        .kintro__button{margin-top: 10px;}\n    }\n\n    \/* ipad *\/\n    @media screen and (min-width: 768px) and  (max-width: 992px){\n\n    }\n\n    \/* ipad pro *\/\n    @media screen and (min-width: 992px) and  (max-width: 1200px){\n\n    }\n\n\n<\/style>\n\n<script>\n    window.addEventListener('DOMContentLoaded', function() {\n        jQuery(function ($) {\n\n        });\n    });\n<\/script>\n\n    <div class=\"pure-containerFluid pureCol \">\n    <div class=\"pure-container\">         <div class=\"pure-row\">\n            <div class=\"pure-g\">\n                <div class=\"pure-u-1-1 pure-u-md-16-24 offset-md-1-6\">\n\n\n\n\n<style>\n\n    .formContacts input[type=\"submit\"]{ background-color: rgb(,,); border: 0;\n    color: #ffffff; text-transform: uppercase; padding: 20px; font-size: 16px; font-family: 'Roboto', sans-serif;\n    min-width: 250px; font-weight: 600; cursor: pointer; margin-top: 30px;}\n    .pureCol a{color: rgb(,,);}\n\n    \/* mobile *\/\n    @media screen and (max-width: 767px) {\n\n    }\n\n    \/* ipad *\/\n    @media screen and (min-width: 768px) and  (max-width: 992px){\n\n    }\n\n    \/* ipad pro *\/\n    @media screen and (min-width: 992px) and  (max-width: 1200px){\n\n    }\n\n<\/style>\n\n\n<p>Garantir la s\u00e9curit\u00e9 et la qualit\u00e9 des produits est une priorit\u00e9 absolue pour toutes les entreprises de l&#8217;industrie alimentaire. Les technologies d&#8217;<strong>inspection par rayons X<\/strong> constituent la solution la plus avanc\u00e9e pour d\u00e9tecter les contaminants, les d\u00e9fauts et les anomalies, garantissant ainsi le respect des normes de s\u00e9curit\u00e9 et la protection des consommateurs.<\/p>\n\n\n\n<p><strong>Antares Vision Group<\/strong>, leader mondial en mati\u00e8re de solutions d&#8217;inspection, de tra\u00e7abilit\u00e9 et de gestion des donn\u00e9es, propose des syst\u00e8mes d&#8217;inspection par rayons X capables d&#8217;analyser chaque produit en temps r\u00e9el, garantissant ainsi un contr\u00f4le complet, pr\u00e9cis et automatis\u00e9 de l&#8217;ensemble de la cha\u00eene de production alimentaire.<\/p>\n\n\n\n<hr class=\"wp-block-separator has-alpha-channel-opacity\" \/>\n\n\n\n<h2 class=\"wp-block-heading\"><strong>Pourquoi l&#8217;inspection par rayons X est-elle indispensable dans le secteur alimentaire ?<\/strong><\/h2>\n\n\n\n<h3 class=\"wp-block-heading\"><strong>La s\u00e9curit\u00e9 alimentaire, une exigence strat\u00e9gique<\/strong><\/h3>\n\n\n\n<p>Dans le secteur alimentaire, la qualit\u00e9 n&#8217;est pas seulement un facteur de comp\u00e9titivit\u00e9 : c&#8217;est une responsabilit\u00e9. Les normes internationales telles que <strong>HACCP<\/strong>, <strong>BRC<\/strong>, <strong>IFS<\/strong> et <strong>ISO 22000<\/strong> exigent des contr\u00f4les minutieux pour pr\u00e9venir les risques de contamination.<br>L&#8217;<strong>inspection par rayons X<\/strong> permet de d\u00e9tecter les <strong>corps \u00e9trangers m\u00e9talliques, vitreux, c\u00e9ramiques, osseux ou en plastique de haute densit\u00e9<\/strong>, m\u00eame lorsqu&#8217;ils se trouvent \u00e0 l&#8217;int\u00e9rieur d&#8217;emballages complexes, pour lesquels les autres syst\u00e8mes de contr\u00f4le sont inefficaces.<\/p>\n\n\n\n<h3 class=\"wp-block-heading\"><strong>Un avantage concurrentiel pour les entreprises<\/strong><\/h3>\n\n\n\n<p>La mise en \u0153uvre d&#8217;un syst\u00e8me d&#8217;inspection avanc\u00e9 permet d&#8217;am\u00e9liorer la r\u00e9putation de la marque, d&#8217;\u00e9viter les rappels co\u00fbteux et de gagner la confiance des consommateurs. Antares Vision Group propose des solutions pour tous les besoins de production, adaptables aux diff\u00e9rents types d&#8217;aliments &#8211; emball\u00e9s, en vrac ou en barquettes &#8211; tout en maintenant des performances \u00e9lev\u00e9es et une fiabilit\u00e9 maximale.<\/p>\n\n\n\n<h2 class=\"wp-block-heading\"><strong>Les principaux d\u00e9fis de l&#8217;inspection dans le secteur alimentaire<\/strong><\/h2>\n\n\n\n<h3 class=\"wp-block-heading\"><strong>Diversit\u00e9 des mat\u00e9riaux et produits d&#8217;emballage<\/strong><\/h3>\n\n\n\n<p>La <strong>diversit\u00e9 des emballages<\/strong>, qui contiennent souvent des \u00e9l\u00e9ments m\u00e9talliques, et les <strong>caract\u00e9ristiques du produit alimentaire<\/strong> lui-m\u00eame &#8211; solide, granuleux, mais aussi liquide, congel\u00e9, sal\u00e9 et donc avec des caract\u00e9ristiques qui affectent la conductivit\u00e9 &#8211; rendent difficile, voire impossible, la d\u00e9tection des contaminants avec les d\u00e9tecteurs de m\u00e9taux traditionnels.<br>L&#8217;inspection par rayons X permet de surmonter ces limites, gr\u00e2ce \u00e0 sa capacit\u00e9 \u00e0 analyser la <strong>densit\u00e9 des mat\u00e9riaux<\/strong>, garantissant ainsi un contr\u00f4le plus fiable et plus pr\u00e9cis.<\/p>\n\n\n\n<h3 class=\"wp-block-heading\"><strong>D\u00e9tection de corps \u00e9trangers non m\u00e9talliques<\/strong><\/h3>\n\n\n\n<p>De nombreux contaminants courants &#8211; tels que le verre, les os, la c\u00e9ramique ou les plastiques de haute densit\u00e9 &#8211; ne peuvent pas \u00eatre d\u00e9tect\u00e9s par les d\u00e9tecteurs de m\u00e9taux. Les rayons X, en revanche, n&#8217;analysent pas la conductivit\u00e9 du contaminant, mais p\u00e9n\u00e8trent le produit et, sur la base de leur densit\u00e9, cr\u00e9ent une image d\u00e9taill\u00e9e qui permet de d\u00e9tecter les corps \u00e9trangers de n&#8217;importe quel mat\u00e9riau de densit\u00e9 diff\u00e9rente.<\/p>\n\n\n\n<h3 class=\"wp-block-heading\"><strong>Int\u00e9gration avec les lignes \u00e0 grande vitesse<\/strong><\/h3>\n\n\n\n<p>Les entreprises agroalimentaires doivent assurer un contr\u00f4le pr\u00e9cis sans ralentir la production. Les solutions d&#8217;Antares Vision Group offrent une <strong>analyse en temps r\u00e9el et \u00e0 grande vitesse<\/strong>, parfaite pour la production multi-lignes et les environnements industriels complexes.<\/p>\n\n\n\n<h3 class=\"wp-block-heading\"><strong>Conception hygi\u00e9nique<\/strong> <strong>et degr\u00e9 de protection<\/strong><\/h3>\n\n\n\n<p>Les syst\u00e8mes d&#8217;inspection doivent \u00eatre con\u00e7us pour les environnements alimentaires, avec des mat\u00e9riaux <strong>en acier inoxydable<\/strong>, un <strong>indice de protection IP adapt\u00e9 \u00e0 l&#8217;environnement de travail<\/strong> et une <strong>conception hygi\u00e9nique<\/strong> qui facilite le nettoyage et la d\u00e9sinfection.<\/p>\n\n\n\n<hr class=\"wp-block-separator has-alpha-channel-opacity\" \/>\n\n\n\n<h2 class=\"wp-block-heading\"><strong>Les solutions d&#8217;inspection par rayons X d&#8217;Antares Vision Group<\/strong><\/h2>\n\n\n\n<h3 class=\"wp-block-heading\"><strong>Inspection par rayons X &#8211; pr\u00e9cision, fiabilit\u00e9 et s\u00e9curit\u00e9<\/strong><\/h3>\n\n\n\n<p>Les syst\u00e8mes d&#8217;<strong>inspection par rayons X<\/strong> d&#8217;Antares Vision Group offrent une d\u00e9tection avanc\u00e9e et constante dans le temps, gr\u00e2ce notamment \u00e0 un <strong>logiciel d\u00e9di\u00e9 avec fonction d&#8217;auto-apprentissage, \u00e0 une m\u00e9canique de haute pr\u00e9cision<\/strong> et \u00e0 une<strong>\u00e9lectronique<\/strong> personnalis\u00e9e con\u00e7ue en interne.<\/p>\n\n\n\n<p><strong>Ces technologies garantissent :<\/strong><\/p>\n\n\n\n<ul class=\"wp-block-list\">\n<li>D\u00e9tection de contaminants m\u00e9talliques, vitreux, c\u00e9ramiques, osseux ou plastiques<\/li>\n\n\n\n<li>Analyse pr\u00e9cise \u00e9galement dans des sacs m\u00e9talliques ou en poly\u00e9thyl\u00e8ne<\/li>\n\n\n\n<li>Inspection non destructive et sans contact<\/li>\n\n\n\n<li>Fiabilit\u00e9 maximale m\u00eame \u00e0 grande vitesse<\/li>\n<\/ul>\n\n\n\n<h3 class=\"wp-block-heading\"><strong>Fonctionnement<\/strong><\/h3>\n\n\n\n<ul class=\"wp-block-list\">\n<li>Un g\u00e9n\u00e9rateur cr\u00e9e un faisceau de rayons X qui traverse le produit et atteint le capteur.<\/li>\n\n\n\n<li>Plus la densit\u00e9 du mat\u00e9riau (masse atomique) est \u00e9lev\u00e9e, plus il absorbe les rayons X.<\/li>\n\n\n\n<li>La pr\u00e9sence d&#8217;un corps \u00e9tranger est d\u00e9tect\u00e9e gr\u00e2ce \u00e0 la diff\u00e9rence de quantit\u00e9 de rayons X absorb\u00e9s par le corps \u00e9tranger et par le produit.<\/li>\n\n\n\n<li>La quantit\u00e9 de rayons X restante est ainsi mesur\u00e9e par le capteur \u00e0 diff\u00e9rents niveaux, r\u00e9v\u00e9lant la pr\u00e9sence d&#8217;un corps \u00e9tranger.<\/li>\n<\/ul>\n\n\n\n<h3 class=\"wp-block-heading\"><strong>Applications<\/strong><\/h3>\n\n\n\n<ul class=\"wp-block-list\">\n<li>Viande, p\u00e2tes, l\u00e9gumes, fruits, poissons, produits laitiers, conserves, condiments<\/li>\n\n\n\n<li>l\u00e9gumineuses, c\u00e9r\u00e9ales, noix et graines, huiles et mati\u00e8res grasses, \u00e9pices et herbes aromatiques, produits de boulangerie, en-cas sal\u00e9s, produits surgel\u00e9s, confiseries, plats cuisin\u00e9s<\/li>\n<\/ul>\n\n\n\n<hr class=\"wp-block-separator has-alpha-channel-opacity\" \/>\n\n\n\n<h3 class=\"wp-block-heading\"><strong>Int\u00e9gration \u00e0 la cha\u00eene de production et communication avec les syst\u00e8mes externes<\/strong><\/h3>\n\n\n\n<p>Les machines Antares Vision s&#8217;int\u00e8grent parfaitement aux lignes existantes, communiquent avec les <strong>syst\u00e8mes externes et permettent un entretien \u00e0 distance, conform\u00e9ment \u00e0 l&#8217;industrie 4.0.<\/strong><br>Gr\u00e2ce \u00e0 une architecture modulaire et \u00e9volutive, chaque syst\u00e8me peut \u00eatre personnalis\u00e9 en fonction du flux de production, des formats d&#8217;emballage et des vitesses requises.<\/p>\n\n\n\n<p>L&#8217;interface intuitive permet d&#8217;afficher des images, des statistiques et des rapports de production en temps r\u00e9el, avec exportation automatique des donn\u00e9es pour les audits et les contr\u00f4les de qualit\u00e9.<\/p>\n\n\n\n<hr class=\"wp-block-separator has-alpha-channel-opacity\" \/>\n\n\n\n<h3 class=\"wp-block-heading\"><strong>Les avantages de l&#8217;inspection par rayons X d&#8217;Antares Vision Group<\/strong><\/h3>\n\n\n\n<p>Il garantit l&#8217;absence de contaminants physiques de haute densit\u00e9 tels que le verre, les pierres, les m\u00e9taux, les os, le plastique de haute densit\u00e9, les \u00e9clats de b\u00e9ton, etc.<\/p>\n\n\n\n<ul class=\"wp-block-list\">\n<li>Pr\u00e9vient les plaintes et les rappels sur le march\u00e9, prot\u00e9geant ainsi la marque.<\/li>\n\n\n\n<li>G\u00e8re les interconnexions conform\u00e9ment aux exigences de l&#8217;industrie 4.0.<\/li>\n\n\n\n<li>Entretien et d\u00e9sinfection rapides gr\u00e2ce \u00e0 une conception hygi\u00e9nique<\/li>\n<\/ul>\n\n\n\n<h2 class=\"wp-block-heading\"><strong>Types de solutions d&#8217;inspection<\/strong><\/h2>\n\n\n\n<h3 class=\"wp-block-heading\"><strong>Inspection par rayons X des produits verticaux<\/strong><\/h3>\n\n\n\n<p>Syst\u00e8mes d&#8217;<a href=\"https:\/\/antaresvisiongroup.com\/food\/fr\/products\/inspection-rayons-x-pour-les-produits-verticaux\/\">inspection par rayons X <\/a>pour produits en orientation verticale, avec inspection lat\u00e9rale<\/p>\n\n\n\n<h3 class=\"wp-block-heading\"><strong><strong>Inspection par rayons X des produits horizontaux<\/strong><\/strong><\/h3>\n\n\n\n<p>Syst\u00e8mes d&#8217;<a href=\"https:\/\/antaresvisiongroup.com\/food\/fr\/products\/inspection-rayons-x-pour-les-produits-horizontaux\/\">inspection par rayons X<\/a> pour les produits horizontaux, mode descendant.<\/p>\n\n\n\n<h3 class=\"wp-block-heading\"><strong>Inspection par rayons X de produits en vrac (granul\u00e9s) tombant par gravit\u00e9<\/strong><\/h3>\n\n\n\n<p>Syst\u00e8mes d&#8217;<a href=\"https:\/\/antaresvisiongroup.com\/food\/fr\/products\/inspection-rayons-x-pour-les-produits-en-vrac-en-chute-gravitationnelle\/\">inspection par rayons X<\/a> pour les produits en vrac (granul\u00e9s) tombant par gravit\u00e9, id\u00e9aux pour le contr\u00f4le des mati\u00e8res premi\u00e8res entrantes.<\/p>\n\n\n\n<h2 class=\"wp-block-heading\"><strong>Configurations sp\u00e9ciales pour l&#8217;inspection par rayons X<\/strong><\/h2>\n\n\n\n<h3 class=\"wp-block-heading\"><strong>Inspection par rayons X sur trois voies <\/strong><\/h3>\n\n\n\n<ul class=\"wp-block-list\">\n<li>Inspection simultan\u00e9e <a href=\"https:\/\/antaresvisiongroup.com\/food\/fr\/products\/configurations-speciales-pour-linspection-par-rayons-x\/inspection-par-rayons-x-triple-piste\/\">par rayons X <\/a>sur trois voies, chacune dot\u00e9e d&#8217;un syst\u00e8me d&#8217;\u00e9jection d\u00e9di\u00e9.<\/li>\n\n\n\n<li>Id\u00e9al pour les lignes \u00e0 forte production.<\/li>\n<\/ul>\n\n\n\n<h3 class=\"wp-block-heading\"><strong>Inspection par rayons X sur deux voies parall\u00e8les<\/strong><\/h3>\n\n\n\n<ul class=\"wp-block-list\">\n<li><a href=\"https:\/\/antaresvisiongroup.com\/food\/fr\/products\/configurations-speciales-pour-linspection-par-rayons-x\/inspection-par-rayons-x-double-piste\/\">Inspection par rayons X<\/a> sur deux voies parall\u00e8les, chacune dot\u00e9e d&#8217;un syst\u00e8me de rejet d\u00e9di\u00e9.<\/li>\n\n\n\n<li>Il permet d&#8217;augmenter la vitesse de production tout en conservant le m\u00eame encombrement sur la ligne.<\/li>\n<\/ul>\n\n\n\n<h3 class=\"wp-block-heading\"><strong>Inspection par rayons X avec bandes tangentielles<\/strong><\/h3>\n\n\n\n<ul class=\"wp-block-list\">\n<li>Configuration sp\u00e9ciale avec <a href=\"https:\/\/antaresvisiongroup.com\/food\/fr\/products\/configurations-speciales-pour-linspection-par-rayons-x\/inspection-par-rayons-x-avec-bandes-dentrainement-laterales\/\">inspection <\/a>descendante et bandes tangentielles lat\u00e9rales.<\/li>\n\n\n\n<li>Con\u00e7u pour les produits instables ou les formes sp\u00e9ciales qui n\u00e9cessitent un guidage lat\u00e9ral.<\/li>\n<\/ul>\n\n\n\n<h3 class=\"wp-block-heading\"><strong>Inspection par rayons X de produits en vrac<\/strong><\/h3>\n\n\n\n<ul class=\"wp-block-list\">\n<li><a href=\"https:\/\/antaresvisiongroup.com\/food\/fr\/products\/configurations-speciales-pour-linspection-par-rayons-x\/inspection-rayons-x-avec-tapis-pour-les-produits-en-vrac\/\">Syst\u00e8me d&#8217;inspection <\/a>appliqu\u00e9 directement sur la bande pour les produits en vrac.<\/li>\n\n\n\n<li>Utile pour les aliments granuleux, les c\u00e9r\u00e9ales ou d&#8217;autres produits &#8220;en vrac&#8221; pendant le transport par bande.<\/li>\n<\/ul>\n\n\n\n<hr class=\"wp-block-separator has-alpha-channel-opacity\" \/>\n\n\n\n<h2 class=\"wp-block-heading\"><strong>FAQ &#8211; Questions fr\u00e9quemment pos\u00e9es sur l&#8217;inspection par rayons X<\/strong><\/h2>\n\n\n\n<h3 class=\"wp-block-heading\"><strong>1. Qu&#8217;est-ce que l&#8217;inspection par rayons X dans le secteur alimentaire ?<\/strong><\/h3>\n\n\n\n<p>Il s&#8217;agit d&#8217;une technologie de contr\u00f4le non destructif qui utilise les rayons X pour analyser l&#8217;int\u00e9rieur des produits alimentaires et d\u00e9tecter les contaminants, les d\u00e9fauts ou les anomalies invisibles pour les syst\u00e8mes traditionnels.<\/p>\n\n\n\n<h3 class=\"wp-block-heading\"><strong>2. Quels sont les contaminants qu&#8217;un syst\u00e8me \u00e0 rayons X peut d\u00e9tecter ?<\/strong><\/h3>\n\n\n\n<p>Il peut d\u00e9tecter les m\u00e9taux, le verre, la pierre, les os, les c\u00e9ramiques et certains plastiques denses, m\u00eame \u00e0 l&#8217;int\u00e9rieur d&#8217;emballages m\u00e9tallis\u00e9s.<\/p>\n\n\n\n<h3 class=\"wp-block-heading\"><strong>3. L&#8217;inspection par rayons X est-elle sans danger pour les aliments et les op\u00e9rateurs ?<\/strong><\/h3>\n\n\n\n<p>Oui. Les niveaux de radiation sont extr\u00eamement faibles et conformes aux normes internationales. Les machines sont blind\u00e9es pour garantir une s\u00e9curit\u00e9 totale aux op\u00e9rateurs.<br>Les syst\u00e8mes d&#8217;inspection par rayons X d&#8217;Antares Vision Group satisfont aux exigences requises pour fonctionner dans un environnement industriel sans n\u00e9cessiter de surveillance des radiations.<\/p>\n\n\n\n<h3 class=\"wp-block-heading\"><strong>4. Quels avantages offre-t-il par rapport aux d\u00e9tecteurs de m\u00e9taux traditionnels ?<\/strong><\/h3>\n\n\n\n<p>Contrairement aux d\u00e9tecteurs de m\u00e9taux, les rayons X ne d\u00e9tectent pas seulement les contaminants m\u00e9talliques, mais aussi les corps \u00e9trangers de toute nature. En outre, ils fonctionnent parfaitement en pr\u00e9sence de m\u00e9tal ou de polybags.<\/p>\n\n\n\n<h3 class=\"wp-block-heading\"><strong>5. L&#8217;inspection par rayons X peut-elle \u00eatre int\u00e9gr\u00e9e \u00e0 d&#8217;autres syst\u00e8mes de contr\u00f4le de la qualit\u00e9 ?<\/strong><\/h3>\n\n\n\n<p>Oui, les solutions Antares Vision sont con\u00e7ues pour s&#8217;int\u00e9grer aux trieuses pond\u00e9rales, aux syst\u00e8mes de vision et communiquer avec les plateformes de tra\u00e7abilit\u00e9.<\/p>\n\n\n\n<h3 class=\"wp-block-heading\"><strong>6. Comment les donn\u00e9es d&#8217;inspection sont-elles g\u00e9r\u00e9es ?<\/strong><\/h3>\n\n\n\n<p>Les syst\u00e8mes Antares Vision collectent automatiquement des donn\u00e9es et des images de chaque produit rejet\u00e9 et de l&#8217;emplacement du contaminant.<\/p>\n\n\n\n<hr class=\"wp-block-separator has-alpha-channel-opacity\" \/>\n\n\n\n<h2 class=\"wp-block-heading\"><strong>Conclusion<\/strong><\/h2>\n\n\n\n<p>L&#8217;inspection par rayons X est aujourd&#8217;hui la technologie la plus compl\u00e8te pour garantir la s\u00e9curit\u00e9, la qualit\u00e9 et la conformit\u00e9 des produits alimentaires.<br>Gr\u00e2ce \u00e0 l&#8217;expertise d&#8217;Antares Vision Group, les entreprises peuvent compter sur des solutions fiables, modulaires et connect\u00e9es, capables de d\u00e9tecter tout contaminant et d&#8217;optimiser les processus de production.<\/p>\n\n\n\n<p><a id=\"_msocom_4\"><\/a><\/p>\n\n\n\n                <\/div>\n            <\/div>\n        <\/div>\n     <\/div> <\/div>\n\n<style>\n\n    \/* mobile *\/\n    @media screen and (max-width: 767px) {\n\n    }\n\n    \/* ipad *\/\n    @media screen and (min-width: 768px) and  (max-width: 992px){\n\n    }\n\n    \/* ipad pro *\/\n    @media screen and (min-width: 992px) and  (max-width: 1200px){\n\n    }\n\n<\/style>","protected":false},"excerpt":{"rendered":"<p>Garantir la s\u00e9curit\u00e9 et la qualit\u00e9 des produits est une priorit\u00e9 absolue pour toutes les&#8230;<\/p>\n","protected":false},"author":6,"featured_media":0,"parent":0,"menu_order":0,"comment_status":"closed","ping_status":"closed","template":"","meta":{"_acf_changed":false,"footnotes":""},"class_list":["post-4454","page","type-page","status-publish","hentry"],"acf":[],"lang":"fr","translations":{"fr":4454,"en":4302,"it":4295,"es":4470,"pt":4594},"pll_sync_post":[],"_links":{"self":[{"href":"https:\/\/antaresvisiongroup.com\/food\/wp-json\/wp\/v2\/pages\/4454","targetHints":{"allow":["GET"]}}],"collection":[{"href":"https:\/\/antaresvisiongroup.com\/food\/wp-json\/wp\/v2\/pages"}],"about":[{"href":"https:\/\/antaresvisiongroup.com\/food\/wp-json\/wp\/v2\/types\/page"}],"author":[{"embeddable":true,"href":"https:\/\/antaresvisiongroup.com\/food\/wp-json\/wp\/v2\/users\/6"}],"replies":[{"embeddable":true,"href":"https:\/\/antaresvisiongroup.com\/food\/wp-json\/wp\/v2\/comments?post=4454"}],"version-history":[{"count":6,"href":"https:\/\/antaresvisiongroup.com\/food\/wp-json\/wp\/v2\/pages\/4454\/revisions"}],"predecessor-version":[{"id":4548,"href":"https:\/\/antaresvisiongroup.com\/food\/wp-json\/wp\/v2\/pages\/4454\/revisions\/4548"}],"wp:attachment":[{"href":"https:\/\/antaresvisiongroup.com\/food\/wp-json\/wp\/v2\/media?parent=4454"}],"curies":[{"name":"wp","href":"https:\/\/api.w.org\/{rel}","templated":true}]}}