{"id":4470,"date":"2025-12-09T10:55:00","date_gmt":"2025-12-09T09:55:00","guid":{"rendered":"https:\/\/antaresvisiongroup.com\/food\/?page_id=4470"},"modified":"2026-04-24T20:31:01","modified_gmt":"2026-04-24T18:31:01","slug":"inspeccion-por-rayos-x-para-la-industria-alimentaria","status":"publish","type":"page","link":"https:\/\/antaresvisiongroup.com\/food\/es\/inspeccion-por-rayos-x-para-la-industria-alimentaria\/","title":{"rendered":"Inspecci\u00f3n por rayos X para la industria alimentaria"},"content":{"rendered":"\n<div class=\"kbreadcrumb\" id=\"k_year\">\n    <div class=\"pure-container\">\n        <div class=\"pure-g\">\n            <div class=\"pure-u-1-1\">\n                <div class=\"breadcrumbs\"><a href=\"https:\/\/antaresvisiongroup.com\/food\">Home<\/a> | <\/div>            <\/div>\n        <\/div>\n    <\/div>\n<\/div>\n\n<style>\n\n    .kbreadcrumb{max-width: 1330px; margin-right: auto; margin-left: auto; font-size: 14px; color: #222222; padding-top: 15px; padding-bottom: 15px;\n        font-family: 'Exo', sans-serif;}\n    .kbreadcrumb a{color: inherit; text-decoration: none;}\n\n    \/* mobile *\/\n    @media screen and (max-width: 767px) {\n        .kbreadcrumb{padding-right: 15px; padding-left: 15px;}\n    }\n\n    \/* ipad *\/\n    @media screen and (min-width: 768px) and  (max-width: 992px){\n        .kbreadcrumb{padding-right: 15px; padding-left: 15px;}\n    }\n\n    \/* ipad pro *\/\n    @media screen and (min-width: 992px) and  (max-width: 1200px){\n        .kbreadcrumb{padding-right: 15px; padding-left: 15px;}\n    }\n\n<\/style>\n\n\n<div class=\"pure-containerFluid kintro\">\n    <div class=\"pure-container\">\n        <div class=\"pure-g\">\n            <div class=\"pure-u-1-1 pure-u-md-16-24 kintro__col\">\n                <div class='kintro__top'>                    <a class=\"kintro__button\" href=\"https:\/\/antaresvisiongroup.com\/food\/es\/inspeccion\/products\/?f=334\" target=\"_blank\">\n                        <div class=\"kbutton__buttonTitle\">Descubra nuestras soluciones<\/div>\n                        <svg id=\"Livello_button\" data-name=\"Livello 2\" xmlns=\"http:\/\/www.w3.org\/2000\/svg\" xmlns:xlink=\"http:\/\/www.w3.org\/1999\/xlink\" width=\"14\" height=\"14\" viewBox=\"0 0 14 14\">\n                            <defs>\n                                <style>\n                                    .kintro__button .cls-1{fill:none;}\n                                    .kintro__button .cls-2{clip-path:url(#clip-path-1)!important;}\n                                    .kintro__button .cls-3{clip-path:url(#clip-path-2-1)!important;}\n                                    .kintro__button .cls-4{clip-path:url(#clip-path-3-1)!important;}\n                                    .kintro__button .cls-5{fill: rgb(,,)!important;}\n                                <\/style>\n                                <clipPath id=\"clip-path-1\">\n                                    <polygon class=\"cls-1\" points=\"2.099 12.999 1 11.9 10.344 2.557 1.824 2.557 1.824 1 13 1 13 12.176 11.443 12.176 11.443 3.656 2.099 12.999\"><\/polygon>\n                                <\/clipPath>\n                                <clipPath id=\"clip-path-2-1\">\n                                    <rect class=\"cls-1\" x=\"-1141\" y=\"-1543\" width=\"1680\" height=\"4770.9999\"><\/rect>\n                                <\/clipPath>\n                                <clipPath id=\"clip-path-3-1\">\n                                    <rect class=\"cls-1\" x=\"1\" y=\"1\" width=\"12\" height=\"12\"><\/rect>\n                                <\/clipPath>\n                            <\/defs>\n                            <title>k-arrow-blu<\/title>\n                            <g class=\"cls-2\"><g class=\"cls-3\"><g class=\"cls-4\"><g class=\"cls-4\"><rect class=\"cls-5\" width=\"14\" height=\"14\"><\/rect>\n                                            <rect class=\"cls-5\" width=\"14\" height=\"14\"><\/rect>\n                                        <\/g><\/g><\/g><\/g>\n                        <\/svg>\n                    <\/a>\n                <\/div><h1>Inspecci\u00f3n por rayos X para la industria alimentaria<\/h1>            <\/div>\n        <\/div>\n    <\/div>\n<\/div>\n\n<style>\n\n    .kintro{}\n\n    .kintro{margin-top: 50px;}\n\n    .kintro__row{justify-content: center;}\n    .kintro__date{font-family: 'Exo', sans-serif;}\n    .kintro h1{color: rgb(,,); border-top: 2px solid rgb(,,); padding-top: 30px; margin-top: 10px;}\n    .kintro__thumb img{width: 100%; height: auto;}\n\n    .kintro__extraCont{display: flex; align-items: flex-end; margin-bottom: 20px; margin-top: 80px;}\n    .kintro__extraLineTitle{height: 2px; width: 50px; margin-bottom: 13px; margin-right: 30px;}\n    .kintro__extraCont h2 {font-size: 30px;margin-top: 0;margin-bottom: 0; text-transform: uppercase;}\n    .kintro a{color: rgb(,,);}\n\n    .kintro__top{display: flex; justify-content: space-between; align-items: center; flex-wrap: wrap;}\n\n    \/* button *\/\n    .kintro__button{cursor: pointer; background-color: rgba(,,, 0.08); ; margin-left: auto;\n        color: rgb(,,); padding: 10px 15px; font-weight: 500; text-decoration: none;\n        display: flex; justify-content: space-between; min-width: 100px; width: auto;}\n    .kbutton__buttonTitle{border-bottom: 1px solid rgb(,,); padding-bottom: 5px; text-transform: uppercase;}\n    .kintro__button svg{width: 16px; height: 16px; margin-top: 3px; margin-left: 15px;}\n\n    \/* new *\/\n    .kintro__col{margin-left: auto; margin-right: auto;}\n\n    \/* mobile *\/\n    @media screen and (max-width: 767px) {\n        .kintro__top{flex-direction: column; align-items: flex-start;}\n        .kintro__button{margin-top: 10px;}\n    }\n\n    \/* ipad *\/\n    @media screen and (min-width: 768px) and  (max-width: 992px){\n\n    }\n\n    \/* ipad pro *\/\n    @media screen and (min-width: 992px) and  (max-width: 1200px){\n\n    }\n\n\n<\/style>\n\n<script>\n    window.addEventListener('DOMContentLoaded', function() {\n        jQuery(function ($) {\n\n        });\n    });\n<\/script>\n\n    <div class=\"pure-containerFluid pureCol \">\n    <div class=\"pure-container\">         <div class=\"pure-row\">\n            <div class=\"pure-g\">\n                <div class=\"pure-u-1-1 pure-u-md-16-24 offset-md-1-6\">\n\n\n\n\n<style>\n\n    .formContacts input[type=\"submit\"]{ background-color: rgb(,,); border: 0;\n    color: #ffffff; text-transform: uppercase; padding: 20px; font-size: 16px; font-family: 'Roboto', sans-serif;\n    min-width: 250px; font-weight: 600; cursor: pointer; margin-top: 30px;}\n    .pureCol a{color: rgb(,,);}\n\n    \/* mobile *\/\n    @media screen and (max-width: 767px) {\n\n    }\n\n    \/* ipad *\/\n    @media screen and (min-width: 768px) and  (max-width: 992px){\n\n    }\n\n    \/* ipad pro *\/\n    @media screen and (min-width: 992px) and  (max-width: 1200px){\n\n    }\n\n<\/style>\n\n\n<p>Garantizar la seguridad y la calidad de los productos es una prioridad absoluta para todas las empresas de la industria alimentaria. Las tecnolog\u00edas de <strong>inspecci\u00f3n por rayos X<\/strong> ofrecen la soluci\u00f3n m\u00e1s avanzada para detectar contaminantes, defectos y anomal\u00edas, garantizando el cumplimiento de las normas de seguridad y la protecci\u00f3n del consumidor.<\/p>\n\n\n\n<p><strong>Antares Vision Group<\/strong>, l\u00edder mundial en soluciones de inspecci\u00f3n, trazabilidad y gesti\u00f3n de datos, ofrece sistemas de inspecci\u00f3n por rayos X capaces de analizar cada producto en tiempo real, garantizando un control completo, preciso y automatizado de toda la cadena de producci\u00f3n alimentaria.<\/p>\n\n\n\n<hr class=\"wp-block-separator has-alpha-channel-opacity\" \/>\n\n\n\n<h2 class=\"wp-block-heading\"><strong>\u00bfPor qu\u00e9 es esencial la inspecci\u00f3n por rayos X en el sector alimentario?<\/strong><\/h2>\n\n\n\n<h3 class=\"wp-block-heading\"><strong>La seguridad alimentaria, un requisito estrat\u00e9gico<\/strong><\/h3>\n\n\n\n<p>En el sector alimentario, la calidad no es s\u00f3lo un factor competitivo: es una responsabilidad. Normas internacionales como <strong>HACCP<\/strong>, <strong>BRC<\/strong>, <strong>IFS<\/strong> e <strong>ISO 22000<\/strong> exigen controles meticulosos para evitar el riesgo de contaminaci\u00f3n.<br><strong>La inspecci\u00f3n por rayos X<\/strong> puede detectar <strong>cuerpos extra\u00f1os de metal, vidrio, cer\u00e1mica, hueso o pl\u00e1stico de alta<\/strong> densidad, incluso cuando est\u00e1n dentro de envases complejos para los que otros sistemas de inspecci\u00f3n son ineficaces.<\/p>\n\n\n\n<h3 class=\"wp-block-heading\"><strong>Una ventaja competitiva para las empresas<\/strong><\/h3>\n\n\n\n<p>Implantar un sistema de inspecci\u00f3n avanzado ayuda a mejorar la reputaci\u00f3n de la marca, evitar costosas retiradas y ganar la confianza del consumidor. Antares Vision Group ofrece soluciones para todas las necesidades de producci\u00f3n, adaptables a distintos tipos de alimentos -envasados, a granel o bandejas-, manteniendo un alto rendimiento y la m\u00e1xima fiabilidad.<\/p>\n\n\n\n<h2 class=\"wp-block-heading\"><strong>Los principales retos de la inspecci\u00f3n en el sector alimentario<\/strong><\/h2>\n\n\n\n<h3 class=\"wp-block-heading\"><strong>Diversidad de materiales y productos de envasado<\/strong><\/h3>\n\n\n\n<p>La <strong>diversidad de los envases<\/strong>, que a menudo contienen elementos met\u00e1licos, y las <strong>caracter\u00edsticas del<\/strong> propio <strong>producto alimenticio<\/strong> -s\u00f3lido, granulado, pero tambi\u00e9n l\u00edquido, congelado, salado y, por tanto, con caracter\u00edsticas que afectan a la conductividad- dificultan, cuando no imposibilitan, la detecci\u00f3n de contaminantes con los detectores de metales tradicionales.<br>La inspecci\u00f3n por rayos X supera estas limitaciones, gracias a su capacidad para analizar la <strong>densidad de los materiales<\/strong>, garantizando un control m\u00e1s fiable y preciso.<\/p>\n\n\n\n<h3 class=\"wp-block-heading\"><strong>Detecci\u00f3n de cuerpos extra\u00f1os no met\u00e1licos<\/strong><\/h3>\n\n\n\n<p>Muchos contaminantes comunes -como el vidrio, los huesos, la cer\u00e1mica o los pl\u00e1sticos de alta densidad- no pueden ser detectados por los detectores de metales. Los rayos X, en cambio, no analizan la conductividad del contaminante, sino que penetran en el producto y, en funci\u00f3n de su densidad, crean una imagen detallada que permite detectar cuerpos extra\u00f1os de cualquier material de distinta densidad.<\/p>\n\n\n\n<h3 class=\"wp-block-heading\"><strong>Integraci\u00f3n con l\u00edneas de alta velocidad<\/strong><\/h3>\n\n\n\n<p>Las empresas agroalimentarias necesitan garantizar un control preciso sin ralentizar la producci\u00f3n. Las soluciones de Antares Vision Group ofrecen <strong>an\u00e1lisis de alta velocidad en tiempo real<\/strong>, perfectos para la producci\u00f3n en varias l\u00edneas y entornos industriales complejos.<\/p>\n\n\n\n<h3 class=\"wp-block-heading\"><strong>Dise\u00f1o higi\u00e9nico<\/strong> <strong>y grado de protecci\u00f3n<\/strong><\/h3>\n\n\n\n<p>Los sistemas de inspecci\u00f3n deben estar dise\u00f1ados para entornos alimentarios, con materiales de <strong>acero inoxidable<\/strong>, una <strong>clasificaci\u00f3n IP adecuada al entorno de trabajo<\/strong> y un <strong>dise\u00f1o higi\u00e9nico<\/strong> que facilite la limpieza y desinfecci\u00f3n.<\/p>\n\n\n\n<hr class=\"wp-block-separator has-alpha-channel-opacity\" \/>\n\n\n\n<h2 class=\"wp-block-heading\"><strong>Soluciones de inspecci\u00f3n por rayos X de Antares Vision Group<\/strong><\/h2>\n\n\n\n<h3 class=\"wp-block-heading\"><strong>Inspecci\u00f3n por rayos X: precisi\u00f3n, fiabilidad y seguridad<\/strong><\/h3>\n\n\n\n<p>Los sistemas de<strong>inspecci\u00f3n por rayos X<\/strong> de Antares Vision Group ofrecen una detecci\u00f3n avanzada y constante en el tiempo gracias, en particular, a <strong>un software espec\u00edfico con funci\u00f3n de autoaprendizaje, una mec\u00e1nica de alta precisi\u00f3n<\/strong> y una <strong>electr\u00f3nica<\/strong> personalizada de dise\u00f1o propio.<\/p>\n\n\n\n<p><strong>Estas tecnolog\u00edas garantizan :<\/strong><\/p>\n\n\n\n<ul class=\"wp-block-list\">\n<li>Detecci\u00f3n de contaminantes met\u00e1licos, v\u00edtreos, cer\u00e1micos, \u00f3seos o pl\u00e1sticos<\/li>\n\n\n\n<li>An\u00e1lisis precisos tambi\u00e9n en bolsas met\u00e1licas o de polietileno<\/li>\n\n\n\n<li>Inspecci\u00f3n no destructiva y sin contacto<\/li>\n\n\n\n<li>M\u00e1xima fiabilidad incluso a alta velocidad<\/li>\n<\/ul>\n\n\n\n<h3 class=\"wp-block-heading\"><strong>C\u00f3mo funciona<\/strong><\/h3>\n\n\n\n<ul class=\"wp-block-list\">\n<li>Un generador crea un haz de rayos X que atraviesa el producto y llega al sensor.<\/li>\n\n\n\n<li>Cuanto mayor sea la densidad (masa at\u00f3mica) del material, mayor ser\u00e1 su absorci\u00f3n de rayos X.<\/li>\n\n\n\n<li>Un cuerpo extra\u00f1o se detecta gracias a la diferente cantidad de rayos X que absorben tanto el cuerpo extra\u00f1o como el producto.<\/li>\n\n\n\n<li>El sensor medir\u00e1 la cantidad restante de rayos X en diferentes niveles, lo que indica la presencia de un cuerpo extra\u00f1o.<\/li>\n<\/ul>\n\n\n\n<h3 class=\"wp-block-heading\"><strong>Aplicaciones<\/strong><\/h3>\n\n\n\n<ul class=\"wp-block-list\">\n<li>Carne, pasta, verduras, fruta, pescado, l\u00e1cteos, conservas, condimentos<\/li>\n\n\n\n<li>legumbres, cereales, frutos secos y semillas, aceites y grasas, especias y hierbas, productos horneados, snacks salados, productos congelados, confiter\u00eda, platos preparados.<\/li>\n<\/ul>\n\n\n\n<hr class=\"wp-block-separator has-alpha-channel-opacity\" \/>\n\n\n\n<h3 class=\"wp-block-heading\"><strong>Integraci\u00f3n en la cadena de producci\u00f3n y comunicaci\u00f3n con sistemas externos<\/strong><\/h3>\n\n\n\n<p>Las m\u00e1quinas Antares Vision se integran perfectamente con las l\u00edneas existentes, se comunican con <strong>sistemas externos y permiten el mantenimiento remoto, en l\u00ednea con la Industria 4.0.<\/strong><br>Gracias a una arquitectura modular y escalable, cada sistema puede personalizarse para adaptarse al flujo de trabajo de producci\u00f3n, los formatos de envasado y las velocidades requeridas.<\/p>\n\n\n\n<p>La interfaz intuitiva muestra im\u00e1genes, estad\u00edsticas e informes de producci\u00f3n en tiempo real, con exportaci\u00f3n autom\u00e1tica de datos para auditor\u00edas y control de calidad.<\/p>\n\n\n\n<hr class=\"wp-block-separator has-alpha-channel-opacity\" \/>\n\n\n\n<h3 class=\"wp-block-heading\"><strong>Ventajas de la inspecci\u00f3n por rayos X de Antares Vision Group<\/strong><\/h3>\n\n\n\n<p>Garantiza la ausencia de contaminantes f\u00edsicos de alta densidad, como vidrio, piedra, metal, hueso, pl\u00e1stico de alta densidad, virutas de hormig\u00f3n, etc.<\/p>\n\n\n\n<ul class=\"wp-block-list\">\n<li>Evita reclamaciones y retiradas del mercado, protegiendo la marca.<\/li>\n\n\n\n<li>Gestiona las interconexiones de acuerdo con los requisitos de la Industria 4.0.<\/li>\n\n\n\n<li>Mantenimiento y desinfecci\u00f3n r\u00e1pidos gracias a su dise\u00f1o higi\u00e9nico<\/li>\n<\/ul>\n\n\n\n<h2 class=\"wp-block-heading\"><strong>Tipos de soluciones de inspecci\u00f3n<\/strong><\/h2>\n\n\n\n<h3 class=\"wp-block-heading\"><strong>Inspecci\u00f3n por rayos X de productos verticales<\/strong><\/h3>\n\n\n\n<p>Sistemas de <a href=\"https:\/\/antaresvisiongroup.com\/food\/es\/products\/inspeccion-por-rayos-para-productos-verticales\/\">inspecci\u00f3n por rayo<\/a><a href=\"https:\/\/antaresvisiongroup.com\/food\/products\/x-ray-inspection-for-vertical-products\/\">s X <\/a>para productos orientados verticalmente, con inspecci\u00f3n lateral<\/p>\n\n\n\n<h3 class=\"wp-block-heading\"><strong><strong>Inspecci\u00f3n por rayos X de productos horizontales<\/strong><\/strong><\/h3>\n\n\n\n<p>Sistemas de <a href=\"https:\/\/antaresvisiongroup.com\/food\/es\/products\/inspeccion-por-rayos-para-productos-horizontales\/\">inspecci\u00f3n por rayos X<\/a> para productos horizontales, modo descendente.<\/p>\n\n\n\n<h3 class=\"wp-block-heading\"><strong>Inspecci\u00f3n por rayos X de productos a granel (gr\u00e1nulos) que caen por gravedad<\/strong><\/h3>\n\n\n\n<p>Sistemas de <a href=\"https:\/\/antaresvisiongroup.com\/food\/es\/products\/inspeccion-por-rayos-x-para-productos-a-granel-de-caida-gravitacional\/\">inspecci\u00f3n por rayos X<\/a> para productos a granel (gr\u00e1nulos) que caen por gravedad, ideales para controlar las materias primas entrantes.<\/p>\n\n\n\n<h2 class=\"wp-block-heading\"><strong>Configuraciones especiales para inspecci\u00f3n por rayos X<\/strong><\/h2>\n\n\n\n<h3 class=\"wp-block-heading\"><strong>Inspecci\u00f3n por rayos X de tres v\u00edas <\/strong><\/h3>\n\n\n\n<ul class=\"wp-block-list\">\n<li>Inspecci\u00f3n simult\u00e1nea <a href=\"https:\/\/antaresvisiongroup.com\/food\/es\/products\/configuracion-de-rayos-x-para-aplicaciones-especiales\/rayos-x-triple-linea\/\">por rayos X <\/a>en tres carriles, cada uno con un sistema de expulsi\u00f3n espec\u00edfico.<\/li>\n\n\n\n<li>Ideal para l\u00edneas de alta producci\u00f3n.<\/li>\n<\/ul>\n\n\n\n<h3 class=\"wp-block-heading\"><strong>Inspecci\u00f3n por rayos X en dos v\u00edas paralelas<\/strong><\/h3>\n\n\n\n<ul class=\"wp-block-list\">\n<li><a href=\"https:\/\/antaresvisiongroup.com\/food\/es\/products\/configuracion-de-rayos-x-para-aplicaciones-especiales\/inspeccion-de-rayos-x-doble-linea\/\">Inspecci\u00f3n por rayos X<\/a> en dos carriles paralelos, cada uno con un sistema de rechazo espec\u00edfico.<\/li>\n\n\n\n<li>Aumenta la velocidad de producci\u00f3n manteniendo el mismo espacio en la l\u00ednea.<\/li>\n<\/ul>\n\n\n\n<h3 class=\"wp-block-heading\"><strong>Inspecci\u00f3n por rayos X con bandas tangenciales<\/strong><\/h3>\n\n\n\n<ul class=\"wp-block-list\">\n<li>Configuraci\u00f3n especial con <a href=\"https:\/\/antaresvisiongroup.com\/food\/es\/products\/configuracion-de-rayos-x-para-aplicaciones-especiales\/rayos-x-con-transportadores-con-mordazas-laterales\/\">inspecci\u00f3n <\/a>hacia abajo y bandas tangenciales laterales.<\/li>\n\n\n\n<li>Dise\u00f1ado para productos inestables o formas especiales que requieren guiado lateral.<\/li>\n<\/ul>\n\n\n\n<h3 class=\"wp-block-heading\"><strong>Inspecci\u00f3n por rayos X de productos a granel<\/strong><\/h3>\n\n\n\n<ul class=\"wp-block-list\">\n<li><a href=\"https:\/\/antaresvisiongroup.com\/food\/es\/products\/configuracion-de-rayos-x-para-aplicaciones-especiales\/inspeccion-por-rayos-x-con-cinta-transportadora-para-productos-a-granel\/\">Sistema de inspecci\u00f3n <\/a>aplicado directamente a la cinta para productos a granel.<\/li>\n\n\n\n<li>\u00datil para alimentos granulados, cereales u otros productos &#8220;a granel&#8221; durante el transporte por cinta transportadora.<\/li>\n<\/ul>\n\n\n\n<hr class=\"wp-block-separator has-alpha-channel-opacity\" \/>\n\n\n\n<h2 class=\"wp-block-heading\"><strong>FAQ &#8211; Preguntas frecuentes sobre la inspecci\u00f3n por rayos X<\/strong><\/h2>\n\n\n\n<h3 class=\"wp-block-heading\"><strong>1. \u00bfQu\u00e9 es la inspecci\u00f3n por rayos X en el sector alimentario?<\/strong><\/h3>\n\n\n\n<p>Se trata de una tecnolog\u00eda de ensayos no destructivos que utiliza rayos X para analizar el interior de los productos alimenticios y detectar contaminantes, defectos o anomal\u00edas invisibles para los sistemas tradicionales.<\/p>\n\n\n\n<h3 class=\"wp-block-heading\"><strong>2. \u00bfQu\u00e9 contaminantes puede detectar un sistema de rayos X?<\/strong><\/h3>\n\n\n\n<p>Puede detectar metales, vidrio, piedra, hueso, cer\u00e1mica y determinados pl\u00e1sticos densos, incluso en el interior de envases metalizados.<\/p>\n\n\n\n<h3 class=\"wp-block-heading\"><strong>3. \u00bfEs segura la inspecci\u00f3n por rayos X para los alimentos y los operarios?<\/strong><\/h3>\n\n\n\n<p>S\u00ed, los niveles de radiaci\u00f3n son extremadamente bajos y cumplen las normas internacionales. Las m\u00e1quinas est\u00e1n blindadas para garantizar la total seguridad del operario.<br>Los sistemas de inspecci\u00f3n por rayos X de Antares Vision Group cumplen los requisitos necesarios para funcionar en un entorno industrial sin necesidad de control de radiaci\u00f3n.<\/p>\n\n\n\n<h3 class=\"wp-block-heading\"><strong>4. \u00bfQu\u00e9 ventajas ofrece con respecto a los detectores de metales tradicionales?<\/strong><\/h3>\n\n\n\n<p>A diferencia de los detectores de metales, los rayos X no s\u00f3lo detectan contaminantes met\u00e1licos, sino tambi\u00e9n cuerpos extra\u00f1os de cualquier tipo. Es m\u00e1s, funcionan perfectamente en presencia de metal o bolsas de polietileno.<\/p>\n\n\n\n<h3 class=\"wp-block-heading\"><strong>5. \u00bfPuede integrarse la inspecci\u00f3n por rayos X con otros sistemas de control de calidad?<\/strong><\/h3>\n\n\n\n<p>S\u00ed, las soluciones Antares Vision est\u00e1n dise\u00f1adas para integrarse con controladoras de peso, sistemas de visi\u00f3n y comunicarse con plataformas de trazabilidad.<\/p>\n\n\n\n<h3 class=\"wp-block-heading\"><strong>6. \u00bfC\u00f3mo se gestionan los datos de las inspecciones?<\/strong><\/h3>\n\n\n\n<p>Los sistemas Antares Vision recopilan autom\u00e1ticamente datos e im\u00e1genes de cada producto rechazado y de la ubicaci\u00f3n del contaminante.<\/p>\n\n\n\n<hr class=\"wp-block-separator has-alpha-channel-opacity\" \/>\n\n\n\n<h2 class=\"wp-block-heading\"><strong>Conclusi\u00f3n<\/strong><\/h2>\n\n\n\n<p>Hoy en d\u00eda, la inspecci\u00f3n por rayos X es la tecnolog\u00eda m\u00e1s completa para garantizar la seguridad, la calidad y la conformidad de los productos alimentarios.<br>Gracias a la experiencia de Antares Vision Group, las empresas pueden confiar en soluciones fiables, modulares y conectadas, capaces de detectar cualquier contaminante y optimizar los procesos de producci\u00f3n.<\/p>\n\n\n\n<p><a id=\"_msocom_4\"><\/a><\/p>\n\n\n\n                <\/div>\n            <\/div>\n        <\/div>\n     <\/div> <\/div>\n\n<style>\n\n    \/* mobile *\/\n    @media screen and (max-width: 767px) {\n\n    }\n\n    \/* ipad *\/\n    @media screen and (min-width: 768px) and  (max-width: 992px){\n\n    }\n\n    \/* ipad pro *\/\n    @media screen and (min-width: 992px) and  (max-width: 1200px){\n\n    }\n\n<\/style>","protected":false},"excerpt":{"rendered":"<p>Garantizar la seguridad y la calidad de los productos es una prioridad absoluta para todas&#8230;<\/p>\n","protected":false},"author":6,"featured_media":0,"parent":0,"menu_order":0,"comment_status":"closed","ping_status":"closed","template":"","meta":{"_acf_changed":false,"footnotes":""},"class_list":["post-4470","page","type-page","status-publish","hentry"],"acf":[],"lang":"es","translations":{"es":4470,"en":4302,"fr":4454,"it":4295,"pt":4594},"pll_sync_post":[],"_links":{"self":[{"href":"https:\/\/antaresvisiongroup.com\/food\/wp-json\/wp\/v2\/pages\/4470","targetHints":{"allow":["GET"]}}],"collection":[{"href":"https:\/\/antaresvisiongroup.com\/food\/wp-json\/wp\/v2\/pages"}],"about":[{"href":"https:\/\/antaresvisiongroup.com\/food\/wp-json\/wp\/v2\/types\/page"}],"author":[{"embeddable":true,"href":"https:\/\/antaresvisiongroup.com\/food\/wp-json\/wp\/v2\/users\/6"}],"replies":[{"embeddable":true,"href":"https:\/\/antaresvisiongroup.com\/food\/wp-json\/wp\/v2\/comments?post=4470"}],"version-history":[{"count":4,"href":"https:\/\/antaresvisiongroup.com\/food\/wp-json\/wp\/v2\/pages\/4470\/revisions"}],"predecessor-version":[{"id":4550,"href":"https:\/\/antaresvisiongroup.com\/food\/wp-json\/wp\/v2\/pages\/4470\/revisions\/4550"}],"wp:attachment":[{"href":"https:\/\/antaresvisiongroup.com\/food\/wp-json\/wp\/v2\/media?parent=4470"}],"curies":[{"name":"wp","href":"https:\/\/api.w.org\/{rel}","templated":true}]}}