{"id":4554,"date":"2026-02-13T11:58:35","date_gmt":"2026-02-13T10:58:35","guid":{"rendered":"https:\/\/antaresvisiongroup.com\/food\/?page_id=4554"},"modified":"2026-02-13T11:58:35","modified_gmt":"2026-02-13T10:58:35","slug":"rastreabilidade-no-sector-alimentar","status":"publish","type":"page","link":"https:\/\/antaresvisiongroup.com\/food\/pt\/rastreabilidade-no-sector-alimentar\/","title":{"rendered":"Rastreabilidade no sector alimentar"},"content":{"rendered":"\n<div class=\"kbreadcrumb\" id=\"k_year\">\n    <div class=\"pure-container\">\n        <div class=\"pure-g\">\n            <div class=\"pure-u-1-1\">\n                <div class=\"breadcrumbs\"><a href=\"https:\/\/antaresvisiongroup.com\/food\">Home<\/a> | <\/div>            <\/div>\n        <\/div>\n    <\/div>\n<\/div>\n\n<style>\n\n    .kbreadcrumb{max-width: 1330px; margin-right: auto; margin-left: auto; font-size: 14px; color: #222222; padding-top: 15px; padding-bottom: 15px;\n        font-family: 'Exo', sans-serif;}\n    .kbreadcrumb a{color: inherit; text-decoration: none;}\n\n    \/* mobile *\/\n    @media screen and (max-width: 767px) {\n        .kbreadcrumb{padding-right: 15px; padding-left: 15px;}\n    }\n\n    \/* ipad *\/\n    @media screen and (min-width: 768px) and  (max-width: 992px){\n        .kbreadcrumb{padding-right: 15px; padding-left: 15px;}\n    }\n\n    \/* ipad pro *\/\n    @media screen and (min-width: 992px) and  (max-width: 1200px){\n        .kbreadcrumb{padding-right: 15px; padding-left: 15px;}\n    }\n\n<\/style>\n\n\n<div class=\"pure-containerFluid kintro\">\n    <div class=\"pure-container\">\n        <div class=\"pure-g\">\n            <div class=\"pure-u-1-1 pure-u-md-16-24 kintro__col\">\n                <div class='kintro__top'>                    <a class=\"kintro__button\" href=\"https:\/\/antaresvisiongroup.com\/food\/pt\/tracktrace\/\" target=\"\">\n                        <div class=\"kbutton__buttonTitle\">Descubra as nossas solu\u00e7\u00f5es<\/div>\n                        <svg id=\"Livello_button\" data-name=\"Livello 2\" xmlns=\"http:\/\/www.w3.org\/2000\/svg\" xmlns:xlink=\"http:\/\/www.w3.org\/1999\/xlink\" width=\"14\" height=\"14\" viewBox=\"0 0 14 14\">\n                            <defs>\n                                <style>\n                                    .kintro__button .cls-1{fill:none;}\n                                    .kintro__button .cls-2{clip-path:url(#clip-path-1)!important;}\n                                    .kintro__button .cls-3{clip-path:url(#clip-path-2-1)!important;}\n                                    .kintro__button .cls-4{clip-path:url(#clip-path-3-1)!important;}\n                                    .kintro__button .cls-5{fill: rgb(,,)!important;}\n                                <\/style>\n                                <clipPath id=\"clip-path-1\">\n                                    <polygon class=\"cls-1\" points=\"2.099 12.999 1 11.9 10.344 2.557 1.824 2.557 1.824 1 13 1 13 12.176 11.443 12.176 11.443 3.656 2.099 12.999\"><\/polygon>\n                                <\/clipPath>\n                                <clipPath id=\"clip-path-2-1\">\n                                    <rect class=\"cls-1\" x=\"-1141\" y=\"-1543\" width=\"1680\" height=\"4770.9999\"><\/rect>\n                                <\/clipPath>\n                                <clipPath id=\"clip-path-3-1\">\n                                    <rect class=\"cls-1\" x=\"1\" y=\"1\" width=\"12\" height=\"12\"><\/rect>\n                                <\/clipPath>\n                            <\/defs>\n                            <title>k-arrow-blu<\/title>\n                            <g class=\"cls-2\"><g class=\"cls-3\"><g class=\"cls-4\"><g class=\"cls-4\"><rect class=\"cls-5\" width=\"14\" height=\"14\"><\/rect>\n                                            <rect class=\"cls-5\" width=\"14\" height=\"14\"><\/rect>\n                                        <\/g><\/g><\/g><\/g>\n                        <\/svg>\n                    <\/a>\n                <\/div><h1>Rastreabilidade no sector alimentar <\/h1>            <\/div>\n        <\/div>\n    <\/div>\n<\/div>\n\n<style>\n\n    .kintro{}\n\n    .kintro{margin-top: 50px;}\n\n    .kintro__row{justify-content: center;}\n    .kintro__date{font-family: 'Exo', sans-serif;}\n    .kintro h1{color: rgb(,,); border-top: 2px solid rgb(,,); padding-top: 30px; margin-top: 10px;}\n    .kintro__thumb img{width: 100%; height: auto;}\n\n    .kintro__extraCont{display: flex; align-items: flex-end; margin-bottom: 20px; margin-top: 80px;}\n    .kintro__extraLineTitle{height: 2px; width: 50px; margin-bottom: 13px; margin-right: 30px;}\n    .kintro__extraCont h2 {font-size: 30px;margin-top: 0;margin-bottom: 0; text-transform: uppercase;}\n    .kintro a{color: rgb(,,);}\n\n    .kintro__top{display: flex; justify-content: space-between; align-items: center; flex-wrap: wrap;}\n\n    \/* button *\/\n    .kintro__button{cursor: pointer; background-color: rgba(,,, 0.08); ; margin-left: auto;\n        color: rgb(,,); padding: 10px 15px; font-weight: 500; text-decoration: none;\n        display: flex; justify-content: space-between; min-width: 100px; width: auto;}\n    .kbutton__buttonTitle{border-bottom: 1px solid rgb(,,); padding-bottom: 5px; text-transform: uppercase;}\n    .kintro__button svg{width: 16px; height: 16px; margin-top: 3px; margin-left: 15px;}\n\n    \/* new *\/\n    .kintro__col{margin-left: auto; margin-right: auto;}\n\n    \/* mobile *\/\n    @media screen and (max-width: 767px) {\n        .kintro__top{flex-direction: column; align-items: flex-start;}\n        .kintro__button{margin-top: 10px;}\n    }\n\n    \/* ipad *\/\n    @media screen and (min-width: 768px) and  (max-width: 992px){\n\n    }\n\n    \/* ipad pro *\/\n    @media screen and (min-width: 992px) and  (max-width: 1200px){\n\n    }\n\n\n<\/style>\n\n<script>\n    window.addEventListener('DOMContentLoaded', function() {\n        jQuery(function ($) {\n\n        });\n    });\n<\/script>\n\n    <div class=\"pure-containerFluid pureCol \">\n    <div class=\"pure-container\">         <div class=\"pure-row\">\n            <div class=\"pure-g\">\n                <div class=\"pure-u-1-1 pure-u-md-16-24 offset-md-1-6\">\n\n\n\n\n<style>\n\n    .formContacts input[type=\"submit\"]{ background-color: rgb(,,); border: 0;\n    color: #ffffff; text-transform: uppercase; padding: 20px; font-size: 16px; font-family: 'Roboto', sans-serif;\n    min-width: 250px; font-weight: 600; cursor: pointer; margin-top: 30px;}\n    .pureCol a{color: rgb(,,);}\n\n    \/* mobile *\/\n    @media screen and (max-width: 767px) {\n\n    }\n\n    \/* ipad *\/\n    @media screen and (min-width: 768px) and  (max-width: 992px){\n\n    }\n\n    \/* ipad pro *\/\n    @media screen and (min-width: 992px) and  (max-width: 1200px){\n\n    }\n\n<\/style>\n\n\n<p>Na ind\u00fastria alimentar moderna, <strong>a rastreabilidade<\/strong> j\u00e1 n\u00e3o \u00e9 opcional &#8211; \u00e9 um pilar fundamental para a seguran\u00e7a, transpar\u00eancia e confian\u00e7a dos consumidores. Da quinta \u00e0 mesa, cada passo na cadeia de fornecimento deve ser monitorizado, verificado e registado. <strong>O Antares Vision Group<\/strong>, l\u00edder mundial em solu\u00e7\u00f5es de inspe\u00e7\u00e3o, rastreio e gest\u00e3o inteligente de dados, fornece sistemas completos que garantem total visibilidade e controlo dos produtos alimentares. <\/p>\n\n\n\n<div style=\"height:50px\" aria-hidden=\"true\" class=\"wp-block-spacer\"><\/div>\n\n\n\n<h2 class=\"wp-block-heading\"><strong>A crescente necessidade de rastreabilidade na ind\u00fastria alimentar<\/strong> <\/h2>\n\n\n\n<p>As cadeias de abastecimento alimentar s\u00e3o cada vez mais complexas. O abastecimento global, a produ\u00e7\u00e3o em massa e a evolu\u00e7\u00e3o da regulamenta\u00e7\u00e3o criaram novos desafios para garantir a integridade e a seguran\u00e7a dos produtos. <strong>A rastreabilidade<\/strong> desempenha um papel central na resposta a estes desafios, permitindo \u00e0s empresas <\/p>\n\n\n\n<ul class=\"wp-block-list\">\n<li>Identificar e isolar rapidamente os lotes contaminados<\/li>\n<\/ul>\n\n\n\n<ul class=\"wp-block-list\">\n<li>Prevenir a fraude e a contrafa\u00e7\u00e3o<\/li>\n<\/ul>\n\n\n\n<ul class=\"wp-block-list\">\n<li>Assegurar a conformidade com as normas internacionais<\/li>\n<\/ul>\n\n\n\n<ul class=\"wp-block-list\">\n<li>Refor\u00e7ar a reputa\u00e7\u00e3o da marca e a confian\u00e7a dos consumidores<\/li>\n<\/ul>\n\n\n\n<p>Com a rastreabilidade, os produtores de alimentos podem n\u00e3o s\u00f3 reagir mais rapidamente a potenciais problemas, mas tamb\u00e9m criar uma narrativa transparente que os consumidores valorizam. <\/p>\n\n\n\n<div style=\"height:50px\" aria-hidden=\"true\" class=\"wp-block-spacer\"><\/div>\n\n\n\n<h2 class=\"wp-block-heading\"><strong>Desafios na consecu\u00e7\u00e3o da rastreabilidade alimentar de ponta a ponta<\/strong> <\/h2>\n\n\n\n<p>A implementa\u00e7\u00e3o de uma plataforma completa de rastreio e localiza\u00e7\u00e3o em toda a cadeia de valor alimentar n\u00e3o \u00e9 uma tarefa f\u00e1cil. As empresas enfrentam v\u00e1rios obst\u00e1culos operacionais e t\u00e9cnicos, tais como: <\/p>\n\n\n\n<ul class=\"wp-block-list\">\n<li><strong>Fontes de dados fragmentadas:<\/strong> A informa\u00e7\u00e3o prov\u00e9m frequentemente de m\u00faltiplos sistemas que n\u00e3o comunicam eficazmente.<\/li>\n<\/ul>\n\n\n\n<ul class=\"wp-block-list\">\n<li><strong>Falta de normaliza\u00e7\u00e3o:<\/strong> Diferentes regi\u00f5es e parceiros utilizam diferentes formatos de dados e quadros regulamentares.<\/li>\n<\/ul>\n\n\n\n<ul class=\"wp-block-list\">\n<li><strong>Cadeias de abastecimento complexas:<\/strong> Os ingredientes podem atravessar v\u00e1rias fronteiras antes de chegarem aos consumidores.<\/li>\n<\/ul>\n\n\n\n<ul class=\"wp-block-list\">\n<li><strong>Press\u00e3o dos regulamentos e dos consumidores:<\/strong> As autoridades e os compradores exigem maior transpar\u00eancia e responsabilidade digital.<\/li>\n<\/ul>\n\n\n\n<p>Sem um sistema robusto e integrado, os esfor\u00e7os de rastreabilidade podem tornar-se ineficientes, incompletos e propensos a erros. <\/p>\n\n\n\n<div style=\"height:50px\" aria-hidden=\"true\" class=\"wp-block-spacer\"><\/div>\n\n\n\n<h2 class=\"wp-block-heading\"><strong>Principais tecnologias e solu\u00e7\u00f5es para a rastreabilidade dos alimentos<\/strong> <\/h2>\n\n\n\n<p><strong>O Antares Vision Group<\/strong> oferece um ecossistema abrangente de tecnologias concebidas para garantir uma <strong>rastreabilidade<\/strong> perfeita para cada produto, embalagem e palete. As suas solu\u00e7\u00f5es abrangem todo o processo &#8211; desde a serializa\u00e7\u00e3o \u00e0 gest\u00e3o de dados. <\/p>\n\n\n\n<h3 class=\"wp-block-heading\"><strong>Serializa\u00e7\u00e3o de produtos<\/strong> <\/h3>\n\n\n\n<p>A serializa\u00e7\u00e3o atribui a cada produto uma identidade digital \u00fanica, permitindo que ele seja rastreado durante todo o seu ciclo de vida. Com os sistemas de serializa\u00e7\u00e3o do Antares Vision Group, os fabricantes de alimentos podem: <\/p>\n\n\n\n<ul class=\"wp-block-list\">\n<li>Marcar cada artigo com um c\u00f3digo \u00fanico (QR, matriz de dados ou c\u00f3digo de barras)<\/li>\n<\/ul>\n\n\n\n<ul class=\"wp-block-list\">\n<li>Automatizar a captura e o registo de dados<\/li>\n<\/ul>\n\n\n\n<ul class=\"wp-block-list\">\n<li>Garantir a autenticidade e evitar a contrafa\u00e7\u00e3o<\/li>\n<\/ul>\n\n\n\n<h3 class=\"wp-block-heading\"><strong>Agrega\u00e7\u00e3o de produtos<\/strong> <\/h3>\n\n\n\n<p>A agrega\u00e7\u00e3o liga itens serializados em unidades maiores &#8211; caixas de papel\u00e3o, paletes ou lotes &#8211; mantendo a rastreabilidade digital \u00e0 medida que os produtos se movem pela cadeia de suprimentos. Os benef\u00edcios incluem: <\/p>\n\n\n\n<ul class=\"wp-block-list\">\n<li>Gest\u00e3o simplificada da log\u00edstica e do armaz\u00e9m<\/li>\n<\/ul>\n\n\n\n<ul class=\"wp-block-list\">\n<li>Distribui\u00e7\u00e3o e recolha simplificadas<\/li>\n<\/ul>\n\n\n\n<ul class=\"wp-block-list\">\n<li>Maior visibilidade para todas as partes interessadas<\/li>\n<\/ul>\n\n\n\n<h3 class=\"wp-block-heading\"><strong>Software de gest\u00e3o de dados<\/strong> <\/h3>\n\n\n\n<p>A espinha dorsal de qualquer programa de rastreabilidade s\u00e3o os dados fi\u00e1veis. <strong>O software de gest\u00e3o de dados<\/strong> do Antares Vision Group consolida e interpreta grandes quantidades de informa\u00e7\u00e3o da cadeia de fornecimento, fornecendo informa\u00e7\u00f5es e controlo em tempo real. As principais carater\u00edsticas incluem: <\/p>\n\n\n\n<ul class=\"wp-block-list\">\n<li>Reposit\u00f3rio de dados centralizado e acess\u00edvel a todos os s\u00edtios e parceiros<\/li>\n<\/ul>\n\n\n\n<ul class=\"wp-block-list\">\n<li>Conformidade total com os regulamentos globais de rastreabilidade<\/li>\n<\/ul>\n\n\n\n<ul class=\"wp-block-list\">\n<li>An\u00e1lise avan\u00e7ada para otimiza\u00e7\u00e3o de processos e redu\u00e7\u00e3o de riscos <\/li>\n<\/ul>\n\n\n\n<p>Com estas tecnologias integradas, as empresas do sector alimentar podem alcan\u00e7ar uma verdadeira visibilidade do produto de ponta a ponta &#8211; desde o abastecimento de mat\u00e9rias-primas at\u00e9 \u00e0 mesa do consumidor. <\/p>\n\n\n\n<h2 class=\"wp-block-heading\">Como funciona<\/h2>\n\n\n\n<ul class=\"wp-block-list\">\n<li>A serializa\u00e7\u00e3o atribui um c\u00f3digo \u00fanico a cada unidade de produto, permitindo a identifica\u00e7\u00e3o individual e a rastreabilidade ao longo da cadeia de abastecimento.<\/li>\n\n\n\n<li>A serializa\u00e7\u00e3o pode ser efectuada utilizando diferentes suportes de dados, cada um com carater\u00edsticas e \u00e2mbito diferentes (c\u00f3digo QR, Datamatrix, RFID, NFC, etc.).<\/li>\n\n\n\n<li>Os artigos serializados podem ser ligados, atrav\u00e9s da agrega\u00e7\u00e3o, aos n\u00edveis de embalagem de origem (pacotes, caixas, paletes), assegurando uma rastreabilidade total nas fases log\u00edsticas.<\/li>\n\n\n\n<li>A rastreabilidade apoia os objectivos da empresa, tais como o combate \u00e0 contrafa\u00e7\u00e3o, a conformidade regulamentar, a sustentabilidade, o envolvimento dos consumidores e a gest\u00e3o de bens retorn\u00e1veis.<\/li>\n<\/ul>\n\n\n\n<h2 class=\"wp-block-heading\">Aplica\u00e7\u00e3o<\/h2>\n\n\n\n<ul class=\"wp-block-list\">\n<li>Carne, massas, legumes, fruta, peixe, produtos l\u00e1cteos, produtos enlatados, condimentos<\/li>\n\n\n\n<li>Leguminosas, cereais, frutos de casca rija e sementes, \u00f3leos e gorduras, especiarias e ervas arom\u00e1ticas, produtos de pastelaria<\/li>\n\n\n\n<li>Snacks salgados, alimentos congelados, doces, refei\u00e7\u00f5es prontas<\/li>\n<\/ul>\n\n\n\n<div style=\"height:50px\" aria-hidden=\"true\" class=\"wp-block-spacer\"><\/div>\n\n\n\n<h2 class=\"wp-block-heading\"><strong>As vantagens da rastreabilidade digital no sector alimentar<\/strong> <\/h2>\n\n\n\n<p>A implementa\u00e7\u00e3o de sistemas avan\u00e7ados <strong>de rastreabilidade<\/strong> oferece benef\u00edcios comerciais, operacionais e de reputa\u00e7\u00e3o mensur\u00e1veis: <\/p>\n\n\n\n<ul class=\"wp-block-list\">\n<li><strong>Conformidade regulamentar:<\/strong> Cumprir as normas internacionais de seguran\u00e7a alimentar e de rotulagem.<\/li>\n<\/ul>\n\n\n\n<ul class=\"wp-block-list\">\n<li><strong>Recolhas mais r\u00e1pidas:<\/strong> Identificar e remover rapidamente os produtos afectados, minimizando o impacto.<\/li>\n<\/ul>\n\n\n\n<ul class=\"wp-block-list\">\n<li><strong>Garantia de qualidade:<\/strong> Monitorizar todas as fases da produ\u00e7\u00e3o para garantir a consist\u00eancia e a seguran\u00e7a.<\/li>\n<\/ul>\n\n\n\n<ul class=\"wp-block-list\">\n<li><strong>Sustentabilidade e transpar\u00eancia:<\/strong> Documentar as pr\u00e1ticas de aprovisionamento para cumprir os objectivos ESG.<\/li>\n<\/ul>\n\n\n\n<ul class=\"wp-block-list\">\n<li><strong>Envolvimento do consumidor:<\/strong> Fornecer informa\u00e7\u00f5es acess\u00edveis sobre os produtos atrav\u00e9s de r\u00f3tulos digitais e c\u00f3digos QR.<\/li>\n<\/ul>\n\n\n\n<p>Ao transformar os dados de rastreabilidade em intelig\u00eancia acion\u00e1vel, as empresas podem tomar melhores decis\u00f5es, reduzir o desperd\u00edcio e melhorar a resili\u00eancia da cadeia de abastecimento. <\/p>\n\n\n\n<figure class=\"wp-block-image size-full\"><img loading=\"lazy\" decoding=\"async\" width=\"1\" height=\"1\" src=\"\/\/antaresvisiongroup.b-cdn.net\/food\/wp-content\/uploads\/sites\/2\/2025\/12\/image-1.png\" alt=\"[] - Antares Vision Group\" class=\"wp-image-4402\"><\/figure>\n\n\n\n<h2 class=\"wp-block-heading\"><strong>FAQ sobre rastreabilidade dos alimentos<\/strong> <\/h2>\n\n\n\n<h3 class=\"wp-block-heading\"><strong>1. O que \u00e9 a rastreabilidade no sector alimentar?<\/strong> <\/h3>\n\n\n\n<p>A rastreabilidade refere-se \u00e0 capacidade de seguir e documentar o historial, a localiza\u00e7\u00e3o e o movimento dos produtos alimentares em todas as fases de produ\u00e7\u00e3o, transforma\u00e7\u00e3o e distribui\u00e7\u00e3o. <\/p>\n\n\n\n<h3 class=\"wp-block-heading\"><strong>2. Porque \u00e9 que a rastreabilidade \u00e9 importante para a seguran\u00e7a alimentar?<\/strong> <\/h3>\n\n\n\n<p>Permite a identifica\u00e7\u00e3o e o isolamento r\u00e1pidos de lotes contaminados ou n\u00e3o conformes, reduzindo os riscos para a sa\u00fade p\u00fablica e evitando recolhas dispendiosas. <\/p>\n\n\n\n<h3 class=\"wp-block-heading\"><strong>3. Como \u00e9 que a serializa\u00e7\u00e3o melhora a rastreabilidade?<\/strong> <\/h3>\n\n\n\n<p>A serializa\u00e7\u00e3o d\u00e1 a cada produto um identificador \u00fanico, assegurando um rastreio preciso ao longo da cadeia de abastecimento e protegendo contra a contrafa\u00e7\u00e3o ou a rotulagem incorrecta. <\/p>\n\n\n\n<h3 class=\"wp-block-heading\"><strong>4. Quais s\u00e3o os principais desafios na implementa\u00e7\u00e3o de sistemas de rastreabilidade alimentar?<\/strong><\/h3>\n\n\n\n<p>As empresas debatem-se frequentemente com a fragmenta\u00e7\u00e3o dos dados, a complexidade regulamentar e a necessidade de uma integra\u00e7\u00e3o perfeita dos sistemas de v\u00e1rios parceiros. <\/p>\n\n\n\n<h3 class=\"wp-block-heading\"><strong>5. Como \u00e9 que o Antares Vision Group pode apoiar a rastreabilidade digital na ind\u00fastria alimentar?<\/strong><\/h3>\n\n\n\n<p>A empresa fornece solu\u00e7\u00f5es integradas de hardware e software &#8211; incluindo serializa\u00e7\u00e3o, agrega\u00e7\u00e3o e gest\u00e3o de dados &#8211; que permitem total visibilidade e conformidade em toda a cadeia de fornecimento. <\/p>\n\n\n\n<h3 class=\"wp-block-heading\"><strong>6. Quais s\u00e3o os principais benef\u00edcios da ado\u00e7\u00e3o de solu\u00e7\u00f5es de rastreabilidade?<\/strong> <\/h3>\n\n\n\n<p>Melhoria da seguran\u00e7a, transpar\u00eancia, efici\u00eancia operacional e confian\u00e7a dos consumidores &#8211; tudo isto \u00e9 essencial para a competitividade a longo prazo no mercado alimentar. <\/p>\n\n\n\n<figure class=\"wp-block-image size-full\"><img loading=\"lazy\" decoding=\"async\" width=\"1\" height=\"1\" src=\"\/\/antaresvisiongroup.b-cdn.net\/food\/wp-content\/uploads\/sites\/2\/2025\/12\/image.png\" alt=\"[] - Antares Vision Group\" class=\"wp-image-4400\"><\/figure>\n\n\n\n<h2 class=\"wp-block-heading\"><strong>Conclus\u00e3o: Capacitar a ind\u00fastria alimentar atrav\u00e9s da rastreabilidade<\/strong> <\/h2>\n\n\n\n<p>Numa ind\u00fastria em que a seguran\u00e7a e a transpar\u00eancia n\u00e3o s\u00e3o negoci\u00e1veis, <strong>a rastreabilidade<\/strong> representa tanto uma responsabilidade como uma oportunidade. Ao ligar todas as fases da cadeia de valor alimentar atrav\u00e9s de solu\u00e7\u00f5es digitais avan\u00e7adas, as empresas podem proteger os consumidores, otimizar as opera\u00e7\u00f5es e melhorar a integridade da marca. <\/p>\n\n\n\n<p><strong>O Antares Vision Group<\/strong> est\u00e1 na vanguarda desta transforma\u00e7\u00e3o, fornecendo sistemas de ponta que tornam a rastreabilidade mais inteligente, mais r\u00e1pida e mais fi\u00e1vel. <\/p>\n\n\n\n<figure class=\"wp-block-image size-full\"><img loading=\"lazy\" decoding=\"async\" width=\"1\" height=\"1\" src=\"\/\/antaresvisiongroup.b-cdn.net\/food\/wp-content\/uploads\/sites\/2\/2025\/12\/image.png\" alt=\"[] - Antares Vision Group\" class=\"wp-image-4401\"><\/figure>\n\n\n\n<hr class=\"wp-block-separator has-alpha-channel-opacity\" \/>\n\n\n\n<p><a id=\"_msocom_4\"><\/a><\/p>\n\n\n\n                <\/div>\n            <\/div>\n        <\/div>\n     <\/div> <\/div>\n\n<style>\n\n    \/* mobile *\/\n    @media screen and (max-width: 767px) {\n\n    }\n\n    \/* ipad *\/\n    @media screen and (min-width: 768px) and  (max-width: 992px){\n\n    }\n\n    \/* ipad pro *\/\n    @media screen and (min-width: 992px) and  (max-width: 1200px){\n\n    }\n\n<\/style>\n\n\n<p><\/p>\n","protected":false},"excerpt":{"rendered":"<p>Na ind\u00fastria alimentar moderna, a rastreabilidade j\u00e1 n\u00e3o \u00e9 opcional &#8211; \u00e9 um pilar fundamental&#8230;<\/p>\n","protected":false},"author":6,"featured_media":0,"parent":0,"menu_order":0,"comment_status":"closed","ping_status":"closed","template":"","meta":{"_acf_changed":false,"footnotes":""},"class_list":["post-4554","page","type-page","status-publish","hentry"],"acf":[],"lang":"pt","translations":{"pt":4554,"en":4399,"es":4417,"it":4407,"fr":4421},"pll_sync_post":[],"_links":{"self":[{"href":"https:\/\/antaresvisiongroup.com\/food\/wp-json\/wp\/v2\/pages\/4554","targetHints":{"allow":["GET"]}}],"collection":[{"href":"https:\/\/antaresvisiongroup.com\/food\/wp-json\/wp\/v2\/pages"}],"about":[{"href":"https:\/\/antaresvisiongroup.com\/food\/wp-json\/wp\/v2\/types\/page"}],"author":[{"embeddable":true,"href":"https:\/\/antaresvisiongroup.com\/food\/wp-json\/wp\/v2\/users\/6"}],"replies":[{"embeddable":true,"href":"https:\/\/antaresvisiongroup.com\/food\/wp-json\/wp\/v2\/comments?post=4554"}],"version-history":[{"count":3,"href":"https:\/\/antaresvisiongroup.com\/food\/wp-json\/wp\/v2\/pages\/4554\/revisions"}],"predecessor-version":[{"id":5147,"href":"https:\/\/antaresvisiongroup.com\/food\/wp-json\/wp\/v2\/pages\/4554\/revisions\/5147"}],"wp:attachment":[{"href":"https:\/\/antaresvisiongroup.com\/food\/wp-json\/wp\/v2\/media?parent=4554"}],"curies":[{"name":"wp","href":"https:\/\/api.w.org\/{rel}","templated":true}]}}