{"id":4594,"date":"2026-02-13T11:58:37","date_gmt":"2026-02-13T10:58:37","guid":{"rendered":"https:\/\/antaresvisiongroup.com\/food\/?page_id=4594"},"modified":"2026-02-13T11:58:37","modified_gmt":"2026-02-13T10:58:37","slug":"inspecao-por-raios-x-para-a-industria-alimentar","status":"publish","type":"page","link":"https:\/\/antaresvisiongroup.com\/food\/pt\/inspecao-por-raios-x-para-a-industria-alimentar\/","title":{"rendered":"Inspe\u00e7\u00e3o por raios X para a ind\u00fastria alimentar"},"content":{"rendered":"\n<div class=\"kbreadcrumb\" id=\"k_year\">\n    <div class=\"pure-container\">\n        <div class=\"pure-g\">\n            <div class=\"pure-u-1-1\">\n                <div class=\"breadcrumbs\"><a href=\"https:\/\/antaresvisiongroup.com\/food\">Home<\/a> | <\/div>            <\/div>\n        <\/div>\n    <\/div>\n<\/div>\n\n<style>\n\n    .kbreadcrumb{max-width: 1330px; margin-right: auto; margin-left: auto; font-size: 14px; color: #222222; padding-top: 15px; padding-bottom: 15px;\n        font-family: 'Exo', sans-serif;}\n    .kbreadcrumb a{color: inherit; text-decoration: none;}\n\n    \/* mobile *\/\n    @media screen and (max-width: 767px) {\n        .kbreadcrumb{padding-right: 15px; padding-left: 15px;}\n    }\n\n    \/* ipad *\/\n    @media screen and (min-width: 768px) and  (max-width: 992px){\n        .kbreadcrumb{padding-right: 15px; padding-left: 15px;}\n    }\n\n    \/* ipad pro *\/\n    @media screen and (min-width: 992px) and  (max-width: 1200px){\n        .kbreadcrumb{padding-right: 15px; padding-left: 15px;}\n    }\n\n<\/style>\n\n\n<div class=\"pure-containerFluid kintro\">\n    <div class=\"pure-container\">\n        <div class=\"pure-g\">\n            <div class=\"pure-u-1-1 pure-u-md-16-24 kintro__col\">\n                <div class='kintro__top'>                    <a class=\"kintro__button\" href=\"https:\/\/antaresvisiongroup.com\/food\/pt\/produtos\/\" target=\"_blank\">\n                        <div class=\"kbutton__buttonTitle\">Descubra as nossas solu\u00e7\u00f5es<\/div>\n                        <svg id=\"Livello_button\" data-name=\"Livello 2\" xmlns=\"http:\/\/www.w3.org\/2000\/svg\" xmlns:xlink=\"http:\/\/www.w3.org\/1999\/xlink\" width=\"14\" height=\"14\" viewBox=\"0 0 14 14\">\n                            <defs>\n                                <style>\n                                    .kintro__button .cls-1{fill:none;}\n                                    .kintro__button .cls-2{clip-path:url(#clip-path-1)!important;}\n                                    .kintro__button .cls-3{clip-path:url(#clip-path-2-1)!important;}\n                                    .kintro__button .cls-4{clip-path:url(#clip-path-3-1)!important;}\n                                    .kintro__button .cls-5{fill: rgb(,,)!important;}\n                                <\/style>\n                                <clipPath id=\"clip-path-1\">\n                                    <polygon class=\"cls-1\" points=\"2.099 12.999 1 11.9 10.344 2.557 1.824 2.557 1.824 1 13 1 13 12.176 11.443 12.176 11.443 3.656 2.099 12.999\"><\/polygon>\n                                <\/clipPath>\n                                <clipPath id=\"clip-path-2-1\">\n                                    <rect class=\"cls-1\" x=\"-1141\" y=\"-1543\" width=\"1680\" height=\"4770.9999\"><\/rect>\n                                <\/clipPath>\n                                <clipPath id=\"clip-path-3-1\">\n                                    <rect class=\"cls-1\" x=\"1\" y=\"1\" width=\"12\" height=\"12\"><\/rect>\n                                <\/clipPath>\n                            <\/defs>\n                            <title>k-arrow-blu<\/title>\n                            <g class=\"cls-2\"><g class=\"cls-3\"><g class=\"cls-4\"><g class=\"cls-4\"><rect class=\"cls-5\" width=\"14\" height=\"14\"><\/rect>\n                                            <rect class=\"cls-5\" width=\"14\" height=\"14\"><\/rect>\n                                        <\/g><\/g><\/g><\/g>\n                        <\/svg>\n                    <\/a>\n                <\/div><h1>Inspe\u00e7\u00e3o por raios X para a ind\u00fastria alimentar<\/h1>            <\/div>\n        <\/div>\n    <\/div>\n<\/div>\n\n<style>\n\n    .kintro{}\n\n    .kintro{margin-top: 50px;}\n\n    .kintro__row{justify-content: center;}\n    .kintro__date{font-family: 'Exo', sans-serif;}\n    .kintro h1{color: rgb(,,); border-top: 2px solid rgb(,,); padding-top: 30px; margin-top: 10px;}\n    .kintro__thumb img{width: 100%; height: auto;}\n\n    .kintro__extraCont{display: flex; align-items: flex-end; margin-bottom: 20px; margin-top: 80px;}\n    .kintro__extraLineTitle{height: 2px; width: 50px; margin-bottom: 13px; margin-right: 30px;}\n    .kintro__extraCont h2 {font-size: 30px;margin-top: 0;margin-bottom: 0; text-transform: uppercase;}\n    .kintro a{color: rgb(,,);}\n\n    .kintro__top{display: flex; justify-content: space-between; align-items: center; flex-wrap: wrap;}\n\n    \/* button *\/\n    .kintro__button{cursor: pointer; background-color: rgba(,,, 0.08); ; margin-left: auto;\n        color: rgb(,,); padding: 10px 15px; font-weight: 500; text-decoration: none;\n        display: flex; justify-content: space-between; min-width: 100px; width: auto;}\n    .kbutton__buttonTitle{border-bottom: 1px solid rgb(,,); padding-bottom: 5px; text-transform: uppercase;}\n    .kintro__button svg{width: 16px; height: 16px; margin-top: 3px; margin-left: 15px;}\n\n    \/* new *\/\n    .kintro__col{margin-left: auto; margin-right: auto;}\n\n    \/* mobile *\/\n    @media screen and (max-width: 767px) {\n        .kintro__top{flex-direction: column; align-items: flex-start;}\n        .kintro__button{margin-top: 10px;}\n    }\n\n    \/* ipad *\/\n    @media screen and (min-width: 768px) and  (max-width: 992px){\n\n    }\n\n    \/* ipad pro *\/\n    @media screen and (min-width: 992px) and  (max-width: 1200px){\n\n    }\n\n\n<\/style>\n\n<script>\n    window.addEventListener('DOMContentLoaded', function() {\n        jQuery(function ($) {\n\n        });\n    });\n<\/script>\n\n    <div class=\"pure-containerFluid pureCol \">\n    <div class=\"pure-container\">         <div class=\"pure-row\">\n            <div class=\"pure-g\">\n                <div class=\"pure-u-1-1 pure-u-md-16-24 offset-md-1-6\">\n\n\n\n\n<style>\n\n    .formContacts input[type=\"submit\"]{ background-color: rgb(,,); border: 0;\n    color: #ffffff; text-transform: uppercase; padding: 20px; font-size: 16px; font-family: 'Roboto', sans-serif;\n    min-width: 250px; font-weight: 600; cursor: pointer; margin-top: 30px;}\n    .pureCol a{color: rgb(,,);}\n\n    \/* mobile *\/\n    @media screen and (max-width: 767px) {\n\n    }\n\n    \/* ipad *\/\n    @media screen and (min-width: 768px) and  (max-width: 992px){\n\n    }\n\n    \/* ipad pro *\/\n    @media screen and (min-width: 992px) and  (max-width: 1200px){\n\n    }\n\n<\/style>\n\n\n<p>Garantir a seguran\u00e7a e a qualidade dos produtos \u00e9 uma prioridade m\u00e1xima para todas as empresas da ind\u00fastria alimentar. As tecnologias <strong>de inspe\u00e7\u00e3o por raios X<\/strong> s\u00e3o a solu\u00e7\u00e3o mais avan\u00e7ada para detetar contaminantes, defeitos e anomalias, garantindo a conformidade com as normas de seguran\u00e7a e a prote\u00e7\u00e3o do consumidor.<\/p>\n\n\n\n<p><strong>O Antares Vision Group<\/strong>, l\u00edder mundial em solu\u00e7\u00f5es de inspe\u00e7\u00e3o, rastreabilidade e gest\u00e3o de dados, oferece sistemas <strong>de inspe\u00e7\u00e3o por raios X<\/strong> capazes de analisar cada produto em tempo real, garantindo um controlo completo, preciso e automatizado de toda a linha de produ\u00e7\u00e3o alimentar.<\/p>\n\n\n\n<hr class=\"wp-block-separator has-alpha-channel-opacity\" \/>\n\n\n\n<h2 class=\"wp-block-heading\"><strong>Porque \u00e9 que a inspe\u00e7\u00e3o por raios X \u00e9 indispens\u00e1vel no sector alimentar<\/strong><\/h2>\n\n\n\n<h3 class=\"wp-block-heading\"><strong>A seguran\u00e7a alimentar como requisito estrat\u00e9gico<\/strong><\/h3>\n\n\n\n<p>No sector alimentar, a qualidade n\u00e3o \u00e9 apenas um fator competitivo: \u00e9 uma responsabilidade. Normas internacionais como <strong>HACCP<\/strong>, <strong>BRC<\/strong>, <strong>IFS<\/strong> e <strong>ISO 22000<\/strong> exigem controlos cuidadosos para evitar riscos de contamina\u00e7\u00e3o.<br><strong>A inspe\u00e7\u00e3o por raios X<\/strong> permite detetar <strong>corpos estranhos met\u00e1licos, v\u00edtreos, cer\u00e2micos, \u00f3sseos ou de pl\u00e1stico de alta densidade<\/strong>, mesmo quando se encontram dentro de embalagens complexas, para as quais outros sistemas de controlo s\u00e3o ineficazes.<\/p>\n\n\n\n<h3 class=\"wp-block-heading\"><strong>Uma vantagem competitiva para as empresas<\/strong><\/h3>\n\n\n\n<p>A implementa\u00e7\u00e3o de um sistema de inspe\u00e7\u00e3o avan\u00e7ado significa melhorar a reputa\u00e7\u00e3o da marca, evitar recolhas dispendiosas e ganhar a confian\u00e7a dos consumidores. O Antares Vision Group fornece solu\u00e7\u00f5es para todas as necessidades de produ\u00e7\u00e3o, adapt\u00e1veis a diferentes tipos de alimentos &#8211; embalados, a granel ou em tabuleiros &#8211; mantendo um elevado desempenho e a m\u00e1xima fiabilidade.<\/p>\n\n\n\n<hr class=\"wp-block-separator has-alpha-channel-opacity\" \/>\n\n\n\n<h2 class=\"wp-block-heading\"><strong>Os principais desafios da inspe\u00e7\u00e3o no sector alimentar<\/strong><\/h2>\n\n\n\n<h3 class=\"wp-block-heading\"><strong>Diversidade de materiais e produtos de embalagem<\/strong><\/h3>\n\n\n\n<p>A <strong>diversidade das embalagens<\/strong>, que muitas vezes cont\u00eam elementos met\u00e1licos, e as <strong>carater\u00edsticas do<\/strong> pr\u00f3prio <strong>produto alimentar<\/strong> &#8211; s\u00f3lido, granulado, mas tamb\u00e9m l\u00edquido, congelado, salgado e, portanto, com carater\u00edsticas que afectam a condutividade &#8211; tornam dif\u00edcil, se n\u00e3o imposs\u00edvel, a dete\u00e7\u00e3o de contaminantes com os detectores de metais tradicionais.<br>A inspe\u00e7\u00e3o por raios X supera estas limita\u00e7\u00f5es, gra\u00e7as \u00e0 sua capacidade de analisar a <strong>densidade dos materiais<\/strong>, garantindo um controlo mais fi\u00e1vel e preciso.<\/p>\n\n\n\n<h3 class=\"wp-block-heading\"><strong>Dete\u00e7\u00e3o de corpos estranhos n\u00e3o met\u00e1licos<\/strong><\/h3>\n\n\n\n<p>Muitos contaminantes comuns &#8211; como vidro, ossos, cer\u00e2mica ou pl\u00e1sticos de alta densidade &#8211; n\u00e3o podem ser detectados pelos detectores de metais. Os raios X, por outro lado, n\u00e3o analisam a condutividade do contaminante, mas penetram no produto e, com base na sua densidade, criam uma imagem detalhada que permite a dete\u00e7\u00e3o de corpos estranhos de qualquer material com uma densidade diferente.<\/p>\n\n\n\n<h3 class=\"wp-block-heading\"><strong>Integra\u00e7\u00e3o com linhas de alta velocidade<\/strong><\/h3>\n\n\n\n<p>As empresas alimentares precisam de garantir um controlo preciso sem abrandar a produ\u00e7\u00e3o. As solu\u00e7\u00f5es do Antares Vision Group oferecem <strong>an\u00e1lises em tempo real e a alta velocidade<\/strong>, perfeitas para produ\u00e7\u00e3o em v\u00e1rias linhas e ambientes industriais complexos.<\/p>\n\n\n\n<h3 class=\"wp-block-heading\"><strong>Conce\u00e7\u00e3o higi\u00e9nica<\/strong> <strong>e grau de prote\u00e7\u00e3o<\/strong><\/h3>\n\n\n\n<p>Os sistemas de inspe\u00e7\u00e3o devem ser constru\u00eddos para ambientes alimentares, com materiais <strong>em a\u00e7o inoxid\u00e1vel<\/strong>, uma <strong>classifica\u00e7\u00e3o IP adequada ao ambiente de trabalho<\/strong> e um <strong>design higi\u00e9nico<\/strong> que facilite a limpeza e a sanitiza\u00e7\u00e3o.<\/p>\n\n\n\n<hr class=\"wp-block-separator has-alpha-channel-opacity\" \/>\n\n\n\n<h2 class=\"wp-block-heading\"><strong>Tecnologias-chave<\/strong><\/h2>\n\n\n\n<h3 class=\"wp-block-heading\"><strong>Inspe\u00e7\u00e3o por raios X &#8211; precis\u00e3o, fiabilidade e seguran\u00e7a<\/strong><\/h3>\n\n\n\n<p>Os sistemas <strong>de inspe\u00e7\u00e3o por raios X<\/strong> do Antares Vision Group oferecem uma dete\u00e7\u00e3o avan\u00e7ada e consistente ao longo do tempo, gra\u00e7as, em particular, a um <strong>software dedicado com uma fun\u00e7\u00e3o de auto-aprendizagem, a uma mec\u00e2nica de alta precis\u00e3o<\/strong> e a <strong>uma eletr\u00f3nica personalizada<\/strong> concebida internamente.<\/p>\n\n\n\n<p><strong>Estas tecnologias garantem:<\/strong><\/p>\n\n\n\n<ul class=\"wp-block-list\">\n<li>Dete\u00e7\u00e3o de contaminantes met\u00e1licos, v\u00edtreos, cer\u00e2micos, \u00f3sseos ou pl\u00e1sticos<\/li>\n\n\n\n<li>An\u00e1lise exacta tamb\u00e9m em sacos de metal ou de polietileno<\/li>\n\n\n\n<li>Inspe\u00e7\u00e3o n\u00e3o destrutiva e sem contacto<\/li>\n\n\n\n<li>M\u00e1xima fiabilidade mesmo a altas velocidades<\/li>\n<\/ul>\n\n\n\n<div style=\"height:25px\" aria-hidden=\"true\" class=\"wp-block-spacer\"><\/div>\n\n\n\n<h2 class=\"wp-block-heading\"><strong>Como funciona<\/strong><\/h2>\n\n\n\n<ul class=\"wp-block-list\">\n<li>Um gerador cria um feixe de raios X que atravessa o produto e chega ao sensor.<\/li>\n\n\n\n<li>Quanto maior for a densidade do material (massa at\u00f3mica), mais este absorve os raios X.<\/li>\n\n\n\n<li>Um corpo estranho \u00e9 detectado gra\u00e7as \u00e0 diferente quantidade de raios X absorvidos pelo corpo estranho e pelo produto.<\/li>\n\n\n\n<li>A quantidade restante de raios X ser\u00e1 assim medida pelo sensor em diferentes n\u00edveis, evidenciando a presen\u00e7a de um corpo estranho.<\/li>\n<\/ul>\n\n\n\n<h2 class=\"wp-block-heading\"><strong>Aplica\u00e7\u00e3o<\/strong><\/h2>\n\n\n\n<ul class=\"wp-block-list\">\n<li>Carne, massas, legumes, fruta, peixe, produtos l\u00e1cteos, produtos enlatados, condimentos<\/li>\n\n\n\n<li>Leguminosas, cereais, frutos secos e sementes, \u00f3leos e gorduras, especiarias e ervas arom\u00e1ticas, produtos de pastelaria<\/li>\n\n\n\n<li>Snacks salgados, alimentos congelados, doces, refei\u00e7\u00f5es prontas<\/li>\n<\/ul>\n\n\n\n<hr class=\"wp-block-separator has-alpha-channel-opacity\" \/>\n\n\n\n<h3 class=\"wp-block-heading\"><strong>Integra\u00e7\u00e3o com a linha de produ\u00e7\u00e3o e comunica\u00e7\u00e3o com sistemas externos<\/strong><\/h3>\n\n\n\n<p>As m\u00e1quinas Antares Vision integram-se perfeitamente nas linhas existentes, comunicando com <strong>sistemas externos e permitindo a assist\u00eancia remota, de acordo com a Ind\u00fastria 4.0.<\/strong><br>Gra\u00e7as a uma arquitetura modular e escal\u00e1vel, cada sistema pode ser personalizado para se adequar ao fluxo de produ\u00e7\u00e3o, aos formatos de embalagem e \u00e0s velocidades necess\u00e1rias.<\/p>\n\n\n\n<p>A interface intuitiva permite a visualiza\u00e7\u00e3o de imagens, estat\u00edsticas e relat\u00f3rios de produ\u00e7\u00e3o em tempo real, com exporta\u00e7\u00e3o autom\u00e1tica de dados para auditorias e controlos de qualidade.<\/p>\n\n\n\n<hr class=\"wp-block-separator has-alpha-channel-opacity\" \/>\n\n\n\n<h3 class=\"wp-block-heading\"><strong>As vantagens da inspe\u00e7\u00e3o por raios X do Antares Vision Group<\/strong><\/h3>\n\n\n\n<p>Garante a aus\u00eancia de contaminantes f\u00edsicos de alta densidade, tais como vidro, pedras, metais, ossos, pl\u00e1stico de alta densidade, aparas de bet\u00e3o, etc.<\/p>\n\n\n\n<ul class=\"wp-block-list\">\n<li>Evita reclama\u00e7\u00f5es e retiradas do mercado, protegendo a marca<\/li>\n\n\n\n<li>Gere as interliga\u00e7\u00f5es de acordo com os requisitos da Ind\u00fastria 4.0<\/li>\n\n\n\n<li>Manuten\u00e7\u00e3o e higieniza\u00e7\u00e3o r\u00e1pidas gra\u00e7as ao design higi\u00e9nico<\/li>\n<\/ul>\n\n\n\n<h2 class=\"wp-block-heading\"><strong>Tipos de solu\u00e7\u00f5es de inspe\u00e7\u00e3o<\/strong><\/h2>\n\n\n\n<h3 class=\"wp-block-heading\"><strong>Inspe\u00e7\u00e3o por raios X para produtos verticais<\/strong><\/h3>\n\n\n\n<p>Sistemas <a href=\"https:\/\/antaresvisiongroup.com\/food\/products\/x-ray-inspection-for-vertical-products\/\">de inspe\u00e7\u00e3o por raios X <\/a>para produtos em orienta\u00e7\u00e3o vertical, com inspe\u00e7\u00e3o lateral<\/p>\n\n\n\n<h3 class=\"wp-block-heading\"><strong><strong>Inspe\u00e7\u00e3o por raios X para produtos horizontais<\/strong><\/strong><\/h3>\n\n\n\n<p>Sistemas <a href=\"https:\/\/antaresvisiongroup.com\/food\/products\/x-ray-inspection-for-horizontal-products\/\">de inspe\u00e7\u00e3o por raios X<\/a> para produtos horizontais, modo &#8220;top-down&#8221;.<\/p>\n\n\n\n<h3 class=\"wp-block-heading\"><strong>Inspe\u00e7\u00e3o por raios X de produtos a granel (granulados) que caem por gravidade<\/strong><\/h3>\n\n\n\n<p>Sistemas <a href=\"https:\/\/antaresvisiongroup.com\/food\/products\/x-ray-inspection-system-for-bulk-products\/\">de inspe\u00e7\u00e3o por raios X<\/a> para produtos a granel (granulados) que caem por gravidade, ideais para o controlo de mat\u00e9rias-primas recebidas.<\/p>\n\n\n\n<h2 class=\"wp-block-heading\"><strong>Configura\u00e7\u00f5es especiais para inspe\u00e7\u00e3o por raios X<\/strong><\/h2>\n\n\n\n<h3 class=\"wp-block-heading\"><strong>Inspe\u00e7\u00e3o por raios X em tr\u00eas faixas de rodagem <\/strong><\/h3>\n\n\n\n<ul class=\"wp-block-list\">\n<li><a href=\"https:\/\/antaresvisiongroup.com\/food\/products\/x-ray-inspection-special-configurations\/triple-lane-x-ray-inspection\/\">Inspe\u00e7\u00e3o <\/a>simult\u00e2nea <a href=\"https:\/\/antaresvisiongroup.com\/food\/products\/x-ray-inspection-special-configurations\/triple-lane-x-ray-inspection\/\">por raios X <\/a>em tr\u00eas vias, cada uma com um sistema de eje\u00e7\u00e3o dedicado.<\/li>\n\n\n\n<li>Ideal para linhas de alta produ\u00e7\u00e3o.<\/li>\n<\/ul>\n\n\n\n<h3 class=\"wp-block-heading\"><strong>Inspe\u00e7\u00e3o por raios X em duas vias paralelas<\/strong><\/h3>\n\n\n\n<ul class=\"wp-block-list\">\n<li><a href=\"https:\/\/antaresvisiongroup.com\/food\/it\/products\/ispezione-a-raggi-x-in-configurazioni-speciali\/ispezione-a-raggi-x-a-doppia-pista\/\">Inspe\u00e7\u00e3o por raios X<\/a> em duas vias paralelas, cada uma com um sistema de rejei\u00e7\u00e3o espec\u00edfico.<\/li>\n\n\n\n<li>Permite um aumento da velocidade de produ\u00e7\u00e3o, mantendo a mesma \u00e1rea de ocupa\u00e7\u00e3o na linha.<\/li>\n<\/ul>\n\n\n\n<h3 class=\"wp-block-heading\"><strong>Inspe\u00e7\u00e3o por raios X com correias tangenciais<\/strong><\/h3>\n\n\n\n<ul class=\"wp-block-list\">\n<li>Configura\u00e7\u00e3o especial com <a href=\"https:\/\/antaresvisiongroup.com\/food\/products\/x-ray-inspection-special-configurations\/x-ray-inspection-with-side-belts\/\">inspe\u00e7\u00e3o de <\/a>cima para baixo e correias tangenciais laterais.<\/li>\n\n\n\n<li>Concebida para produtos inst\u00e1veis ou formas especiais que requerem orienta\u00e7\u00e3o lateral.<\/li>\n<\/ul>\n\n\n\n<h3 class=\"wp-block-heading\"><strong>Inspe\u00e7\u00e3o de cintos de raios X para produtos a granel<\/strong><\/h3>\n\n\n\n<ul class=\"wp-block-list\">\n<li><a href=\"https:\/\/antaresvisiongroup.com\/food\/products\/x-ray-inspection-special-configurations\/x-ray-inspection-system-on-belt-for-bulk-products\/\">Sistema de inspe\u00e7\u00e3o <\/a>aplicado diretamente na correia para produtos a granel.<\/li>\n\n\n\n<li>\u00datil para alimentos granulados, cereais ou outros produtos &#8220;a granel&#8221; durante o transporte por tapete rolante<\/li>\n<\/ul>\n\n\n\n<hr class=\"wp-block-separator has-alpha-channel-opacity\" \/>\n\n\n\n<h2 class=\"wp-block-heading\"><strong>FAQ &#8211; Perguntas mais frequentes sobre a inspe\u00e7\u00e3o por raios X<\/strong><\/h2>\n\n\n\n<h3 class=\"wp-block-heading\"><strong>1. O que \u00e9 a inspe\u00e7\u00e3o por raios X no sector alimentar?<\/strong><\/h3>\n\n\n\n<p>Trata-se de uma tecnologia de ensaio n\u00e3o destrutiva que utiliza raios X para analisar o interior dos produtos alimentares e detetar contaminantes, defeitos ou anomalias invis\u00edveis aos sistemas tradicionais.<\/p>\n\n\n\n<h3 class=\"wp-block-heading\"><strong>2. Que contaminantes podem ser detectados por um sistema de raios X?<\/strong><\/h3>\n\n\n\n<p>Pode detetar metais, vidro, pedra, osso, cer\u00e2mica e alguns pl\u00e1sticos densos, mesmo no interior de embalagens metalizadas.<\/p>\n\n\n\n<h3 class=\"wp-block-heading\"><strong>3. A inspe\u00e7\u00e3o por raios X \u00e9 segura para os alimentos e para os operadores?<\/strong><\/h3>\n\n\n\n<p>Sim. Os n\u00edveis de radia\u00e7\u00e3o s\u00e3o extremamente baixos e respeitam as normas internacionais. As m\u00e1quinas s\u00e3o blindadas para garantir a seguran\u00e7a total dos operadores.<br>Os sistemas de inspe\u00e7\u00e3o por raios X do Antares Vision Group satisfazem os requisitos para funcionar num ambiente industrial sem necessidade de vigil\u00e2ncia por radia\u00e7\u00e3o.<\/p>\n\n\n\n<h3 class=\"wp-block-heading\"><strong>4. Que vantagens oferece em rela\u00e7\u00e3o aos detectores de metais tradicionais?<\/strong><\/h3>\n\n\n\n<p>Ao contr\u00e1rio dos detectores de metais, os raios X n\u00e3o detectam apenas contaminantes met\u00e1licos, mas tamb\u00e9m corpos estranhos de qualquer tipo. Al\u00e9m disso, tamb\u00e9m funcionam perfeitamente na presen\u00e7a de metal ou de sacos de polietileno.<\/p>\n\n\n\n<h3 class=\"wp-block-heading\"><strong>5. A inspe\u00e7\u00e3o por raios X pode ser integrada com outros sistemas de controlo de qualidade?<\/strong><\/h3>\n\n\n\n<p>Sim, as solu\u00e7\u00f5es Antares Vision foram concebidas para se integrarem com controladores de peso, sistemas de vis\u00e3o e comunicarem com plataformas de rastreabilidade.<\/p>\n\n\n\n<h3 class=\"wp-block-heading\"><strong>6. Como s\u00e3o geridos os dados de inspe\u00e7\u00e3o?<\/strong><\/h3>\n\n\n\n<p>Os sistemas Antares Vision recolhem automaticamente dados e imagens de cada produto rejeitado e a localiza\u00e7\u00e3o do contaminante.<\/p>\n\n\n\n<hr class=\"wp-block-separator has-alpha-channel-opacity\" \/>\n\n\n\n<h2 class=\"wp-block-heading\"><strong>Conclus\u00e3o<\/strong><\/h2>\n\n\n\n<p>A inspe\u00e7\u00e3o por raios X \u00e9 a tecnologia mais abrangente da atualidade para garantir a seguran\u00e7a, a qualidade e a conformidade dos produtos alimentares.<br>Gra\u00e7as \u00e0 experi\u00eancia do Antares Vision Group, as empresas podem contar com solu\u00e7\u00f5es fi\u00e1veis, modulares e ligadas, capazes de detetar qualquer contaminante e otimizar os processos de produ\u00e7\u00e3o.<\/p>\n\n\n\n<p>Investir num sistema de inspe\u00e7\u00e3o por raios X Antares Vision significa proteger o consumidor, a marca e o valor do produto com tecnologia de ponta.<\/p>\n\n\n\n<p><a id=\"_msocom_4\"><\/a><\/p>\n\n\n\n                <\/div>\n            <\/div>\n        <\/div>\n     <\/div> <\/div>\n\n<style>\n\n    \/* mobile *\/\n    @media screen and (max-width: 767px) {\n\n    }\n\n    \/* ipad *\/\n    @media screen and (min-width: 768px) and  (max-width: 992px){\n\n    }\n\n    \/* ipad pro *\/\n    @media screen and (min-width: 992px) and  (max-width: 1200px){\n\n    }\n\n<\/style>","protected":false},"excerpt":{"rendered":"<p>Garantir a seguran\u00e7a e a qualidade dos produtos \u00e9 uma prioridade m\u00e1xima para todas as&#8230;<\/p>\n","protected":false},"author":6,"featured_media":0,"parent":0,"menu_order":0,"comment_status":"closed","ping_status":"closed","template":"","meta":{"_acf_changed":false,"footnotes":""},"class_list":["post-4594","page","type-page","status-publish","hentry"],"acf":[],"lang":"pt","translations":{"pt":4594,"en":4302,"fr":4454,"it":4295,"es":4470},"pll_sync_post":[],"_links":{"self":[{"href":"https:\/\/antaresvisiongroup.com\/food\/wp-json\/wp\/v2\/pages\/4594","targetHints":{"allow":["GET"]}}],"collection":[{"href":"https:\/\/antaresvisiongroup.com\/food\/wp-json\/wp\/v2\/pages"}],"about":[{"href":"https:\/\/antaresvisiongroup.com\/food\/wp-json\/wp\/v2\/types\/page"}],"author":[{"embeddable":true,"href":"https:\/\/antaresvisiongroup.com\/food\/wp-json\/wp\/v2\/users\/6"}],"replies":[{"embeddable":true,"href":"https:\/\/antaresvisiongroup.com\/food\/wp-json\/wp\/v2\/comments?post=4594"}],"version-history":[{"count":3,"href":"https:\/\/antaresvisiongroup.com\/food\/wp-json\/wp\/v2\/pages\/4594\/revisions"}],"predecessor-version":[{"id":5149,"href":"https:\/\/antaresvisiongroup.com\/food\/wp-json\/wp\/v2\/pages\/4594\/revisions\/5149"}],"wp:attachment":[{"href":"https:\/\/antaresvisiongroup.com\/food\/wp-json\/wp\/v2\/media?parent=4594"}],"curies":[{"name":"wp","href":"https:\/\/api.w.org\/{rel}","templated":true}]}}