{"id":4656,"date":"2026-02-04T15:26:11","date_gmt":"2026-02-04T14:26:11","guid":{"rendered":"https:\/\/antaresvisiongroup.com\/food\/?page_id=4656"},"modified":"2026-02-13T11:58:44","modified_gmt":"2026-02-13T10:58:44","slug":"codigo-etico","status":"publish","type":"page","link":"https:\/\/antaresvisiongroup.com\/food\/pt\/codigo-etico\/","title":{"rendered":"C\u00f3digo \u00e9tico"},"content":{"rendered":"\n<div style=\"height:50px\" aria-hidden=\"true\" class=\"wp-block-spacer\"><\/div>\n\n\n<h1 class=\"wp-block-heading\">C\u00f3digo \u00e9tico<\/h1>\n\n\n\n<div style=\"height:20px\" aria-hidden=\"true\" class=\"wp-block-spacer\"><\/div>\n\n\n<h2 class=\"wp-block-heading\">A transpar\u00eancia e a corre\u00e7\u00e3o das actividades da FT System Srl e o respeito constante das leis e<br>regulamentos aplic\u00e1veis<\/h2>\n\n\n<p>Para garantir a transpar\u00eancia e a corre\u00e7\u00e3o das suas actividades e o constante cumprimento das leis e dos regulamentos aplic\u00e1veis, a FT System Srl (doravante tamb\u00e9m apenas &#8220;FT System&#8221;) decidiu delinear num Modelo de Organiza\u00e7\u00e3o, elaborado nos termos da Lei 231\/2001 (o &#8220;Modelo&#8221;) e no C\u00f3digo \u00c9tico anexo, as linhas de conduta e os valores comuns aos quais a atividade da FT System sempre se inspirou. O Modelo e o C\u00f3digo de \u00c9tica est\u00e3o \u00e0 disposi\u00e7\u00e3o de quem desejar consult\u00e1-los, em modo de leitura exclusiva, mediante pedido ao Organismo de Vigil\u00e2ncia da FT System Srl (&#8220;OdV&#8221;) preenchendo este formul\u00e1rio.<\/p>\n\n\n<p>O Modelo e o C\u00f3digo de \u00c9tica incluem os princ\u00edpios \u00e9ticos e deontol\u00f3gicos que fundamentam a atividade do Sistema FTS e nos quais se deve inspirar a atividade das contrapartes do Sistema FT.<\/p>\n\n\n<p>O cumprimento do Modelo e do C\u00f3digo de \u00c9tica deve ser considerado como parte integrante das obriga\u00e7\u00f5es contratuais assumidas pelos subcontratantes, consultores e parceiros da FT System. Assim, em caso de incumprimento destas obriga\u00e7\u00f5es, a FT System poder\u00e1 fazer valer qualquer cl\u00e1usula de indemniza\u00e7\u00e3o contratualmente prevista e rescindir o respetivo contrato nos termos do Art. 1456 do C\u00f3digo Civil, para al\u00e9m de qualquer outra a\u00e7\u00e3o judicial que possa ser legitimamente acionada.<\/p>\n\n\n<p>Com a ado\u00e7\u00e3o do Modelo e do C\u00f3digo de \u00c9tica, todas as contrapartes em rela\u00e7\u00e3o com a Antares devem ou ir\u00e3o realizar as suas actividades de acordo com os princ\u00edpios de transpar\u00eancia, corre\u00e7\u00e3o e lealdade e de acordo com as leis e regulamentos italianos em vigor e com as disposi\u00e7\u00f5es do Modelo e do C\u00f3digo de \u00c9tica.<\/p>\n\n\n\n<div style=\"height:20px\" aria-hidden=\"true\" class=\"wp-block-spacer\"><\/div>\n\n\n<h3 class=\"wp-block-heading\"><strong><a href=\"https:\/\/antaresvisiongroup.com\/beverage\/wp-content\/uploads\/sites\/5\/2023\/06\/codice-etico_mod.231_ftsystem.pdf\" target=\"_blank\" rel=\"noreferrer noopener\">FT System &#8211; Codice Etico e Mod.231<\/a><\/strong><\/h3>\n","protected":false},"excerpt":{"rendered":"<p>C\u00f3digo \u00e9tico A transpar\u00eancia e a corre\u00e7\u00e3o das actividades da FT System Srl e o&#8230;<\/p>\n","protected":false},"author":1,"featured_media":0,"parent":0,"menu_order":0,"comment_status":"closed","ping_status":"closed","template":"page-container.php","meta":{"_acf_changed":false,"footnotes":""},"class_list":["post-4656","page","type-page","status-publish","hentry"],"acf":[],"lang":"pt","translations":{"pt":4656,"en":3004,"it":2229,"es":3006,"fr":3008},"pll_sync_post":[],"_links":{"self":[{"href":"https:\/\/antaresvisiongroup.com\/food\/wp-json\/wp\/v2\/pages\/4656","targetHints":{"allow":["GET"]}}],"collection":[{"href":"https:\/\/antaresvisiongroup.com\/food\/wp-json\/wp\/v2\/pages"}],"about":[{"href":"https:\/\/antaresvisiongroup.com\/food\/wp-json\/wp\/v2\/types\/page"}],"author":[{"embeddable":true,"href":"https:\/\/antaresvisiongroup.com\/food\/wp-json\/wp\/v2\/users\/1"}],"replies":[{"embeddable":true,"href":"https:\/\/antaresvisiongroup.com\/food\/wp-json\/wp\/v2\/comments?post=4656"}],"version-history":[{"count":1,"href":"https:\/\/antaresvisiongroup.com\/food\/wp-json\/wp\/v2\/pages\/4656\/revisions"}],"predecessor-version":[{"id":4657,"href":"https:\/\/antaresvisiongroup.com\/food\/wp-json\/wp\/v2\/pages\/4656\/revisions\/4657"}],"wp:attachment":[{"href":"https:\/\/antaresvisiongroup.com\/food\/wp-json\/wp\/v2\/media?parent=4656"}],"curies":[{"name":"wp","href":"https:\/\/api.w.org\/{rel}","templated":true}]}}