{"id":4682,"date":"2026-02-13T11:58:59","date_gmt":"2026-02-13T10:58:59","guid":{"rendered":"https:\/\/antaresvisiongroup.com\/food\/?page_id=4682"},"modified":"2026-04-24T21:00:07","modified_gmt":"2026-04-24T19:00:07","slug":"all-in-one","status":"publish","type":"page","link":"https:\/\/antaresvisiongroup.com\/food\/pt\/all-in-one\/","title":{"rendered":"ALL-IN-ONE"},"content":{"rendered":"\n<div class=\"pure-containerFluid kheadergeneral\">\n    <div class=\"kheadergeneral__single\">\n        <div class=\"kheadergeneral__singleLeft\">\n            <div class=\"kheadergeneral__singleCont\">\n                <div class=\"kheadergeneral__singleLine\"><\/div>\n\n                                    <h1>Tudo em um<\/h1>\n                \n                                    <div class=\"kheadergeneral__singleDesc\"><p>O conceito revolucion\u00e1rio que integra v\u00e1rias inspec\u00e7\u00f5es num \u00fanico equipamento<\/p>\n<\/div>\n                            <\/div>\n        <\/div>\n        <div class=\"kheadergeneral__singleRight\">\n            <div class=\"kheadergeneral__singleRightMask\"><\/div>\n            <img decoding=\"async\" class=\"kheadergeneral__singleImgDesk\" loading=\"lazy\" width=\"1300\" height=\"336\" src=\"https:\/\/antaresvisiongroup.com\/food\/wp-content\/uploads\/sites\/2\/2023\/02\/insp-food-desk.jpg\" alt=\"[] - Antares Vision Group\">\n            <img decoding=\"async\" class=\"kheadergeneral__singleImgMob\" loading=\"lazy\" width=\"600\" height=\"400\" src=\"https:\/\/antaresvisiongroup.com\/food\/wp-content\/uploads\/sites\/2\/2023\/02\/food-insp-mob.jpg\" alt=\"[] - Antares Vision Group\">\n        <\/div>\n    <\/div>\n<\/div>\n\n<style>\n\n    .kheadergeneral__singleRightMask{position: absolute; left: -1px; top: -1px; width: calc(100% + 2px); height: calc(100% + 2px);\n        background: url(\"https:\/\/antaresvisiongroup.com\/food\/wp-content\/themes\/mercury_theme\/assets\/images\/Mask-hero-invertita-2.svg\"); background-repeat: no-repeat;\n        background-size: contain; }\n\n    .kheadergeneral{\/*max-width: 2000px; margin-left: auto; margin-right: auto;*\/}\n    .kheadergeneral__singleLine{height: 2px;width: 50%; background-color: #d45d00; margin-bottom: 20px;}\n    .kheadergeneral__single{display: flex; align-items: center;}\n    .kheadergeneral__singleLeft{width: 45%;}\n    .kheadergeneral__singleCont{max-width: 600px; margin-left: auto; margin-right: auto;}\n    .kheadergeneral__singleLeft h1{color: #d45d00; font-weight: 600; font-size: 37px; line-height: 1.1;}\n    .kheadergeneral__singleLeft a{display: flex;align-items: center;color: #d45d00;font-size: 15px;font-weight: 600;margin-top: 40px; text-decoration: none;}\n    .kheadergeneral__singleLeft svg{margin-left: 20px; margin-bottom: 2px;}\n    .kheadergeneral__singleLeft svg rect{fill: #d45d00; }\n    .kheadergeneral__singleRight{width: 55%; position: relative; display: flex; align-items: center;}\n    .kheadergeneral__single img{width: 100%; height: auto;}\n    .kheadergeneral__singleImgMob{display: none;}\n\n    \/* mobile *\/\n    @media screen and (max-width: 767px) {\n        .kheadergeneral__singleImgDesk{display: none;}\n        .kheadergeneral__singleImgMob{display: block;}\n        .kheadergeneral__single{flex-direction: column; margin-top: 30px;}\n        .kheadergeneral__singleLeft{width: calc(100% - 30px); padding-left: 15px; padding-right: 15px;}\n        .kheadergeneral__singleRight{width: 100%; margin-top: 30px;}\n        .kheadergeneral__singleLeft h1{font-size: 24px;}\n        .kheadergeneral__singleLeft a{margin-top: 15px;}\n\n        .kheadergeneral__singleRightMask{position: absolute; top: -1px; width: calc(100%); height: calc(100% + 2px);\n            background: url(\"https:\/\/antaresvisiongroup.com\/food\/wp-content\/themes\/mercury_theme\/assets\/images\/Mask-hero-invertita-general.svg\"); background-repeat: no-repeat;\n            background-size: contain;\n        }\n    }\n\n    \/* ipad *\/\n    @media screen and (min-width: 768px) and  (max-width: 992px){\n        .kheadergeneral__singleLeft{width: calc(45% - 15px); padding-left: 15px;}\n        .kheadergeneral__singleRight{width: 55%;}\n        .kheadergeneral__singleLeft h1{font-size: 26px; margin-bottom: 20px;}\n        .kheadergeneral__singleLeft a{margin-top: 10px;}\n        .kheadergeneral__singleDesc{display: none;}\n    }\n\n    \/* ipad pro *\/\n    @media screen and (min-width: 992px) and  (max-width: 1200px){\n        .kheadergeneral__singleLeft{width: calc(45% - 15px); padding-left: 15px;}\n        .kheadergeneral__singleRight{width: 55%;}\n        .kheadergeneral__singleLeft h1{font-size: 30px; margin-bottom: 0;}\n        .kheadergeneral__singleLeft a{margin-top: 10px;}\n    }\n\n<\/style>\n\n\n<div class=\"kbreadcrumb\" id=\"k_year\">\n    <div class=\"pure-container\">\n        <div class=\"pure-g\">\n            <div class=\"pure-u-1-1\">\n                <div class=\"breadcrumbs\"><a href=\"https:\/\/antaresvisiongroup.com\/food\">Home<\/a> | <\/div>            <\/div>\n        <\/div>\n    <\/div>\n<\/div>\n\n<style>\n\n    .kbreadcrumb{max-width: 1330px; margin-right: auto; margin-left: auto; font-size: 14px; color: #222222; padding-top: 15px; padding-bottom: 15px;\n        font-family: 'Exo', sans-serif;}\n    .kbreadcrumb a{color: inherit; text-decoration: none;}\n\n    \/* mobile *\/\n    @media screen and (max-width: 767px) {\n        .kbreadcrumb{padding-right: 15px; padding-left: 15px;}\n    }\n\n    \/* ipad *\/\n    @media screen and (min-width: 768px) and  (max-width: 992px){\n        .kbreadcrumb{padding-right: 15px; padding-left: 15px;}\n    }\n\n    \/* ipad pro *\/\n    @media screen and (min-width: 992px) and  (max-width: 1200px){\n        .kbreadcrumb{padding-right: 15px; padding-left: 15px;}\n    }\n\n<\/style>\n\n    <div class=\"pure-containerFluid pureCol \">\n    <div class=\"pure-container\">         <div class=\"pure-row\">\n            <div class=\"pure-g\">\n                <div class=\"pure-u-1-1 pure-u-md-24-24 offset-md-0\">\n\n\n\n\n<style>\n\n    .formContacts input[type=\"submit\"]{ background-color: rgb(,,); border: 0;\n    color: #ffffff; text-transform: uppercase; padding: 20px; font-size: 16px; font-family: 'Roboto', sans-serif;\n    min-width: 250px; font-weight: 600; cursor: pointer; margin-top: 30px;}\n    .pureCol a{color: rgb(,,);}\n\n    \/* mobile *\/\n    @media screen and (max-width: 767px) {\n\n    }\n\n    \/* ipad *\/\n    @media screen and (min-width: 768px) and  (max-width: 992px){\n\n    }\n\n    \/* ipad pro *\/\n    @media screen and (min-width: 992px) and  (max-width: 1200px){\n\n    }\n\n<\/style>\n\n\n<div class=\"wp-block-columns is-layout-flex wp-container-core-columns-is-layout-9d6595d7 wp-block-columns-is-layout-flex\">\n<div class=\"wp-block-column is-vertically-aligned-center is-layout-flow wp-block-column-is-layout-flow\">\n<figure class=\"wp-block-image size-full\"><img loading=\"lazy\" decoding=\"async\" width=\"900\" height=\"900\" src=\"https:\/\/antaresvisiongroup.com\/food\/wp-content\/uploads\/sites\/2\/2023\/02\/ALL-IN-ONE_inspection_technologies.jpg\" alt=\"[] - Antares Vision Group\" class=\"wp-image-1113\" srcset=\"https:\/\/antaresvisiongroup.com\/food\/wp-content\/uploads\/sites\/2\/2023\/02\/ALL-IN-ONE_inspection_technologies.jpg 900w, https:\/\/antaresvisiongroup.com\/food\/wp-content\/uploads\/sites\/2\/2023\/02\/ALL-IN-ONE_inspection_technologies-300x300.jpg 300w, https:\/\/antaresvisiongroup.com\/food\/wp-content\/uploads\/sites\/2\/2023\/02\/ALL-IN-ONE_inspection_technologies-768x768.jpg 768w\" sizes=\"auto, (max-width: 900px) 100vw, 900px\" \/><\/figure>\n<\/div>\n\n\n\n<div class=\"wp-block-column is-vertically-aligned-center is-layout-flow wp-block-column-is-layout-flow\">\n<p>ALL-IN-ONE \u00e9 a nova gera\u00e7\u00e3o de m\u00e1quinas do GRUPO ANTARES VISION que, ao integrar m\u00faltiplas e inovadoras tecnologias numa \u00fanica solu\u00e7\u00e3o, gera uma abordagem completamente nova ao controlo de qualidade para a ind\u00fastria alimentar.<\/p>\n\n\n\n<p>Uma solu\u00e7\u00e3o inovadora, \u00fanica no mercado, capaz de combinar a otimiza\u00e7\u00e3o do espa\u00e7o e a organiza\u00e7\u00e3o da produ\u00e7\u00e3o com a necessidade de efetuar m\u00faltiplos controlos em tempo real em cada produto individual. Com uma \u00fanica m\u00e1quina instalada em cada linha de produ\u00e7\u00e3o, \u00e9 agora poss\u00edvel satisfazer as diferentes exig\u00eancias de qualidade que implicam a utiliza\u00e7\u00e3o simult\u00e2nea de diferentes tecnologias.<\/p>\n\n\n\n<p>J\u00e1 n\u00e3o precisa de se perguntar quantas m\u00e1quinas de controlo deve colocar na sua linha; s\u00f3 precisa de pensar quais as inspec\u00e7\u00f5es que deseja implementar no seu sistema ALL-IN-ONE.<\/p>\n<\/div>\n<\/div>\n\n\n\n<p class=\"has-text-align-center has-medium-font-size\"><em>Selecione os exemplos de configura\u00e7\u00e3o abaixo para obter mais informa\u00e7\u00f5es<\/em><\/p>\n\n\n\n<hr class=\"wp-block-separator has-alpha-channel-opacity\" \/>\n\n\n\n<div class=\"wp-block-columns is-layout-flex wp-container-core-columns-is-layout-9d6595d7 wp-block-columns-is-layout-flex\">\n<div class=\"wp-block-column is-layout-flow wp-block-column-is-layout-flow\">\n<div class=\"wp-block-columns is-layout-flex wp-container-core-columns-is-layout-9d6595d7 wp-block-columns-is-layout-flex\">\n<div class=\"wp-block-column is-layout-flow wp-block-column-is-layout-flow\" style=\"flex-basis:33.33%\">\n<figure class=\"wp-block-image aligncenter size-full\"><img loading=\"lazy\" decoding=\"async\" width=\"900\" height=\"900\" src=\"https:\/\/antaresvisiongroup.com\/food\/wp-content\/uploads\/sites\/2\/2022\/11\/ALL-IN-ONE_Leak_Xray_inspection_Weighing.jpg\" alt=\"[] - Antares Vision Group\" class=\"wp-image-276\" srcset=\"https:\/\/antaresvisiongroup.com\/food\/wp-content\/uploads\/sites\/2\/2022\/11\/ALL-IN-ONE_Leak_Xray_inspection_Weighing.jpg 900w, https:\/\/antaresvisiongroup.com\/food\/wp-content\/uploads\/sites\/2\/2022\/11\/ALL-IN-ONE_Leak_Xray_inspection_Weighing-300x300.jpg 300w, https:\/\/antaresvisiongroup.com\/food\/wp-content\/uploads\/sites\/2\/2022\/11\/ALL-IN-ONE_Leak_Xray_inspection_Weighing-768x768.jpg 768w\" sizes=\"auto, (max-width: 900px) 100vw, 900px\" \/><\/figure>\n<\/div>\n\n\n\n<div class=\"wp-block-column is-vertically-aligned-center is-layout-flow wp-block-column-is-layout-flow\" style=\"flex-basis:66.66%\">\n<h3 class=\"wp-block-heading has-text-color has-medium-font-size\" style=\"color:#575756\"><strong>Tudo em um com LDS \/ XR \/ CW<\/strong><\/h3>\n\n\n\n<p>TUDO EM UM com dete\u00e7\u00e3o de microfugas, inspe\u00e7\u00e3o por raios X e controlo de peso<\/p>\n\n\n\n<p><a href=\"https:\/\/antaresvisiongroup.com\/food\/products\/all-in-one-with-lds-xr-cw\/\" data-type=\"products\" data-id=\"294\">VER DETALHES<\/a><\/p>\n<\/div>\n<\/div>\n<\/div>\n\n\n\n<div class=\"wp-block-column is-layout-flow wp-block-column-is-layout-flow\">\n<div class=\"wp-block-columns is-layout-flex wp-container-core-columns-is-layout-9d6595d7 wp-block-columns-is-layout-flex\">\n<div class=\"wp-block-column is-layout-flow wp-block-column-is-layout-flow\" style=\"flex-basis:33.33%\">\n<figure class=\"wp-block-image aligncenter size-full\"><img loading=\"lazy\" decoding=\"async\" width=\"900\" height=\"900\" src=\"https:\/\/antaresvisiongroup.com\/food\/wp-content\/uploads\/sites\/2\/2023\/01\/Label_Seal_inspection.jpg\" alt=\"[] - Antares Vision Group\" class=\"wp-image-3195\" srcset=\"https:\/\/antaresvisiongroup.com\/food\/wp-content\/uploads\/sites\/2\/2023\/01\/Label_Seal_inspection.jpg 900w, https:\/\/antaresvisiongroup.com\/food\/wp-content\/uploads\/sites\/2\/2023\/01\/Label_Seal_inspection-300x300.jpg 300w, https:\/\/antaresvisiongroup.com\/food\/wp-content\/uploads\/sites\/2\/2023\/01\/Label_Seal_inspection-768x768.jpg 768w\" sizes=\"auto, (max-width: 900px) 100vw, 900px\" \/><\/figure>\n<\/div>\n\n\n\n<div class=\"wp-block-column is-vertically-aligned-center is-layout-flow wp-block-column-is-layout-flow\" style=\"flex-basis:66.66%\">\n<h3 class=\"wp-block-heading has-text-color has-medium-font-size\" style=\"color:#575756\"><strong>Tudo em um com IE \/ SER \/ SIS<\/strong><\/h3>\n\n\n\n<p>ALL-IN-ONE com inspe\u00e7\u00e3o de c\u00f3digos e etiquetas, plataforma Track&amp;Trace e verifica\u00e7\u00e3o da \u00e1rea de selagem<\/p>\n\n\n\n<p><a href=\"https:\/\/antaresvisiongroup.com\/food\/products\/all-in-one-with-ie-ser-sis\/\" data-type=\"products\" data-id=\"290\">VER DETALHES<\/a><strong> <\/strong><\/p>\n<\/div>\n<\/div>\n<\/div>\n<\/div>\n\n\n\n                <\/div>\n            <\/div>\n        <\/div>\n     <\/div> <\/div>\n\n<style>\n\n    \/* mobile *\/\n    @media screen and (max-width: 767px) {\n\n    }\n\n    \/* ipad *\/\n    @media screen and (min-width: 768px) and  (max-width: 992px){\n\n    }\n\n    \/* ipad pro *\/\n    @media screen and (min-width: 992px) and  (max-width: 1200px){\n\n    }\n\n<\/style>","protected":false},"excerpt":{"rendered":"<p>ALL-IN-ONE \u00e9 a nova gera\u00e7\u00e3o de m\u00e1quinas do GRUPO ANTARES VISION que, ao integrar m\u00faltiplas&#8230;<\/p>\n","protected":false},"author":1,"featured_media":0,"parent":0,"menu_order":18,"comment_status":"closed","ping_status":"closed","template":"","meta":{"_acf_changed":false,"footnotes":""},"class_list":["post-4682","page","type-page","status-publish","hentry"],"acf":[],"lang":"pt","translations":{"pt":4682,"en":1172,"it":1170,"es":3084,"fr":3086},"pll_sync_post":[],"_links":{"self":[{"href":"https:\/\/antaresvisiongroup.com\/food\/wp-json\/wp\/v2\/pages\/4682","targetHints":{"allow":["GET"]}}],"collection":[{"href":"https:\/\/antaresvisiongroup.com\/food\/wp-json\/wp\/v2\/pages"}],"about":[{"href":"https:\/\/antaresvisiongroup.com\/food\/wp-json\/wp\/v2\/types\/page"}],"author":[{"embeddable":true,"href":"https:\/\/antaresvisiongroup.com\/food\/wp-json\/wp\/v2\/users\/1"}],"replies":[{"embeddable":true,"href":"https:\/\/antaresvisiongroup.com\/food\/wp-json\/wp\/v2\/comments?post=4682"}],"version-history":[{"count":3,"href":"https:\/\/antaresvisiongroup.com\/food\/wp-json\/wp\/v2\/pages\/4682\/revisions"}],"predecessor-version":[{"id":5531,"href":"https:\/\/antaresvisiongroup.com\/food\/wp-json\/wp\/v2\/pages\/4682\/revisions\/5531"}],"wp:attachment":[{"href":"https:\/\/antaresvisiongroup.com\/food\/wp-json\/wp\/v2\/media?parent=4682"}],"curies":[{"name":"wp","href":"https:\/\/api.w.org\/{rel}","templated":true}]}}