{"id":6639,"date":"2025-08-05T09:39:21","date_gmt":"2025-08-05T07:39:21","guid":{"rendered":"https:\/\/antaresvisiongroup.com\/lifescience\/?page_id=6639"},"modified":"2025-10-01T15:38:18","modified_gmt":"2025-10-01T13:38:18","slug":"sistemas-de-inspecao","status":"publish","type":"page","link":"https:\/\/antaresvisiongroup.com\/lifescience\/pt\/sistemas-de-inspecao\/","title":{"rendered":"Sistemas de inspe\u00e7\u00e3o"},"content":{"rendered":"\n<div class=\"pure-containerFluid kheadergeneral\">\n    <div class=\"kheadergeneral__single\">\n        <div class=\"kheadergeneral__singleLeft\">\n            <div class=\"kheadergeneral__singleCont\">\n                <div class=\"kheadergeneral__singleLine\"><\/div>\n\n                                    <h1>Sistemas de inspe\u00e7\u00e3o<\/h1>\n                \n                                    <div class=\"kheadergeneral__singleDesc\"><p>Garantir a integridade do produto, salvaguardando a sa\u00fade p\u00fablica: As nossas solu\u00e7\u00f5es de sistemas de inspe\u00e7\u00e3o para as ind\u00fastrias farmac\u00eautica, biotecnol\u00f3gica e de dispositivos m\u00e9dicos.<\/p>\n<\/div>\n                            <\/div>\n        <\/div>\n        <div class=\"kheadergeneral__singleRight\">\n            <div class=\"kheadergeneral__singleRightMask\"><\/div>\n            <img decoding=\"async\" class=\"kheadergeneral__singleImgDesk\" loading=\"lazy\" width=\"1300\" height=\"336\" src=\"https:\/\/antaresvisiongroup.com\/lifescience\/wp-content\/uploads\/sites\/3\/2023\/02\/is-head-desk.jpg\" alt=\"[] - Antares Vision Group\">\n            <img decoding=\"async\" class=\"kheadergeneral__singleImgMob\" loading=\"lazy\" width=\"298\" height=\"222\" src=\"https:\/\/antaresvisiongroup.com\/lifescience\/wp-content\/uploads\/sites\/3\/2023\/02\/is-mob-e1763713061527.jpg\" alt=\"[] - Antares Vision Group\">\n        <\/div>\n    <\/div>\n<\/div>\n\n<style>\n\n    .kheadergeneral__singleRightMask{position: absolute; left: -1px; top: -1px; width: calc(100% + 2px); height: calc(100% + 2px);\n        background: url(\"https:\/\/antaresvisiongroup.com\/lifescience\/wp-content\/themes\/mercury_theme\/assets\/images\/Mask-hero-invertita-2.svg\"); background-repeat: no-repeat;\n        background-size: contain; }\n\n    .kheadergeneral{\/*max-width: 2000px; margin-left: auto; margin-right: auto;*\/}\n    .kheadergeneral__singleLine{height: 2px;width: 50%; background-color: #003865; margin-bottom: 20px;}\n    .kheadergeneral__single{display: flex; align-items: center;}\n    .kheadergeneral__singleLeft{width: 45%;}\n    .kheadergeneral__singleCont{max-width: 600px; margin-left: auto; margin-right: auto;}\n    .kheadergeneral__singleLeft h1{color: #003865; font-weight: 600; font-size: 37px; line-height: 1.1; text-transform: uppercase;}\n    .kheadergeneral__singleLeft a{display: flex;align-items: center;color: #003865;font-size: 15px;font-weight: 600;margin-top: 40px; text-decoration: none;}\n    .kheadergeneral__singleLeft svg{margin-left: 20px; margin-bottom: 2px;}\n    .kheadergeneral__singleLeft svg rect{fill: #003865; }\n    .kheadergeneral__singleRight{width: 55%; position: relative; display: flex; align-items: center;}\n    .kheadergeneral__single img{width: 100%; height: auto;}\n    .kheadergeneral__singleImgMob{display: none;}\n\n    \/* mobile *\/\n    @media screen and (max-width: 767px) {\n        .kheadergeneral__singleImgDesk{display: none;}\n        .kheadergeneral__singleImgMob{display: block;}\n        .kheadergeneral__single{flex-direction: column; margin-top: 30px;}\n        .kheadergeneral__singleLeft{width: calc(100% - 30px); padding-left: 15px; padding-right: 15px;}\n        .kheadergeneral__singleRight{width: 100%; margin-top: 30px;}\n        .kheadergeneral__singleLeft h1{font-size: 24px;}\n        .kheadergeneral__singleLeft a{margin-top: 15px;}\n\n        .kheadergeneral__singleRightMask{position: absolute; top: -1px; width: calc(100%); height: calc(100% + 2px);\n            background: url(\"https:\/\/antaresvisiongroup.com\/lifescience\/wp-content\/themes\/mercury_theme\/assets\/images\/Mask-hero-invertita-general.svg\"); background-repeat: no-repeat;\n            background-size: contain;\n        }\n    }\n\n    \/* ipad *\/\n    @media screen and (min-width: 768px) and  (max-width: 992px){\n        .kheadergeneral__singleLeft{width: calc(45% - 15px); padding-left: 15px;}\n        .kheadergeneral__singleRight{width: 55%;}\n        .kheadergeneral__singleLeft h1{font-size: 26px; margin-bottom: 20px;}\n        .kheadergeneral__singleLeft a{margin-top: 10px;}\n        .kheadergeneral__singleDesc{display: none;}\n    }\n\n    \/* ipad pro *\/\n    @media screen and (min-width: 992px) and  (max-width: 1200px){\n        .kheadergeneral__singleLeft{width: calc(45% - 15px); padding-left: 15px;}\n        .kheadergeneral__singleRight{width: 55%;}\n        .kheadergeneral__singleLeft h1{font-size: 30px; margin-bottom: 0;}\n        .kheadergeneral__singleLeft a{margin-top: 10px;}\n    }\n\n<\/style>\n\n\n<div class=\"kbreadcrumb\" id=\"k_year\">\n    <div class=\"pure-container\">\n        <div class=\"pure-g\">\n            <div class=\"pure-u-1-1\">\n                <div class=\"breadcrumbs\"><a href=\"https:\/\/antaresvisiongroup.com\/lifescience\">Home<\/a> | <\/div>            <\/div>\n        <\/div>\n    <\/div>\n<\/div>\n\n<style>\n\n    .kbreadcrumb{max-width: 1330px; margin-right: auto; margin-left: auto; font-size: 14px; color: #222222; padding-top: 15px; padding-bottom: 15px;\n        font-family: 'Exo', sans-serif;}\n    .kbreadcrumb a{color: inherit; text-decoration: none;}\n\n    \/* mobile *\/\n    @media screen and (max-width: 767px) {\n        .kbreadcrumb{padding-right: 15px; padding-left: 15px;}\n    }\n\n    \/* ipad *\/\n    @media screen and (min-width: 768px) and  (max-width: 992px){\n        .kbreadcrumb{padding-right: 15px; padding-left: 15px;}\n    }\n\n    \/* ipad pro *\/\n    @media screen and (min-width: 992px) and  (max-width: 1200px){\n        .kbreadcrumb{padding-right: 15px; padding-left: 15px;}\n    }\n\n<\/style>\n\n\n<div class=\"pure-containerFluid kicondesc\">\n    <div class=\"pure-container\">\n        <div class=\"pure-g\">\n                        <div class=\"pure-u-1-1 pure-u-md-8-24\">\n                                    <img decoding=\"async\" class=\"kicondescIcon kanimate\" data-animate=\"animFromLeft 0.8s forwards\" loading=\"lazy\" src=\"https:\/\/antaresvisiongroup.com\/lifescience\/wp-content\/uploads\/sites\/3\/2023\/02\/lifescience-icons-03.svg\" width=\"0\" height=\"0\" alt=\"[] - Antares Vision Group\">\n                            <\/div>\n                        <div class=\"pure-u-1-1 pure-u-md-16-24 kanimate   \" data-animate=\"animFromBottom 0.8s 0.2s forwards\">\n                                    <h2 class=\"\"><strong>Solu\u00e7\u00f5es<\/strong> de Sistemas de Inspe\u00e7\u00e3o <strong>para a ind\u00fastria das Ci\u00eancias da Vida<\/strong><\/h2>\n                \n                                    <div class=\"kicondesc__desc\"><p>Estamos a trabalhar em parceria consigo para encontrar a solu\u00e7\u00e3o perfeita. Os nossos sistemas de inspe\u00e7\u00e3o s\u00e3o concebidos para uma f\u00e1cil integra\u00e7\u00e3o em m\u00e1quinas de terceiros, adaptando-se perfeitamente \u00e0s suas opera\u00e7\u00f5es. As nossas solu\u00e7\u00f5es para sistemas de inspe\u00e7\u00e3o s\u00e3o concebidas para identificar todos os defeitos, contaminantes e outras preocupa\u00e7\u00f5es na ind\u00fastria das ci\u00eancias da vida.<\/p>\n<p>Os nossos sistemas de vis\u00e3o garantem e monitorizam a qualidade de unidades de produtos individuais, desde comprimidos, c\u00e1psulas, frascos e ampolas, e o controlo de inspe\u00e7\u00e3o completo do produto acabado embalado, como garrafas, caixas de cart\u00e3o e tubos, garantindo a rejei\u00e7\u00e3o de todas as pe\u00e7as n\u00e3o conformes.<\/p>\n<\/div>\n                                    <a class=\"kbutton kbutton__button\" href=\"#products\" target=\"\">\n                        <div class=\"kbutton__buttonTitle\">Ir para solu\u00e7\u00f5es de inspe\u00e7\u00e3o<\/div>\n                        <svg id=\"Livello_button\" data-name=\"Livello 2\" xmlns=\"http:\/\/www.w3.org\/2000\/svg\" xmlns:xlink=\"http:\/\/www.w3.org\/1999\/xlink\" width=\"14\" height=\"14\" viewBox=\"0 0 14 14\">\n                            <defs>\n                                <style>\n                                    .kbutton .cls-1{fill:none;}\n                                    .kbutton .cls-2{clip-path:url(#clip-path-1)!important;}\n                                    .kbutton .cls-3{clip-path:url(#clip-path-2-1)!important;}\n                                    .kbutton .cls-4{clip-path:url(#clip-path-3-1)!important;}\n                                    .kbutton .cls-5{fill: rgb(,,)!important;}\n                                <\/style>\n                                <clipPath id=\"clip-path-1\">\n                                    <polygon class=\"cls-1\" points=\"2.099 12.999 1 11.9 10.344 2.557 1.824 2.557 1.824 1 13 1 13 12.176 11.443 12.176 11.443 3.656 2.099 12.999\"><\/polygon>\n                                <\/clipPath>\n                                <clipPath id=\"clip-path-2-1\">\n                                    <rect class=\"cls-1\" x=\"-1141\" y=\"-1543\" width=\"1680\" height=\"4770.9999\"><\/rect>\n                                <\/clipPath>\n                                <clipPath id=\"clip-path-3-1\">\n                                    <rect class=\"cls-1\" x=\"1\" y=\"1\" width=\"12\" height=\"12\"><\/rect>\n                                <\/clipPath>\n                            <\/defs>\n                            <title>k-arrow-blu<\/title>\n                            <g class=\"cls-2\"><g class=\"cls-3\"><g class=\"cls-4\"><g class=\"cls-4\"><rect class=\"cls-5\" width=\"14\" height=\"14\"><\/rect>\n                                            <rect class=\"cls-5\" width=\"14\" height=\"14\"><\/rect>\n                                        <\/g><\/g><\/g><\/g>\n                        <\/svg>\n                    <\/a>\n                            <\/div>\n        <\/div>\n    <\/div>\n<\/div>\n\n<style>\n\n    .kicondesc{margin-top: 50px; margin-bottom: 50px;}\n    .kicondescIcon{max-width: 200px; width: 100%; height: auto; display: flex;align-items: center;margin-left: auto;margin-right: auto;}\n    .kicondesc h2{font-weight: 400; color: rgb(,,); font-size: 32px; line-height: 1.1;}\n    .kicondesc h2.mb-0{margin-bottom: 0!important;}\n    .kicondesc__desc{font-size: 16px;}\n    .kicondesc .kanimate{opacity: 0;}\n    .kicondesc__right{display: flex; flex-direction: column; justify-content: center;}\n    .kicondesc__noTitle{display: flex; align-items: center;}\n\n    .kicondesc .kbutton.kbutton__button{cursor: pointer; background-color: rgba(,,, 0.08);\n        color: rgb(,,); padding: 20px 20px; font-weight: 500; text-decoration: none; margin-top: 20px;\n        display: flex; justify-content: space-between; width: calc(100% - 40px); max-width: 280px; align-items: center;}\n\n    \/* mobile *\/\n    @media screen and (max-width: 767px) {\n        .kicondesc{margin-top: 20px;}\n        .kicondescIcon{max-width: 150px; margin-left: 0; margin-bottom: 15px;}\n    }\n\n    \/* ipad *\/\n    @media screen and (min-width: 768px) and  (max-width: 992px){\n\n    }\n\n    \/* ipad pro *\/\n    @media screen and (min-width: 992px) and  (max-width: 1200px){\n\n    }\n\n<\/style>\n\n\n<div class=\"noBg pure-containerFluid ktitledesc \"  style=\"background-color: rgba(0,56,101,0.08);\" >\n            <div class=\"pure-container\">\n            <div class=\"ktitledesc__lineTop\" style=\"background-color: #003865\"><\/div>\n            <div class=\"ktitledesc__lineBottom\" style=\"background-color: #003865\"><\/div>\n            <div class=\"pure-g\">\n                <div class=\"pure-u-1-1 pure-u-md-8-24 offset-md-1-12 ktitledesc__colLeft kanimate\" data-animate=\"animFromBottom 0.8s\">\n                    <h2 style=\"color: #003865\">A FORMA MAIS SIMPLES DE <strong>GARANTIR O CONTROLO DAS EMBALAGENS E A INTEGRIDADE DOS PRODUTOS<\/strong><\/h2>\n                <\/div>\n                <div class=\"pure-u-1-1 pure-u-md-10-24 ktitledesc__colRight\">\n                    <div><p>Com a nossa vasta gama de solu\u00e7\u00f5es, podemos garantir a satisfa\u00e7\u00e3o de qualquer exig\u00eancia, quer se trate da inspe\u00e7\u00e3o de um produto ou da sua embalagem. O nosso vasto portef\u00f3lio de solu\u00e7\u00f5es inclui solu\u00e7\u00f5es melhoradas por IA. <\/p>\n<p>Todas as nossas solu\u00e7\u00f5es s\u00e3o desenvolvidas para cumprir os mais elevados padr\u00f5es de qualidade, proporcionando uma variedade de vantagens e ferramentas para tornar a sua opera\u00e7\u00e3o mais eficiente e optimizada.<\/p>\n<\/div>\n                <\/div>\n            <\/div>\n        <\/div>\n        <\/div>\n\n<style>\n\n    .ktitledesc{position: relative; padding: 70px 0;}\n    .ktitledesc .pure-container{position: relative; padding-top: 50px; padding-bottom: 50px;}\n    .ktitledesc__lineTop{height: 1px; position: absolute; left: 0; width: 50%; top: 0;}\n    .ktitledesc__lineBottom{height: 1px; position: absolute; right: 0; width: 50%; bottom: 0;}\n    .ktitledesc__colRight{font-size: 18px;}\n    .ktitledesc__colRight p{margin-top: 0;}\n    .ktitledesc h2{font-weight: 300; font-size: 37px; margin-top: 0; margin-bottom: 0;}\n\n    .ktitledesc .pure-container.ktitledesc__extra{padding-bottom: 20px; margin-top: 50px;}\n    .ktitledesc__extraSingleIcon{width: 100px; height: 100px; margin-bottom: 15px; opacity: 0;}\n    .ktitledesc h3{font-weight: 600;font-size: 37px;margin-top: 0;margin-bottom: 0; opacity: 0;}\n    .ktitledesc__extraSingle{text-align: center;}\n    .ktitledesc__extraDesc{opacity: 0;}\n    .ktitledesc__extraDesc p{margin-top: 0;}\n\n    .ktitledesc__colRight ul{padding-left: 0;}\n    .ktitledesc__colRight li{list-style: none; display: block; position: relative; padding-left: 20px;}\n    .ktitledesc__colRight li::before{ padding-right: 20px; content: \"\\ea10\"; font-family: icomoon; color: #2D69A7;\n        font-size: 11px; margin-top: 6px; position: absolute;left: 0;}\n\n    .ktitledesc.full .ktitledesc__colLeft, .ktitledesc.full .ktitledesc__colRight{width: 100%; margin-left: 0;}\n    .ktitledesc.full .ktitledesc__colLeft h2{margin-bottom: 30px;}\n\n    .ktitledesc .ktitledesc__colRight h3{opacity: 1!important;}\n\n    .ktitledesc.noBg{}\n\n    @font-face {\n        font-family: 'icomoon';\n        src:  url(https:\/\/antaresvisiongroup.com\/lifescience\/wp-content\/themes\/mercury_theme\/assets\/fonts\/icomoon.eot?t4qrlz);\n        src:  url(https:\/\/antaresvisiongroup.com\/lifescience\/wp-content\/themes\/mercury_theme\/assets\/fonts\/icomoon.eot?t4qrlz#iefix) format('embedded-opentype'),\n        url(https:\/\/antaresvisiongroup.com\/lifescience\/wp-content\/themes\/mercury_theme\/assets\/fonts\/icomoon.ttf?t4qrlz) format('truetype'),\n        url(https:\/\/antaresvisiongroup.com\/lifescience\/wp-content\/themes\/mercury_theme\/assets\/fonts\/icomoon.woff?t4qrlz) format('woff'),\n        url(https:\/\/antaresvisiongroup.com\/lifescience\/wp-content\/themes\/mercury_theme\/assets\/fonts\/icomoon.svg?t4qrlz#icomoon) format('svg');\n        font-weight: normal;  font-style: normal; font-display: block;\n    }\n\n\n    \/* mobile *\/\n    @media screen and (max-width: 767px) {\n        .ktitledesc h2{font-size: 24px; margin-bottom: 15px;}\n        .ktitledesc .pure-container{padding-top: 30px;padding-bottom: 14px;}\n        .ktitledesc{padding: 50px 0;}\n\n        .ktitledesc__extraSingle{margin-bottom: 30px;}\n    }\n\n    \/* ipad *\/\n    @media screen and (min-width: 768px) and  (max-width: 992px){\n        .ktitledesc h2{font-size: 33px;}\n    }\n\n    \/* ipad pro *\/\n    @media screen and (min-width: 992px) and  (max-width: 1200px){\n        .ktitledesc h2{font-size: 33px;}\n    }\n\n<\/style>\n\n\n<div style=\"height:1px\" aria-hidden=\"true\" id=\"products\" class=\"wp-block-spacer\"><\/div>\n\n\n\n<div class=\"pure-containerFluid klistsolutions \" id=\"solutions\">\n    <div class=\"pure-container\">\n        <div class=\"pure-g\">\n                        <div class=\"pure-u-1-1\">\n                <div class=\"klistsolutions__titleCont\">\n                    <div class=\"klistsolutions__lineTitle\" style=\"background-color: rgb(,,);\"><\/div>\n                    <h2 style=\"color: rgb(,,); \">TIPOS DE INSPEC\u00c7\u00c3O<\/h2>\n                <\/div>\n            <\/div>\n            \n                <div class=\"pure-u-1-1 pure-u-md-1-3  klistsolutions__single\">\n                    <div class=\"klistsolutions__singleCont\">\n                                                <a href=\"\/lifescience\/pt\/sistemas-de-inspecao\/produtos\/?f=928\" target=\"\">\n                                                        <div class=\"klistsolutions__singleTitle\">\n                                <h3>CONTROLO DE EMBALAGENS<\/h3>\n                                <svg id=\"Livello_1\" data-name=\"Livello 1\" xmlns=\"http:\/\/www.w3.org\/2000\/svg\" xmlns:xlink=\"http:\/\/www.w3.org\/1999\/xlink\" width=\"14\" height=\"14\" viewBox=\"0 0 14 14\"><defs><style>.cls-1{fill:none;}.cls-2{clip-path:url(#clip-path);}.cls-3{clip-path:url(#clip-path-2);}.cls-4{clip-path:url(#clip-path-3);}.cls-5{fill:#2d69a7;}<\/style><clipPath id=\"clip-path\"><polygon class=\"cls-1\" points=\"2.099 12.999 1 11.9 10.344 2.557 1.824 2.557 1.824 1 13 1 13 12.176 11.443 12.176 11.443 3.656 2.099 12.999\"\/><\/clipPath><clipPath id=\"clip-path-2\"><rect class=\"cls-1\" x=\"-1141\" y=\"-1543\" width=\"1680\" height=\"4770.9999\"\/><\/clipPath><clipPath id=\"clip-path-3\"><rect class=\"cls-1\" x=\"1\" y=\"1\" width=\"12\" height=\"12\"\/><\/clipPath><\/defs><title>k-arrow-blu<\/title><g class=\"cls-2\"><g class=\"cls-3\"><g class=\"cls-4\"><g class=\"cls-4\"><rect class=\"cls-5\" width=\"14\" height=\"14\"\/><rect class=\"cls-5\" width=\"14\" height=\"14\"\/><\/g><\/g><\/g><\/g><\/svg>\n                            <\/div>\n                            <div class=\"klistsolutions__singleDesc\"><p>As nossas solu\u00e7\u00f5es foram concebidas para garantir <strong>o controlo total do processo de embalagem<\/strong> e podem inspecionar OCR\/OCV, material impresso como folhas, caixas de cart\u00e3o, tubos, folhetos e muitas outras carater\u00edsticas.<\/p>\n<\/div>\n                                                    <\/a>\n                                        <\/div>\n                <\/div>\n\n            \n                <div class=\"pure-u-1-1 pure-u-md-1-3  klistsolutions__single\">\n                    <div class=\"klistsolutions__singleCont\">\n                                                <a href=\"\/lifescience\/pt\/sistemas-de-inspecao\/produtos\/?f=742\" target=\"\">\n                                                        <div class=\"klistsolutions__singleTitle\">\n                                <h3>INTEGRIDADE DO PRODUTO<\/h3>\n                                <svg id=\"Livello_1\" data-name=\"Livello 1\" xmlns=\"http:\/\/www.w3.org\/2000\/svg\" xmlns:xlink=\"http:\/\/www.w3.org\/1999\/xlink\" width=\"14\" height=\"14\" viewBox=\"0 0 14 14\"><defs><style>.cls-1{fill:none;}.cls-2{clip-path:url(#clip-path);}.cls-3{clip-path:url(#clip-path-2);}.cls-4{clip-path:url(#clip-path-3);}.cls-5{fill:#2d69a7;}<\/style><clipPath id=\"clip-path\"><polygon class=\"cls-1\" points=\"2.099 12.999 1 11.9 10.344 2.557 1.824 2.557 1.824 1 13 1 13 12.176 11.443 12.176 11.443 3.656 2.099 12.999\"\/><\/clipPath><clipPath id=\"clip-path-2\"><rect class=\"cls-1\" x=\"-1141\" y=\"-1543\" width=\"1680\" height=\"4770.9999\"\/><\/clipPath><clipPath id=\"clip-path-3\"><rect class=\"cls-1\" x=\"1\" y=\"1\" width=\"12\" height=\"12\"\/><\/clipPath><\/defs><title>k-arrow-blu<\/title><g class=\"cls-2\"><g class=\"cls-3\"><g class=\"cls-4\"><g class=\"cls-4\"><rect class=\"cls-5\" width=\"14\" height=\"14\"\/><rect class=\"cls-5\" width=\"14\" height=\"14\"\/><\/g><\/g><\/g><\/g><\/svg>\n                            <\/div>\n                            <div class=\"klistsolutions__singleDesc\"><p>As nossas solu\u00e7\u00f5es podem inspecionar Comprimidos, C\u00e1psulas, Drageia, P\u00f3, Seringas, Frascos, Ampolas e muitos outros artigos. Fornecemos uma gama abrangente de controlos, tais como cor, forma, tamanho, integridade, mistura, correspond\u00eancia de padr\u00f5es e muito mais.<\/p>\n<\/div>\n                                                    <\/a>\n                                        <\/div>\n                <\/div>\n\n            \n                <div class=\"pure-u-1-1 pure-u-md-1-3  klistsolutions__single\">\n                    <div class=\"klistsolutions__singleCont\">\n                                                <a href=\"\/lifescience\/pt\/sistemas-de-inspecao\/produtos\/?f=868\" target=\"_blank\">\n                                                        <div class=\"klistsolutions__singleTitle\">\n                                <h3>CONTROLO DE PESO<\/h3>\n                                <svg id=\"Livello_1\" data-name=\"Livello 1\" xmlns=\"http:\/\/www.w3.org\/2000\/svg\" xmlns:xlink=\"http:\/\/www.w3.org\/1999\/xlink\" width=\"14\" height=\"14\" viewBox=\"0 0 14 14\"><defs><style>.cls-1{fill:none;}.cls-2{clip-path:url(#clip-path);}.cls-3{clip-path:url(#clip-path-2);}.cls-4{clip-path:url(#clip-path-3);}.cls-5{fill:#2d69a7;}<\/style><clipPath id=\"clip-path\"><polygon class=\"cls-1\" points=\"2.099 12.999 1 11.9 10.344 2.557 1.824 2.557 1.824 1 13 1 13 12.176 11.443 12.176 11.443 3.656 2.099 12.999\"\/><\/clipPath><clipPath id=\"clip-path-2\"><rect class=\"cls-1\" x=\"-1141\" y=\"-1543\" width=\"1680\" height=\"4770.9999\"\/><\/clipPath><clipPath id=\"clip-path-3\"><rect class=\"cls-1\" x=\"1\" y=\"1\" width=\"12\" height=\"12\"\/><\/clipPath><\/defs><title>k-arrow-blu<\/title><g class=\"cls-2\"><g class=\"cls-3\"><g class=\"cls-4\"><g class=\"cls-4\"><rect class=\"cls-5\" width=\"14\" height=\"14\"\/><rect class=\"cls-5\" width=\"14\" height=\"14\"\/><\/g><\/g><\/g><\/g><\/svg>\n                            <\/div>\n                            <div class=\"klistsolutions__singleDesc\"><p>Os nossos controladores de peso de elevado desempenho asseguram um controlo preciso do peso dos produtos embalados at\u00e9 \u00e0 precis\u00e3o de miligramas.<\/p>\n<\/div>\n                                                    <\/a>\n                                        <\/div>\n                <\/div>\n\n                    <\/div>\n    <\/div>\n<\/div>\n\n<style>\n\n    .klistsolutions{margin-top: 100px;}\n    .klistsolutions a{text-decoration: none; color: inherit;}\n    .klistsolutions h2{ font-size: 32px; margin-top: 0; margin-bottom: 0;}\n    .klistsolutions__lineTitle{height: 2px;width: 50px;margin-bottom: 13px;margin-right: 20px;}\n    .klistsolutions__titleCont{display: flex; margin-bottom: 50px; align-items: flex-end;}\n    .klistsolutions__singleTitle{display: flex; align-items: baseline; margin-bottom: 20px; justify-content: space-between;}\n    .klistsolutions h3{color: rgb(,,); margin-bottom: 0; font-size: 20px; font-weight: 500;}\n    .klistsolutions svg{width: 16px; height: auto;}\n    .klistsolutions svg rect{fill: rgb(,,); margin-left: 20px;}\n    .klistsolutions__singleCont{border-bottom: 3px solid rgb(,,); margin-bottom: 50px; padding-bottom: 20px;}\n    .klistsolutions__singleDesc p{margin-top: 0; margin-bottom: 0;}\n\n    \/* mobile *\/\n    @media screen and (max-width: 767px) {\n        .klistsolutions{margin-top: 50px;}\n        .klistsolutions h2{font-size: 24px;}\n        .klistsolutions__lineTitle{width: 30px;margin-right: 20px;}\n    }\n\n    \/* ipad *\/\n    @media screen and (min-width: 768px) and  (max-width: 992px){\n        .klistsolutions h2{font-size: 33px;}\n        .klistsolutions__lineTitle{width: 40px; margin-right: 25px;}\n    }\n\n    \/* ipad pro *\/\n    @media screen and (min-width: 992px) and  (max-width: 1200px){\n        .klistsolutions h2{font-size: 33px;}\n    }\n\n<\/style>\n\n<script>\n    window.addEventListener('DOMContentLoaded', function() {\n        jQuery(function ($) {\n\n            $(window).on(\"load resize\",function(e){\n                var highestBox = 0;\n                $('.klistsolutions__singleCont').each(function(){\n                    if($(this).height() > highestBox) {\n                        highestBox = $(this).height();\n                    }\n                });\n                $('.klistsolutions__singleCont').css('min-height',highestBox);\n            });\n\n            $(window).on(\"load resize\",function(e){\n                var highestBox = 0;\n                $('.klistsolutions h3').each(function(){\n                    if($(this).height() > highestBox) {\n                        highestBox = $(this).height();\n                    }\n                });\n                $('.klistsolutions h3').css('min-height',highestBox);\n            });\n\n            $(window).on(\"load resize\",function(e){\n                var highestBox = 0;\n                $('.klistsolutions__singleDesc').each(function(){\n                    if($(this).height() > highestBox) {\n                        highestBox = $(this).height();\n                    }\n                });\n                $('.klistsolutions__singleDesc').css('min-height',highestBox);\n            });\n\n\n        });\n    });\n<\/script>","protected":false},"excerpt":{"rendered":"","protected":false},"author":1,"featured_media":0,"parent":0,"menu_order":0,"comment_status":"closed","ping_status":"closed","template":"","meta":{"_acf_changed":false,"footnotes":""},"class_list":["post-6639","page","type-page","status-publish","hentry"],"acf":[],"lang":"pt","translations":{"pt":6639,"en":374,"it":170,"es":6632},"pll_sync_post":[],"_links":{"self":[{"href":"https:\/\/antaresvisiongroup.com\/lifescience\/wp-json\/wp\/v2\/pages\/6639","targetHints":{"allow":["GET"]}}],"collection":[{"href":"https:\/\/antaresvisiongroup.com\/lifescience\/wp-json\/wp\/v2\/pages"}],"about":[{"href":"https:\/\/antaresvisiongroup.com\/lifescience\/wp-json\/wp\/v2\/types\/page"}],"author":[{"embeddable":true,"href":"https:\/\/antaresvisiongroup.com\/lifescience\/wp-json\/wp\/v2\/users\/1"}],"replies":[{"embeddable":true,"href":"https:\/\/antaresvisiongroup.com\/lifescience\/wp-json\/wp\/v2\/comments?post=6639"}],"version-history":[{"count":5,"href":"https:\/\/antaresvisiongroup.com\/lifescience\/wp-json\/wp\/v2\/pages\/6639\/revisions"}],"predecessor-version":[{"id":8375,"href":"https:\/\/antaresvisiongroup.com\/lifescience\/wp-json\/wp\/v2\/pages\/6639\/revisions\/8375"}],"wp:attachment":[{"href":"https:\/\/antaresvisiongroup.com\/lifescience\/wp-json\/wp\/v2\/media?parent=6639"}],"curies":[{"name":"wp","href":"https:\/\/api.w.org\/{rel}","templated":true}]}}